{"id":138,"date":"2018-04-23T15:12:10","date_gmt":"2018-04-23T13:12:10","guid":{"rendered":"https:\/\/www.mielmartine.fr\/?page_id=138"},"modified":"2021-03-30T10:59:52","modified_gmt":"2021-03-30T08:59:52","slug":"gelee-royale","status":"publish","type":"page","link":"https:\/\/sandbox.mielmartine.fr\/fr\/gelee-royale\/","title":{"rendered":"Gel\u00e9e royale"},"content":{"rendered":"<div id='full_slider_1'  class='avia-fullwidth-slider main_color avia-shadow   avia-builder-el-0  el_before_av_section  avia-builder-el-first  full-logo  container_wrap sidebar_right'  ><div   data-size='no scaling'  data-lightbox_size='large'  data-animation='slide'  data-conditional_play=''  data-ids='3044'  data-video_counter='0'  data-autoplay='false'  data-bg_slider='false'  data-slide_height=''  data-handle='av_slideshow_full'  data-interval='5'  data-class=' '  data-el_id=''  data-css_id=''  data-scroll_down=''  data-control_layout='av-control-default'  data-custom_markup=''  data-perma_caption=''  data-autoplay_stopper=''  data-image_attachment=''  data-min_height='560px'  data-lazy_loading='disabled'  data-src=''  data-position='top left'  data-repeat='no-repeat'  data-attach='scroll'  data-stretch=''  data-img_scrset=''  class='avia-slideshow avia-slideshow-1  av-control-default av-default-height-applied avia-slideshow-no scaling av_slideshow_full   avia-slide-slider '  itemprop=\"image\" itemscope=\"itemscope\" itemtype=\"https:\/\/schema.org\/ImageObject\" ><ul class='avia-slideshow-inner ' style='padding-bottom: 33.35%;' ><li  class=' av-single-slide slide-1 ' ><div data-rel='slideshow-1' class='avia-slide-wrap '   ><img decoding=\"async\" class=\"wp-image-3044 avia-img-lazy-loading-not-3044\"  src=\"https:\/\/sandbox.mielmartine.fr\/wp-content\/uploads\/2019\/03\/martine_gelee_cover.jpg\" width=\"2000\" height=\"667\" title='martine_gelee_cover' alt='apiculteur fran\u00e7ais'  itemprop=\"thumbnailUrl\"  style='min-height:560px; min-width:1680px; ' srcset=\"https:\/\/sandbox.mielmartine.fr\/wp-content\/uploads\/2019\/03\/martine_gelee_cover.jpg 2000w, https:\/\/sandbox.mielmartine.fr\/wp-content\/uploads\/2019\/03\/martine_gelee_cover-300x100.jpg 300w, https:\/\/sandbox.mielmartine.fr\/wp-content\/uploads\/2019\/03\/martine_gelee_cover-1030x344.jpg 1030w, https:\/\/sandbox.mielmartine.fr\/wp-content\/uploads\/2019\/03\/martine_gelee_cover-768x256.jpg 768w, https:\/\/sandbox.mielmartine.fr\/wp-content\/uploads\/2019\/03\/martine_gelee_cover-1536x512.jpg 1536w, https:\/\/sandbox.mielmartine.fr\/wp-content\/uploads\/2019\/03\/martine_gelee_cover-1500x500.jpg 1500w, https:\/\/sandbox.mielmartine.fr\/wp-content\/uploads\/2019\/03\/martine_gelee_cover-705x235.jpg 705w, https:\/\/sandbox.mielmartine.fr\/wp-content\/uploads\/2019\/03\/martine_gelee_cover-400x133.jpg 400w, https:\/\/sandbox.mielmartine.fr\/wp-content\/uploads\/2019\/03\/martine_gelee_cover-339x113.jpg 339w, https:\/\/sandbox.mielmartine.fr\/wp-content\/uploads\/2019\/03\/martine_gelee_cover-600x200.jpg 600w, https:\/\/sandbox.mielmartine.fr\/wp-content\/uploads\/2019\/03\/martine_gelee_cover-180x60.jpg 180w, https:\/\/sandbox.mielmartine.fr\/wp-content\/uploads\/2019\/03\/martine_gelee_cover-270x90.jpg 270w\" sizes=\"(max-width: 2000px) 100vw, 2000px\" \/><\/div><\/li><\/ul><\/div><\/div>\n\n<style type=\"text\/css\" data-created_by=\"avia_inline_auto\" id=\"style-css-av-ibdre-bb336809f6abba7ad84607e5c40422b8\">\n.avia-section.av-ibdre-bb336809f6abba7ad84607e5c40422b8{\nbackground-color:#ffffff;\n}\n<\/style>\n<div id='av_section_1'  class='avia-section av-ibdre-bb336809f6abba7ad84607e5c40422b8 main_color avia-section-default avia-no-border-styling  avia-builder-el-1  el_after_av_slideshow_full  el_before_av_hr  avia-bg-style-scroll  container_wrap sidebar_right'  ><div class='container av-section-cont-open' ><div class='template-page content  av-content-small alpha units'><div class='post-entry post-entry-type-page post-entry-138'><div class='entry-content-wrapper clearfix'>\n\n<style type=\"text\/css\" data-created_by=\"avia_inline_auto\" id=\"style-css-av-4umglu-b0d75ddfba6927b8d2e1458b46fb781c\">\n#top .hr.hr-invisible.av-4umglu-b0d75ddfba6927b8d2e1458b46fb781c{\nheight:100px;\n}\n<\/style>\n<div  class='hr av-4umglu-b0d75ddfba6927b8d2e1458b46fb781c hr-invisible  avia-builder-el-2  el_before_av_textblock  avia-builder-el-first   av-small-hide av-mini-hide'><span class='hr-inner '><span class=\"hr-inner-style\"><\/span><\/span><\/div>\n<section class=\"av_textblock_section \"  itemscope=\"itemscope\" itemtype=\"https:\/\/schema.org\/CreativeWork\" ><div class='avia_textblock container_lg '   itemprop=\"text\" ><h1 style=\"text-align: center;\">Notre gel\u00e9e royale<\/h1>\n<p style=\"text-align: center;\">La gel\u00e9e royale est produite parall\u00e8lement \u00e0 la fabrication du <em>Miel Martine<\/em>. Une attention particuli\u00e8re est port\u00e9e \u00e0 cette production aux vertus infinies, du greffage \u00e0 l\u2019extraction.<\/p>\n<\/div><\/section>\n\n<style type=\"text\/css\" data-created_by=\"avia_inline_auto\" id=\"style-css-av-4m8dlu-652b6bb85856dc673f590e3aa74ec8c7\">\n#top .hr.hr-invisible.av-4m8dlu-652b6bb85856dc673f590e3aa74ec8c7{\nheight:100px;\n}\n<\/style>\n<div  class='hr av-4m8dlu-652b6bb85856dc673f590e3aa74ec8c7 hr-invisible  avia-builder-el-4  el_after_av_textblock  avia-builder-el-last   av-small-hide av-mini-hide'><span class='hr-inner '><span class=\"hr-inner-style\"><\/span><\/span><\/div>\n<\/div><\/div><\/div><!-- close content main div --><\/div><\/div><div id='after_section_1'  class='main_color av_default_container_wrap container_wrap sidebar_right'  ><div class='container av-section-cont-open' ><div class='template-page content  av-content-small alpha units'><div class='post-entry post-entry-type-page post-entry-138'><div class='entry-content-wrapper clearfix'>\n<style type=\"text\/css\" data-created_by=\"avia_inline_auto\" id=\"style-css-av-flh2i-96790a318caaf68ade0d65c5b005af95\">\n#top .hr.hr-invisible.av-flh2i-96790a318caaf68ade0d65c5b005af95{\nheight:100px;\n}\n<\/style>\n<div  class='hr av-flh2i-96790a318caaf68ade0d65c5b005af95 hr-invisible  avia-builder-el-5  el_after_av_section  el_before_av_textblock  avia-builder-el-first   av-small-hide av-mini-hide'><span class='hr-inner '><span class=\"hr-inner-style\"><\/span><\/span><\/div><\/p>\n<section class=\"av_textblock_section \"  itemscope=\"itemscope\" itemtype=\"https:\/\/schema.org\/CreativeWork\" ><div class='avia_textblock container_md '   itemprop=\"text\" ><p>Un laboratoire enti\u00e8rement \u00e9quip\u00e9 permet une r\u00e9colte dans des conditions rigoureuses. Le respect de la cha\u00eene du froid entre 2\u00b0C et 5\u00b0C assure la conservation id\u00e9ale de la gel\u00e9e royale.<\/p>\n<p>La gel\u00e9e royale du Ch\u00e2teau La Martinette est 100% fran\u00e7aise. Toutes les \u00e9tapes de production sont effectu\u00e9es par nos apiculteurs. Comme pour le <em>Miel Martine<\/em>, la tra\u00e7abilit\u00e9 est garantie par <a href=\"http:\/\/www.respect-code.org\">www.respect-code.org<\/a>.<\/p>\n<p>Les livraisons se font par le biais de Chronopost qui dispose d\u2019un syst\u00e8me de livraison capable de garantir la cha\u00eene du froid.<\/p>\n<p>Contactez-nous pour plus d\u2019informations.<\/p>\n<\/div><\/section>\n\n<style type=\"text\/css\" data-created_by=\"avia_inline_auto\" id=\"style-css-av-404koq-1db34e6aee8e3862b4292b72c594a10e\">\n#top .hr.hr-invisible.av-404koq-1db34e6aee8e3862b4292b72c594a10e{\nheight:100px;\n}\n<\/style>\n<div  class='hr av-404koq-1db34e6aee8e3862b4292b72c594a10e hr-invisible  avia-builder-el-7  el_after_av_textblock  el_before_av_hr   av-small-hide av-mini-hide'><span class='hr-inner '><span class=\"hr-inner-style\"><\/span><\/span><\/div>\n\n<style type=\"text\/css\" data-created_by=\"avia_inline_auto\" id=\"style-css-av-3wwzf6-9a46d94daf3c33a50fd92e334ade0e7c\">\n#top .hr.hr-invisible.av-3wwzf6-9a46d94daf3c33a50fd92e334ade0e7c{\nheight:100px;\n}\n<\/style>\n<div  class='hr av-3wwzf6-9a46d94daf3c33a50fd92e334ade0e7c hr-invisible  avia-builder-el-8  el_after_av_hr  el_before_av_section  avia-builder-el-last   av-small-hide av-mini-hide'><span class='hr-inner '><span class=\"hr-inner-style\"><\/span><\/span><\/div>\n<\/div><\/div><\/div><!-- close content main div --><\/div><\/div><div id='av_section_2'  class='avia-section av-3srm3u-39ba6c89b2bb3ab188548bdb6b36a320 main_color avia-section-default avia-no-shadow  avia-builder-el-9  el_after_av_hr  el_before_av_hr  pt-0 img-bottom-wrapper avia-bg-style-scroll  container_wrap sidebar_right'  ><div class='container av-section-cont-open' ><div class='template-page content  av-content-small alpha units'><div class='post-entry post-entry-type-page post-entry-138'><div class='entry-content-wrapper clearfix'>\n\n<style type=\"text\/css\" data-created_by=\"avia_inline_auto\" id=\"style-css-av-3l0no2-482f7e071fa70dbc149beca7b42d292c\">\n.flex_column.av-3l0no2-482f7e071fa70dbc149beca7b42d292c{\nborder-radius:0px 0px 0px 0px;\n-webkit-border-radius:0px 0px 0px 0px;\n-moz-border-radius:0px 0px 0px 0px;\nbackground-color:#ffffff;\n}\n<\/style>\n<div class='flex_column av-3l0no2-482f7e071fa70dbc149beca7b42d292c av_one_half  avia-builder-el-10  el_before_av_one_half  avia-builder-el-first  card first flex_column_div av-zero-column-padding '   ><section class=\"av_textblock_section \"  itemscope=\"itemscope\" itemtype=\"https:\/\/schema.org\/CreativeWork\" ><div class='avia_textblock  '   itemprop=\"text\" ><p style=\"text-align: center;\">&#8220;Le miel et les produits associ\u00e9s sont des aliments incroyables, encore plus quand on conna\u00eet le r\u00f4le des abeilles.&#8221;<\/p>\n<p style=\"text-align: center;\">Nicolas, Apiculteur chef<\/p>\n<h4 style=\"text-align: center;\"><\/h4>\n<\/div><\/section><\/div>\n<style type=\"text\/css\" data-created_by=\"avia_inline_auto\" id=\"style-css-av-35trea-b346906f785e024914c673fe655c65d8\">\n.flex_column.av-35trea-b346906f785e024914c673fe655c65d8{\nborder-radius:0px 0px 0px 0px;\n-webkit-border-radius:0px 0px 0px 0px;\n-moz-border-radius:0px 0px 0px 0px;\n}\n<\/style>\n<div class='flex_column av-35trea-b346906f785e024914c673fe655c65d8 av_one_half  avia-builder-el-12  el_after_av_one_half  avia-builder-el-last  abs-right flex_column_div av-zero-column-padding '   ><style type=\"text\/css\" data-created_by=\"avia_inline_auto\" id=\"style-css-av-311h8i-6ab9e46bf20635df896e7116362ea2a4\">\n.avia-image-container.av-311h8i-6ab9e46bf20635df896e7116362ea2a4 .av-image-caption-overlay-center{\ncolor:#ffffff;\n}\n<\/style>\n<div  class='avia-image-container av-311h8i-6ab9e46bf20635df896e7116362ea2a4 av-styling- avia-align-center  avia-builder-el-13  avia-builder-el-no-sibling  '  itemprop=\"image\" itemscope=\"itemscope\" itemtype=\"https:\/\/schema.org\/ImageObject\" ><div class=\"avia-image-container-inner\"><div class=\"avia-image-overlay-wrap\"><img decoding=\"async\" class='wp-image-3046 avia-img-lazy-loading-not-3046 avia_image' src=\"https:\/\/sandbox.mielmartine.fr\/wp-content\/uploads\/2019\/03\/martine_gelee_01.jpg\" alt='ruches fran\u00e7aises' title='martine_gelee_01'  height=\"1794\" width=\"1500\"  itemprop=\"thumbnailUrl\" srcset=\"https:\/\/sandbox.mielmartine.fr\/wp-content\/uploads\/2019\/03\/martine_gelee_01.jpg 1500w, https:\/\/sandbox.mielmartine.fr\/wp-content\/uploads\/2019\/03\/martine_gelee_01-251x300.jpg 251w, https:\/\/sandbox.mielmartine.fr\/wp-content\/uploads\/2019\/03\/martine_gelee_01-861x1030.jpg 861w, https:\/\/sandbox.mielmartine.fr\/wp-content\/uploads\/2019\/03\/martine_gelee_01-768x919.jpg 768w, https:\/\/sandbox.mielmartine.fr\/wp-content\/uploads\/2019\/03\/martine_gelee_01-1284x1536.jpg 1284w, https:\/\/sandbox.mielmartine.fr\/wp-content\/uploads\/2019\/03\/martine_gelee_01-1254x1500.jpg 1254w, https:\/\/sandbox.mielmartine.fr\/wp-content\/uploads\/2019\/03\/martine_gelee_01-589x705.jpg 589w, https:\/\/sandbox.mielmartine.fr\/wp-content\/uploads\/2019\/03\/martine_gelee_01-334x400.jpg 334w, https:\/\/sandbox.mielmartine.fr\/wp-content\/uploads\/2019\/03\/martine_gelee_01-339x405.jpg 339w, https:\/\/sandbox.mielmartine.fr\/wp-content\/uploads\/2019\/03\/martine_gelee_01-600x718.jpg 600w, https:\/\/sandbox.mielmartine.fr\/wp-content\/uploads\/2019\/03\/martine_gelee_01-50x60.jpg 50w, https:\/\/sandbox.mielmartine.fr\/wp-content\/uploads\/2019\/03\/martine_gelee_01-75x90.jpg 75w\" sizes=\"(max-width: 1500px) 100vw, 1500px\" \/><\/div><\/div><\/div><\/div><\/div><\/div><\/div><!-- close content main div --><\/div><\/div><div id='after_section_2'  class='main_color av_default_container_wrap container_wrap sidebar_right'  ><div class='container av-section-cont-open' ><div class='template-page content  av-content-small alpha units'><div class='post-entry post-entry-type-page post-entry-138'><div class='entry-content-wrapper clearfix'>\n<style type=\"text\/css\" data-created_by=\"avia_inline_auto\" id=\"style-css-av-2yvjoi-b26c62501c3c73416f0034ff56524f3a\">\n#top .hr.hr-invisible.av-2yvjoi-b26c62501c3c73416f0034ff56524f3a{\nheight:100px;\n}\n<\/style>\n<div  class='hr av-2yvjoi-b26c62501c3c73416f0034ff56524f3a hr-invisible  avia-builder-el-14  el_after_av_section  avia-builder-el-no-sibling   av-small-hide av-mini-hide'><span class='hr-inner '><span class=\"hr-inner-style\"><\/span><\/span><\/div><\/p>\n","protected":false},"excerpt":{"rendered":"","protected":false},"author":3,"featured_media":0,"parent":0,"menu_order":0,"comment_status":"closed","ping_status":"closed","template":"","meta":[],"acf":[],"yoast_head":"<!-- This site is optimized with the Yoast SEO plugin v20.1 - https:\/\/yoast.com\/wordpress\/plugins\/seo\/ -->\n<title>R\u00e9colte de gel\u00e9e royale - Miel Martine<\/title>\n<meta name=\"description\" content=\"Notre gel\u00e9e royale est produite parall\u00e8lement \u00e0 la fabrication du Miel Martine. Explorez ce produit aux vertus infinies et ses conditions de production.\" \/>\n<meta name=\"robots\" content=\"index, follow, max-snippet:-1, max-image-preview:large, max-video-preview:-1\" \/>\n<link rel=\"canonical\" href=\"https:\/\/sandbox.mielmartine.fr\/fr\/gelee-royale\/\" \/>\n<meta property=\"og:locale\" content=\"fr_FR\" \/>\n<meta property=\"og:type\" content=\"article\" \/>\n<meta property=\"og:title\" content=\"R\u00e9colte de gel\u00e9e royale - Miel Martine\" \/>\n<meta property=\"og:description\" content=\"Notre gel\u00e9e royale est produite parall\u00e8lement \u00e0 la fabrication du Miel Martine. Explorez ce produit aux vertus infinies et ses conditions de production.\" \/>\n<meta property=\"og:url\" content=\"https:\/\/sandbox.mielmartine.fr\/fr\/gelee-royale\/\" \/>\n<meta property=\"og:site_name\" content=\"Miel Martine\" \/>\n<meta property=\"article:publisher\" content=\"https:\/\/www.facebook.com\/mielmartine\/\" \/>\n<meta property=\"article:modified_time\" content=\"2021-03-30T08:59:52+00:00\" \/>\n<meta name=\"twitter:card\" content=\"summary_large_image\" \/>\n<meta name=\"twitter:label1\" content=\"Dur\u00e9e de lecture estim\u00e9e\" \/>\n\t<meta name=\"twitter:data1\" content=\"3 minutes\" \/>\n<script type=\"application\/ld+json\" class=\"yoast-schema-graph\">{\"@context\":\"https:\/\/schema.org\",\"@graph\":[{\"@type\":\"WebPage\",\"@id\":\"https:\/\/sandbox.mielmartine.fr\/fr\/gelee-royale\/\",\"url\":\"https:\/\/sandbox.mielmartine.fr\/fr\/gelee-royale\/\",\"name\":\"R\u00e9colte de gel\u00e9e royale - Miel Martine\",\"isPartOf\":{\"@id\":\"https:\/\/sandbox.mielmartine.fr\/fr\/#website\"},\"datePublished\":\"2018-04-23T13:12:10+00:00\",\"dateModified\":\"2021-03-30T08:59:52+00:00\",\"description\":\"Notre gel\u00e9e royale est produite parall\u00e8lement \u00e0 la fabrication du Miel Martine. Explorez ce produit aux vertus infinies et ses conditions de production.\",\"breadcrumb\":{\"@id\":\"https:\/\/sandbox.mielmartine.fr\/fr\/gelee-royale\/#breadcrumb\"},\"inLanguage\":\"fr-FR\",\"potentialAction\":[{\"@type\":\"ReadAction\",\"target\":[\"https:\/\/sandbox.mielmartine.fr\/fr\/gelee-royale\/\"]}]},{\"@type\":\"BreadcrumbList\",\"@id\":\"https:\/\/sandbox.mielmartine.fr\/fr\/gelee-royale\/#breadcrumb\",\"itemListElement\":[{\"@type\":\"ListItem\",\"position\":1,\"name\":\"Accueil\",\"item\":\"https:\/\/sandbox.mielmartine.fr\/en\/homepage\/\"},{\"@type\":\"ListItem\",\"position\":2,\"name\":\"Gel\u00e9e royale\"}]},{\"@type\":\"WebSite\",\"@id\":\"https:\/\/sandbox.mielmartine.fr\/fr\/#website\",\"url\":\"https:\/\/sandbox.mielmartine.fr\/fr\/\",\"name\":\"Miel Martine\",\"description\":\"Miels de France\",\"publisher\":{\"@id\":\"https:\/\/sandbox.mielmartine.fr\/fr\/#organization\"},\"potentialAction\":[{\"@type\":\"SearchAction\",\"target\":{\"@type\":\"EntryPoint\",\"urlTemplate\":\"https:\/\/sandbox.mielmartine.fr\/fr\/?s={search_term_string}\"},\"query-input\":\"required name=search_term_string\"}],\"inLanguage\":\"fr-FR\"},{\"@type\":\"Organization\",\"@id\":\"https:\/\/sandbox.mielmartine.fr\/fr\/#organization\",\"name\":\"Miel Martine\",\"url\":\"https:\/\/sandbox.mielmartine.fr\/fr\/\",\"logo\":{\"@type\":\"ImageObject\",\"inLanguage\":\"fr-FR\",\"@id\":\"https:\/\/sandbox.mielmartine.fr\/fr\/#\/schema\/logo\/image\/\",\"url\":\"https:\/\/sandbox.mielmartine.fr\/wp-content\/uploads\/2018\/05\/LOGO_TAGLINE_MARTINE-1.svg\",\"contentUrl\":\"https:\/\/sandbox.mielmartine.fr\/wp-content\/uploads\/2018\/05\/LOGO_TAGLINE_MARTINE-1.svg\",\"width\":1,\"height\":1,\"caption\":\"Miel Martine\"},\"image\":{\"@id\":\"https:\/\/sandbox.mielmartine.fr\/fr\/#\/schema\/logo\/image\/\"},\"sameAs\":[\"https:\/\/www.facebook.com\/mielmartine\/\",\"https:\/\/www.instagram.com\/mielmartine\/\",\"https:\/\/www.pinterest.fr\/martine4731\/\"]}]}<\/script>\n<!-- \/ Yoast SEO plugin. -->","yoast_head_json":{"title":"R\u00e9colte de gel\u00e9e royale - Miel Martine","description":"Notre gel\u00e9e royale est produite parall\u00e8lement \u00e0 la fabrication du Miel Martine. Explorez ce produit aux vertus infinies et ses conditions de production.","robots":{"index":"index","follow":"follow","max-snippet":"max-snippet:-1","max-image-preview":"max-image-preview:large","max-video-preview":"max-video-preview:-1"},"canonical":"https:\/\/sandbox.mielmartine.fr\/fr\/gelee-royale\/","og_locale":"fr_FR","og_type":"article","og_title":"R\u00e9colte de gel\u00e9e royale - Miel Martine","og_description":"Notre gel\u00e9e royale est produite parall\u00e8lement \u00e0 la fabrication du Miel Martine. Explorez ce produit aux vertus infinies et ses conditions de production.","og_url":"https:\/\/sandbox.mielmartine.fr\/fr\/gelee-royale\/","og_site_name":"Miel Martine","article_publisher":"https:\/\/www.facebook.com\/mielmartine\/","article_modified_time":"2021-03-30T08:59:52+00:00","twitter_card":"summary_large_image","twitter_misc":{"Dur\u00e9e de lecture estim\u00e9e":"3 minutes"},"schema":{"@context":"https:\/\/schema.org","@graph":[{"@type":"WebPage","@id":"https:\/\/sandbox.mielmartine.fr\/fr\/gelee-royale\/","url":"https:\/\/sandbox.mielmartine.fr\/fr\/gelee-royale\/","name":"R\u00e9colte de gel\u00e9e royale - Miel Martine","isPartOf":{"@id":"https:\/\/sandbox.mielmartine.fr\/fr\/#website"},"datePublished":"2018-04-23T13:12:10+00:00","dateModified":"2021-03-30T08:59:52+00:00","description":"Notre gel\u00e9e royale est produite parall\u00e8lement \u00e0 la fabrication du Miel Martine. Explorez ce produit aux vertus infinies et ses conditions de production.","breadcrumb":{"@id":"https:\/\/sandbox.mielmartine.fr\/fr\/gelee-royale\/#breadcrumb"},"inLanguage":"fr-FR","potentialAction":[{"@type":"ReadAction","target":["https:\/\/sandbox.mielmartine.fr\/fr\/gelee-royale\/"]}]},{"@type":"BreadcrumbList","@id":"https:\/\/sandbox.mielmartine.fr\/fr\/gelee-royale\/#breadcrumb","itemListElement":[{"@type":"ListItem","position":1,"name":"Accueil","item":"https:\/\/sandbox.mielmartine.fr\/en\/homepage\/"},{"@type":"ListItem","position":2,"name":"Gel\u00e9e royale"}]},{"@type":"WebSite","@id":"https:\/\/sandbox.mielmartine.fr\/fr\/#website","url":"https:\/\/sandbox.mielmartine.fr\/fr\/","name":"Miel Martine","description":"Miels de France","publisher":{"@id":"https:\/\/sandbox.mielmartine.fr\/fr\/#organization"},"potentialAction":[{"@type":"SearchAction","target":{"@type":"EntryPoint","urlTemplate":"https:\/\/sandbox.mielmartine.fr\/fr\/?s={search_term_string}"},"query-input":"required name=search_term_string"}],"inLanguage":"fr-FR"},{"@type":"Organization","@id":"https:\/\/sandbox.mielmartine.fr\/fr\/#organization","name":"Miel Martine","url":"https:\/\/sandbox.mielmartine.fr\/fr\/","logo":{"@type":"ImageObject","inLanguage":"fr-FR","@id":"https:\/\/sandbox.mielmartine.fr\/fr\/#\/schema\/logo\/image\/","url":"https:\/\/sandbox.mielmartine.fr\/wp-content\/uploads\/2018\/05\/LOGO_TAGLINE_MARTINE-1.svg","contentUrl":"https:\/\/sandbox.mielmartine.fr\/wp-content\/uploads\/2018\/05\/LOGO_TAGLINE_MARTINE-1.svg","width":1,"height":1,"caption":"Miel Martine"},"image":{"@id":"https:\/\/sandbox.mielmartine.fr\/fr\/#\/schema\/logo\/image\/"},"sameAs":["https:\/\/www.facebook.com\/mielmartine\/","https:\/\/www.instagram.com\/mielmartine\/","https:\/\/www.pinterest.fr\/martine4731\/"]}]}},"_links":{"self":[{"href":"https:\/\/sandbox.mielmartine.fr\/fr\/wp-json\/wp\/v2\/pages\/138"}],"collection":[{"href":"https:\/\/sandbox.mielmartine.fr\/fr\/wp-json\/wp\/v2\/pages"}],"about":[{"href":"https:\/\/sandbox.mielmartine.fr\/fr\/wp-json\/wp\/v2\/types\/page"}],"author":[{"embeddable":true,"href":"https:\/\/sandbox.mielmartine.fr\/fr\/wp-json\/wp\/v2\/users\/3"}],"replies":[{"embeddable":true,"href":"https:\/\/sandbox.mielmartine.fr\/fr\/wp-json\/wp\/v2\/comments?post=138"}],"version-history":[{"count":28,"href":"https:\/\/sandbox.mielmartine.fr\/fr\/wp-json\/wp\/v2\/pages\/138\/revisions"}],"predecessor-version":[{"id":10319,"href":"https:\/\/sandbox.mielmartine.fr\/fr\/wp-json\/wp\/v2\/pages\/138\/revisions\/10319"}],"wp:attachment":[{"href":"https:\/\/sandbox.mielmartine.fr\/fr\/wp-json\/wp\/v2\/media?parent=138"}],"curies":[{"name":"wp","href":"https:\/\/api.w.org\/{rel}","templated":true}]}}