{"id":140,"date":"2018-04-23T15:12:20","date_gmt":"2018-04-23T13:12:20","guid":{"rendered":"https:\/\/www.mielmartine.fr\/?page_id=140"},"modified":"2021-03-30T11:00:24","modified_gmt":"2021-03-30T09:00:24","slug":"pour-les-apiculteurs","status":"publish","type":"page","link":"https:\/\/sandbox.mielmartine.fr\/fr\/pour-les-apiculteurs\/","title":{"rendered":"Pour les apiculteurs"},"content":{"rendered":"<div id='full_slider_1'  class='avia-fullwidth-slider main_color avia-shadow   avia-builder-el-0  el_before_av_hr  avia-builder-el-first  full-logo  container_wrap sidebar_right'  ><div   data-size='no scaling'  data-lightbox_size='large'  data-animation='slide'  data-conditional_play=''  data-ids='1337'  data-video_counter='0'  data-autoplay='false'  data-bg_slider='false'  data-slide_height=''  data-handle='av_slideshow_full'  data-interval='5'  data-class=' '  data-el_id=''  data-css_id=''  data-scroll_down=''  data-control_layout='av-control-default'  data-custom_markup=''  data-perma_caption=''  data-autoplay_stopper=''  data-image_attachment=''  data-min_height='560px'  data-lazy_loading='disabled'  data-src=''  data-position='top left'  data-repeat='no-repeat'  data-attach='scroll'  data-stretch=''  data-img_scrset=''  class='avia-slideshow avia-slideshow-1  av-control-default av-default-height-applied avia-slideshow-no scaling av_slideshow_full   avia-slide-slider '  itemprop=\"image\" itemscope=\"itemscope\" itemtype=\"https:\/\/schema.org\/ImageObject\" ><ul class='avia-slideshow-inner ' style='padding-bottom: 31.75%;' ><li  class=' av-single-slide slide-1 ' ><div data-rel='slideshow-1' class='avia-slide-wrap '   ><img decoding=\"async\" class=\"wp-image-1337 avia-img-lazy-loading-not-1337\"  src=\"https:\/\/sandbox.mielmartine.fr\/wp-content\/uploads\/2018\/05\/martine_apiculteurs_09-scaled.jpg\" width=\"1600\" height=\"508\" title='martine_apiculteurs_09' alt='apiculteur en action'  itemprop=\"thumbnailUrl\"  style='min-height:560px; min-width:1764px; ' srcset=\"https:\/\/sandbox.mielmartine.fr\/wp-content\/uploads\/2018\/05\/martine_apiculteurs_09-scaled.jpg 1600w, https:\/\/sandbox.mielmartine.fr\/wp-content\/uploads\/2018\/05\/martine_apiculteurs_09-scaled-300x95.jpg 300w, https:\/\/sandbox.mielmartine.fr\/wp-content\/uploads\/2018\/05\/martine_apiculteurs_09-scaled-1030x327.jpg 1030w, https:\/\/sandbox.mielmartine.fr\/wp-content\/uploads\/2018\/05\/martine_apiculteurs_09-scaled-768x244.jpg 768w, https:\/\/sandbox.mielmartine.fr\/wp-content\/uploads\/2018\/05\/martine_apiculteurs_09-scaled-1536x488.jpg 1536w, https:\/\/sandbox.mielmartine.fr\/wp-content\/uploads\/2018\/05\/martine_apiculteurs_09-scaled-1500x476.jpg 1500w, https:\/\/sandbox.mielmartine.fr\/wp-content\/uploads\/2018\/05\/martine_apiculteurs_09-scaled-705x224.jpg 705w, https:\/\/sandbox.mielmartine.fr\/wp-content\/uploads\/2018\/05\/martine_apiculteurs_09-scaled-400x127.jpg 400w, https:\/\/sandbox.mielmartine.fr\/wp-content\/uploads\/2018\/05\/martine_apiculteurs_09-scaled-339x108.jpg 339w, https:\/\/sandbox.mielmartine.fr\/wp-content\/uploads\/2018\/05\/martine_apiculteurs_09-scaled-600x191.jpg 600w, https:\/\/sandbox.mielmartine.fr\/wp-content\/uploads\/2018\/05\/martine_apiculteurs_09-scaled-190x60.jpg 190w, https:\/\/sandbox.mielmartine.fr\/wp-content\/uploads\/2018\/05\/martine_apiculteurs_09-scaled-283x90.jpg 283w, https:\/\/sandbox.mielmartine.fr\/wp-content\/uploads\/2018\/05\/martine_apiculteurs_09-2048x651.jpg 2048w\" sizes=\"(max-width: 1600px) 100vw, 1600px\" \/><\/div><\/li><\/ul><\/div><\/div><div id='after_full_slider_1'  class='main_color av_default_container_wrap container_wrap sidebar_right'  ><div class='container av-section-cont-open' ><div class='template-page content  av-content-small alpha units'><div class='post-entry post-entry-type-page post-entry-140'><div class='entry-content-wrapper clearfix'>\n\n<style type=\"text\/css\" data-created_by=\"avia_inline_auto\" id=\"style-css-av-5t59ck-25ab284c674e35232f2813c224b63bb5\">\n#top .hr.hr-invisible.av-5t59ck-25ab284c674e35232f2813c224b63bb5{\nheight:100px;\n}\n<\/style>\n<div  class='hr av-5t59ck-25ab284c674e35232f2813c224b63bb5 hr-invisible  avia-builder-el-1  el_after_av_slideshow_full  el_before_av_textblock  avia-builder-el-first   av-small-hide av-mini-hide'><span class='hr-inner '><span class=\"hr-inner-style\"><\/span><\/span><\/div>\n<section class=\"av_textblock_section \"  itemscope=\"itemscope\" itemtype=\"https:\/\/schema.org\/CreativeWork\" ><div class='avia_textblock  '   itemprop=\"text\" ><h1 style=\"text-align: center;\">Les Reines f\u00e9cond\u00e9es<\/h1>\n<\/div><\/section>\n\n<style type=\"text\/css\" data-created_by=\"avia_inline_auto\" id=\"style-css-av-5i94u4-3d7da1e4947ac420c8f59fb92463d245\">\n#top .hr.hr-invisible.av-5i94u4-3d7da1e4947ac420c8f59fb92463d245{\nheight:100px;\n}\n<\/style>\n<div  class='hr av-5i94u4-3d7da1e4947ac420c8f59fb92463d245 hr-invisible  avia-builder-el-3  el_after_av_textblock  el_before_av_textblock   av-mini-hide'><span class='hr-inner '><span class=\"hr-inner-style\"><\/span><\/span><\/div>\n<section class=\"av_textblock_section \"  itemscope=\"itemscope\" itemtype=\"https:\/\/schema.org\/CreativeWork\" ><div class='avia_textblock container_md '   itemprop=\"text\" ><p>Les reines du Ch\u00e2teau La Martinette proviennent des meilleurs s\u00e9lectionneurs d&#8217;Europe. Les f\u00e9condations naturelles sont conduites dans des environnements prot\u00e9g\u00e9s au coeur de la Provence. Nos apiculteurs g\u00e8rent 1&#8217;500 nucl\u00e9is o\u00f9 chaque race b\u00e9n\u00e9ficie de son propre rucher pour la f\u00e9condation.<\/p>\n<p>Deux races particuli\u00e8rement douces, peu essaimeuses et adapt\u00e9es \u00e0 nos r\u00e9gions sont propos\u00e9es\u00a0:<\/p>\n<ul>\n<li>Reine d\u2019origine fr\u00e8re Adam (Karl Kehrle)<\/li>\n<li>Reine Carnica<\/li>\n<\/ul>\n<p>Les livraisons se font par voie postale, avec un num\u00e9ro d\u2019envoi qui vous permet de suivre votre colis. Chaque reine command\u00e9e voyage dans une cage en plastique avec ses accompagnatrices. Les commandes de plusieurs reines sont envoy\u00e9es dans des bo\u00eetes sp\u00e9ciales avec a\u00e9ration.<\/p>\n<p>Nos apiculteurs restent \u00e0 votre \u00e9coute pour vous guider dans vos introductions. Les reines sont disponibles de mi-avril \u00e0 septembre.<\/p>\n<p><strong>Contactez-nous d\u00e8s \u00e0 pr\u00e9sent pour les commandes pour la saison 2019 ou pour plus d\u2019informations.<\/strong><\/p>\n<\/div><\/section>\n\n<style type=\"text\/css\" data-created_by=\"avia_inline_auto\" id=\"style-css-av-ixp04-da2b2b00224251984d693fdd26ed3251\">\n#top .hr.hr-invisible.av-ixp04-da2b2b00224251984d693fdd26ed3251{\nheight:100px;\n}\n<\/style>\n<div  class='hr av-ixp04-da2b2b00224251984d693fdd26ed3251 hr-invisible  avia-builder-el-5  el_after_av_textblock  el_before_av_section  avia-builder-el-last   av-small-hide av-mini-hide'><span class='hr-inner '><span class=\"hr-inner-style\"><\/span><\/span><\/div>\n<\/div><\/div><\/div><!-- close content main div --><\/div><\/div>\n<style type=\"text\/css\" data-created_by=\"avia_inline_auto\" id=\"style-css-av-535rvo-dbb0f3549efca1de4a146cac9c29e46c\">\n.avia-section.av-535rvo-dbb0f3549efca1de4a146cac9c29e46c{\nbackground-repeat:no-repeat;\nbackground-image:url(https:\/\/sandbox.mielmartine.fr\/wp-content\/uploads\/2018\/05\/martine_apiculteurs_02-1.jpg);\nbackground-position:50% 50%;\nbackground-attachment:fixed;\n}\n<\/style>\n<div id='av_section_1'  class='avia-section av-535rvo-dbb0f3549efca1de4a146cac9c29e46c main_color avia-section-default avia-no-border-styling  avia-builder-el-6  el_after_av_hr  el_before_av_hr  img-below-wrapper avia-bg-style-fixed  av-minimum-height av-minimum-height-custom  container_wrap sidebar_right'  data-section-bg-repeat='no-repeat'><div class='container av-section-cont-open' style='height:630px'><div class='template-page content  av-content-small alpha units'><div class='post-entry post-entry-type-page post-entry-140'><div class='entry-content-wrapper clearfix'>\n\n<style type=\"text\/css\" data-created_by=\"avia_inline_auto\" id=\"style-css-av-4yh6fo-4ae6dd17b977bdb41c8518f95e97ea10\">\n.flex_column.av-4yh6fo-4ae6dd17b977bdb41c8518f95e97ea10{\nborder-radius:0px 0px 0px 0px;\n-webkit-border-radius:0px 0px 0px 0px;\n-moz-border-radius:0px 0px 0px 0px;\n}\n<\/style>\n<div class='flex_column av-4yh6fo-4ae6dd17b977bdb41c8518f95e97ea10 av_one_half  avia-builder-el-7  el_before_av_one_half  avia-builder-el-first  img-below first no_margin flex_column_div av-zero-column-padding '   ><style type=\"text\/css\" data-created_by=\"avia_inline_auto\" id=\"style-css-av-4osxec-57b40c656835bce6bdb1fa6970e0d9f8\">\n.avia-image-container.av-4osxec-57b40c656835bce6bdb1fa6970e0d9f8 .av-image-caption-overlay-center{\ncolor:#ffffff;\n}\n<\/style>\n<div  class='avia-image-container av-4osxec-57b40c656835bce6bdb1fa6970e0d9f8 av-styling- avia_animated_image avia_animate_when_almost_visible fade-in avia-align-right  avia-builder-el-8  avia-builder-el-no-sibling  ml '  itemprop=\"image\" itemscope=\"itemscope\" itemtype=\"https:\/\/schema.org\/ImageObject\" ><div class=\"avia-image-container-inner\"><div class=\"avia-image-overlay-wrap\"><img decoding=\"async\" class='wp-image-842 avia-img-lazy-loading-not-842 avia_image' src=\"https:\/\/sandbox.mielmartine.fr\/wp-content\/uploads\/2018\/05\/martine_apiculteurs_03-845x684.jpg\" alt='abeille pr\u00e9cieuse' title='martine_apiculteurs_03'  height=\"684\" width=\"845\"  itemprop=\"thumbnailUrl\" srcset=\"https:\/\/sandbox.mielmartine.fr\/wp-content\/uploads\/2018\/05\/martine_apiculteurs_03-845x684.jpg 845w, https:\/\/sandbox.mielmartine.fr\/wp-content\/uploads\/2018\/05\/martine_apiculteurs_03-495x400.jpg 495w\" sizes=\"(max-width: 845px) 100vw, 845px\" \/><\/div><\/div><\/div><\/div>\n<style type=\"text\/css\" data-created_by=\"avia_inline_auto\" id=\"style-css-av-4jarws-4287ff20d889c3e066d81a031c6d8458\">\n.flex_column.av-4jarws-4287ff20d889c3e066d81a031c6d8458{\nborder-radius:0px 0px 0px 0px;\n-webkit-border-radius:0px 0px 0px 0px;\n-moz-border-radius:0px 0px 0px 0px;\nbackground-color:#ffffff;\n}\n<\/style>\n<div class='flex_column av-4jarws-4287ff20d889c3e066d81a031c6d8458 av_one_half  avia-builder-el-9  el_after_av_one_half  avia-builder-el-last  card no_margin flex_column_div av-zero-column-padding '   ><section class=\"av_textblock_section \"  itemscope=\"itemscope\" itemtype=\"https:\/\/schema.org\/CreativeWork\" ><div class='avia_textblock  '   itemprop=\"text\" ><p style=\"text-align: center;\">\u00ab\u00a0L\u2019apiculture est un m\u00e9tier que l\u2019on ne peut faire qu\u2019avec passion.\u00a0\u00bb<\/p>\n<p style=\"text-align: center;\">Nicolas, Apiculteur chef<\/p>\n<\/div><\/section><\/div><\/div><\/div><\/div><!-- close content main div --><\/div><\/div><div id='after_section_1'  class='main_color av_default_container_wrap container_wrap sidebar_right'  ><div class='container av-section-cont-open' ><div class='template-page content  av-content-small alpha units'><div class='post-entry post-entry-type-page post-entry-140'><div class='entry-content-wrapper clearfix'>\n<style type=\"text\/css\" data-created_by=\"avia_inline_auto\" id=\"style-css-av-48fvdo-0cb547c920e4ff20e307b973e69c278e\">\n#top .hr.hr-invisible.av-48fvdo-0cb547c920e4ff20e307b973e69c278e{\nheight:100px;\n}\n<\/style>\n<div  class='hr av-48fvdo-0cb547c920e4ff20e307b973e69c278e hr-invisible  avia-builder-el-11  el_after_av_section  el_before_av_hr  avia-builder-el-first   av-small-hide av-mini-hide'><span class='hr-inner '><span class=\"hr-inner-style\"><\/span><\/span><\/div><\/p>\n\n<style type=\"text\/css\" data-created_by=\"avia_inline_auto\" id=\"style-css-av-43pbpw-be79740a7a546e90922c0241bb0f3123\">\n#top .hr.hr-invisible.av-43pbpw-be79740a7a546e90922c0241bb0f3123{\nheight:100px;\n}\n<\/style>\n<div  class='hr av-43pbpw-be79740a7a546e90922c0241bb0f3123 hr-invisible  avia-builder-el-12  el_after_av_hr  el_before_av_hr   av-small-hide av-mini-hide'><span class='hr-inner '><span class=\"hr-inner-style\"><\/span><\/span><\/div>\n\n<style type=\"text\/css\" data-created_by=\"avia_inline_auto\" id=\"style-css-av-3twnqc-3cd6c414ed2edb79d64071a501aa924d\">\n#top .hr.hr-invisible.av-3twnqc-3cd6c414ed2edb79d64071a501aa924d{\nheight:100px;\n}\n<\/style>\n<div  class='hr av-3twnqc-3cd6c414ed2edb79d64071a501aa924d hr-invisible  avia-builder-el-13  el_after_av_hr  el_before_av_section  avia-builder-el-last   av-small-hide av-mini-hide'><span class='hr-inner '><span class=\"hr-inner-style\"><\/span><\/span><\/div>\n<\/div><\/div><\/div><!-- close content main div --><\/div><\/div>\n<style type=\"text\/css\" data-created_by=\"avia_inline_auto\" id=\"style-css-av-3qfuoc-ab6f62b3706411ddde5110eabde98b65\">\n.avia-section.av-3qfuoc-ab6f62b3706411ddde5110eabde98b65{\nbackground-repeat:no-repeat;\nbackground-image:url(https:\/\/sandbox.mielmartine.fr\/wp-content\/uploads\/2018\/05\/martine_apiculteurs_05-scaled.jpg);\nbackground-position:50% 50%;\nbackground-attachment:fixed;\n}\n<\/style>\n<div id='av_section_2'  class='avia-section av-3qfuoc-ab6f62b3706411ddde5110eabde98b65 main_color avia-section-default avia-no-border-styling  avia-builder-el-14  el_after_av_hr  el_before_av_hr  img-below-wrapper avia-bg-style-fixed  av-minimum-height av-minimum-height-custom  container_wrap sidebar_right'  data-section-bg-repeat='no-repeat'><div class='container av-section-cont-open' style='height:700px'><div class='template-page content  av-content-small alpha units'><div class='post-entry post-entry-type-page post-entry-140'><div class='entry-content-wrapper clearfix'>\n\n<style type=\"text\/css\" data-created_by=\"avia_inline_auto\" id=\"style-css-av-3l2oz0-198105208256c9f4b744a5b50d10c0aa\">\n.flex_column.av-3l2oz0-198105208256c9f4b744a5b50d10c0aa{\nborder-radius:0px 0px 0px 0px;\n-webkit-border-radius:0px 0px 0px 0px;\n-moz-border-radius:0px 0px 0px 0px;\nbackground-color:#ffffff;\n}\n<\/style>\n<div class='flex_column av-3l2oz0-198105208256c9f4b744a5b50d10c0aa av_one_half  avia-builder-el-15  el_before_av_one_half  avia-builder-el-first  card first flex_column_div av-zero-column-padding '   ><section class=\"av_textblock_section \"  itemscope=\"itemscope\" itemtype=\"https:\/\/schema.org\/CreativeWork\" ><div class='avia_textblock  '   itemprop=\"text\" ><p style=\"text-align: center;\">\u00ab Le miel est\u00a0un aliment naturel\u00a0qui existe depuis\u00a0des mill\u00e9naires. \u00bb<\/p>\n<\/div><\/section><\/div>\n<style type=\"text\/css\" data-created_by=\"avia_inline_auto\" id=\"style-css-av-3798sk-54b49c62589dc6e466460534b4fa3c2e\">\n.flex_column.av-3798sk-54b49c62589dc6e466460534b4fa3c2e{\nborder-radius:0px 0px 0px 0px;\n-webkit-border-radius:0px 0px 0px 0px;\n-moz-border-radius:0px 0px 0px 0px;\n}\n<\/style>\n<div class='flex_column av-3798sk-54b49c62589dc6e466460534b4fa3c2e av_one_half  avia-builder-el-17  el_after_av_one_half  avia-builder-el-last  img-below flex_column_div av-zero-column-padding '   ><style type=\"text\/css\" data-created_by=\"avia_inline_auto\" id=\"style-css-av-30tfvw-9ead908e843b9018ff193cd30b432681\">\n.avia-image-container.av-30tfvw-9ead908e843b9018ff193cd30b432681 .av-image-caption-overlay-center{\ncolor:#ffffff;\n}\n<\/style>\n<div  class='avia-image-container av-30tfvw-9ead908e843b9018ff193cd30b432681 av-styling- avia_animated_image avia_animate_when_almost_visible fade-in avia-align-left  avia-builder-el-18  avia-builder-el-no-sibling  '  itemprop=\"image\" itemscope=\"itemscope\" itemtype=\"https:\/\/schema.org\/ImageObject\" ><div class=\"avia-image-container-inner\"><div class=\"avia-image-overlay-wrap\"><img decoding=\"async\" class='wp-image-852 avia-img-lazy-loading-not-852 avia_image' src=\"https:\/\/sandbox.mielmartine.fr\/wp-content\/uploads\/2018\/05\/martine_apiculteurs_06.jpg\" alt='apiculteur fran\u00e7ais' title='martine_apiculteurs_06'  height=\"1500\" width=\"1067\"  itemprop=\"thumbnailUrl\" srcset=\"https:\/\/sandbox.mielmartine.fr\/wp-content\/uploads\/2018\/05\/martine_apiculteurs_06.jpg 1067w, https:\/\/sandbox.mielmartine.fr\/wp-content\/uploads\/2018\/05\/martine_apiculteurs_06-213x300.jpg 213w, https:\/\/sandbox.mielmartine.fr\/wp-content\/uploads\/2018\/05\/martine_apiculteurs_06-733x1030.jpg 733w, https:\/\/sandbox.mielmartine.fr\/wp-content\/uploads\/2018\/05\/martine_apiculteurs_06-768x1080.jpg 768w, https:\/\/sandbox.mielmartine.fr\/wp-content\/uploads\/2018\/05\/martine_apiculteurs_06-501x705.jpg 501w, https:\/\/sandbox.mielmartine.fr\/wp-content\/uploads\/2018\/05\/martine_apiculteurs_06-285x400.jpg 285w, https:\/\/sandbox.mielmartine.fr\/wp-content\/uploads\/2018\/05\/martine_apiculteurs_06-339x477.jpg 339w, https:\/\/sandbox.mielmartine.fr\/wp-content\/uploads\/2018\/05\/martine_apiculteurs_06-600x843.jpg 600w, https:\/\/sandbox.mielmartine.fr\/wp-content\/uploads\/2018\/05\/martine_apiculteurs_06-43x60.jpg 43w, https:\/\/sandbox.mielmartine.fr\/wp-content\/uploads\/2018\/05\/martine_apiculteurs_06-64x90.jpg 64w\" sizes=\"(max-width: 1067px) 100vw, 1067px\" \/><\/div><\/div><\/div><\/div><\/div><\/div><\/div><!-- close content main div --><\/div><\/div><div id='after_section_2'  class='main_color av_default_container_wrap container_wrap sidebar_right'  ><div class='container av-section-cont-open' ><div class='template-page content  av-content-small alpha units'><div class='post-entry post-entry-type-page post-entry-140'><div class='entry-content-wrapper clearfix'>\n<style type=\"text\/css\" data-created_by=\"avia_inline_auto\" id=\"style-css-av-2wbxuc-e7e213a9661b53bf0cfd3d10aaaaaa1d\">\n#top .hr.hr-invisible.av-2wbxuc-e7e213a9661b53bf0cfd3d10aaaaaa1d{\nheight:100px;\n}\n<\/style>\n<div  class='hr av-2wbxuc-e7e213a9661b53bf0cfd3d10aaaaaa1d hr-invisible  avia-builder-el-19  el_after_av_section  avia-builder-el-no-sibling   av-small-hide av-mini-hide'><span class='hr-inner '><span class=\"hr-inner-style\"><\/span><\/span><\/div><\/p>\n","protected":false},"excerpt":{"rendered":"","protected":false},"author":3,"featured_media":0,"parent":0,"menu_order":0,"comment_status":"closed","ping_status":"closed","template":"","meta":[],"acf":[],"yoast_head":"<!-- This site is optimized with the Yoast SEO plugin v20.1 - https:\/\/yoast.com\/wordpress\/plugins\/seo\/ -->\n<title>Pour les apiculteurs | Miel Martine<\/title>\n<meta name=\"description\" content=\"Les reines f\u00e9cond\u00e9es du Ch\u00e2teau la Martinette proviennent des meilleurs s\u00e9lectionneurs d\u2019Europe. Demandez conseil \u00e0 nos apiculteurs et passez votre commande.\" \/>\n<meta name=\"robots\" content=\"index, follow, max-snippet:-1, max-image-preview:large, max-video-preview:-1\" \/>\n<link rel=\"canonical\" href=\"https:\/\/sandbox.mielmartine.fr\/fr\/pour-les-apiculteurs\/\" \/>\n<meta property=\"og:locale\" content=\"fr_FR\" \/>\n<meta property=\"og:type\" content=\"article\" \/>\n<meta property=\"og:title\" content=\"Pour les apiculteurs | Miel Martine\" \/>\n<meta property=\"og:description\" content=\"Les reines f\u00e9cond\u00e9es du Ch\u00e2teau la Martinette proviennent des meilleurs s\u00e9lectionneurs d\u2019Europe. Demandez conseil \u00e0 nos apiculteurs et passez votre commande.\" \/>\n<meta property=\"og:url\" content=\"https:\/\/sandbox.mielmartine.fr\/fr\/pour-les-apiculteurs\/\" \/>\n<meta property=\"og:site_name\" content=\"Miel Martine\" \/>\n<meta property=\"article:publisher\" content=\"https:\/\/www.facebook.com\/mielmartine\/\" \/>\n<meta property=\"article:modified_time\" content=\"2021-03-30T09:00:24+00:00\" \/>\n<meta name=\"twitter:card\" content=\"summary_large_image\" \/>\n<meta name=\"twitter:label1\" content=\"Dur\u00e9e de lecture estim\u00e9e\" \/>\n\t<meta name=\"twitter:data1\" content=\"3 minutes\" \/>\n<script type=\"application\/ld+json\" class=\"yoast-schema-graph\">{\"@context\":\"https:\/\/schema.org\",\"@graph\":[{\"@type\":\"WebPage\",\"@id\":\"https:\/\/sandbox.mielmartine.fr\/fr\/pour-les-apiculteurs\/\",\"url\":\"https:\/\/sandbox.mielmartine.fr\/fr\/pour-les-apiculteurs\/\",\"name\":\"Pour les apiculteurs | Miel Martine\",\"isPartOf\":{\"@id\":\"https:\/\/sandbox.mielmartine.fr\/fr\/#website\"},\"datePublished\":\"2018-04-23T13:12:20+00:00\",\"dateModified\":\"2021-03-30T09:00:24+00:00\",\"description\":\"Les reines f\u00e9cond\u00e9es du Ch\u00e2teau la Martinette proviennent des meilleurs s\u00e9lectionneurs d\u2019Europe. Demandez conseil \u00e0 nos apiculteurs et passez votre commande.\",\"breadcrumb\":{\"@id\":\"https:\/\/sandbox.mielmartine.fr\/fr\/pour-les-apiculteurs\/#breadcrumb\"},\"inLanguage\":\"fr-FR\",\"potentialAction\":[{\"@type\":\"ReadAction\",\"target\":[\"https:\/\/sandbox.mielmartine.fr\/fr\/pour-les-apiculteurs\/\"]}]},{\"@type\":\"BreadcrumbList\",\"@id\":\"https:\/\/sandbox.mielmartine.fr\/fr\/pour-les-apiculteurs\/#breadcrumb\",\"itemListElement\":[{\"@type\":\"ListItem\",\"position\":1,\"name\":\"Accueil\",\"item\":\"https:\/\/sandbox.mielmartine.fr\/en\/homepage\/\"},{\"@type\":\"ListItem\",\"position\":2,\"name\":\"Pour les apiculteurs\"}]},{\"@type\":\"WebSite\",\"@id\":\"https:\/\/sandbox.mielmartine.fr\/fr\/#website\",\"url\":\"https:\/\/sandbox.mielmartine.fr\/fr\/\",\"name\":\"Miel Martine\",\"description\":\"Miels de France\",\"publisher\":{\"@id\":\"https:\/\/sandbox.mielmartine.fr\/fr\/#organization\"},\"potentialAction\":[{\"@type\":\"SearchAction\",\"target\":{\"@type\":\"EntryPoint\",\"urlTemplate\":\"https:\/\/sandbox.mielmartine.fr\/fr\/?s={search_term_string}\"},\"query-input\":\"required name=search_term_string\"}],\"inLanguage\":\"fr-FR\"},{\"@type\":\"Organization\",\"@id\":\"https:\/\/sandbox.mielmartine.fr\/fr\/#organization\",\"name\":\"Miel Martine\",\"url\":\"https:\/\/sandbox.mielmartine.fr\/fr\/\",\"logo\":{\"@type\":\"ImageObject\",\"inLanguage\":\"fr-FR\",\"@id\":\"https:\/\/sandbox.mielmartine.fr\/fr\/#\/schema\/logo\/image\/\",\"url\":\"https:\/\/sandbox.mielmartine.fr\/wp-content\/uploads\/2018\/05\/LOGO_TAGLINE_MARTINE-1.svg\",\"contentUrl\":\"https:\/\/sandbox.mielmartine.fr\/wp-content\/uploads\/2018\/05\/LOGO_TAGLINE_MARTINE-1.svg\",\"width\":1,\"height\":1,\"caption\":\"Miel Martine\"},\"image\":{\"@id\":\"https:\/\/sandbox.mielmartine.fr\/fr\/#\/schema\/logo\/image\/\"},\"sameAs\":[\"https:\/\/www.facebook.com\/mielmartine\/\",\"https:\/\/www.instagram.com\/mielmartine\/\",\"https:\/\/www.pinterest.fr\/martine4731\/\"]}]}<\/script>\n<!-- \/ Yoast SEO plugin. -->","yoast_head_json":{"title":"Pour les apiculteurs | Miel Martine","description":"Les reines f\u00e9cond\u00e9es du Ch\u00e2teau la Martinette proviennent des meilleurs s\u00e9lectionneurs d\u2019Europe. Demandez conseil \u00e0 nos apiculteurs et passez votre commande.","robots":{"index":"index","follow":"follow","max-snippet":"max-snippet:-1","max-image-preview":"max-image-preview:large","max-video-preview":"max-video-preview:-1"},"canonical":"https:\/\/sandbox.mielmartine.fr\/fr\/pour-les-apiculteurs\/","og_locale":"fr_FR","og_type":"article","og_title":"Pour les apiculteurs | Miel Martine","og_description":"Les reines f\u00e9cond\u00e9es du Ch\u00e2teau la Martinette proviennent des meilleurs s\u00e9lectionneurs d\u2019Europe. Demandez conseil \u00e0 nos apiculteurs et passez votre commande.","og_url":"https:\/\/sandbox.mielmartine.fr\/fr\/pour-les-apiculteurs\/","og_site_name":"Miel Martine","article_publisher":"https:\/\/www.facebook.com\/mielmartine\/","article_modified_time":"2021-03-30T09:00:24+00:00","twitter_card":"summary_large_image","twitter_misc":{"Dur\u00e9e de lecture estim\u00e9e":"3 minutes"},"schema":{"@context":"https:\/\/schema.org","@graph":[{"@type":"WebPage","@id":"https:\/\/sandbox.mielmartine.fr\/fr\/pour-les-apiculteurs\/","url":"https:\/\/sandbox.mielmartine.fr\/fr\/pour-les-apiculteurs\/","name":"Pour les apiculteurs | Miel Martine","isPartOf":{"@id":"https:\/\/sandbox.mielmartine.fr\/fr\/#website"},"datePublished":"2018-04-23T13:12:20+00:00","dateModified":"2021-03-30T09:00:24+00:00","description":"Les reines f\u00e9cond\u00e9es du Ch\u00e2teau la Martinette proviennent des meilleurs s\u00e9lectionneurs d\u2019Europe. Demandez conseil \u00e0 nos apiculteurs et passez votre commande.","breadcrumb":{"@id":"https:\/\/sandbox.mielmartine.fr\/fr\/pour-les-apiculteurs\/#breadcrumb"},"inLanguage":"fr-FR","potentialAction":[{"@type":"ReadAction","target":["https:\/\/sandbox.mielmartine.fr\/fr\/pour-les-apiculteurs\/"]}]},{"@type":"BreadcrumbList","@id":"https:\/\/sandbox.mielmartine.fr\/fr\/pour-les-apiculteurs\/#breadcrumb","itemListElement":[{"@type":"ListItem","position":1,"name":"Accueil","item":"https:\/\/sandbox.mielmartine.fr\/en\/homepage\/"},{"@type":"ListItem","position":2,"name":"Pour les apiculteurs"}]},{"@type":"WebSite","@id":"https:\/\/sandbox.mielmartine.fr\/fr\/#website","url":"https:\/\/sandbox.mielmartine.fr\/fr\/","name":"Miel Martine","description":"Miels de France","publisher":{"@id":"https:\/\/sandbox.mielmartine.fr\/fr\/#organization"},"potentialAction":[{"@type":"SearchAction","target":{"@type":"EntryPoint","urlTemplate":"https:\/\/sandbox.mielmartine.fr\/fr\/?s={search_term_string}"},"query-input":"required name=search_term_string"}],"inLanguage":"fr-FR"},{"@type":"Organization","@id":"https:\/\/sandbox.mielmartine.fr\/fr\/#organization","name":"Miel Martine","url":"https:\/\/sandbox.mielmartine.fr\/fr\/","logo":{"@type":"ImageObject","inLanguage":"fr-FR","@id":"https:\/\/sandbox.mielmartine.fr\/fr\/#\/schema\/logo\/image\/","url":"https:\/\/sandbox.mielmartine.fr\/wp-content\/uploads\/2018\/05\/LOGO_TAGLINE_MARTINE-1.svg","contentUrl":"https:\/\/sandbox.mielmartine.fr\/wp-content\/uploads\/2018\/05\/LOGO_TAGLINE_MARTINE-1.svg","width":1,"height":1,"caption":"Miel Martine"},"image":{"@id":"https:\/\/sandbox.mielmartine.fr\/fr\/#\/schema\/logo\/image\/"},"sameAs":["https:\/\/www.facebook.com\/mielmartine\/","https:\/\/www.instagram.com\/mielmartine\/","https:\/\/www.pinterest.fr\/martine4731\/"]}]}},"_links":{"self":[{"href":"https:\/\/sandbox.mielmartine.fr\/fr\/wp-json\/wp\/v2\/pages\/140"}],"collection":[{"href":"https:\/\/sandbox.mielmartine.fr\/fr\/wp-json\/wp\/v2\/pages"}],"about":[{"href":"https:\/\/sandbox.mielmartine.fr\/fr\/wp-json\/wp\/v2\/types\/page"}],"author":[{"embeddable":true,"href":"https:\/\/sandbox.mielmartine.fr\/fr\/wp-json\/wp\/v2\/users\/3"}],"replies":[{"embeddable":true,"href":"https:\/\/sandbox.mielmartine.fr\/fr\/wp-json\/wp\/v2\/comments?post=140"}],"version-history":[{"count":60,"href":"https:\/\/sandbox.mielmartine.fr\/fr\/wp-json\/wp\/v2\/pages\/140\/revisions"}],"predecessor-version":[{"id":10320,"href":"https:\/\/sandbox.mielmartine.fr\/fr\/wp-json\/wp\/v2\/pages\/140\/revisions\/10320"}],"wp:attachment":[{"href":"https:\/\/sandbox.mielmartine.fr\/fr\/wp-json\/wp\/v2\/media?parent=140"}],"curies":[{"name":"wp","href":"https:\/\/api.w.org\/{rel}","templated":true}]}}