{"id":2673,"date":"2019-02-14T09:44:16","date_gmt":"2019-02-14T08:44:16","guid":{"rendered":"https:\/\/www.mielmartine.fr\/?page_id=2673"},"modified":"2020-07-08T14:15:26","modified_gmt":"2020-07-08T12:15:26","slug":"charte-de-confidentialite","status":"publish","type":"page","link":"https:\/\/sandbox.mielmartine.fr\/fr\/charte-de-confidentialite\/","title":{"rendered":"Charte de confidentialit\u00e9"},"content":{"rendered":"\n<style type=\"text\/css\" data-created_by=\"avia_inline_auto\" id=\"style-css-av-4ldmrl-1322cd6a9a2f7505d0b1db5d6da90d81\">\n.flex_column.av-4ldmrl-1322cd6a9a2f7505d0b1db5d6da90d81{\nborder-radius:0px 0px 0px 0px;\n-webkit-border-radius:0px 0px 0px 0px;\n-moz-border-radius:0px 0px 0px 0px;\n}\n<\/style>\n<div class='flex_column av-4ldmrl-1322cd6a9a2f7505d0b1db5d6da90d81 av_one_full  avia-builder-el-0  avia-builder-el-no-sibling  first flex_column_div av-zero-column-padding '   ><section class=\"av_textblock_section \"  itemscope=\"itemscope\" itemtype=\"https:\/\/schema.org\/CreativeWork\" ><div class='avia_textblock  '   itemprop=\"text\" ><h1 class=\"p1\"><span class=\"s1\">Charte de confidentialit\u00e9<\/span><\/h1>\n<p class=\"p1\"><span class=\"s1\">Le site internet <a href=\"http:\/\/www.mielmartine.fr\"><span class=\"s2\">www.mielmartine.fr<\/span><\/a> a pour objet de pr\u00e9senter et vendre des produits issus de l\u2019apiculture commercialis\u00e9s par la soci\u00e9t\u00e9 La miellerie Proven\u00e7ale \u00ab\u00a0Martine\u00a0\u00bb dont le si\u00e8ge social se situe au 4005 chemin de la Martinette \u00e0 Lorgues 83510.<\/span><\/p>\n<p class=\"p1\"><span class=\"s1\">Cette Charte de confidentialit\u00e9 du site s\u2019applique \u00e0 tout utilisateur inscrit sur le Site www.mielmartine.fr conform\u00e9ment aux dispositions des CGV.<\/span><\/p>\n<p class=\"p1\"><span class=\"s1\">Conform\u00e9ment \u00e0 la loi du 6 janvier 1978 relative \u00e0 l\u2019informatique, aux fichiers et aux libert\u00e9s, l\u2019Utilisateur est inform\u00e9 de l\u2019obligation de r\u00e9colte d\u2019informations pour la cr\u00e9ation d\u2019un compte client, au traitement et au suivi des commandes \u00e9tablies sur le site.<\/span><\/p>\n<p class=\"p1\"><span class=\"s1\">Les donn\u00e9es peuvent \u00eatre \u00e9galement utilis\u00e9es pour recevoir des newsletters et suivre le comportement de l\u2019utilisateur sur le site internet avec autorisation de l\u2019utilisateur.<\/span><\/p>\n<p class=\"p1\"><span class=\"s1\">En exer\u00e7ant les conditions pr\u00e9vues par la loi, l\u2019utilisateur dispose d\u2019un droit de modification ou de suppression sur les donn\u00e9es personnelles le concernant, en adressant un email \u00e0 l\u2019adresse contact@apimartine.fr, en pr\u00e9cisant ses nom, pr\u00e9nom, adresse e-mail et son identifiant de compte.<\/span><\/p>\n<p class=\"p1\"><span class=\"s1\">L\u2019utilisateur peut \u00e0 tout moment, refuser que les cookies soient install\u00e9s sur l\u2019ordinateur qu\u2019il utilise en modifiant les options de son navigateur Internet ou en refusant l\u2019acceptation de cookies lors de la demande.<span class=\"Apple-converted-space\">\u00a0 <\/span>Les cookies permettent de faciliter la navigation sur le site internet et de personnaliser le parcours de l\u2019utilisateur sur le site. <\/span><\/p>\n<\/div><\/section><\/div>\n","protected":false},"excerpt":{"rendered":"","protected":false},"author":3,"featured_media":0,"parent":0,"menu_order":0,"comment_status":"closed","ping_status":"closed","template":"","meta":[],"acf":[],"yoast_head":"<!-- This site is optimized with the Yoast SEO plugin v20.1 - https:\/\/yoast.com\/wordpress\/plugins\/seo\/ -->\n<title>La charte de confidentialit\u00e9 Miel Martine !<\/title>\n<meta name=\"description\" content=\"Son adresse de courrier electronique est contact@apimartine.fr. Le site internet a pour objet de pr\u00e9senter et vendre des produits issus de l\u2019apiculture\" \/>\n<meta name=\"robots\" content=\"noindex, nofollow\" \/>\n<meta property=\"og:locale\" content=\"fr_FR\" \/>\n<meta property=\"og:type\" content=\"article\" \/>\n<meta property=\"og:title\" content=\"La charte de confidentialit\u00e9 Miel Martine !\" \/>\n<meta property=\"og:description\" content=\"Son adresse de courrier electronique est contact@apimartine.fr. Le site internet a pour objet de pr\u00e9senter et vendre des produits issus de l\u2019apiculture\" \/>\n<meta property=\"og:url\" content=\"https:\/\/sandbox.mielmartine.fr\/fr\/charte-de-confidentialite\/\" \/>\n<meta property=\"og:site_name\" content=\"Miel Martine\" \/>\n<meta property=\"article:publisher\" content=\"https:\/\/www.facebook.com\/mielmartine\/\" \/>\n<meta property=\"article:modified_time\" content=\"2020-07-08T12:15:26+00:00\" \/>\n<meta name=\"twitter:card\" content=\"summary_large_image\" \/>\n<meta name=\"twitter:label1\" content=\"Dur\u00e9e de lecture estim\u00e9e\" \/>\n\t<meta name=\"twitter:data1\" content=\"2 minutes\" \/>\n<script type=\"application\/ld+json\" class=\"yoast-schema-graph\">{\"@context\":\"https:\/\/schema.org\",\"@graph\":[{\"@type\":\"WebPage\",\"@id\":\"https:\/\/sandbox.mielmartine.fr\/fr\/charte-de-confidentialite\/\",\"url\":\"https:\/\/sandbox.mielmartine.fr\/fr\/charte-de-confidentialite\/\",\"name\":\"La charte de confidentialit\u00e9 Miel Martine !\",\"isPartOf\":{\"@id\":\"https:\/\/sandbox.mielmartine.fr\/fr\/#website\"},\"datePublished\":\"2019-02-14T08:44:16+00:00\",\"dateModified\":\"2020-07-08T12:15:26+00:00\",\"description\":\"Son adresse de courrier electronique est contact@apimartine.fr. Le site internet a pour objet de pr\u00e9senter et vendre des produits issus de l\u2019apiculture\",\"breadcrumb\":{\"@id\":\"https:\/\/sandbox.mielmartine.fr\/fr\/charte-de-confidentialite\/#breadcrumb\"},\"inLanguage\":\"fr-FR\",\"potentialAction\":[{\"@type\":\"ReadAction\",\"target\":[\"https:\/\/sandbox.mielmartine.fr\/fr\/charte-de-confidentialite\/\"]}]},{\"@type\":\"BreadcrumbList\",\"@id\":\"https:\/\/sandbox.mielmartine.fr\/fr\/charte-de-confidentialite\/#breadcrumb\",\"itemListElement\":[{\"@type\":\"ListItem\",\"position\":1,\"name\":\"Accueil\",\"item\":\"https:\/\/sandbox.mielmartine.fr\/en\/homepage\/\"},{\"@type\":\"ListItem\",\"position\":2,\"name\":\"Charte de confidentialit\u00e9\"}]},{\"@type\":\"WebSite\",\"@id\":\"https:\/\/sandbox.mielmartine.fr\/fr\/#website\",\"url\":\"https:\/\/sandbox.mielmartine.fr\/fr\/\",\"name\":\"Miel Martine\",\"description\":\"Miels de France\",\"publisher\":{\"@id\":\"https:\/\/sandbox.mielmartine.fr\/fr\/#organization\"},\"potentialAction\":[{\"@type\":\"SearchAction\",\"target\":{\"@type\":\"EntryPoint\",\"urlTemplate\":\"https:\/\/sandbox.mielmartine.fr\/fr\/?s={search_term_string}\"},\"query-input\":\"required name=search_term_string\"}],\"inLanguage\":\"fr-FR\"},{\"@type\":\"Organization\",\"@id\":\"https:\/\/sandbox.mielmartine.fr\/fr\/#organization\",\"name\":\"Miel Martine\",\"url\":\"https:\/\/sandbox.mielmartine.fr\/fr\/\",\"logo\":{\"@type\":\"ImageObject\",\"inLanguage\":\"fr-FR\",\"@id\":\"https:\/\/sandbox.mielmartine.fr\/fr\/#\/schema\/logo\/image\/\",\"url\":\"https:\/\/sandbox.mielmartine.fr\/wp-content\/uploads\/2018\/05\/LOGO_TAGLINE_MARTINE-1.svg\",\"contentUrl\":\"https:\/\/sandbox.mielmartine.fr\/wp-content\/uploads\/2018\/05\/LOGO_TAGLINE_MARTINE-1.svg\",\"width\":1,\"height\":1,\"caption\":\"Miel Martine\"},\"image\":{\"@id\":\"https:\/\/sandbox.mielmartine.fr\/fr\/#\/schema\/logo\/image\/\"},\"sameAs\":[\"https:\/\/www.facebook.com\/mielmartine\/\",\"https:\/\/www.instagram.com\/mielmartine\/\",\"https:\/\/www.pinterest.fr\/martine4731\/\"]}]}<\/script>\n<!-- \/ Yoast SEO plugin. -->","yoast_head_json":{"title":"La charte de confidentialit\u00e9 Miel Martine !","description":"Son adresse de courrier electronique est contact@apimartine.fr. Le site internet a pour objet de pr\u00e9senter et vendre des produits issus de l\u2019apiculture","robots":{"index":"noindex","follow":"nofollow"},"og_locale":"fr_FR","og_type":"article","og_title":"La charte de confidentialit\u00e9 Miel Martine !","og_description":"Son adresse de courrier electronique est contact@apimartine.fr. Le site internet a pour objet de pr\u00e9senter et vendre des produits issus de l\u2019apiculture","og_url":"https:\/\/sandbox.mielmartine.fr\/fr\/charte-de-confidentialite\/","og_site_name":"Miel Martine","article_publisher":"https:\/\/www.facebook.com\/mielmartine\/","article_modified_time":"2020-07-08T12:15:26+00:00","twitter_card":"summary_large_image","twitter_misc":{"Dur\u00e9e de lecture estim\u00e9e":"2 minutes"},"schema":{"@context":"https:\/\/schema.org","@graph":[{"@type":"WebPage","@id":"https:\/\/sandbox.mielmartine.fr\/fr\/charte-de-confidentialite\/","url":"https:\/\/sandbox.mielmartine.fr\/fr\/charte-de-confidentialite\/","name":"La charte de confidentialit\u00e9 Miel Martine !","isPartOf":{"@id":"https:\/\/sandbox.mielmartine.fr\/fr\/#website"},"datePublished":"2019-02-14T08:44:16+00:00","dateModified":"2020-07-08T12:15:26+00:00","description":"Son adresse de courrier electronique est contact@apimartine.fr. Le site internet a pour objet de pr\u00e9senter et vendre des produits issus de l\u2019apiculture","breadcrumb":{"@id":"https:\/\/sandbox.mielmartine.fr\/fr\/charte-de-confidentialite\/#breadcrumb"},"inLanguage":"fr-FR","potentialAction":[{"@type":"ReadAction","target":["https:\/\/sandbox.mielmartine.fr\/fr\/charte-de-confidentialite\/"]}]},{"@type":"BreadcrumbList","@id":"https:\/\/sandbox.mielmartine.fr\/fr\/charte-de-confidentialite\/#breadcrumb","itemListElement":[{"@type":"ListItem","position":1,"name":"Accueil","item":"https:\/\/sandbox.mielmartine.fr\/en\/homepage\/"},{"@type":"ListItem","position":2,"name":"Charte de confidentialit\u00e9"}]},{"@type":"WebSite","@id":"https:\/\/sandbox.mielmartine.fr\/fr\/#website","url":"https:\/\/sandbox.mielmartine.fr\/fr\/","name":"Miel Martine","description":"Miels de France","publisher":{"@id":"https:\/\/sandbox.mielmartine.fr\/fr\/#organization"},"potentialAction":[{"@type":"SearchAction","target":{"@type":"EntryPoint","urlTemplate":"https:\/\/sandbox.mielmartine.fr\/fr\/?s={search_term_string}"},"query-input":"required name=search_term_string"}],"inLanguage":"fr-FR"},{"@type":"Organization","@id":"https:\/\/sandbox.mielmartine.fr\/fr\/#organization","name":"Miel Martine","url":"https:\/\/sandbox.mielmartine.fr\/fr\/","logo":{"@type":"ImageObject","inLanguage":"fr-FR","@id":"https:\/\/sandbox.mielmartine.fr\/fr\/#\/schema\/logo\/image\/","url":"https:\/\/sandbox.mielmartine.fr\/wp-content\/uploads\/2018\/05\/LOGO_TAGLINE_MARTINE-1.svg","contentUrl":"https:\/\/sandbox.mielmartine.fr\/wp-content\/uploads\/2018\/05\/LOGO_TAGLINE_MARTINE-1.svg","width":1,"height":1,"caption":"Miel Martine"},"image":{"@id":"https:\/\/sandbox.mielmartine.fr\/fr\/#\/schema\/logo\/image\/"},"sameAs":["https:\/\/www.facebook.com\/mielmartine\/","https:\/\/www.instagram.com\/mielmartine\/","https:\/\/www.pinterest.fr\/martine4731\/"]}]}},"_links":{"self":[{"href":"https:\/\/sandbox.mielmartine.fr\/fr\/wp-json\/wp\/v2\/pages\/2673"}],"collection":[{"href":"https:\/\/sandbox.mielmartine.fr\/fr\/wp-json\/wp\/v2\/pages"}],"about":[{"href":"https:\/\/sandbox.mielmartine.fr\/fr\/wp-json\/wp\/v2\/types\/page"}],"author":[{"embeddable":true,"href":"https:\/\/sandbox.mielmartine.fr\/fr\/wp-json\/wp\/v2\/users\/3"}],"replies":[{"embeddable":true,"href":"https:\/\/sandbox.mielmartine.fr\/fr\/wp-json\/wp\/v2\/comments?post=2673"}],"version-history":[{"count":3,"href":"https:\/\/sandbox.mielmartine.fr\/fr\/wp-json\/wp\/v2\/pages\/2673\/revisions"}],"predecessor-version":[{"id":7467,"href":"https:\/\/sandbox.mielmartine.fr\/fr\/wp-json\/wp\/v2\/pages\/2673\/revisions\/7467"}],"wp:attachment":[{"href":"https:\/\/sandbox.mielmartine.fr\/fr\/wp-json\/wp\/v2\/media?parent=2673"}],"curies":[{"name":"wp","href":"https:\/\/api.w.org\/{rel}","templated":true}]}}