{"id":2756,"date":"2019-02-22T11:35:52","date_gmt":"2019-02-22T10:35:52","guid":{"rendered":"https:\/\/www.mielmartine.fr\/?page_id=2756"},"modified":"2022-01-10T10:20:41","modified_gmt":"2022-01-10T09:20:41","slug":"cire-gauffree","status":"publish","type":"page","link":"https:\/\/sandbox.mielmartine.fr\/fr\/cire-gauffree\/","title":{"rendered":"Shop &#8211; Cire"},"content":{"rendered":"<div id='layer_slider_1'  class='avia-layerslider main_color avia-shadow  avia-builder-el-0  el_before_av_hr  avia-builder-el-first  container_wrap sidebar_right'  style='height: 578px;'  ><\/div><div id='after_layer_slider_1'  class='main_color av_default_container_wrap container_wrap sidebar_right'  ><div class='container av-section-cont-open' ><div class='template-page content  av-content-small alpha units'><div class='post-entry post-entry-type-page post-entry-2756'><div class='entry-content-wrapper clearfix'>\n\n<style type=\"text\/css\" data-created_by=\"avia_inline_auto\" id=\"style-css-av-3mjzno-708c49c1f181f9741af567090c025e9c\">\n#top .hr.hr-invisible.av-3mjzno-708c49c1f181f9741af567090c025e9c{\nheight:25px;\n}\n<\/style>\n<div  class='hr av-3mjzno-708c49c1f181f9741af567090c025e9c hr-invisible  avia-builder-el-1  el_after_av_layerslider  el_before_av_one_full  avia-builder-el-first  '><span class='hr-inner '><span class=\"hr-inner-style\"><\/span><\/span><\/div>\n\n<style type=\"text\/css\" data-created_by=\"avia_inline_auto\" id=\"style-css-av-y4sduc-435233426ec5651bd5d5c31d8ef925f8\">\n.flex_column.av-y4sduc-435233426ec5651bd5d5c31d8ef925f8{\nborder-radius:0px 0px 0px 0px;\n-webkit-border-radius:0px 0px 0px 0px;\n-moz-border-radius:0px 0px 0px 0px;\n}\n<\/style>\n<div class='flex_column av-y4sduc-435233426ec5651bd5d5c31d8ef925f8 av_one_full  avia-builder-el-2  el_after_av_hr  el_before_av_productgrid  first flex_column_div av-zero-column-padding '   ><p><section class=\"av_textblock_section \"  itemscope=\"itemscope\" itemtype=\"https:\/\/schema.org\/CreativeWork\" ><div class='avia_textblock  '   itemprop=\"text\" ><p>Nous vous proposons une cire gaufr\u00e9e dans le format DADANT (corps et hausse) 100% fran\u00e7aise dont toutes les \u00e9tapes sont effectu\u00e9es en interne par nos apiculteurs dans notre meillerie dans le Var.<\/p>\n<\/div><\/section><br \/>\n\n<style type=\"text\/css\" data-created_by=\"avia_inline_auto\" id=\"style-css-av-30wvtg-a6cd50aa4f44f2ba1ab44f198de53852\">\n#top .hr.hr-invisible.av-30wvtg-a6cd50aa4f44f2ba1ab44f198de53852{\nheight:100px;\n}\n<\/style>\n<div  class='hr av-30wvtg-a6cd50aa4f44f2ba1ab44f198de53852 hr-invisible  avia-builder-el-4  el_after_av_textblock  avia-builder-el-last  '><span class='hr-inner '><span class=\"hr-inner-style\"><\/span><\/span><\/div><\/p><\/div>\n<div   data-autoplay=''  data-interval='5'  data-animation='fade'  data-hoverpause='1'  class='template-shop avia-content-slider avia-content-grid-active avia-product-slider1 avia-content-slider-odd  avia-builder-el-5  el_after_av_one_full  el_before_av_section  avia-builder-el-last  martine-product-grid  shop_columns_3' ><div class='avia-content-slider-inner'><ul class=\"products\"><li class=\"product type-product post-2845 status-publish first outofstock product_cat-cire has-post-thumbnail taxable shipping-taxable purchasable product-type-variable has-default-attributes\">\n\t<div class='inner_product main_color wrapped_style noLightbox  av-product-class-'><span class=\"soldout\">SOLD OUT<\/span><div class='thumbnail_container'><img width=\"339\" height=\"339\" src=\"https:\/\/sandbox.mielmartine.fr\/wp-content\/uploads\/2019\/02\/Martine_shop_cire_05-339x339.jpg\" class=\"wp-image-2839 avia-img-lazy-loading-2839 attachment-shop_catalog size-shop_catalog wp-post-image\" alt=\"cire dadant corps\" decoding=\"async\" loading=\"lazy\" srcset=\"https:\/\/sandbox.mielmartine.fr\/wp-content\/uploads\/2019\/02\/Martine_shop_cire_05-339x339.jpg 339w, https:\/\/sandbox.mielmartine.fr\/wp-content\/uploads\/2019\/02\/Martine_shop_cire_05-300x300.jpg 300w, https:\/\/sandbox.mielmartine.fr\/wp-content\/uploads\/2019\/02\/Martine_shop_cire_05-80x80.jpg 80w, https:\/\/sandbox.mielmartine.fr\/wp-content\/uploads\/2019\/02\/Martine_shop_cire_05-768x768.jpg 768w, https:\/\/sandbox.mielmartine.fr\/wp-content\/uploads\/2019\/02\/Martine_shop_cire_05-36x36.jpg 36w, https:\/\/sandbox.mielmartine.fr\/wp-content\/uploads\/2019\/02\/Martine_shop_cire_05-180x180.jpg 180w, https:\/\/sandbox.mielmartine.fr\/wp-content\/uploads\/2019\/02\/Martine_shop_cire_05-705x705.jpg 705w, https:\/\/sandbox.mielmartine.fr\/wp-content\/uploads\/2019\/02\/Martine_shop_cire_05-400x400.jpg 400w, https:\/\/sandbox.mielmartine.fr\/wp-content\/uploads\/2019\/02\/Martine_shop_cire_05-600x600.jpg 600w, https:\/\/sandbox.mielmartine.fr\/wp-content\/uploads\/2019\/02\/Martine_shop_cire_05-60x60.jpg 60w, https:\/\/sandbox.mielmartine.fr\/wp-content\/uploads\/2019\/02\/Martine_shop_cire_05-90x90.jpg 90w, https:\/\/sandbox.mielmartine.fr\/wp-content\/uploads\/2019\/02\/Martine_shop_cire_05-100x100.jpg 100w, https:\/\/sandbox.mielmartine.fr\/wp-content\/uploads\/2019\/02\/Martine_shop_cire_05.jpg 1000w\" sizes=\"(max-width: 339px) 100vw, 339px\" \/><\/div><div class='inner_product_header'><div class='avia-arrow'><\/div><div class='inner_product_header_table'><div class='inner_product_header_cell'><\/div><\/div><\/div><div class='avia_cart_buttons single_button'><a href=\"https:\/\/sandbox.mielmartine.fr\/fr\/product\/dadant-hausse\/\" data-quantity=\"1\" class=\"button wp-element-button product_type_variable\" data-product_id=\"2845\" data-product_sku=\"\" aria-label=\"S\u00e9lectionner les options pour &ldquo;DADANT Hausse&rdquo;\" rel=\"nofollow\"><span aria-hidden='true' data-av_icon='\ue859' data-av_iconfont='entypo-fontello'><\/span> Choix des options<\/a><\/div><\/div><\/li>\n<\/ul><\/div><\/div><div class=\"clear\"><\/div>\n<\/div><\/div><\/div><!-- close content main div --><\/div><\/div>\n<style type=\"text\/css\" data-created_by=\"avia_inline_auto\" id=\"style-css-av-1ak9yuu-22b1f74fa882a4042d11a9c9c27084d5\">\n.avia-section.av-1ak9yuu-22b1f74fa882a4042d11a9c9c27084d5{\nbackground-repeat:no-repeat;\nbackground-image:url(https:\/\/sandbox.mielmartine.fr\/wp-content\/uploads\/2019\/04\/martine_cire_03_v2.jpg);\nbackground-position:50% 50%;\nbackground-attachment:fixed;\n}\n<\/style>\n<div id='av_section_1'  class='avia-section av-1ak9yuu-22b1f74fa882a4042d11a9c9c27084d5 main_color avia-section-default avia-no-border-styling  img-below-wrapper avia-bg-style-fixed  av-minimum-height av-minimum-height-custom  container_wrap sidebar_right'  data-section-bg-repeat='no-repeat'><div class='container av-section-cont-open' style='height:700px'><div class='template-page content  av-content-small alpha units'><div class='post-entry post-entry-type-page post-entry-2756'><div class='entry-content-wrapper clearfix'>\n\n<style type=\"text\/css\" data-created_by=\"avia_inline_auto\" id=\"style-css-av-1a1qj2u-058be72c2af10ffab6684c334f5b709c\">\n.flex_column.av-1a1qj2u-058be72c2af10ffab6684c334f5b709c{\nborder-radius:0px 0px 0px 0px;\n-webkit-border-radius:0px 0px 0px 0px;\n-moz-border-radius:0px 0px 0px 0px;\nbackground-color:#ffffff;\n}\n<\/style>\n<div class='flex_column av-1a1qj2u-058be72c2af10ffab6684c334f5b709c av_two_third  card first flex_column_div av-zero-column-padding '   ><section class=\"av_textblock_section \"  itemscope=\"itemscope\" itemtype=\"https:\/\/schema.org\/CreativeWork\" ><div class='avia_textblock  '   itemprop=\"text\" ><p class=\"titles\">Production de la Cire<\/p>\n<p>La cire est fondue dans une cuve \u00e0 120\u00b0C durant 4 \u00e0 6 heures en fonction de la quantit\u00e9 de cire puis transf\u00e9r\u00e9e dans une seconde cuve et travaill\u00e9e \u00e0 84\u00b0C. Durant cette phase de fonte les d\u00e9chets \u00e9ventuels vont progressivement descendre dans le fond de la cuve du fondoir.<\/p>\n<\/div><\/section><\/div>\n<style type=\"text\/css\" data-created_by=\"avia_inline_auto\" id=\"style-css-av-16k0up2-ec7bafa56acfc9e91d4b7fbafe4df158\">\n.flex_column.av-16k0up2-ec7bafa56acfc9e91d4b7fbafe4df158{\nborder-radius:0px 0px 0px 0px;\n-webkit-border-radius:0px 0px 0px 0px;\n-moz-border-radius:0px 0px 0px 0px;\n}\n<\/style>\n<div class='flex_column av-16k0up2-ec7bafa56acfc9e91d4b7fbafe4df158 av_one_half  img-below first flex_column_div av-zero-column-padding '   ><style type=\"text\/css\" data-created_by=\"avia_inline_auto\" id=\"style-css-av-14higc6-6ae3730ad875685bc55b86e0e39ca566\">\n.avia-image-container.av-14higc6-6ae3730ad875685bc55b86e0e39ca566 .av-image-caption-overlay-center{\ncolor:#ffffff;\n}\n<\/style>\n<div  class='avia-image-container av-14higc6-6ae3730ad875685bc55b86e0e39ca566 av-styling- avia_animated_image avia_animate_when_almost_visible fade-in avia-align-left '  itemprop=\"image\" itemscope=\"itemscope\" itemtype=\"https:\/\/schema.org\/ImageObject\" ><div class=\"avia-image-container-inner\"><div class=\"avia-image-overlay-wrap\"><img decoding=\"async\" class='wp-image-2741 avia-img-lazy-loading-not-2741 avia_image' src=\"https:\/\/sandbox.mielmartine.fr\/wp-content\/uploads\/2019\/02\/Martine_cire_img_02-e1552555673230.jpg\" alt='fabrication cire d&#039;abeille' title='Martine_cire_img_02'  height=\"568\" width=\"600\"  itemprop=\"thumbnailUrl\" srcset=\"https:\/\/sandbox.mielmartine.fr\/wp-content\/uploads\/2019\/02\/Martine_cire_img_02-e1552555673230.jpg 600w, https:\/\/sandbox.mielmartine.fr\/wp-content\/uploads\/2019\/02\/Martine_cire_img_02-e1552555673230-300x284.jpg 300w, https:\/\/sandbox.mielmartine.fr\/wp-content\/uploads\/2019\/02\/Martine_cire_img_02-e1552555673230-400x379.jpg 400w, https:\/\/sandbox.mielmartine.fr\/wp-content\/uploads\/2019\/02\/Martine_cire_img_02-e1552555673230-339x321.jpg 339w, https:\/\/sandbox.mielmartine.fr\/wp-content\/uploads\/2019\/02\/Martine_cire_img_02-e1552555673230-63x60.jpg 63w, https:\/\/sandbox.mielmartine.fr\/wp-content\/uploads\/2019\/02\/Martine_cire_img_02-e1552555673230-95x90.jpg 95w\" sizes=\"(max-width: 600px) 100vw, 600px\" \/><\/div><\/div><\/div><\/div>\n<\/div><\/div><\/div><!-- close content main div --><\/div><\/div><div id='after_section_1'  class='main_color av_default_container_wrap container_wrap sidebar_right'  ><div class='container av-section-cont-open' ><div class='template-page content  av-content-small alpha units'><div class='post-entry post-entry-type-page post-entry-2756'><div class='entry-content-wrapper clearfix'>\n<\/div><\/div><\/div><!-- close content main div --><\/div><\/div>\n<style type=\"text\/css\" data-created_by=\"avia_inline_auto\" id=\"style-css-av-12yhkly-3a7d10baff87917b30cfee511dddaded\">\n.avia-section.av-12yhkly-3a7d10baff87917b30cfee511dddaded{\nbackground-repeat:no-repeat;\nbackground-image:url(https:\/\/sandbox.mielmartine.fr\/wp-content\/uploads\/2019\/04\/martine_cire_02_v2.jpg);\nbackground-position:50% 50%;\nbackground-attachment:fixed;\n}\n<\/style>\n<div id='av_section_2'  class='avia-section av-12yhkly-3a7d10baff87917b30cfee511dddaded main_color avia-section-default avia-no-border-styling  img-below-wrapper avia-bg-style-fixed  av-minimum-height av-minimum-height-custom  container_wrap sidebar_right'  data-section-bg-repeat='no-repeat'><div class='container av-section-cont-open' style='height:700px'><div class='template-page content  av-content-small alpha units'><div class='post-entry post-entry-type-page post-entry-2756'><div class='entry-content-wrapper clearfix'>\n\n<style type=\"text\/css\" data-created_by=\"avia_inline_auto\" id=\"style-css-av-11jifsm-0feabbcfaf0de818bbc64bf5267980f8\">\n.flex_column.av-11jifsm-0feabbcfaf0de818bbc64bf5267980f8{\nborder-radius:0px 0px 0px 0px;\n-webkit-border-radius:0px 0px 0px 0px;\n-moz-border-radius:0px 0px 0px 0px;\n}\n<\/style>\n<div class='flex_column av-11jifsm-0feabbcfaf0de818bbc64bf5267980f8 av_one_half  img-below first flex_column_div av-zero-column-padding '   ><style type=\"text\/css\" data-created_by=\"avia_inline_auto\" id=\"style-css-av-zjxx5y-b13cab82f99b9d9cd2c685b10ec04223\">\n.avia-image-container.av-zjxx5y-b13cab82f99b9d9cd2c685b10ec04223 .av-image-caption-overlay-center{\ncolor:#ffffff;\n}\n<\/style>\n<div  class='avia-image-container av-zjxx5y-b13cab82f99b9d9cd2c685b10ec04223 av-styling- avia_animated_image avia_animate_when_almost_visible fade-in avia-align-left '  itemprop=\"image\" itemscope=\"itemscope\" itemtype=\"https:\/\/schema.org\/ImageObject\" ><div class=\"avia-image-container-inner\"><div class=\"avia-image-overlay-wrap\"><img decoding=\"async\" class='wp-image-2713 avia-img-lazy-loading-not-2713 avia_image' src=\"https:\/\/sandbox.mielmartine.fr\/wp-content\/uploads\/2019\/02\/Martine_cire_img_01.jpg\" alt='cire d&#039;abeille miel martine' title='Martine_cire_img_01'  height=\"600\" width=\"568\"  itemprop=\"thumbnailUrl\" srcset=\"https:\/\/sandbox.mielmartine.fr\/wp-content\/uploads\/2019\/02\/Martine_cire_img_01.jpg 568w, https:\/\/sandbox.mielmartine.fr\/wp-content\/uploads\/2019\/02\/Martine_cire_img_01-284x300.jpg 284w, https:\/\/sandbox.mielmartine.fr\/wp-content\/uploads\/2019\/02\/Martine_cire_img_01-379x400.jpg 379w, https:\/\/sandbox.mielmartine.fr\/wp-content\/uploads\/2019\/02\/Martine_cire_img_01-339x358.jpg 339w, https:\/\/sandbox.mielmartine.fr\/wp-content\/uploads\/2019\/02\/Martine_cire_img_01-57x60.jpg 57w, https:\/\/sandbox.mielmartine.fr\/wp-content\/uploads\/2019\/02\/Martine_cire_img_01-85x90.jpg 85w\" sizes=\"(max-width: 568px) 100vw, 568px\" \/><\/div><\/div><\/div><\/div>\n<style type=\"text\/css\" data-created_by=\"avia_inline_auto\" id=\"style-css-av-xxrvd2-884d69072a5cd1d90c9d4cb688ec2d4f\">\n.flex_column.av-xxrvd2-884d69072a5cd1d90c9d4cb688ec2d4f{\nborder-radius:0px 0px 0px 0px;\n-webkit-border-radius:0px 0px 0px 0px;\n-moz-border-radius:0px 0px 0px 0px;\nbackground-color:#ffffff;\n}\n<\/style>\n<div class='flex_column av-xxrvd2-884d69072a5cd1d90c9d4cb688ec2d4f av_one_half  card flex_column_div av-zero-column-padding '   ><section class=\"av_textblock_section \"  itemscope=\"itemscope\" itemtype=\"https:\/\/schema.org\/CreativeWork\" ><div class='avia_textblock  '   itemprop=\"text\" ><p>La cire passe entre deux rouleaux imprimeurs participants au refroidissement de la cire. Puis le ruban de cire cr\u00e9\u00e9 est ensuite d\u00e9coup\u00e9 au format pr\u00e9cis\u00e9 par un couteau hydraulique.<\/p>\n<p>La taille de nos cellules imprim\u00e9es dans la cire est de: 5,1mm.<\/p>\n<\/div><\/section><\/div>\n<\/div><\/div><\/div><!-- close content main div --><\/div><\/div><div id='after_section_2'  class='main_color av_default_container_wrap container_wrap sidebar_right'  ><div class='container av-section-cont-open' ><div class='template-page content  av-content-small alpha units'><div class='post-entry post-entry-type-page post-entry-2756'><div class='entry-content-wrapper clearfix'>\n\n<style type=\"text\/css\" data-created_by=\"avia_inline_auto\" id=\"style-css-av-kf6j5jlc-a9a5488873f2d6742d60e80a906f211d\">\n#top .hr.hr-invisible.av-kf6j5jlc-a9a5488873f2d6742d60e80a906f211d{\nheight:50px;\n}\n<\/style>\n<div  class='hr av-kf6j5jlc-a9a5488873f2d6742d60e80a906f211d hr-invisible '><span class='hr-inner '><span class=\"hr-inner-style\"><\/span><\/span><\/div>\n","protected":false},"excerpt":{"rendered":"","protected":false},"author":3,"featured_media":0,"parent":0,"menu_order":0,"comment_status":"closed","ping_status":"closed","template":"","meta":[],"acf":[],"yoast_head":"<!-- This site is optimized with the Yoast SEO plugin v20.1 - https:\/\/yoast.com\/wordpress\/plugins\/seo\/ -->\n<title>Vente de cire d&#039;abeilles - Miel Martine<\/title>\n<meta name=\"description\" content=\"Nos apiculteurs r\u00e9coltent avec soin la cire de nos abeilles 100% fran\u00e7aises afin de vous poposer \u00e0 la vente, une cire gaufr\u00e9e de haute qualit\u00e9.\" \/>\n<meta name=\"robots\" content=\"index, follow, max-snippet:-1, max-image-preview:large, max-video-preview:-1\" \/>\n<link rel=\"canonical\" href=\"https:\/\/sandbox.mielmartine.fr\/fr\/cire-gauffree\/\" \/>\n<meta property=\"og:locale\" content=\"fr_FR\" \/>\n<meta property=\"og:type\" content=\"article\" \/>\n<meta property=\"og:title\" content=\"Vente de cire d&#039;abeilles - Miel Martine\" \/>\n<meta property=\"og:description\" content=\"Nos apiculteurs r\u00e9coltent avec soin la cire de nos abeilles 100% fran\u00e7aises afin de vous poposer \u00e0 la vente, une cire gaufr\u00e9e de haute qualit\u00e9.\" \/>\n<meta property=\"og:url\" content=\"https:\/\/sandbox.mielmartine.fr\/fr\/cire-gauffree\/\" \/>\n<meta property=\"og:site_name\" content=\"Miel Martine\" \/>\n<meta property=\"article:publisher\" content=\"https:\/\/www.facebook.com\/mielmartine\/\" \/>\n<meta property=\"article:modified_time\" content=\"2022-01-10T09:20:41+00:00\" \/>\n<meta name=\"twitter:card\" content=\"summary_large_image\" \/>\n<meta name=\"twitter:label1\" content=\"Dur\u00e9e de lecture estim\u00e9e\" \/>\n\t<meta name=\"twitter:data1\" content=\"3 minutes\" \/>\n<script type=\"application\/ld+json\" class=\"yoast-schema-graph\">{\"@context\":\"https:\/\/schema.org\",\"@graph\":[{\"@type\":\"WebPage\",\"@id\":\"https:\/\/sandbox.mielmartine.fr\/fr\/cire-gauffree\/\",\"url\":\"https:\/\/sandbox.mielmartine.fr\/fr\/cire-gauffree\/\",\"name\":\"Vente de cire d'abeilles - Miel Martine\",\"isPartOf\":{\"@id\":\"https:\/\/sandbox.mielmartine.fr\/fr\/#website\"},\"datePublished\":\"2019-02-22T10:35:52+00:00\",\"dateModified\":\"2022-01-10T09:20:41+00:00\",\"description\":\"Nos apiculteurs r\u00e9coltent avec soin la cire de nos abeilles 100% fran\u00e7aises afin de vous poposer \u00e0 la vente, une cire gaufr\u00e9e de haute qualit\u00e9.\",\"breadcrumb\":{\"@id\":\"https:\/\/sandbox.mielmartine.fr\/fr\/cire-gauffree\/#breadcrumb\"},\"inLanguage\":\"fr-FR\",\"potentialAction\":[{\"@type\":\"ReadAction\",\"target\":[\"https:\/\/sandbox.mielmartine.fr\/fr\/cire-gauffree\/\"]}]},{\"@type\":\"BreadcrumbList\",\"@id\":\"https:\/\/sandbox.mielmartine.fr\/fr\/cire-gauffree\/#breadcrumb\",\"itemListElement\":[{\"@type\":\"ListItem\",\"position\":1,\"name\":\"Accueil\",\"item\":\"https:\/\/sandbox.mielmartine.fr\/en\/homepage\/\"},{\"@type\":\"ListItem\",\"position\":2,\"name\":\"Shop &#8211; Cire\"}]},{\"@type\":\"WebSite\",\"@id\":\"https:\/\/sandbox.mielmartine.fr\/fr\/#website\",\"url\":\"https:\/\/sandbox.mielmartine.fr\/fr\/\",\"name\":\"Miel Martine\",\"description\":\"Miels de France\",\"publisher\":{\"@id\":\"https:\/\/sandbox.mielmartine.fr\/fr\/#organization\"},\"potentialAction\":[{\"@type\":\"SearchAction\",\"target\":{\"@type\":\"EntryPoint\",\"urlTemplate\":\"https:\/\/sandbox.mielmartine.fr\/fr\/?s={search_term_string}\"},\"query-input\":\"required name=search_term_string\"}],\"inLanguage\":\"fr-FR\"},{\"@type\":\"Organization\",\"@id\":\"https:\/\/sandbox.mielmartine.fr\/fr\/#organization\",\"name\":\"Miel Martine\",\"url\":\"https:\/\/sandbox.mielmartine.fr\/fr\/\",\"logo\":{\"@type\":\"ImageObject\",\"inLanguage\":\"fr-FR\",\"@id\":\"https:\/\/sandbox.mielmartine.fr\/fr\/#\/schema\/logo\/image\/\",\"url\":\"https:\/\/sandbox.mielmartine.fr\/wp-content\/uploads\/2018\/05\/LOGO_TAGLINE_MARTINE-1.svg\",\"contentUrl\":\"https:\/\/sandbox.mielmartine.fr\/wp-content\/uploads\/2018\/05\/LOGO_TAGLINE_MARTINE-1.svg\",\"width\":1,\"height\":1,\"caption\":\"Miel Martine\"},\"image\":{\"@id\":\"https:\/\/sandbox.mielmartine.fr\/fr\/#\/schema\/logo\/image\/\"},\"sameAs\":[\"https:\/\/www.facebook.com\/mielmartine\/\",\"https:\/\/www.instagram.com\/mielmartine\/\",\"https:\/\/www.pinterest.fr\/martine4731\/\"]}]}<\/script>\n<!-- \/ Yoast SEO plugin. -->","yoast_head_json":{"title":"Vente de cire d'abeilles - Miel Martine","description":"Nos apiculteurs r\u00e9coltent avec soin la cire de nos abeilles 100% fran\u00e7aises afin de vous poposer \u00e0 la vente, une cire gaufr\u00e9e de haute qualit\u00e9.","robots":{"index":"index","follow":"follow","max-snippet":"max-snippet:-1","max-image-preview":"max-image-preview:large","max-video-preview":"max-video-preview:-1"},"canonical":"https:\/\/sandbox.mielmartine.fr\/fr\/cire-gauffree\/","og_locale":"fr_FR","og_type":"article","og_title":"Vente de cire d'abeilles - Miel Martine","og_description":"Nos apiculteurs r\u00e9coltent avec soin la cire de nos abeilles 100% fran\u00e7aises afin de vous poposer \u00e0 la vente, une cire gaufr\u00e9e de haute qualit\u00e9.","og_url":"https:\/\/sandbox.mielmartine.fr\/fr\/cire-gauffree\/","og_site_name":"Miel Martine","article_publisher":"https:\/\/www.facebook.com\/mielmartine\/","article_modified_time":"2022-01-10T09:20:41+00:00","twitter_card":"summary_large_image","twitter_misc":{"Dur\u00e9e de lecture estim\u00e9e":"3 minutes"},"schema":{"@context":"https:\/\/schema.org","@graph":[{"@type":"WebPage","@id":"https:\/\/sandbox.mielmartine.fr\/fr\/cire-gauffree\/","url":"https:\/\/sandbox.mielmartine.fr\/fr\/cire-gauffree\/","name":"Vente de cire d'abeilles - Miel Martine","isPartOf":{"@id":"https:\/\/sandbox.mielmartine.fr\/fr\/#website"},"datePublished":"2019-02-22T10:35:52+00:00","dateModified":"2022-01-10T09:20:41+00:00","description":"Nos apiculteurs r\u00e9coltent avec soin la cire de nos abeilles 100% fran\u00e7aises afin de vous poposer \u00e0 la vente, une cire gaufr\u00e9e de haute qualit\u00e9.","breadcrumb":{"@id":"https:\/\/sandbox.mielmartine.fr\/fr\/cire-gauffree\/#breadcrumb"},"inLanguage":"fr-FR","potentialAction":[{"@type":"ReadAction","target":["https:\/\/sandbox.mielmartine.fr\/fr\/cire-gauffree\/"]}]},{"@type":"BreadcrumbList","@id":"https:\/\/sandbox.mielmartine.fr\/fr\/cire-gauffree\/#breadcrumb","itemListElement":[{"@type":"ListItem","position":1,"name":"Accueil","item":"https:\/\/sandbox.mielmartine.fr\/en\/homepage\/"},{"@type":"ListItem","position":2,"name":"Shop &#8211; Cire"}]},{"@type":"WebSite","@id":"https:\/\/sandbox.mielmartine.fr\/fr\/#website","url":"https:\/\/sandbox.mielmartine.fr\/fr\/","name":"Miel Martine","description":"Miels de France","publisher":{"@id":"https:\/\/sandbox.mielmartine.fr\/fr\/#organization"},"potentialAction":[{"@type":"SearchAction","target":{"@type":"EntryPoint","urlTemplate":"https:\/\/sandbox.mielmartine.fr\/fr\/?s={search_term_string}"},"query-input":"required name=search_term_string"}],"inLanguage":"fr-FR"},{"@type":"Organization","@id":"https:\/\/sandbox.mielmartine.fr\/fr\/#organization","name":"Miel Martine","url":"https:\/\/sandbox.mielmartine.fr\/fr\/","logo":{"@type":"ImageObject","inLanguage":"fr-FR","@id":"https:\/\/sandbox.mielmartine.fr\/fr\/#\/schema\/logo\/image\/","url":"https:\/\/sandbox.mielmartine.fr\/wp-content\/uploads\/2018\/05\/LOGO_TAGLINE_MARTINE-1.svg","contentUrl":"https:\/\/sandbox.mielmartine.fr\/wp-content\/uploads\/2018\/05\/LOGO_TAGLINE_MARTINE-1.svg","width":1,"height":1,"caption":"Miel Martine"},"image":{"@id":"https:\/\/sandbox.mielmartine.fr\/fr\/#\/schema\/logo\/image\/"},"sameAs":["https:\/\/www.facebook.com\/mielmartine\/","https:\/\/www.instagram.com\/mielmartine\/","https:\/\/www.pinterest.fr\/martine4731\/"]}]}},"_links":{"self":[{"href":"https:\/\/sandbox.mielmartine.fr\/fr\/wp-json\/wp\/v2\/pages\/2756"}],"collection":[{"href":"https:\/\/sandbox.mielmartine.fr\/fr\/wp-json\/wp\/v2\/pages"}],"about":[{"href":"https:\/\/sandbox.mielmartine.fr\/fr\/wp-json\/wp\/v2\/types\/page"}],"author":[{"embeddable":true,"href":"https:\/\/sandbox.mielmartine.fr\/fr\/wp-json\/wp\/v2\/users\/3"}],"replies":[{"embeddable":true,"href":"https:\/\/sandbox.mielmartine.fr\/fr\/wp-json\/wp\/v2\/comments?post=2756"}],"version-history":[{"count":21,"href":"https:\/\/sandbox.mielmartine.fr\/fr\/wp-json\/wp\/v2\/pages\/2756\/revisions"}],"predecessor-version":[{"id":12763,"href":"https:\/\/sandbox.mielmartine.fr\/fr\/wp-json\/wp\/v2\/pages\/2756\/revisions\/12763"}],"wp:attachment":[{"href":"https:\/\/sandbox.mielmartine.fr\/fr\/wp-json\/wp\/v2\/media?parent=2756"}],"curies":[{"name":"wp","href":"https:\/\/api.w.org\/{rel}","templated":true}]}}