{"id":2795,"date":"2019-02-26T10:22:07","date_gmt":"2019-02-26T09:22:07","guid":{"rendered":"https:\/\/www.mielmartine.fr\/?page_id=2795"},"modified":"2020-07-08T15:33:10","modified_gmt":"2020-07-08T13:33:10","slug":"mention-legales","status":"publish","type":"page","link":"https:\/\/sandbox.mielmartine.fr\/fr\/mention-legales\/","title":{"rendered":"Mentions l\u00e9gales"},"content":{"rendered":"<p style=\"text-align: center;\"><strong>Si\u00e8ge social<\/strong><\/p>\n<p style=\"text-align: center;\">La Miellerie Proven\u00e7ale \u00ab\u00a0Martine\u00a0\u00bb<\/p>\n<p style=\"text-align: center;\">4005 Chemin de la Martinette<\/p>\n<p style=\"text-align: center;\">83150 Lorgues\u00a0 France<\/p>\n<p style=\"text-align: center;\">Capital social de 10&#8217;000 EUR Inscrit au RCS \u00a0829\u00a0129 923<\/p>\n<p style=\"text-align: center;\">Num\u00e9ro TVA\u00a0: Fr 608\u00a0291\u00a0299 23<\/p>\n<p style=\"text-align: center;\"><strong>Mail\u00a0<\/strong>: <a href=\"mailto:contact@apimartine.fr\">contact@apimartine.fr<\/a><\/p>\n<p style=\"text-align: center;\"><strong>Directeur de publication\u00a0: \u00a0Michel Pikhanov<\/strong><\/p>\n<p style=\"text-align: center;\"><strong>\u00a0<\/strong><\/p>\n<p style=\"text-align: center;\"><strong>Cr\u00e9ation du site e-commerce par\u00a0: Base design<\/strong><\/p>\n<p style=\"text-align: center;\"><strong>Site h\u00e9berg\u00e9 par\u00a0: Infomaniak<\/strong><\/p>\n<p style=\"text-align: center;\"><strong>Copyright<\/strong>\u00a0: La Miellerie Proven\u00e7ale \u00ab\u00a0Martine\u00a0\u00bb<\/p>\n<p style=\"text-align: center;\">Ce site internet, ainsi que l\u2019ensemble des \u00e9l\u00e9ments qui le composent et susceptible d\u2019\u00eatre prot\u00e9g\u00e9 au titre du code de la propri\u00e9t\u00e9 intellectuelle, est la propri\u00e9t\u00e9 de la soci\u00e9t\u00e9 La miellerie Proven\u00e7ale.<\/p>\n<p style=\"text-align: center;\">Toute reproduction m\u00eame partielle du site Internet ou d\u2019un \u00e9l\u00e9ment le composant est strictement interdite. La reproduction, distribution ou utilisation notamment \u00e0 des fins commerciales de ces \u00e9l\u00e9ments pourra faire l\u2019objet de poursuites devant toute juridiction comp\u00e9tente.<\/p>\n","protected":false},"excerpt":{"rendered":"<p>Si\u00e8ge social La Miellerie Proven\u00e7ale \u00ab\u00a0Martine\u00a0\u00bb 4005 Chemin de la Martinette 83150 Lorgues\u00a0 France Capital social de 10&#8217;000 EUR Inscrit au RCS \u00a0829\u00a0129 923 Num\u00e9ro TVA\u00a0: Fr 608\u00a0291\u00a0299 23 Mail\u00a0: contact@apimartine.fr Directeur de publication\u00a0: \u00a0Michel Pikhanov \u00a0 Cr\u00e9ation du site e-commerce par\u00a0: Base design Site h\u00e9berg\u00e9 par\u00a0: Infomaniak Copyright\u00a0: La Miellerie Proven\u00e7ale \u00ab\u00a0Martine\u00a0\u00bb Ce site [&hellip;]<\/p>\n","protected":false},"author":3,"featured_media":0,"parent":0,"menu_order":0,"comment_status":"closed","ping_status":"closed","template":"","meta":[],"acf":[],"yoast_head":"<!-- This site is optimized with the Yoast SEO plugin v20.1 - https:\/\/yoast.com\/wordpress\/plugins\/seo\/ -->\n<title>Miel Martine - Mentions l\u00e9gales - Apiculture fran\u00e7aise<\/title>\n<meta name=\"description\" content=\"Miel Martine - Mentions l\u00e9gales - Apiculture fran\u00e7aise, si\u00e8ge social, directeur, si\u00e8ge social\" \/>\n<meta name=\"robots\" content=\"noindex, nofollow\" \/>\n<meta property=\"og:locale\" content=\"fr_FR\" \/>\n<meta property=\"og:type\" content=\"article\" \/>\n<meta property=\"og:title\" content=\"Miel Martine - Mentions l\u00e9gales - Apiculture fran\u00e7aise\" \/>\n<meta property=\"og:description\" content=\"Miel Martine - Mentions l\u00e9gales - Apiculture fran\u00e7aise, si\u00e8ge social, directeur, si\u00e8ge social\" \/>\n<meta property=\"og:url\" content=\"https:\/\/sandbox.mielmartine.fr\/fr\/mention-legales\/\" \/>\n<meta property=\"og:site_name\" content=\"Miel Martine\" \/>\n<meta property=\"article:publisher\" content=\"https:\/\/www.facebook.com\/mielmartine\/\" \/>\n<meta property=\"article:modified_time\" content=\"2020-07-08T13:33:10+00:00\" \/>\n<meta name=\"twitter:card\" content=\"summary_large_image\" \/>\n<meta name=\"twitter:label1\" content=\"Dur\u00e9e de lecture estim\u00e9e\" \/>\n\t<meta name=\"twitter:data1\" content=\"1 minute\" \/>\n<script type=\"application\/ld+json\" class=\"yoast-schema-graph\">{\"@context\":\"https:\/\/schema.org\",\"@graph\":[{\"@type\":\"WebPage\",\"@id\":\"https:\/\/sandbox.mielmartine.fr\/fr\/mention-legales\/\",\"url\":\"https:\/\/sandbox.mielmartine.fr\/fr\/mention-legales\/\",\"name\":\"Miel Martine - Mentions l\u00e9gales - Apiculture fran\u00e7aise\",\"isPartOf\":{\"@id\":\"https:\/\/sandbox.mielmartine.fr\/fr\/#website\"},\"datePublished\":\"2019-02-26T09:22:07+00:00\",\"dateModified\":\"2020-07-08T13:33:10+00:00\",\"description\":\"Miel Martine - Mentions l\u00e9gales - Apiculture fran\u00e7aise, si\u00e8ge social, directeur, si\u00e8ge social\",\"breadcrumb\":{\"@id\":\"https:\/\/sandbox.mielmartine.fr\/fr\/mention-legales\/#breadcrumb\"},\"inLanguage\":\"fr-FR\",\"potentialAction\":[{\"@type\":\"ReadAction\",\"target\":[\"https:\/\/sandbox.mielmartine.fr\/fr\/mention-legales\/\"]}]},{\"@type\":\"BreadcrumbList\",\"@id\":\"https:\/\/sandbox.mielmartine.fr\/fr\/mention-legales\/#breadcrumb\",\"itemListElement\":[{\"@type\":\"ListItem\",\"position\":1,\"name\":\"Accueil\",\"item\":\"https:\/\/sandbox.mielmartine.fr\/en\/homepage\/\"},{\"@type\":\"ListItem\",\"position\":2,\"name\":\"Mentions l\u00e9gales\"}]},{\"@type\":\"WebSite\",\"@id\":\"https:\/\/sandbox.mielmartine.fr\/fr\/#website\",\"url\":\"https:\/\/sandbox.mielmartine.fr\/fr\/\",\"name\":\"Miel Martine\",\"description\":\"Miels de France\",\"publisher\":{\"@id\":\"https:\/\/sandbox.mielmartine.fr\/fr\/#organization\"},\"potentialAction\":[{\"@type\":\"SearchAction\",\"target\":{\"@type\":\"EntryPoint\",\"urlTemplate\":\"https:\/\/sandbox.mielmartine.fr\/fr\/?s={search_term_string}\"},\"query-input\":\"required name=search_term_string\"}],\"inLanguage\":\"fr-FR\"},{\"@type\":\"Organization\",\"@id\":\"https:\/\/sandbox.mielmartine.fr\/fr\/#organization\",\"name\":\"Miel Martine\",\"url\":\"https:\/\/sandbox.mielmartine.fr\/fr\/\",\"logo\":{\"@type\":\"ImageObject\",\"inLanguage\":\"fr-FR\",\"@id\":\"https:\/\/sandbox.mielmartine.fr\/fr\/#\/schema\/logo\/image\/\",\"url\":\"https:\/\/sandbox.mielmartine.fr\/wp-content\/uploads\/2018\/05\/LOGO_TAGLINE_MARTINE-1.svg\",\"contentUrl\":\"https:\/\/sandbox.mielmartine.fr\/wp-content\/uploads\/2018\/05\/LOGO_TAGLINE_MARTINE-1.svg\",\"width\":1,\"height\":1,\"caption\":\"Miel Martine\"},\"image\":{\"@id\":\"https:\/\/sandbox.mielmartine.fr\/fr\/#\/schema\/logo\/image\/\"},\"sameAs\":[\"https:\/\/www.facebook.com\/mielmartine\/\",\"https:\/\/www.instagram.com\/mielmartine\/\",\"https:\/\/www.pinterest.fr\/martine4731\/\"]}]}<\/script>\n<!-- \/ Yoast SEO plugin. -->","yoast_head_json":{"title":"Miel Martine - Mentions l\u00e9gales - Apiculture fran\u00e7aise","description":"Miel Martine - Mentions l\u00e9gales - Apiculture fran\u00e7aise, si\u00e8ge social, directeur, si\u00e8ge social","robots":{"index":"noindex","follow":"nofollow"},"og_locale":"fr_FR","og_type":"article","og_title":"Miel Martine - Mentions l\u00e9gales - Apiculture fran\u00e7aise","og_description":"Miel Martine - Mentions l\u00e9gales - Apiculture fran\u00e7aise, si\u00e8ge social, directeur, si\u00e8ge social","og_url":"https:\/\/sandbox.mielmartine.fr\/fr\/mention-legales\/","og_site_name":"Miel Martine","article_publisher":"https:\/\/www.facebook.com\/mielmartine\/","article_modified_time":"2020-07-08T13:33:10+00:00","twitter_card":"summary_large_image","twitter_misc":{"Dur\u00e9e de lecture estim\u00e9e":"1 minute"},"schema":{"@context":"https:\/\/schema.org","@graph":[{"@type":"WebPage","@id":"https:\/\/sandbox.mielmartine.fr\/fr\/mention-legales\/","url":"https:\/\/sandbox.mielmartine.fr\/fr\/mention-legales\/","name":"Miel Martine - Mentions l\u00e9gales - Apiculture fran\u00e7aise","isPartOf":{"@id":"https:\/\/sandbox.mielmartine.fr\/fr\/#website"},"datePublished":"2019-02-26T09:22:07+00:00","dateModified":"2020-07-08T13:33:10+00:00","description":"Miel Martine - Mentions l\u00e9gales - Apiculture fran\u00e7aise, si\u00e8ge social, directeur, si\u00e8ge social","breadcrumb":{"@id":"https:\/\/sandbox.mielmartine.fr\/fr\/mention-legales\/#breadcrumb"},"inLanguage":"fr-FR","potentialAction":[{"@type":"ReadAction","target":["https:\/\/sandbox.mielmartine.fr\/fr\/mention-legales\/"]}]},{"@type":"BreadcrumbList","@id":"https:\/\/sandbox.mielmartine.fr\/fr\/mention-legales\/#breadcrumb","itemListElement":[{"@type":"ListItem","position":1,"name":"Accueil","item":"https:\/\/sandbox.mielmartine.fr\/en\/homepage\/"},{"@type":"ListItem","position":2,"name":"Mentions l\u00e9gales"}]},{"@type":"WebSite","@id":"https:\/\/sandbox.mielmartine.fr\/fr\/#website","url":"https:\/\/sandbox.mielmartine.fr\/fr\/","name":"Miel Martine","description":"Miels de France","publisher":{"@id":"https:\/\/sandbox.mielmartine.fr\/fr\/#organization"},"potentialAction":[{"@type":"SearchAction","target":{"@type":"EntryPoint","urlTemplate":"https:\/\/sandbox.mielmartine.fr\/fr\/?s={search_term_string}"},"query-input":"required name=search_term_string"}],"inLanguage":"fr-FR"},{"@type":"Organization","@id":"https:\/\/sandbox.mielmartine.fr\/fr\/#organization","name":"Miel Martine","url":"https:\/\/sandbox.mielmartine.fr\/fr\/","logo":{"@type":"ImageObject","inLanguage":"fr-FR","@id":"https:\/\/sandbox.mielmartine.fr\/fr\/#\/schema\/logo\/image\/","url":"https:\/\/sandbox.mielmartine.fr\/wp-content\/uploads\/2018\/05\/LOGO_TAGLINE_MARTINE-1.svg","contentUrl":"https:\/\/sandbox.mielmartine.fr\/wp-content\/uploads\/2018\/05\/LOGO_TAGLINE_MARTINE-1.svg","width":1,"height":1,"caption":"Miel Martine"},"image":{"@id":"https:\/\/sandbox.mielmartine.fr\/fr\/#\/schema\/logo\/image\/"},"sameAs":["https:\/\/www.facebook.com\/mielmartine\/","https:\/\/www.instagram.com\/mielmartine\/","https:\/\/www.pinterest.fr\/martine4731\/"]}]}},"_links":{"self":[{"href":"https:\/\/sandbox.mielmartine.fr\/fr\/wp-json\/wp\/v2\/pages\/2795"}],"collection":[{"href":"https:\/\/sandbox.mielmartine.fr\/fr\/wp-json\/wp\/v2\/pages"}],"about":[{"href":"https:\/\/sandbox.mielmartine.fr\/fr\/wp-json\/wp\/v2\/types\/page"}],"author":[{"embeddable":true,"href":"https:\/\/sandbox.mielmartine.fr\/fr\/wp-json\/wp\/v2\/users\/3"}],"replies":[{"embeddable":true,"href":"https:\/\/sandbox.mielmartine.fr\/fr\/wp-json\/wp\/v2\/comments?post=2795"}],"version-history":[{"count":8,"href":"https:\/\/sandbox.mielmartine.fr\/fr\/wp-json\/wp\/v2\/pages\/2795\/revisions"}],"predecessor-version":[{"id":7477,"href":"https:\/\/sandbox.mielmartine.fr\/fr\/wp-json\/wp\/v2\/pages\/2795\/revisions\/7477"}],"wp:attachment":[{"href":"https:\/\/sandbox.mielmartine.fr\/fr\/wp-json\/wp\/v2\/media?parent=2795"}],"curies":[{"name":"wp","href":"https:\/\/api.w.org\/{rel}","templated":true}]}}