{"id":3080,"date":"2019-04-02T10:26:38","date_gmt":"2019-04-02T08:26:38","guid":{"rendered":"https:\/\/www.mielmartine.fr\/?page_id=3080"},"modified":"2022-01-10T10:21:11","modified_gmt":"2022-01-10T09:21:11","slug":"pollen-abeille","status":"publish","type":"page","link":"https:\/\/sandbox.mielmartine.fr\/fr\/pollen-abeille\/","title":{"rendered":"Shop \u2013 Pollen"},"content":{"rendered":"<div id='layer_slider_1'  class='avia-layerslider main_color avia-shadow  avia-builder-el-0  el_before_av_hr  avia-builder-el-first  container_wrap sidebar_right'  style='height: 578px;'  ><\/div><div id='after_layer_slider_1'  class='main_color av_default_container_wrap container_wrap sidebar_right'  ><div class='container av-section-cont-open' ><div class='template-page content  av-content-small alpha units'><div class='post-entry post-entry-type-page post-entry-3080'><div class='entry-content-wrapper clearfix'>\n\n<style type=\"text\/css\" data-created_by=\"avia_inline_auto\" id=\"style-css-av-3mw7q0-a18489a6229ca1000e7311e673967d6c\">\n#top .hr.hr-invisible.av-3mw7q0-a18489a6229ca1000e7311e673967d6c{\nheight:25px;\n}\n<\/style>\n<div  class='hr av-3mw7q0-a18489a6229ca1000e7311e673967d6c hr-invisible  avia-builder-el-1  el_after_av_layerslider  el_before_av_one_full  avia-builder-el-first  '><span class='hr-inner '><span class=\"hr-inner-style\"><\/span><\/span><\/div>\n\n<style type=\"text\/css\" data-created_by=\"avia_inline_auto\" id=\"style-css-av-yfyp48-ba344392c02783d03543c166e7a182de\">\n.flex_column.av-yfyp48-ba344392c02783d03543c166e7a182de{\nborder-radius:0px 0px 0px 0px;\n-webkit-border-radius:0px 0px 0px 0px;\n-moz-border-radius:0px 0px 0px 0px;\n}\n<\/style>\n<div class='flex_column av-yfyp48-ba344392c02783d03543c166e7a182de av_one_full  avia-builder-el-2  el_after_av_hr  el_before_av_hr  first flex_column_div av-zero-column-padding '   ><section class=\"av_textblock_section \"  itemscope=\"itemscope\" itemtype=\"https:\/\/schema.org\/CreativeWork\" ><div class='avia_textblock  '   itemprop=\"text\" ><p>Le Pollen de la Miellerie Proven\u00e7ale \u00ab Martine \u00bb est 100% fran\u00e7ais et r\u00e9colt\u00e9 dans le Var. Toutes les \u00e9tapes de production sont effectu\u00e9es par nos apiculteurs Le pollen est un produit naturel reconnu pour ces vertus m\u00e9dicinales puisqu\u2019il est riche en prot\u00e9ines et vitamines et peut \u00eatre un tr\u00e8s bon compl\u00e9ment alimentaire. Il stimule le syst\u00e8me immunitaire : faire une cure de pollen permet de lutter contre les virus et les bact\u00e9ries.<\/p>\n<\/div><\/section><\/div>\n\n<style type=\"text\/css\" data-created_by=\"avia_inline_auto\" id=\"style-css-av-uz4yfc-af0119f91fac2e36b3448a1b1d39b2fd\">\n#top .hr.hr-invisible.av-uz4yfc-af0119f91fac2e36b3448a1b1d39b2fd{\nheight:50px;\n}\n<\/style>\n<div  class='hr av-uz4yfc-af0119f91fac2e36b3448a1b1d39b2fd hr-invisible  avia-builder-el-4  el_after_av_one_full  el_before_av_productgrid  '><span class='hr-inner '><span class=\"hr-inner-style\"><\/span><\/span><\/div>\n<div   data-autoplay=''  data-interval='5'  data-animation='fade'  data-hoverpause='1'  class='template-shop avia-content-slider avia-content-grid-active avia-product-slider1 avia-content-slider-odd  avia-builder-el-5  el_after_av_hr  el_before_av_hr  martine-product-grid  shop_columns_3' ><div class='avia-content-slider-inner'><ul class=\"products\"><li class=\"product type-product post-3106 status-publish first outofstock product_cat-pollen has-post-thumbnail taxable shipping-taxable product-type-variable has-default-attributes\">\n\t<div class='inner_product main_color wrapped_style noLightbox  av-product-class-'><span class=\"soldout\">SOLD OUT<\/span><div class='thumbnail_container'><img width=\"339\" height=\"362\" src=\"https:\/\/sandbox.mielmartine.fr\/wp-content\/uploads\/2019\/04\/pollen2-scaled-339x362.jpg\" class=\"wp-image-5851 avia-img-lazy-loading-5851 attachment-woocommerce_thumbnail size-woocommerce_thumbnail wp-post-image\" alt=\"Pollen frais en seau\" decoding=\"async\" loading=\"lazy\" srcset=\"https:\/\/sandbox.mielmartine.fr\/wp-content\/uploads\/2019\/04\/pollen2-scaled-339x362.jpg 339w, https:\/\/sandbox.mielmartine.fr\/wp-content\/uploads\/2019\/04\/pollen2-scaled-281x300.jpg 281w, https:\/\/sandbox.mielmartine.fr\/wp-content\/uploads\/2019\/04\/pollen2-scaled-964x1030.jpg 964w, https:\/\/sandbox.mielmartine.fr\/wp-content\/uploads\/2019\/04\/pollen2-scaled-768x820.jpg 768w, https:\/\/sandbox.mielmartine.fr\/wp-content\/uploads\/2019\/04\/pollen2-scaled-1438x1536.jpg 1438w, https:\/\/sandbox.mielmartine.fr\/wp-content\/uploads\/2019\/04\/pollen2-scaled-1918x2048.jpg 1918w, https:\/\/sandbox.mielmartine.fr\/wp-content\/uploads\/2019\/04\/pollen2-scaled-1404x1500.jpg 1404w, https:\/\/sandbox.mielmartine.fr\/wp-content\/uploads\/2019\/04\/pollen2-scaled-660x705.jpg 660w, https:\/\/sandbox.mielmartine.fr\/wp-content\/uploads\/2019\/04\/pollen2-scaled-375x400.jpg 375w, https:\/\/sandbox.mielmartine.fr\/wp-content\/uploads\/2019\/04\/pollen2-scaled-600x641.jpg 600w, https:\/\/sandbox.mielmartine.fr\/wp-content\/uploads\/2019\/04\/pollen2-scaled-56x60.jpg 56w, https:\/\/sandbox.mielmartine.fr\/wp-content\/uploads\/2019\/04\/pollen2-scaled-84x90.jpg 84w\" sizes=\"(max-width: 339px) 100vw, 339px\" \/><span class='rating_container'><div class=\"star-rating\" role=\"img\" aria-label=\"Note 4.85 sur 5\"><span style=\"width:97%\">Note <strong class=\"rating\">4.85<\/strong> sur 5<\/span><\/div><\/span><\/div><div class='inner_product_header'><div class='avia-arrow'><\/div><div class='inner_product_header_table'><div class='inner_product_header_cell'><\/div><\/div><\/div><div class='avia_cart_buttons single_button'><a href=\"https:\/\/sandbox.mielmartine.fr\/fr\/product\/pollen-frais\/\" data-quantity=\"1\" class=\"button wp-element-button product_type_variable\" data-product_id=\"3106\" data-product_sku=\"pollen-frais\" aria-label=\"S\u00e9lectionner les options pour &ldquo;Pollen frais en seau&rdquo;\" rel=\"nofollow\"><span aria-hidden='true' data-av_icon='\ue859' data-av_iconfont='entypo-fontello'><\/span> Lire la suite<\/a><\/div><\/div><\/li>\n<li class=\"product type-product post-3086 status-publish outofstock product_cat-pollen has-post-thumbnail taxable shipping-taxable purchasable product-type-variable has-default-attributes\">\n\t<div class='inner_product main_color wrapped_style noLightbox  av-product-class-'><span class=\"soldout\">SOLD OUT<\/span><div class='thumbnail_container'><img width=\"339\" height=\"339\" src=\"https:\/\/sandbox.mielmartine.fr\/wp-content\/uploads\/2019\/04\/martine_pollen_produit-339x339.jpg\" class=\"wp-image-3096 avia-img-lazy-loading-3096 attachment-woocommerce_thumbnail size-woocommerce_thumbnail wp-post-image\" alt=\"pollen sec miel martine\" decoding=\"async\" loading=\"lazy\" srcset=\"https:\/\/sandbox.mielmartine.fr\/wp-content\/uploads\/2019\/04\/martine_pollen_produit-339x339.jpg 339w, https:\/\/sandbox.mielmartine.fr\/wp-content\/uploads\/2019\/04\/martine_pollen_produit-300x300.jpg 300w, https:\/\/sandbox.mielmartine.fr\/wp-content\/uploads\/2019\/04\/martine_pollen_produit-1030x1030.jpg 1030w, https:\/\/sandbox.mielmartine.fr\/wp-content\/uploads\/2019\/04\/martine_pollen_produit-80x80.jpg 80w, https:\/\/sandbox.mielmartine.fr\/wp-content\/uploads\/2019\/04\/martine_pollen_produit-768x768.jpg 768w, https:\/\/sandbox.mielmartine.fr\/wp-content\/uploads\/2019\/04\/martine_pollen_produit-36x36.jpg 36w, https:\/\/sandbox.mielmartine.fr\/wp-content\/uploads\/2019\/04\/martine_pollen_produit-180x180.jpg 180w, https:\/\/sandbox.mielmartine.fr\/wp-content\/uploads\/2019\/04\/martine_pollen_produit.jpg 1500w, https:\/\/sandbox.mielmartine.fr\/wp-content\/uploads\/2019\/04\/martine_pollen_produit-705x705.jpg 705w, https:\/\/sandbox.mielmartine.fr\/wp-content\/uploads\/2019\/04\/martine_pollen_produit-400x400.jpg 400w, https:\/\/sandbox.mielmartine.fr\/wp-content\/uploads\/2019\/04\/martine_pollen_produit-600x600.jpg 600w, https:\/\/sandbox.mielmartine.fr\/wp-content\/uploads\/2019\/04\/martine_pollen_produit-60x60.jpg 60w, https:\/\/sandbox.mielmartine.fr\/wp-content\/uploads\/2019\/04\/martine_pollen_produit-90x90.jpg 90w, https:\/\/sandbox.mielmartine.fr\/wp-content\/uploads\/2019\/04\/martine_pollen_produit-100x100.jpg 100w\" sizes=\"(max-width: 339px) 100vw, 339px\" \/><\/div><div class='inner_product_header'><div class='avia-arrow'><\/div><div class='inner_product_header_table'><div class='inner_product_header_cell'><\/div><\/div><\/div><div class='avia_cart_buttons single_button'><a href=\"https:\/\/sandbox.mielmartine.fr\/fr\/product\/pollen-sec\/\" data-quantity=\"1\" class=\"button wp-element-button product_type_variable\" data-product_id=\"3086\" data-product_sku=\"pollen-sec\" aria-label=\"S\u00e9lectionner les options pour &ldquo;Pollen sec&rdquo;\" rel=\"nofollow\"><span aria-hidden='true' data-av_icon='\ue859' data-av_iconfont='entypo-fontello'><\/span> Choix des options<\/a><\/div><\/div><\/li>\n<li class=\"product type-product post-5942 status-publish last outofstock product_cat-pollen has-post-thumbnail taxable shipping-taxable purchasable product-type-simple\">\n\t<div class='inner_product main_color wrapped_style noLightbox  av-product-class-'><span class=\"soldout\">SOLD OUT<\/span><div class='thumbnail_container'><img width=\"339\" height=\"384\" src=\"https:\/\/sandbox.mielmartine.fr\/wp-content\/uploads\/2020\/04\/20200422_150635-339x384.jpg\" class=\"wp-image-5962 avia-img-lazy-loading-5962 attachment-woocommerce_thumbnail size-woocommerce_thumbnail wp-post-image\" alt=\"pollen frais\" decoding=\"async\" loading=\"lazy\" srcset=\"https:\/\/sandbox.mielmartine.fr\/wp-content\/uploads\/2020\/04\/20200422_150635-339x384.jpg 339w, https:\/\/sandbox.mielmartine.fr\/wp-content\/uploads\/2020\/04\/20200422_150635-265x300.jpg 265w, https:\/\/sandbox.mielmartine.fr\/wp-content\/uploads\/2020\/04\/20200422_150635-909x1030.jpg 909w, https:\/\/sandbox.mielmartine.fr\/wp-content\/uploads\/2020\/04\/20200422_150635-768x871.jpg 768w, https:\/\/sandbox.mielmartine.fr\/wp-content\/uploads\/2020\/04\/20200422_150635-1355x1536.jpg 1355w, https:\/\/sandbox.mielmartine.fr\/wp-content\/uploads\/2020\/04\/20200422_150635-1807x2048.jpg 1807w, https:\/\/sandbox.mielmartine.fr\/wp-content\/uploads\/2020\/04\/20200422_150635-1323x1500.jpg 1323w, https:\/\/sandbox.mielmartine.fr\/wp-content\/uploads\/2020\/04\/20200422_150635-622x705.jpg 622w, https:\/\/sandbox.mielmartine.fr\/wp-content\/uploads\/2020\/04\/20200422_150635-353x400.jpg 353w, https:\/\/sandbox.mielmartine.fr\/wp-content\/uploads\/2020\/04\/20200422_150635-600x680.jpg 600w, https:\/\/sandbox.mielmartine.fr\/wp-content\/uploads\/2020\/04\/20200422_150635-53x60.jpg 53w, https:\/\/sandbox.mielmartine.fr\/wp-content\/uploads\/2020\/04\/20200422_150635-79x90.jpg 79w, https:\/\/sandbox.mielmartine.fr\/wp-content\/uploads\/2020\/04\/20200422_150635.jpg 1931w\" sizes=\"(max-width: 339px) 100vw, 339px\" \/><span class='rating_container'><div class=\"star-rating\" role=\"img\" aria-label=\"Note 4.89 sur 5\"><span style=\"width:97.8%\">Note <strong class=\"rating\">4.89<\/strong> sur 5<\/span><\/div><\/span><span class='cart-loading'><\/span><\/div><div class='inner_product_header'><div class='avia-arrow'><\/div><div class='inner_product_header_table'><div class='inner_product_header_cell'><\/div><\/div><\/div><div class='avia_cart_buttons '><a href=\"https:\/\/sandbox.mielmartine.fr\/fr\/product\/pollen-frais-en-pot-200g\/\" data-quantity=\"1\" class=\"button wp-element-button product_type_simple\" data-product_id=\"5942\" data-product_sku=\"pollen-frais-en-pot-200g\" aria-label=\"En savoir plus sur &ldquo;Pollen frais en pot 200g&rdquo;\" rel=\"nofollow\"><span aria-hidden='true' data-av_icon='\ue859' data-av_iconfont='entypo-fontello'><\/span> Lire la suite<\/a><a class=\"button show_details_button\" href=\"https:\/\/sandbox.mielmartine.fr\/fr\/product\/pollen-frais-en-pot-200g\/\"><span aria-hidden='true' data-av_icon='\ue84b' data-av_iconfont='entypo-fontello'><\/span>  Voir les d\u00e9tails<\/a> <span class='button-mini-delimiter'><\/span><\/div><\/div><\/li>\n<\/ul><\/div><\/div><div class=\"clear\"><\/div>\n\n<style type=\"text\/css\" data-created_by=\"avia_inline_auto\" id=\"style-css-av-uz4yfc-4e29c7f467197fd214006349b6fe2828\">\n#top .hr.hr-invisible.av-uz4yfc-4e29c7f467197fd214006349b6fe2828{\nheight:100px;\n}\n<\/style>\n<div  class='hr av-uz4yfc-4e29c7f467197fd214006349b6fe2828 hr-invisible '><span class='hr-inner '><span class=\"hr-inner-style\"><\/span><\/span><\/div>\n<\/div><\/div><\/div><!-- close content main div --><\/div><\/div>\n<style type=\"text\/css\" data-created_by=\"avia_inline_auto\" id=\"style-css-av-441pnd-5ee81e71757d8509ac30e1dd37eed31d\">\n.avia-section.av-441pnd-5ee81e71757d8509ac30e1dd37eed31d{\nbackground-repeat:no-repeat;\nbackground-image:url(https:\/\/sandbox.mielmartine.fr\/wp-content\/uploads\/2019\/04\/martine_pollen_03_v2.jpg);\nbackground-position:50% 50%;\nbackground-attachment:fixed;\n}\n<\/style>\n<div id='av_section_1'  class='avia-section av-441pnd-5ee81e71757d8509ac30e1dd37eed31d main_color avia-section-default avia-no-border-styling  img-below-wrapper avia-bg-style-fixed  av-minimum-height av-minimum-height-custom  container_wrap sidebar_right'  data-section-bg-repeat='no-repeat'><div class='container av-section-cont-open' style='height:700px'><div class='template-page content  av-content-small alpha units'><div class='post-entry post-entry-type-page post-entry-3080'><div class='entry-content-wrapper clearfix'>\n\n<style type=\"text\/css\" data-created_by=\"avia_inline_auto\" id=\"style-css-av-13ot6h5-2b2024134db0474fa403031638acac97\">\n.flex_column.av-13ot6h5-2b2024134db0474fa403031638acac97{\nborder-radius:0px 0px 0px 0px;\n-webkit-border-radius:0px 0px 0px 0px;\n-moz-border-radius:0px 0px 0px 0px;\n}\n<\/style>\n<div class='flex_column av-13ot6h5-2b2024134db0474fa403031638acac97 av_one_half  img-below first flex_column_div av-zero-column-padding '   ><style type=\"text\/css\" data-created_by=\"avia_inline_auto\" id=\"style-css-av-10lejrd-1bba9a1be94c97d22d471eeebe705404\">\n.avia-image-container.av-10lejrd-1bba9a1be94c97d22d471eeebe705404 .av-image-caption-overlay-center{\ncolor:#ffffff;\n}\n<\/style>\n<div  class='avia-image-container av-10lejrd-1bba9a1be94c97d22d471eeebe705404 av-styling- avia_animated_image avia_animate_when_almost_visible fade-in avia-align-left '  itemprop=\"image\" itemscope=\"itemscope\" itemtype=\"https:\/\/schema.org\/ImageObject\" ><div class=\"avia-image-container-inner\"><div class=\"avia-image-overlay-wrap\"><img decoding=\"async\" class='wp-image-3357 avia-img-lazy-loading-not-3357 avia_image' src=\"https:\/\/sandbox.mielmartine.fr\/wp-content\/uploads\/2019\/04\/martine_pollen_02_v2.jpg\" alt='abeilles miel martine' title='martine_pollen_02_v2'  height=\"1500\" width=\"1000\"  itemprop=\"thumbnailUrl\" srcset=\"https:\/\/sandbox.mielmartine.fr\/wp-content\/uploads\/2019\/04\/martine_pollen_02_v2.jpg 1000w, https:\/\/sandbox.mielmartine.fr\/wp-content\/uploads\/2019\/04\/martine_pollen_02_v2-200x300.jpg 200w, https:\/\/sandbox.mielmartine.fr\/wp-content\/uploads\/2019\/04\/martine_pollen_02_v2-687x1030.jpg 687w, https:\/\/sandbox.mielmartine.fr\/wp-content\/uploads\/2019\/04\/martine_pollen_02_v2-768x1152.jpg 768w, https:\/\/sandbox.mielmartine.fr\/wp-content\/uploads\/2019\/04\/martine_pollen_02_v2-470x705.jpg 470w, https:\/\/sandbox.mielmartine.fr\/wp-content\/uploads\/2019\/04\/martine_pollen_02_v2-267x400.jpg 267w, https:\/\/sandbox.mielmartine.fr\/wp-content\/uploads\/2019\/04\/martine_pollen_02_v2-339x509.jpg 339w, https:\/\/sandbox.mielmartine.fr\/wp-content\/uploads\/2019\/04\/martine_pollen_02_v2-600x900.jpg 600w, https:\/\/sandbox.mielmartine.fr\/wp-content\/uploads\/2019\/04\/martine_pollen_02_v2-40x60.jpg 40w, https:\/\/sandbox.mielmartine.fr\/wp-content\/uploads\/2019\/04\/martine_pollen_02_v2-60x90.jpg 60w\" sizes=\"(max-width: 1000px) 100vw, 1000px\" \/><\/div><\/div><\/div><\/div>\n<style type=\"text\/css\" data-created_by=\"avia_inline_auto\" id=\"style-css-av-zqjv6x-d300e92c97256309b9eaa3fc0438697c\">\n.flex_column.av-zqjv6x-d300e92c97256309b9eaa3fc0438697c{\nborder-radius:0px 0px 0px 0px;\n-webkit-border-radius:0px 0px 0px 0px;\n-moz-border-radius:0px 0px 0px 0px;\nbackground-color:#ffffff;\n}\n<\/style>\n<div class='flex_column av-zqjv6x-d300e92c97256309b9eaa3fc0438697c av_one_half  card flex_column_div av-zero-column-padding '   ><section class=\"av_textblock_section \"  itemscope=\"itemscope\" itemtype=\"https:\/\/schema.org\/CreativeWork\" ><div class='avia_textblock  '   itemprop=\"text\" ><p class=\"titles\" style=\"text-align: center;\">Comment se fait la r\u00e9colte du Pollen\u00a0?<\/p>\n<p style=\"text-align: center;\">Nous pla\u00e7ons des trappes \u00e0 pollen \u00e0 l\u2019entr\u00e9e des ruches, mais pr\u00e9levons que 10% du pollen rapport\u00e9 par les abeilles \u00e0 la ruche.<\/p>\n<p style=\"text-align: center;\">Le pollen est r\u00e9colt\u00e9 et s\u00e9ch\u00e9 (pour pollen frais)<\/p>\n<p style=\"text-align: center;\">Le pollen est ensuite tri\u00e9 afin d\u2019enlever les impuret\u00e9s et conditionn\u00e9 dans les 24 heures.<\/p>\n<\/div><\/section><\/div>\n<\/div><\/div><\/div><!-- close content main div --><\/div><\/div><div id='after_section_1'  class='main_color av_default_container_wrap container_wrap sidebar_right'  ><div class='container av-section-cont-open' ><div class='template-page content  av-content-small alpha units'><div class='post-entry post-entry-type-page post-entry-3080'><div class='entry-content-wrapper clearfix'>\n\n<style type=\"text\/css\" data-created_by=\"avia_inline_auto\" id=\"style-css-av-uz4yfc-af0119f91fac2e36b3448a1b1d39b2fd\">\n#top .hr.hr-invisible.av-uz4yfc-af0119f91fac2e36b3448a1b1d39b2fd{\nheight:50px;\n}\n<\/style>\n<div  class='hr av-uz4yfc-af0119f91fac2e36b3448a1b1d39b2fd hr-invisible '><span class='hr-inner '><span class=\"hr-inner-style\"><\/span><\/span><\/div>\n","protected":false},"excerpt":{"rendered":"","protected":false},"author":3,"featured_media":0,"parent":0,"menu_order":0,"comment_status":"closed","ping_status":"closed","template":"","meta":[],"acf":[],"yoast_head":"<!-- This site is optimized with the Yoast SEO plugin v20.1 - https:\/\/yoast.com\/wordpress\/plugins\/seo\/ -->\n<title>Pollen d&#039;Abeille Fran\u00e7ais | Miel Martine<\/title>\n<meta name=\"description\" content=\"Vous avez besoin d&#039;acheter du pollen d&#039;abeilles? D\u00e9couvrez notre pollen d&#039;abeilles 100% et r\u00e9colt\u00e9 dans le Var. Livraison 48h Colissimo en France.\" \/>\n<meta name=\"robots\" content=\"index, follow, max-snippet:-1, max-image-preview:large, max-video-preview:-1\" \/>\n<link rel=\"canonical\" href=\"https:\/\/sandbox.mielmartine.fr\/fr\/pollen-abeille\/\" \/>\n<meta property=\"og:locale\" content=\"fr_FR\" \/>\n<meta property=\"og:type\" content=\"article\" \/>\n<meta property=\"og:title\" content=\"Pollen d&#039;Abeille Fran\u00e7ais | Miel Martine\" \/>\n<meta property=\"og:description\" content=\"Vous avez besoin d&#039;acheter du pollen d&#039;abeilles? D\u00e9couvrez notre pollen d&#039;abeilles 100% et r\u00e9colt\u00e9 dans le Var. Livraison 48h Colissimo en France.\" \/>\n<meta property=\"og:url\" content=\"https:\/\/sandbox.mielmartine.fr\/fr\/pollen-abeille\/\" \/>\n<meta property=\"og:site_name\" content=\"Miel Martine\" \/>\n<meta property=\"article:publisher\" content=\"https:\/\/www.facebook.com\/mielmartine\/\" \/>\n<meta property=\"article:modified_time\" content=\"2022-01-10T09:21:11+00:00\" \/>\n<meta name=\"twitter:card\" content=\"summary_large_image\" \/>\n<meta name=\"twitter:label1\" content=\"Dur\u00e9e de lecture estim\u00e9e\" \/>\n\t<meta name=\"twitter:data1\" content=\"2 minutes\" \/>\n<script type=\"application\/ld+json\" class=\"yoast-schema-graph\">{\"@context\":\"https:\/\/schema.org\",\"@graph\":[{\"@type\":\"WebPage\",\"@id\":\"https:\/\/sandbox.mielmartine.fr\/fr\/pollen-abeille\/\",\"url\":\"https:\/\/sandbox.mielmartine.fr\/fr\/pollen-abeille\/\",\"name\":\"Pollen d'Abeille Fran\u00e7ais | Miel Martine\",\"isPartOf\":{\"@id\":\"https:\/\/sandbox.mielmartine.fr\/fr\/#website\"},\"datePublished\":\"2019-04-02T08:26:38+00:00\",\"dateModified\":\"2022-01-10T09:21:11+00:00\",\"description\":\"Vous avez besoin d'acheter du pollen d'abeilles? D\u00e9couvrez notre pollen d'abeilles 100% et r\u00e9colt\u00e9 dans le Var. Livraison 48h Colissimo en France.\",\"breadcrumb\":{\"@id\":\"https:\/\/sandbox.mielmartine.fr\/fr\/pollen-abeille\/#breadcrumb\"},\"inLanguage\":\"fr-FR\",\"potentialAction\":[{\"@type\":\"ReadAction\",\"target\":[\"https:\/\/sandbox.mielmartine.fr\/fr\/pollen-abeille\/\"]}]},{\"@type\":\"BreadcrumbList\",\"@id\":\"https:\/\/sandbox.mielmartine.fr\/fr\/pollen-abeille\/#breadcrumb\",\"itemListElement\":[{\"@type\":\"ListItem\",\"position\":1,\"name\":\"Accueil\",\"item\":\"https:\/\/sandbox.mielmartine.fr\/en\/homepage\/\"},{\"@type\":\"ListItem\",\"position\":2,\"name\":\"Shop \u2013 Pollen\"}]},{\"@type\":\"WebSite\",\"@id\":\"https:\/\/sandbox.mielmartine.fr\/fr\/#website\",\"url\":\"https:\/\/sandbox.mielmartine.fr\/fr\/\",\"name\":\"Miel Martine\",\"description\":\"Miels de France\",\"publisher\":{\"@id\":\"https:\/\/sandbox.mielmartine.fr\/fr\/#organization\"},\"potentialAction\":[{\"@type\":\"SearchAction\",\"target\":{\"@type\":\"EntryPoint\",\"urlTemplate\":\"https:\/\/sandbox.mielmartine.fr\/fr\/?s={search_term_string}\"},\"query-input\":\"required name=search_term_string\"}],\"inLanguage\":\"fr-FR\"},{\"@type\":\"Organization\",\"@id\":\"https:\/\/sandbox.mielmartine.fr\/fr\/#organization\",\"name\":\"Miel Martine\",\"url\":\"https:\/\/sandbox.mielmartine.fr\/fr\/\",\"logo\":{\"@type\":\"ImageObject\",\"inLanguage\":\"fr-FR\",\"@id\":\"https:\/\/sandbox.mielmartine.fr\/fr\/#\/schema\/logo\/image\/\",\"url\":\"https:\/\/sandbox.mielmartine.fr\/wp-content\/uploads\/2018\/05\/LOGO_TAGLINE_MARTINE-1.svg\",\"contentUrl\":\"https:\/\/sandbox.mielmartine.fr\/wp-content\/uploads\/2018\/05\/LOGO_TAGLINE_MARTINE-1.svg\",\"width\":1,\"height\":1,\"caption\":\"Miel Martine\"},\"image\":{\"@id\":\"https:\/\/sandbox.mielmartine.fr\/fr\/#\/schema\/logo\/image\/\"},\"sameAs\":[\"https:\/\/www.facebook.com\/mielmartine\/\",\"https:\/\/www.instagram.com\/mielmartine\/\",\"https:\/\/www.pinterest.fr\/martine4731\/\"]}]}<\/script>\n<!-- \/ Yoast SEO plugin. -->","yoast_head_json":{"title":"Pollen d'Abeille Fran\u00e7ais | Miel Martine","description":"Vous avez besoin d'acheter du pollen d'abeilles? D\u00e9couvrez notre pollen d'abeilles 100% et r\u00e9colt\u00e9 dans le Var. Livraison 48h Colissimo en France.","robots":{"index":"index","follow":"follow","max-snippet":"max-snippet:-1","max-image-preview":"max-image-preview:large","max-video-preview":"max-video-preview:-1"},"canonical":"https:\/\/sandbox.mielmartine.fr\/fr\/pollen-abeille\/","og_locale":"fr_FR","og_type":"article","og_title":"Pollen d'Abeille Fran\u00e7ais | Miel Martine","og_description":"Vous avez besoin d'acheter du pollen d'abeilles? D\u00e9couvrez notre pollen d'abeilles 100% et r\u00e9colt\u00e9 dans le Var. Livraison 48h Colissimo en France.","og_url":"https:\/\/sandbox.mielmartine.fr\/fr\/pollen-abeille\/","og_site_name":"Miel Martine","article_publisher":"https:\/\/www.facebook.com\/mielmartine\/","article_modified_time":"2022-01-10T09:21:11+00:00","twitter_card":"summary_large_image","twitter_misc":{"Dur\u00e9e de lecture estim\u00e9e":"2 minutes"},"schema":{"@context":"https:\/\/schema.org","@graph":[{"@type":"WebPage","@id":"https:\/\/sandbox.mielmartine.fr\/fr\/pollen-abeille\/","url":"https:\/\/sandbox.mielmartine.fr\/fr\/pollen-abeille\/","name":"Pollen d'Abeille Fran\u00e7ais | Miel Martine","isPartOf":{"@id":"https:\/\/sandbox.mielmartine.fr\/fr\/#website"},"datePublished":"2019-04-02T08:26:38+00:00","dateModified":"2022-01-10T09:21:11+00:00","description":"Vous avez besoin d'acheter du pollen d'abeilles? D\u00e9couvrez notre pollen d'abeilles 100% et r\u00e9colt\u00e9 dans le Var. Livraison 48h Colissimo en France.","breadcrumb":{"@id":"https:\/\/sandbox.mielmartine.fr\/fr\/pollen-abeille\/#breadcrumb"},"inLanguage":"fr-FR","potentialAction":[{"@type":"ReadAction","target":["https:\/\/sandbox.mielmartine.fr\/fr\/pollen-abeille\/"]}]},{"@type":"BreadcrumbList","@id":"https:\/\/sandbox.mielmartine.fr\/fr\/pollen-abeille\/#breadcrumb","itemListElement":[{"@type":"ListItem","position":1,"name":"Accueil","item":"https:\/\/sandbox.mielmartine.fr\/en\/homepage\/"},{"@type":"ListItem","position":2,"name":"Shop \u2013 Pollen"}]},{"@type":"WebSite","@id":"https:\/\/sandbox.mielmartine.fr\/fr\/#website","url":"https:\/\/sandbox.mielmartine.fr\/fr\/","name":"Miel Martine","description":"Miels de France","publisher":{"@id":"https:\/\/sandbox.mielmartine.fr\/fr\/#organization"},"potentialAction":[{"@type":"SearchAction","target":{"@type":"EntryPoint","urlTemplate":"https:\/\/sandbox.mielmartine.fr\/fr\/?s={search_term_string}"},"query-input":"required name=search_term_string"}],"inLanguage":"fr-FR"},{"@type":"Organization","@id":"https:\/\/sandbox.mielmartine.fr\/fr\/#organization","name":"Miel Martine","url":"https:\/\/sandbox.mielmartine.fr\/fr\/","logo":{"@type":"ImageObject","inLanguage":"fr-FR","@id":"https:\/\/sandbox.mielmartine.fr\/fr\/#\/schema\/logo\/image\/","url":"https:\/\/sandbox.mielmartine.fr\/wp-content\/uploads\/2018\/05\/LOGO_TAGLINE_MARTINE-1.svg","contentUrl":"https:\/\/sandbox.mielmartine.fr\/wp-content\/uploads\/2018\/05\/LOGO_TAGLINE_MARTINE-1.svg","width":1,"height":1,"caption":"Miel Martine"},"image":{"@id":"https:\/\/sandbox.mielmartine.fr\/fr\/#\/schema\/logo\/image\/"},"sameAs":["https:\/\/www.facebook.com\/mielmartine\/","https:\/\/www.instagram.com\/mielmartine\/","https:\/\/www.pinterest.fr\/martine4731\/"]}]}},"_links":{"self":[{"href":"https:\/\/sandbox.mielmartine.fr\/fr\/wp-json\/wp\/v2\/pages\/3080"}],"collection":[{"href":"https:\/\/sandbox.mielmartine.fr\/fr\/wp-json\/wp\/v2\/pages"}],"about":[{"href":"https:\/\/sandbox.mielmartine.fr\/fr\/wp-json\/wp\/v2\/types\/page"}],"author":[{"embeddable":true,"href":"https:\/\/sandbox.mielmartine.fr\/fr\/wp-json\/wp\/v2\/users\/3"}],"replies":[{"embeddable":true,"href":"https:\/\/sandbox.mielmartine.fr\/fr\/wp-json\/wp\/v2\/comments?post=3080"}],"version-history":[{"count":26,"href":"https:\/\/sandbox.mielmartine.fr\/fr\/wp-json\/wp\/v2\/pages\/3080\/revisions"}],"predecessor-version":[{"id":12765,"href":"https:\/\/sandbox.mielmartine.fr\/fr\/wp-json\/wp\/v2\/pages\/3080\/revisions\/12765"}],"wp:attachment":[{"href":"https:\/\/sandbox.mielmartine.fr\/fr\/wp-json\/wp\/v2\/media?parent=3080"}],"curies":[{"name":"wp","href":"https:\/\/api.w.org\/{rel}","templated":true}]}}