{"id":338,"date":"2018-04-26T17:02:32","date_gmt":"2018-04-26T15:02:32","guid":{"rendered":"https:\/\/www.mielmartine.fr\/?page_id=338"},"modified":"2022-05-09T18:31:32","modified_gmt":"2022-05-09T16:31:32","slug":"miel-naturel-bio","status":"publish","type":"page","link":"https:\/\/sandbox.mielmartine.fr\/fr\/miel-naturel-bio\/","title":{"rendered":"Shop"},"content":{"rendered":"<div id='layer_slider_1'  class='avia-layerslider main_color avia-shadow  avia-builder-el-0  el_before_av_section  avia-builder-el-first  container_wrap sidebar_right'  style='height: 578px;'  ><\/div>\n<div id='av_section_1'  class='avia-section av-ez2wa-000ee734c9500413488d8a6ec96d94e7 main_color avia-section-default avia-no-border-styling  avia-builder-el-1  el_after_av_layerslider  el_before_av_codeblock  section-text-honey-shop avia-bg-style-scroll  container_wrap sidebar_right'  ><div class='container av-section-cont-open' ><div class='template-page content  av-content-small alpha units'><div class='post-entry post-entry-type-page post-entry-338'><div class='entry-content-wrapper clearfix'>\n\n<style type=\"text\/css\" data-created_by=\"avia_inline_auto\" id=\"style-css-av-34bn8y-45320408acdc9af46e0832310a2480d2\">\n#top .hr.hr-invisible.av-34bn8y-45320408acdc9af46e0832310a2480d2{\nheight:35px;\n}\n<\/style>\n<div  class='hr av-34bn8y-45320408acdc9af46e0832310a2480d2 hr-invisible  avia-builder-el-2  el_before_av_textblock  avia-builder-el-first  '><span class='hr-inner '><span class=\"hr-inner-style\"><\/span><\/span><\/div>\n<section class=\"av_textblock_section \"  itemscope=\"itemscope\" itemtype=\"https:\/\/schema.org\/CreativeWork\" ><div class='avia_textblock  '   itemprop=\"text\" ><h2 style=\"text-align: center;\"><strong>Notre gamme de miels r\u00e9colt\u00e9s en France ??<\/strong><\/h2>\n<\/div><\/section>\n\n<style type=\"text\/css\" data-created_by=\"avia_inline_auto\" id=\"style-css-av-34bn8y-b044b57453715ae7abd3e509674e1e9b\">\n#top .hr.hr-invisible.av-34bn8y-b044b57453715ae7abd3e509674e1e9b{\nheight:20px;\n}\n<\/style>\n<div  class='hr av-34bn8y-b044b57453715ae7abd3e509674e1e9b hr-invisible  avia-builder-el-4  el_after_av_textblock  avia-builder-el-last  '><span class='hr-inner '><span class=\"hr-inner-style\"><\/span><\/span><\/div>\n<\/div><\/div><\/div><!-- close content main div --><\/div><\/div><div id='after_section_1'  class='main_color av_default_container_wrap container_wrap sidebar_right'  ><div class='container av-section-cont-open' ><div class='template-page content  av-content-small alpha units'><div class='post-entry post-entry-type-page post-entry-338'><div class='entry-content-wrapper clearfix'>\n\n<\/div><\/div><\/div><!-- close content main div --><\/div><\/div>\n<style type=\"text\/css\" data-created_by=\"avia_inline_auto\" id=\"style-css-av-bwebu-868c81b94c8d7f88779a3cd7a8f274d0\">\n.avia-section.av-bwebu-868c81b94c8d7f88779a3cd7a8f274d0{\nmargin-top:-40px;\nmargin-bottom:10px;\n}\n<\/style>\n<div id='av_section_2'  class='avia-section av-bwebu-868c81b94c8d7f88779a3cd7a8f274d0 main_color avia-section-default avia-no-border-styling avia-bg-style-scroll  container_wrap sidebar_right'  ><div class='container av-section-cont-open' ><div class='template-page content  av-content-small alpha units'><div class='post-entry post-entry-type-page post-entry-338'><div class='entry-content-wrapper clearfix'>\n<section class=\"av_textblock_section \"  itemscope=\"itemscope\" itemtype=\"https:\/\/schema.org\/CreativeWork\" ><div class='avia_textblock  '   itemprop=\"text\" ><h2 style=\"text-align: center;\"><strong>Miel Martine, une apiculture engag\u00e9e et durable <\/strong><\/h2>\n<\/div><\/section>\n\n<style type=\"text\/css\" data-created_by=\"avia_inline_auto\" id=\"style-css-av-34bn8y-b044b57453715ae7abd3e509674e1e9b\">\n#top .hr.hr-invisible.av-34bn8y-b044b57453715ae7abd3e509674e1e9b{\nheight:20px;\n}\n<\/style>\n<div  class='hr av-34bn8y-b044b57453715ae7abd3e509674e1e9b hr-invisible '><span class='hr-inner '><span class=\"hr-inner-style\"><\/span><\/span><\/div>\n\n<style type=\"text\/css\" data-created_by=\"avia_inline_auto\" id=\"style-css-av-fg86i-83f7647f107a919fda69c8623ec8e310\">\n.flex_column.av-fg86i-83f7647f107a919fda69c8623ec8e310{\nborder-radius:0px 0px 0px 0px;\n-webkit-border-radius:0px 0px 0px 0px;\n-moz-border-radius:0px 0px 0px 0px;\n}\n<\/style>\n<div class='flex_column av-fg86i-83f7647f107a919fda69c8623ec8e310 av_three_fourth first flex_column_div av-zero-column-padding '   ><section class=\"av_textblock_section \"  itemscope=\"itemscope\" itemtype=\"https:\/\/schema.org\/CreativeWork\" ><div class='avia_textblock  '   itemprop=\"text\" ><p>Nous d\u00e9pla\u00e7ons nos ruches par transhumance au fil de floraisons des fleurs et des saisons afin de vous proposer des saveurs uniques.<br \/>\nMais quelle que soit leur provenance, Miel Martine applique \u00e0 chaque produit une tra\u00e7abilit\u00e9 unique par un organisme ind\u00e9pendant : un QR Code unique atteste du lieu et de la date des r\u00e9coltes jusqu\u2019\u00e0 la mise en pot.<\/p>\n<\/div><\/section><\/div>\n<style type=\"text\/css\" data-created_by=\"avia_inline_auto\" id=\"style-css-av-71udm-37abe36f2f88e839686faa5bdb0e9a3c\">\n.flex_column.av-71udm-37abe36f2f88e839686faa5bdb0e9a3c{\nborder-radius:0px 0px 0px 0px;\n-webkit-border-radius:0px 0px 0px 0px;\n-moz-border-radius:0px 0px 0px 0px;\n}\n<\/style>\n<div class='flex_column av-71udm-37abe36f2f88e839686faa5bdb0e9a3c av_one_fourth flex_column_div av-zero-column-padding '   ><style type=\"text\/css\" data-created_by=\"avia_inline_auto\" id=\"style-css-av-kjkfee46-869975599f5c2bed0bf72e210901aa30\">\n.avia-image-container.av-kjkfee46-869975599f5c2bed0bf72e210901aa30 .av-image-caption-overlay-center{\ncolor:#ffffff;\n}\n<\/style>\n<div  class='avia-image-container av-kjkfee46-869975599f5c2bed0bf72e210901aa30 av-styling- avia-align-center '  itemprop=\"image\" itemscope=\"itemscope\" itemtype=\"https:\/\/schema.org\/ImageObject\" ><div class=\"avia-image-container-inner\"><div class=\"avia-image-overlay-wrap\"><img decoding=\"async\" class='wp-image-12541 avia-img-lazy-loading-not-12541 avia_image' src=\"https:\/\/sandbox.mielmartine.fr\/wp-content\/uploads\/2021\/12\/CCF-1-212x300.png\" alt='college culinaire de france' title='college culinaire de france'  height=\"300\" width=\"212\"  itemprop=\"thumbnailUrl\" srcset=\"https:\/\/sandbox.mielmartine.fr\/wp-content\/uploads\/2021\/12\/CCF-1-212x300.png 212w, https:\/\/sandbox.mielmartine.fr\/wp-content\/uploads\/2021\/12\/CCF-1-498x705.png 498w, https:\/\/sandbox.mielmartine.fr\/wp-content\/uploads\/2021\/12\/CCF-1-282x400.png 282w, https:\/\/sandbox.mielmartine.fr\/wp-content\/uploads\/2021\/12\/CCF-1-339x480.png 339w, https:\/\/sandbox.mielmartine.fr\/wp-content\/uploads\/2021\/12\/CCF-1.png 562w\" sizes=\"(max-width: 212px) 100vw, 212px\" \/><\/div><\/div><\/div><\/div><section class=\"av_textblock_section \"  itemscope=\"itemscope\" itemtype=\"https:\/\/schema.org\/CreativeWork\" ><div class='avia_textblock  '   itemprop=\"text\" ><p style=\"text-align: center;\">Pour faire revivre l\u2019apiculture, Miel Martine a fait le choix d\u2019une production responsable, durable, artisanale et respectueuse de l\u2019environnement.<\/p>\n<p style=\"text-align: center;\">Des ruches pr\u00e9sentes autour de la miellerie, sur le Domaine La Martinette ou dans d\u2019autres r\u00e9gions fran\u00e7aises nos apiculteurs contr\u00f4lent chaque \u00e9tape de la fabrication pour s\u2019assurer de la qualit\u00e9 et du respect de nos engagements.<\/p>\n<p style=\"text-align: center;\">Pour la premi\u00e8re fois, une marque de miel s\u2019implique gr\u00e2ce \u00e0 la certification d\u2019un organisme ind\u00e9pendant pour certifier et offrir une transparence totale : quand et comment notre miel a \u00e9t\u00e9 r\u00e9colt\u00e9, sur quelles fleurs, sur quel domaine et quand a eu lieu la mise en pot pour garantir une fra\u00eecheur optimale.<\/p>\n<\/div><\/section>\n\n<style type=\"text\/css\" data-created_by=\"avia_inline_auto\" id=\"style-css-av-34bn8y-beaeb863233aaacd65ea51bcdad40586\">\n#top .hr.hr-invisible.av-34bn8y-beaeb863233aaacd65ea51bcdad40586{\nheight:60px;\n}\n<\/style>\n<div  class='hr av-34bn8y-beaeb863233aaacd65ea51bcdad40586 hr-invisible '><span class='hr-inner '><span class=\"hr-inner-style\"><\/span><\/span><\/div>\n<section class=\"av_textblock_section \"  itemscope=\"itemscope\" itemtype=\"https:\/\/schema.org\/CreativeWork\" ><div class='avia_textblock  '   itemprop=\"text\" ><h2 style=\"text-align: center;\"><strong>Une gamme unique de miels fran\u00e7ais, aux ar\u00f4mes 100 % naturels<\/strong><\/h2>\n<\/div><\/section>\n\n<style type=\"text\/css\" data-created_by=\"avia_inline_auto\" id=\"style-css-av-34bn8y-b044b57453715ae7abd3e509674e1e9b\">\n#top .hr.hr-invisible.av-34bn8y-b044b57453715ae7abd3e509674e1e9b{\nheight:20px;\n}\n<\/style>\n<div  class='hr av-34bn8y-b044b57453715ae7abd3e509674e1e9b hr-invisible '><span class='hr-inner '><span class=\"hr-inner-style\"><\/span><\/span><\/div>\n<section class=\"av_textblock_section \"  itemscope=\"itemscope\" itemtype=\"https:\/\/schema.org\/CreativeWork\" ><div class='avia_textblock  '   itemprop=\"text\" ><p style=\"text-align: center;\">Avec une palette de miels vari\u00e9e, Miel Martine offre la possibilit\u00e9 de gouter aux meilleurs miels fran\u00e7ais :\u00a0 romarin, toutes fleurs, lavande, ch\u00e2taignier, ch\u00eane, bruy\u00e8re blanche\u2026<\/p>\n<p style=\"text-align: center;\">Ces miels sont des nectars pr\u00e9cieux, o\u00f9 chaque terroir de r\u00e9colte donne une couleur et une saveur uniques.<\/p>\n<p style=\"text-align: center;\">Parmi notre offre, vous retrouvez du miel de lavande provenant du Plateau de Valensole qui a d\u2019ailleurs \u00e9t\u00e9 laur\u00e9at du Great Taste Awards 2019.<\/p>\n<p style=\"text-align: center;\">En plus de ce miel de lavande, Miel Martine propose aussi du miel toutes fleurs, de sapin d\u2019Ard\u00e8che et de romarin proven\u00e7al, \u00e0 la texture douce et cr\u00e9meuse qui ravira les palais les plus exigeants.<\/p>\n<p style=\"text-align: center;\">Pour d\u00e9couvrir plusieurs vari\u00e9t\u00e9s, Miel Martine a cr\u00e9\u00e9 un coffret de d\u00e9gustation avec 3 des miels embl\u00e9matiques en petits pots.<\/p>\n<p style=\"text-align: center;\">Notre boutique de vente en ligne\u00a0livre notre gamme compl\u00e8te dans toute la France. Livraison gratuite \u00e0 partir de 30 euros.<\/p>\n<\/div><\/section>\n<\/div><\/div><\/div><!-- close content main div --><\/div><\/div><div id='after_section_2'  class='main_color av_default_container_wrap container_wrap sidebar_right'  ><div class='container av-section-cont-open' ><div class='template-page content  av-content-small alpha units'><div class='post-entry post-entry-type-page post-entry-338'><div class='entry-content-wrapper clearfix'>\n<div class='flex_column av-6zt2q-d24ef06545ea9a45bd2063fef79d2fcc av_four_fifth first flex_column_div '   ><\/div>\n","protected":false},"excerpt":{"rendered":"","protected":false},"author":3,"featured_media":0,"parent":0,"menu_order":0,"comment_status":"closed","ping_status":"closed","template":"","meta":[],"acf":[],"yoast_head":"<!-- This site is optimized with the Yoast SEO plugin v20.1 - https:\/\/yoast.com\/wordpress\/plugins\/seo\/ -->\n<title>Vente en ligne de nos miels, le fruit d&#039;une apiculture engag\u00e9e<\/title>\n<meta name=\"description\" content=\"Notre e-boutique pour commander les diff\u00e9rentes vari\u00e9t\u00e9s du Miel Martine. Des produits naturels et r\u00e9colt\u00e9s en France par nos apiculteurs.\" \/>\n<meta name=\"robots\" content=\"index, follow, max-snippet:-1, max-image-preview:large, max-video-preview:-1\" \/>\n<link rel=\"canonical\" href=\"https:\/\/sandbox.mielmartine.fr\/fr\/miel-naturel-bio\/\" \/>\n<meta property=\"og:locale\" content=\"fr_FR\" \/>\n<meta property=\"og:type\" content=\"article\" \/>\n<meta property=\"og:title\" content=\"Vente en ligne de nos miels, le fruit d&#039;une apiculture engag\u00e9e\" \/>\n<meta property=\"og:description\" content=\"Notre e-boutique pour commander les diff\u00e9rentes vari\u00e9t\u00e9s du Miel Martine. Des produits naturels et r\u00e9colt\u00e9s en France par nos apiculteurs.\" \/>\n<meta property=\"og:url\" content=\"https:\/\/sandbox.mielmartine.fr\/fr\/miel-naturel-bio\/\" \/>\n<meta property=\"og:site_name\" content=\"Miel Martine\" \/>\n<meta property=\"article:publisher\" content=\"https:\/\/www.facebook.com\/mielmartine\/\" \/>\n<meta property=\"article:modified_time\" content=\"2022-05-09T16:31:32+00:00\" \/>\n<meta name=\"twitter:card\" content=\"summary_large_image\" \/>\n<meta name=\"twitter:label1\" content=\"Dur\u00e9e de lecture estim\u00e9e\" \/>\n\t<meta name=\"twitter:data1\" content=\"5 minutes\" \/>\n<script type=\"application\/ld+json\" class=\"yoast-schema-graph\">{\"@context\":\"https:\/\/schema.org\",\"@graph\":[{\"@type\":\"WebPage\",\"@id\":\"https:\/\/sandbox.mielmartine.fr\/fr\/miel-naturel-bio\/\",\"url\":\"https:\/\/sandbox.mielmartine.fr\/fr\/miel-naturel-bio\/\",\"name\":\"Vente en ligne de nos miels, le fruit d'une apiculture engag\u00e9e\",\"isPartOf\":{\"@id\":\"https:\/\/sandbox.mielmartine.fr\/fr\/#website\"},\"datePublished\":\"2018-04-26T15:02:32+00:00\",\"dateModified\":\"2022-05-09T16:31:32+00:00\",\"description\":\"Notre e-boutique pour commander les diff\u00e9rentes vari\u00e9t\u00e9s du Miel Martine. Des produits naturels et r\u00e9colt\u00e9s en France par nos apiculteurs.\",\"breadcrumb\":{\"@id\":\"https:\/\/sandbox.mielmartine.fr\/fr\/miel-naturel-bio\/#breadcrumb\"},\"inLanguage\":\"fr-FR\",\"potentialAction\":[{\"@type\":\"ReadAction\",\"target\":[\"https:\/\/sandbox.mielmartine.fr\/fr\/miel-naturel-bio\/\"]}]},{\"@type\":\"BreadcrumbList\",\"@id\":\"https:\/\/sandbox.mielmartine.fr\/fr\/miel-naturel-bio\/#breadcrumb\",\"itemListElement\":[{\"@type\":\"ListItem\",\"position\":1,\"name\":\"Accueil\",\"item\":\"https:\/\/sandbox.mielmartine.fr\/en\/homepage\/\"},{\"@type\":\"ListItem\",\"position\":2,\"name\":\"Shop\"}]},{\"@type\":\"WebSite\",\"@id\":\"https:\/\/sandbox.mielmartine.fr\/fr\/#website\",\"url\":\"https:\/\/sandbox.mielmartine.fr\/fr\/\",\"name\":\"Miel Martine\",\"description\":\"Miels de France\",\"publisher\":{\"@id\":\"https:\/\/sandbox.mielmartine.fr\/fr\/#organization\"},\"potentialAction\":[{\"@type\":\"SearchAction\",\"target\":{\"@type\":\"EntryPoint\",\"urlTemplate\":\"https:\/\/sandbox.mielmartine.fr\/fr\/?s={search_term_string}\"},\"query-input\":\"required name=search_term_string\"}],\"inLanguage\":\"fr-FR\"},{\"@type\":\"Organization\",\"@id\":\"https:\/\/sandbox.mielmartine.fr\/fr\/#organization\",\"name\":\"Miel Martine\",\"url\":\"https:\/\/sandbox.mielmartine.fr\/fr\/\",\"logo\":{\"@type\":\"ImageObject\",\"inLanguage\":\"fr-FR\",\"@id\":\"https:\/\/sandbox.mielmartine.fr\/fr\/#\/schema\/logo\/image\/\",\"url\":\"https:\/\/sandbox.mielmartine.fr\/wp-content\/uploads\/2018\/05\/LOGO_TAGLINE_MARTINE-1.svg\",\"contentUrl\":\"https:\/\/sandbox.mielmartine.fr\/wp-content\/uploads\/2018\/05\/LOGO_TAGLINE_MARTINE-1.svg\",\"width\":1,\"height\":1,\"caption\":\"Miel Martine\"},\"image\":{\"@id\":\"https:\/\/sandbox.mielmartine.fr\/fr\/#\/schema\/logo\/image\/\"},\"sameAs\":[\"https:\/\/www.facebook.com\/mielmartine\/\",\"https:\/\/www.instagram.com\/mielmartine\/\",\"https:\/\/www.pinterest.fr\/martine4731\/\"]}]}<\/script>\n<!-- \/ Yoast SEO plugin. -->","yoast_head_json":{"title":"Vente en ligne de nos miels, le fruit d'une apiculture engag\u00e9e","description":"Notre e-boutique pour commander les diff\u00e9rentes vari\u00e9t\u00e9s du Miel Martine. Des produits naturels et r\u00e9colt\u00e9s en France par nos apiculteurs.","robots":{"index":"index","follow":"follow","max-snippet":"max-snippet:-1","max-image-preview":"max-image-preview:large","max-video-preview":"max-video-preview:-1"},"canonical":"https:\/\/sandbox.mielmartine.fr\/fr\/miel-naturel-bio\/","og_locale":"fr_FR","og_type":"article","og_title":"Vente en ligne de nos miels, le fruit d'une apiculture engag\u00e9e","og_description":"Notre e-boutique pour commander les diff\u00e9rentes vari\u00e9t\u00e9s du Miel Martine. Des produits naturels et r\u00e9colt\u00e9s en France par nos apiculteurs.","og_url":"https:\/\/sandbox.mielmartine.fr\/fr\/miel-naturel-bio\/","og_site_name":"Miel Martine","article_publisher":"https:\/\/www.facebook.com\/mielmartine\/","article_modified_time":"2022-05-09T16:31:32+00:00","twitter_card":"summary_large_image","twitter_misc":{"Dur\u00e9e de lecture estim\u00e9e":"5 minutes"},"schema":{"@context":"https:\/\/schema.org","@graph":[{"@type":"WebPage","@id":"https:\/\/sandbox.mielmartine.fr\/fr\/miel-naturel-bio\/","url":"https:\/\/sandbox.mielmartine.fr\/fr\/miel-naturel-bio\/","name":"Vente en ligne de nos miels, le fruit d'une apiculture engag\u00e9e","isPartOf":{"@id":"https:\/\/sandbox.mielmartine.fr\/fr\/#website"},"datePublished":"2018-04-26T15:02:32+00:00","dateModified":"2022-05-09T16:31:32+00:00","description":"Notre e-boutique pour commander les diff\u00e9rentes vari\u00e9t\u00e9s du Miel Martine. Des produits naturels et r\u00e9colt\u00e9s en France par nos apiculteurs.","breadcrumb":{"@id":"https:\/\/sandbox.mielmartine.fr\/fr\/miel-naturel-bio\/#breadcrumb"},"inLanguage":"fr-FR","potentialAction":[{"@type":"ReadAction","target":["https:\/\/sandbox.mielmartine.fr\/fr\/miel-naturel-bio\/"]}]},{"@type":"BreadcrumbList","@id":"https:\/\/sandbox.mielmartine.fr\/fr\/miel-naturel-bio\/#breadcrumb","itemListElement":[{"@type":"ListItem","position":1,"name":"Accueil","item":"https:\/\/sandbox.mielmartine.fr\/en\/homepage\/"},{"@type":"ListItem","position":2,"name":"Shop"}]},{"@type":"WebSite","@id":"https:\/\/sandbox.mielmartine.fr\/fr\/#website","url":"https:\/\/sandbox.mielmartine.fr\/fr\/","name":"Miel Martine","description":"Miels de France","publisher":{"@id":"https:\/\/sandbox.mielmartine.fr\/fr\/#organization"},"potentialAction":[{"@type":"SearchAction","target":{"@type":"EntryPoint","urlTemplate":"https:\/\/sandbox.mielmartine.fr\/fr\/?s={search_term_string}"},"query-input":"required name=search_term_string"}],"inLanguage":"fr-FR"},{"@type":"Organization","@id":"https:\/\/sandbox.mielmartine.fr\/fr\/#organization","name":"Miel Martine","url":"https:\/\/sandbox.mielmartine.fr\/fr\/","logo":{"@type":"ImageObject","inLanguage":"fr-FR","@id":"https:\/\/sandbox.mielmartine.fr\/fr\/#\/schema\/logo\/image\/","url":"https:\/\/sandbox.mielmartine.fr\/wp-content\/uploads\/2018\/05\/LOGO_TAGLINE_MARTINE-1.svg","contentUrl":"https:\/\/sandbox.mielmartine.fr\/wp-content\/uploads\/2018\/05\/LOGO_TAGLINE_MARTINE-1.svg","width":1,"height":1,"caption":"Miel Martine"},"image":{"@id":"https:\/\/sandbox.mielmartine.fr\/fr\/#\/schema\/logo\/image\/"},"sameAs":["https:\/\/www.facebook.com\/mielmartine\/","https:\/\/www.instagram.com\/mielmartine\/","https:\/\/www.pinterest.fr\/martine4731\/"]}]}},"_links":{"self":[{"href":"https:\/\/sandbox.mielmartine.fr\/fr\/wp-json\/wp\/v2\/pages\/338"}],"collection":[{"href":"https:\/\/sandbox.mielmartine.fr\/fr\/wp-json\/wp\/v2\/pages"}],"about":[{"href":"https:\/\/sandbox.mielmartine.fr\/fr\/wp-json\/wp\/v2\/types\/page"}],"author":[{"embeddable":true,"href":"https:\/\/sandbox.mielmartine.fr\/fr\/wp-json\/wp\/v2\/users\/3"}],"replies":[{"embeddable":true,"href":"https:\/\/sandbox.mielmartine.fr\/fr\/wp-json\/wp\/v2\/comments?post=338"}],"version-history":[{"count":99,"href":"https:\/\/sandbox.mielmartine.fr\/fr\/wp-json\/wp\/v2\/pages\/338\/revisions"}],"predecessor-version":[{"id":14128,"href":"https:\/\/sandbox.mielmartine.fr\/fr\/wp-json\/wp\/v2\/pages\/338\/revisions\/14128"}],"wp:attachment":[{"href":"https:\/\/sandbox.mielmartine.fr\/fr\/wp-json\/wp\/v2\/media?parent=338"}],"curies":[{"name":"wp","href":"https:\/\/api.w.org\/{rel}","templated":true}]}}