{"id":3383,"date":"2019-04-08T15:50:42","date_gmt":"2019-04-08T13:50:42","guid":{"rendered":"https:\/\/www.mielmartine.fr\/?page_id=3383"},"modified":"2022-02-22T17:07:53","modified_gmt":"2022-02-22T16:07:53","slug":"essaim-sur-cadre","status":"publish","type":"page","link":"https:\/\/sandbox.mielmartine.fr\/fr\/essaim-sur-cadre\/","title":{"rendered":"Shop &#8211; Essaims et Ruchettes"},"content":{"rendered":"<div id='layer_slider_1'  class='avia-layerslider main_color avia-shadow  avia-builder-el-0  el_before_av_hr  avia-builder-el-first  container_wrap sidebar_right'  style='height: 578px;'  ><\/div><div id='after_layer_slider_1'  class='main_color av_default_container_wrap container_wrap sidebar_right'  ><div class='container av-section-cont-open' ><div class='template-page content  av-content-small alpha units'><div class='post-entry post-entry-type-page post-entry-3383'><div class='entry-content-wrapper clearfix'>\n\n<style type=\"text\/css\" data-created_by=\"avia_inline_auto\" id=\"style-css-av-tdj25z-5f7f2f9e02b9989dd35ac8eddc00e5a2\">\n#top .hr.hr-invisible.av-tdj25z-5f7f2f9e02b9989dd35ac8eddc00e5a2{\nheight:50px;\n}\n<\/style>\n<div  class='hr av-tdj25z-5f7f2f9e02b9989dd35ac8eddc00e5a2 hr-invisible  avia-builder-el-1  el_after_av_layerslider  el_before_av_productgrid  avia-builder-el-first  '><span class='hr-inner '><span class=\"hr-inner-style\"><\/span><\/span><\/div>\n<div   data-autoplay=''  data-interval='5'  data-animation='fade'  data-hoverpause='1'  class='template-shop avia-content-slider avia-content-grid-active avia-product-slider1 avia-content-slider-odd  avia-builder-el-2  el_after_av_hr  avia-builder-el-last  martine-product-grid  shop_columns_3' ><div class='avia-content-slider-inner'><ul class=\"products\"><li class=\"product type-product post-12793 status-publish first instock product_cat-essaims has-post-thumbnail taxable shipping-taxable purchasable product-type-variable has-default-attributes\">\n\t<div class='inner_product main_color wrapped_style noLightbox  av-product-class-'><div class='thumbnail_container'><img width=\"253\" height=\"450\" src=\"https:\/\/sandbox.mielmartine.fr\/wp-content\/uploads\/2022\/01\/photo-2-1-339x603.jpg\" class=\"wp-image-12879 avia-img-lazy-loading-12879 attachment-shop_catalog size-shop_catalog wp-post-image\" alt=\"\" decoding=\"async\" loading=\"lazy\" srcset=\"https:\/\/sandbox.mielmartine.fr\/wp-content\/uploads\/2022\/01\/photo-2-1-339x603.jpg 339w, https:\/\/sandbox.mielmartine.fr\/wp-content\/uploads\/2022\/01\/photo-2-1-169x300.jpg 169w, https:\/\/sandbox.mielmartine.fr\/wp-content\/uploads\/2022\/01\/photo-2-1-579x1030.jpg 579w, https:\/\/sandbox.mielmartine.fr\/wp-content\/uploads\/2022\/01\/photo-2-1-768x1365.jpg 768w, https:\/\/sandbox.mielmartine.fr\/wp-content\/uploads\/2022\/01\/photo-2-1-844x1500.jpg 844w, https:\/\/sandbox.mielmartine.fr\/wp-content\/uploads\/2022\/01\/photo-2-1-397x705.jpg 397w, https:\/\/sandbox.mielmartine.fr\/wp-content\/uploads\/2022\/01\/photo-2-1-225x400.jpg 225w, https:\/\/sandbox.mielmartine.fr\/wp-content\/uploads\/2022\/01\/photo-2-1-600x1067.jpg 600w, https:\/\/sandbox.mielmartine.fr\/wp-content\/uploads\/2022\/01\/photo-2-1.jpg 855w\" sizes=\"(max-width: 253px) 100vw, 253px\" \/><span class='rating_container'><div class=\"star-rating\" role=\"img\" aria-label=\"Note 4.92 sur 5\"><span style=\"width:98.4%\">Note <strong class=\"rating\">4.92<\/strong> sur 5<\/span><\/div><\/span><\/div><div class='inner_product_header'><div class='avia-arrow'><\/div><div class='inner_product_header_table'><div class='inner_product_header_cell'><\/div><\/div><\/div><div class='avia_cart_buttons single_button'><a href=\"https:\/\/sandbox.mielmartine.fr\/fr\/product\/essaim-frere-adam-sur-5-cadres-dadant-ruche-plastique\/\" data-quantity=\"1\" class=\"button wp-element-button product_type_variable add_to_cart_button\" data-product_id=\"12793\" data-product_sku=\"essaim-frere-adam-sur-5-cadres-dadant-ruche-plastique\" aria-label=\"S\u00e9lectionner les options pour &ldquo;Essaim Fr\u00e8re Adam sur 5 cadres Dadant + Ruchette polystyr\u00e8ne (en option)&rdquo;\" rel=\"nofollow\"><span aria-hidden='true' data-av_icon='\ue859' data-av_iconfont='entypo-fontello'><\/span> Choix des options<\/a><\/div><\/div><\/li>\n<li class=\"product type-product post-13144 status-publish instock product_cat-essaims has-post-thumbnail taxable shipping-taxable purchasable product-type-simple\">\n\t<div class='inner_product main_color wrapped_style noLightbox  av-product-class-'><div class='thumbnail_container'><img width=\"339\" height=\"450\" src=\"https:\/\/sandbox.mielmartine.fr\/wp-content\/uploads\/2022\/02\/c2d044eb-2e7f-4b55-85b8-fe3086359fae-339x450.jpg\" class=\"wp-image-13145 avia-img-lazy-loading-13145 attachment-shop_catalog size-shop_catalog wp-post-image\" alt=\"Ruchette Miel Martine\" decoding=\"async\" loading=\"lazy\" srcset=\"https:\/\/sandbox.mielmartine.fr\/wp-content\/uploads\/2022\/02\/c2d044eb-2e7f-4b55-85b8-fe3086359fae-339x450.jpg 339w, https:\/\/sandbox.mielmartine.fr\/wp-content\/uploads\/2022\/02\/c2d044eb-2e7f-4b55-85b8-fe3086359fae-226x300.jpg 226w, https:\/\/sandbox.mielmartine.fr\/wp-content\/uploads\/2022\/02\/c2d044eb-2e7f-4b55-85b8-fe3086359fae-531x705.jpg 531w, https:\/\/sandbox.mielmartine.fr\/wp-content\/uploads\/2022\/02\/c2d044eb-2e7f-4b55-85b8-fe3086359fae-301x400.jpg 301w, https:\/\/sandbox.mielmartine.fr\/wp-content\/uploads\/2022\/02\/c2d044eb-2e7f-4b55-85b8-fe3086359fae-600x796.jpg 600w, https:\/\/sandbox.mielmartine.fr\/wp-content\/uploads\/2022\/02\/c2d044eb-2e7f-4b55-85b8-fe3086359fae.jpg 606w\" sizes=\"(max-width: 339px) 100vw, 339px\" \/><span class='rating_container'><div class=\"star-rating\" role=\"img\" aria-label=\"Note 5.00 sur 5\"><span style=\"width:100%\">Note <strong class=\"rating\">5.00<\/strong> sur 5<\/span><\/div><\/span><span class='cart-loading'><\/span><\/div><div class='inner_product_header'><div class='avia-arrow'><\/div><div class='inner_product_header_table'><div class='inner_product_header_cell'><\/div><\/div><\/div><div class='avia_cart_buttons '><a href=\"?add-to-cart=13144\" data-quantity=\"1\" class=\"button wp-element-button product_type_simple add_to_cart_button ajax_add_to_cart\" data-product_id=\"13144\" data-product_sku=\"ruchette-stehr-dadant\" aria-label=\"Ajouter &ldquo;Ruchette Stehr Dadant&rdquo; \u00e0 votre panier\" rel=\"nofollow\"><span aria-hidden='true' data-av_icon='\ue859' data-av_iconfont='entypo-fontello'><\/span> Ajouter au panier<\/a><a class=\"button show_details_button\" href=\"https:\/\/sandbox.mielmartine.fr\/fr\/product\/ruchette-stehr-dadant\/\"><span aria-hidden='true' data-av_icon='\ue84b' data-av_iconfont='entypo-fontello'><\/span>  Voir les d\u00e9tails<\/a> <span class='button-mini-delimiter'><\/span><\/div><\/div><\/li>\n<\/ul><\/div><\/div><div class=\"clear\"><\/div>\n","protected":false},"excerpt":{"rendered":"","protected":false},"author":3,"featured_media":0,"parent":0,"menu_order":0,"comment_status":"closed","ping_status":"closed","template":"","meta":[],"acf":[],"yoast_head":"<!-- This site is optimized with the Yoast SEO plugin v20.1 - https:\/\/yoast.com\/wordpress\/plugins\/seo\/ -->\n<title>Achat d&#039;essaims d&#039;abeille - Miel Martine<\/title>\n<meta name=\"description\" content=\"La miellerie Miel Martine vous porpose ses essaims sur cadre, des essaims de qualit\u00e9 afin de permettre \u00e0 vos abeilles de produire le meilleur miel possible.\" \/>\n<meta name=\"robots\" content=\"index, follow, max-snippet:-1, max-image-preview:large, max-video-preview:-1\" \/>\n<link rel=\"canonical\" href=\"https:\/\/sandbox.mielmartine.fr\/fr\/essaim-sur-cadre\/\" \/>\n<meta property=\"og:locale\" content=\"fr_FR\" \/>\n<meta property=\"og:type\" content=\"article\" \/>\n<meta property=\"og:title\" content=\"Achat d&#039;essaims d&#039;abeille - Miel Martine\" \/>\n<meta property=\"og:description\" content=\"La miellerie Miel Martine vous porpose ses essaims sur cadre, des essaims de qualit\u00e9 afin de permettre \u00e0 vos abeilles de produire le meilleur miel possible.\" \/>\n<meta property=\"og:url\" content=\"https:\/\/sandbox.mielmartine.fr\/fr\/essaim-sur-cadre\/\" \/>\n<meta property=\"og:site_name\" content=\"Miel Martine\" \/>\n<meta property=\"article:publisher\" content=\"https:\/\/www.facebook.com\/mielmartine\/\" \/>\n<meta property=\"article:modified_time\" content=\"2022-02-22T16:07:53+00:00\" \/>\n<meta name=\"twitter:card\" content=\"summary_large_image\" \/>\n<meta name=\"twitter:label1\" content=\"Dur\u00e9e de lecture estim\u00e9e\" \/>\n\t<meta name=\"twitter:data1\" content=\"1 minute\" \/>\n<script type=\"application\/ld+json\" class=\"yoast-schema-graph\">{\"@context\":\"https:\/\/schema.org\",\"@graph\":[{\"@type\":\"WebPage\",\"@id\":\"https:\/\/sandbox.mielmartine.fr\/fr\/essaim-sur-cadre\/\",\"url\":\"https:\/\/sandbox.mielmartine.fr\/fr\/essaim-sur-cadre\/\",\"name\":\"Achat d'essaims d'abeille - Miel Martine\",\"isPartOf\":{\"@id\":\"https:\/\/sandbox.mielmartine.fr\/fr\/#website\"},\"datePublished\":\"2019-04-08T13:50:42+00:00\",\"dateModified\":\"2022-02-22T16:07:53+00:00\",\"description\":\"La miellerie Miel Martine vous porpose ses essaims sur cadre, des essaims de qualit\u00e9 afin de permettre \u00e0 vos abeilles de produire le meilleur miel possible.\",\"breadcrumb\":{\"@id\":\"https:\/\/sandbox.mielmartine.fr\/fr\/essaim-sur-cadre\/#breadcrumb\"},\"inLanguage\":\"fr-FR\",\"potentialAction\":[{\"@type\":\"ReadAction\",\"target\":[\"https:\/\/sandbox.mielmartine.fr\/fr\/essaim-sur-cadre\/\"]}]},{\"@type\":\"BreadcrumbList\",\"@id\":\"https:\/\/sandbox.mielmartine.fr\/fr\/essaim-sur-cadre\/#breadcrumb\",\"itemListElement\":[{\"@type\":\"ListItem\",\"position\":1,\"name\":\"Accueil\",\"item\":\"https:\/\/sandbox.mielmartine.fr\/en\/homepage\/\"},{\"@type\":\"ListItem\",\"position\":2,\"name\":\"Shop &#8211; Essaims et Ruchettes\"}]},{\"@type\":\"WebSite\",\"@id\":\"https:\/\/sandbox.mielmartine.fr\/fr\/#website\",\"url\":\"https:\/\/sandbox.mielmartine.fr\/fr\/\",\"name\":\"Miel Martine\",\"description\":\"Miels de France\",\"publisher\":{\"@id\":\"https:\/\/sandbox.mielmartine.fr\/fr\/#organization\"},\"potentialAction\":[{\"@type\":\"SearchAction\",\"target\":{\"@type\":\"EntryPoint\",\"urlTemplate\":\"https:\/\/sandbox.mielmartine.fr\/fr\/?s={search_term_string}\"},\"query-input\":\"required name=search_term_string\"}],\"inLanguage\":\"fr-FR\"},{\"@type\":\"Organization\",\"@id\":\"https:\/\/sandbox.mielmartine.fr\/fr\/#organization\",\"name\":\"Miel Martine\",\"url\":\"https:\/\/sandbox.mielmartine.fr\/fr\/\",\"logo\":{\"@type\":\"ImageObject\",\"inLanguage\":\"fr-FR\",\"@id\":\"https:\/\/sandbox.mielmartine.fr\/fr\/#\/schema\/logo\/image\/\",\"url\":\"https:\/\/sandbox.mielmartine.fr\/wp-content\/uploads\/2018\/05\/LOGO_TAGLINE_MARTINE-1.svg\",\"contentUrl\":\"https:\/\/sandbox.mielmartine.fr\/wp-content\/uploads\/2018\/05\/LOGO_TAGLINE_MARTINE-1.svg\",\"width\":1,\"height\":1,\"caption\":\"Miel Martine\"},\"image\":{\"@id\":\"https:\/\/sandbox.mielmartine.fr\/fr\/#\/schema\/logo\/image\/\"},\"sameAs\":[\"https:\/\/www.facebook.com\/mielmartine\/\",\"https:\/\/www.instagram.com\/mielmartine\/\",\"https:\/\/www.pinterest.fr\/martine4731\/\"]}]}<\/script>\n<!-- \/ Yoast SEO plugin. -->","yoast_head_json":{"title":"Achat d'essaims d'abeille - Miel Martine","description":"La miellerie Miel Martine vous porpose ses essaims sur cadre, des essaims de qualit\u00e9 afin de permettre \u00e0 vos abeilles de produire le meilleur miel possible.","robots":{"index":"index","follow":"follow","max-snippet":"max-snippet:-1","max-image-preview":"max-image-preview:large","max-video-preview":"max-video-preview:-1"},"canonical":"https:\/\/sandbox.mielmartine.fr\/fr\/essaim-sur-cadre\/","og_locale":"fr_FR","og_type":"article","og_title":"Achat d'essaims d'abeille - Miel Martine","og_description":"La miellerie Miel Martine vous porpose ses essaims sur cadre, des essaims de qualit\u00e9 afin de permettre \u00e0 vos abeilles de produire le meilleur miel possible.","og_url":"https:\/\/sandbox.mielmartine.fr\/fr\/essaim-sur-cadre\/","og_site_name":"Miel Martine","article_publisher":"https:\/\/www.facebook.com\/mielmartine\/","article_modified_time":"2022-02-22T16:07:53+00:00","twitter_card":"summary_large_image","twitter_misc":{"Dur\u00e9e de lecture estim\u00e9e":"1 minute"},"schema":{"@context":"https:\/\/schema.org","@graph":[{"@type":"WebPage","@id":"https:\/\/sandbox.mielmartine.fr\/fr\/essaim-sur-cadre\/","url":"https:\/\/sandbox.mielmartine.fr\/fr\/essaim-sur-cadre\/","name":"Achat d'essaims d'abeille - Miel Martine","isPartOf":{"@id":"https:\/\/sandbox.mielmartine.fr\/fr\/#website"},"datePublished":"2019-04-08T13:50:42+00:00","dateModified":"2022-02-22T16:07:53+00:00","description":"La miellerie Miel Martine vous porpose ses essaims sur cadre, des essaims de qualit\u00e9 afin de permettre \u00e0 vos abeilles de produire le meilleur miel possible.","breadcrumb":{"@id":"https:\/\/sandbox.mielmartine.fr\/fr\/essaim-sur-cadre\/#breadcrumb"},"inLanguage":"fr-FR","potentialAction":[{"@type":"ReadAction","target":["https:\/\/sandbox.mielmartine.fr\/fr\/essaim-sur-cadre\/"]}]},{"@type":"BreadcrumbList","@id":"https:\/\/sandbox.mielmartine.fr\/fr\/essaim-sur-cadre\/#breadcrumb","itemListElement":[{"@type":"ListItem","position":1,"name":"Accueil","item":"https:\/\/sandbox.mielmartine.fr\/en\/homepage\/"},{"@type":"ListItem","position":2,"name":"Shop &#8211; Essaims et Ruchettes"}]},{"@type":"WebSite","@id":"https:\/\/sandbox.mielmartine.fr\/fr\/#website","url":"https:\/\/sandbox.mielmartine.fr\/fr\/","name":"Miel Martine","description":"Miels de France","publisher":{"@id":"https:\/\/sandbox.mielmartine.fr\/fr\/#organization"},"potentialAction":[{"@type":"SearchAction","target":{"@type":"EntryPoint","urlTemplate":"https:\/\/sandbox.mielmartine.fr\/fr\/?s={search_term_string}"},"query-input":"required name=search_term_string"}],"inLanguage":"fr-FR"},{"@type":"Organization","@id":"https:\/\/sandbox.mielmartine.fr\/fr\/#organization","name":"Miel Martine","url":"https:\/\/sandbox.mielmartine.fr\/fr\/","logo":{"@type":"ImageObject","inLanguage":"fr-FR","@id":"https:\/\/sandbox.mielmartine.fr\/fr\/#\/schema\/logo\/image\/","url":"https:\/\/sandbox.mielmartine.fr\/wp-content\/uploads\/2018\/05\/LOGO_TAGLINE_MARTINE-1.svg","contentUrl":"https:\/\/sandbox.mielmartine.fr\/wp-content\/uploads\/2018\/05\/LOGO_TAGLINE_MARTINE-1.svg","width":1,"height":1,"caption":"Miel Martine"},"image":{"@id":"https:\/\/sandbox.mielmartine.fr\/fr\/#\/schema\/logo\/image\/"},"sameAs":["https:\/\/www.facebook.com\/mielmartine\/","https:\/\/www.instagram.com\/mielmartine\/","https:\/\/www.pinterest.fr\/martine4731\/"]}]}},"_links":{"self":[{"href":"https:\/\/sandbox.mielmartine.fr\/fr\/wp-json\/wp\/v2\/pages\/3383"}],"collection":[{"href":"https:\/\/sandbox.mielmartine.fr\/fr\/wp-json\/wp\/v2\/pages"}],"about":[{"href":"https:\/\/sandbox.mielmartine.fr\/fr\/wp-json\/wp\/v2\/types\/page"}],"author":[{"embeddable":true,"href":"https:\/\/sandbox.mielmartine.fr\/fr\/wp-json\/wp\/v2\/users\/3"}],"replies":[{"embeddable":true,"href":"https:\/\/sandbox.mielmartine.fr\/fr\/wp-json\/wp\/v2\/comments?post=3383"}],"version-history":[{"count":12,"href":"https:\/\/sandbox.mielmartine.fr\/fr\/wp-json\/wp\/v2\/pages\/3383\/revisions"}],"predecessor-version":[{"id":13143,"href":"https:\/\/sandbox.mielmartine.fr\/fr\/wp-json\/wp\/v2\/pages\/3383\/revisions\/13143"}],"wp:attachment":[{"href":"https:\/\/sandbox.mielmartine.fr\/fr\/wp-json\/wp\/v2\/media?parent=3383"}],"curies":[{"name":"wp","href":"https:\/\/api.w.org\/{rel}","templated":true}]}}