{"id":10819,"date":"2018-04-25T14:07:20","date_gmt":"2018-04-25T12:07:20","guid":{"rendered":"https:\/\/www.mielmartine.fr\/?post_type=product&#038;p=10819"},"modified":"2022-09-14T14:52:11","modified_gmt":"2022-09-14T12:52:11","slug":"coffret-gourmand-2-x-250g-cuilliere-a-miel-gravee","status":"publish","type":"product","link":"https:\/\/sandbox.mielmartine.fr\/fr\/product\/coffret-gourmand-2-x-250g-cuilliere-a-miel-gravee\/","title":{"rendered":"Coffret Gourmand 2 x 250g + Cuilli\u00e8re \u00e0 miel grav\u00e9e"},"content":{"rendered":"","protected":false},"excerpt":{"rendered":"<p>Le Coffret Gourmand comprend deux pots de miel 250gr accompagn\u00e9s d\u2019une jolie cuill\u00e8re en bois grav\u00e9e Tartine Martine. Ce coffret au design fleuri est id\u00e9al \u00e0 offrir en cadeau ou tout simplement pour vous faire plaisir\u00a0!<\/p>\n<p>&nbsp;<\/p>\n<p>Frais de livraison: 2,90 EUR (offerts d\u00e8s 30 EUR d&#8217;achat)<\/p>\n<p><a class=\"respectcode\" href=\"http:\/\/www.respect-code.org\/Search?search=501WFVH\" target=\"_blank\" rel=\"noopener noreferrer\">Acc\u00e9dez \u00e0 la tra\u00e7abilit\u00e9 de ce lot<\/a><\/p>\n<p><a href=\"http:\/\/www.respect-code.org\/Search?search=501WFVH\" target=\"_blank\" rel=\"noopener noreferrer\"><img decoding=\"async\" loading=\"lazy\" class=\"alignnone wp-image-5254 size-full\" src=\"https:\/\/sandbox.mielmartine.fr\/wp-content\/uploads\/2018\/09\/respectcode-1.png\" alt=\"\" width=\"150\" height=\"95\" srcset=\"https:\/\/sandbox.mielmartine.fr\/wp-content\/uploads\/2018\/09\/respectcode-1.png 150w, https:\/\/sandbox.mielmartine.fr\/wp-content\/uploads\/2018\/09\/respectcode-1-95x60.png 95w, https:\/\/sandbox.mielmartine.fr\/wp-content\/uploads\/2018\/09\/respectcode-1-142x90.png 142w\" sizes=\"(max-width: 150px) 100vw, 150px\" \/><\/a><\/p>\n","protected":false},"featured_media":10843,"comment_status":"open","ping_status":"closed","template":"","meta":[],"product_cat":[31],"product_tag":[],"acf":[],"yoast_head":"<!-- This site is optimized with the Yoast SEO plugin v20.1 - https:\/\/yoast.com\/wordpress\/plugins\/seo\/ -->\n<title>Coffret Gourmand 2 x 250g + Cuilli\u00e8re \u00e0 miel grav\u00e9e - Miel Martine<\/title>\n<meta name=\"description\" content=\"Coffret Gourmand, deux pots de miel 250gr accompagn\u00e9s d\u2019une jolie cuill\u00e8re en bois grav\u00e9e Tartine Martine.\" \/>\n<meta name=\"robots\" content=\"index, follow, max-snippet:-1, max-image-preview:large, max-video-preview:-1\" \/>\n<link rel=\"canonical\" href=\"https:\/\/sandbox.mielmartine.fr\/fr\/produit\/coffret-gourmand-2-x-250g-cuilliere-a-miel-gravee\/\" \/>\n<meta property=\"og:locale\" content=\"fr_FR\" \/>\n<meta property=\"og:type\" content=\"article\" \/>\n<meta property=\"og:title\" content=\"Coffret Gourmand 2 x 250g + Cuilli\u00e8re \u00e0 miel grav\u00e9e - Miel Martine\" \/>\n<meta property=\"og:description\" content=\"Coffret Gourmand, deux pots de miel 250gr accompagn\u00e9s d\u2019une jolie cuill\u00e8re en bois grav\u00e9e Tartine Martine.\" \/>\n<meta property=\"og:url\" content=\"https:\/\/sandbox.mielmartine.fr\/fr\/produit\/coffret-gourmand-2-x-250g-cuilliere-a-miel-gravee\/\" \/>\n<meta property=\"og:site_name\" content=\"Miel Martine\" \/>\n<meta property=\"article:publisher\" content=\"https:\/\/www.facebook.com\/mielmartine\/\" \/>\n<meta property=\"article:modified_time\" content=\"2022-09-14T12:52:11+00:00\" \/>\n<meta property=\"og:image\" content=\"https:\/\/sandbox.mielmartine.fr\/wp-content\/uploads\/2021\/05\/ZJa_82CA-e1620892082656.jpeg\" \/>\n\t<meta property=\"og:image:width\" content=\"1046\" \/>\n\t<meta property=\"og:image:height\" content=\"1500\" \/>\n\t<meta property=\"og:image:type\" content=\"image\/jpeg\" \/>\n<meta name=\"twitter:card\" content=\"summary_large_image\" \/>\n<script type=\"application\/ld+json\" class=\"yoast-schema-graph\">{\"@context\":\"https:\/\/schema.org\",\"@graph\":[{\"@type\":\"WebPage\",\"@id\":\"https:\/\/sandbox.mielmartine.fr\/fr\/produit\/coffret-gourmand-2-x-250g-cuilliere-a-miel-gravee\/\",\"url\":\"https:\/\/sandbox.mielmartine.fr\/fr\/produit\/coffret-gourmand-2-x-250g-cuilliere-a-miel-gravee\/\",\"name\":\"Coffret Gourmand 2 x 250g + Cuilli\u00e8re \u00e0 miel grav\u00e9e - Miel Martine\",\"isPartOf\":{\"@id\":\"https:\/\/sandbox.mielmartine.fr\/fr\/#website\"},\"datePublished\":\"2018-04-25T12:07:20+00:00\",\"dateModified\":\"2022-09-14T12:52:11+00:00\",\"description\":\"Coffret Gourmand, deux pots de miel 250gr accompagn\u00e9s d\u2019une jolie cuill\u00e8re en bois grav\u00e9e Tartine Martine.\",\"breadcrumb\":{\"@id\":\"https:\/\/sandbox.mielmartine.fr\/fr\/produit\/coffret-gourmand-2-x-250g-cuilliere-a-miel-gravee\/#breadcrumb\"},\"inLanguage\":\"fr-FR\",\"potentialAction\":[{\"@type\":\"ReadAction\",\"target\":[\"https:\/\/sandbox.mielmartine.fr\/fr\/produit\/coffret-gourmand-2-x-250g-cuilliere-a-miel-gravee\/\"]}]},{\"@type\":\"BreadcrumbList\",\"@id\":\"https:\/\/sandbox.mielmartine.fr\/fr\/produit\/coffret-gourmand-2-x-250g-cuilliere-a-miel-gravee\/#breadcrumb\",\"itemListElement\":[{\"@type\":\"ListItem\",\"position\":1,\"name\":\"Accueil\",\"item\":\"https:\/\/sandbox.mielmartine.fr\/en\/homepage\/\"},{\"@type\":\"ListItem\",\"position\":2,\"name\":\"Shop -default\",\"item\":\"https:\/\/sandbox.mielmartine.fr\/fr\/shop-default\/\"},{\"@type\":\"ListItem\",\"position\":3,\"name\":\"Coffret Gourmand 2 x 250g + Cuilli\u00e8re \u00e0 miel grav\u00e9e\"}]},{\"@type\":\"WebSite\",\"@id\":\"https:\/\/sandbox.mielmartine.fr\/fr\/#website\",\"url\":\"https:\/\/sandbox.mielmartine.fr\/fr\/\",\"name\":\"Miel Martine\",\"description\":\"Miels de France\",\"publisher\":{\"@id\":\"https:\/\/sandbox.mielmartine.fr\/fr\/#organization\"},\"potentialAction\":[{\"@type\":\"SearchAction\",\"target\":{\"@type\":\"EntryPoint\",\"urlTemplate\":\"https:\/\/sandbox.mielmartine.fr\/fr\/?s={search_term_string}\"},\"query-input\":\"required name=search_term_string\"}],\"inLanguage\":\"fr-FR\"},{\"@type\":\"Organization\",\"@id\":\"https:\/\/sandbox.mielmartine.fr\/fr\/#organization\",\"name\":\"Miel Martine\",\"url\":\"https:\/\/sandbox.mielmartine.fr\/fr\/\",\"logo\":{\"@type\":\"ImageObject\",\"inLanguage\":\"fr-FR\",\"@id\":\"https:\/\/sandbox.mielmartine.fr\/fr\/#\/schema\/logo\/image\/\",\"url\":\"https:\/\/sandbox.mielmartine.fr\/wp-content\/uploads\/2018\/05\/LOGO_TAGLINE_MARTINE-1.svg\",\"contentUrl\":\"https:\/\/sandbox.mielmartine.fr\/wp-content\/uploads\/2018\/05\/LOGO_TAGLINE_MARTINE-1.svg\",\"width\":1,\"height\":1,\"caption\":\"Miel Martine\"},\"image\":{\"@id\":\"https:\/\/sandbox.mielmartine.fr\/fr\/#\/schema\/logo\/image\/\"},\"sameAs\":[\"https:\/\/www.facebook.com\/mielmartine\/\",\"https:\/\/www.instagram.com\/mielmartine\/\",\"https:\/\/www.pinterest.fr\/martine4731\/\"]}]}<\/script>\n<!-- \/ Yoast SEO plugin. -->","yoast_head_json":{"title":"Coffret Gourmand 2 x 250g + Cuilli\u00e8re \u00e0 miel grav\u00e9e - Miel Martine","description":"Coffret Gourmand, deux pots de miel 250gr accompagn\u00e9s d\u2019une jolie cuill\u00e8re en bois grav\u00e9e Tartine Martine.","robots":{"index":"index","follow":"follow","max-snippet":"max-snippet:-1","max-image-preview":"max-image-preview:large","max-video-preview":"max-video-preview:-1"},"canonical":"https:\/\/sandbox.mielmartine.fr\/fr\/produit\/coffret-gourmand-2-x-250g-cuilliere-a-miel-gravee\/","og_locale":"fr_FR","og_type":"article","og_title":"Coffret Gourmand 2 x 250g + Cuilli\u00e8re \u00e0 miel grav\u00e9e - Miel Martine","og_description":"Coffret Gourmand, deux pots de miel 250gr accompagn\u00e9s d\u2019une jolie cuill\u00e8re en bois grav\u00e9e Tartine Martine.","og_url":"https:\/\/sandbox.mielmartine.fr\/fr\/produit\/coffret-gourmand-2-x-250g-cuilliere-a-miel-gravee\/","og_site_name":"Miel Martine","article_publisher":"https:\/\/www.facebook.com\/mielmartine\/","article_modified_time":"2022-09-14T12:52:11+00:00","og_image":[{"width":1046,"height":1500,"url":"https:\/\/sandbox.mielmartine.fr\/wp-content\/uploads\/2021\/05\/ZJa_82CA-e1620892082656.jpeg","type":"image\/jpeg"}],"twitter_card":"summary_large_image","schema":{"@context":"https:\/\/schema.org","@graph":[{"@type":"WebPage","@id":"https:\/\/sandbox.mielmartine.fr\/fr\/produit\/coffret-gourmand-2-x-250g-cuilliere-a-miel-gravee\/","url":"https:\/\/sandbox.mielmartine.fr\/fr\/produit\/coffret-gourmand-2-x-250g-cuilliere-a-miel-gravee\/","name":"Coffret Gourmand 2 x 250g + Cuilli\u00e8re \u00e0 miel grav\u00e9e - Miel Martine","isPartOf":{"@id":"https:\/\/sandbox.mielmartine.fr\/fr\/#website"},"datePublished":"2018-04-25T12:07:20+00:00","dateModified":"2022-09-14T12:52:11+00:00","description":"Coffret Gourmand, deux pots de miel 250gr accompagn\u00e9s d\u2019une jolie cuill\u00e8re en bois grav\u00e9e Tartine Martine.","breadcrumb":{"@id":"https:\/\/sandbox.mielmartine.fr\/fr\/produit\/coffret-gourmand-2-x-250g-cuilliere-a-miel-gravee\/#breadcrumb"},"inLanguage":"fr-FR","potentialAction":[{"@type":"ReadAction","target":["https:\/\/sandbox.mielmartine.fr\/fr\/produit\/coffret-gourmand-2-x-250g-cuilliere-a-miel-gravee\/"]}]},{"@type":"BreadcrumbList","@id":"https:\/\/sandbox.mielmartine.fr\/fr\/produit\/coffret-gourmand-2-x-250g-cuilliere-a-miel-gravee\/#breadcrumb","itemListElement":[{"@type":"ListItem","position":1,"name":"Accueil","item":"https:\/\/sandbox.mielmartine.fr\/en\/homepage\/"},{"@type":"ListItem","position":2,"name":"Shop -default","item":"https:\/\/sandbox.mielmartine.fr\/fr\/shop-default\/"},{"@type":"ListItem","position":3,"name":"Coffret Gourmand 2 x 250g + Cuilli\u00e8re \u00e0 miel grav\u00e9e"}]},{"@type":"WebSite","@id":"https:\/\/sandbox.mielmartine.fr\/fr\/#website","url":"https:\/\/sandbox.mielmartine.fr\/fr\/","name":"Miel Martine","description":"Miels de France","publisher":{"@id":"https:\/\/sandbox.mielmartine.fr\/fr\/#organization"},"potentialAction":[{"@type":"SearchAction","target":{"@type":"EntryPoint","urlTemplate":"https:\/\/sandbox.mielmartine.fr\/fr\/?s={search_term_string}"},"query-input":"required name=search_term_string"}],"inLanguage":"fr-FR"},{"@type":"Organization","@id":"https:\/\/sandbox.mielmartine.fr\/fr\/#organization","name":"Miel Martine","url":"https:\/\/sandbox.mielmartine.fr\/fr\/","logo":{"@type":"ImageObject","inLanguage":"fr-FR","@id":"https:\/\/sandbox.mielmartine.fr\/fr\/#\/schema\/logo\/image\/","url":"https:\/\/sandbox.mielmartine.fr\/wp-content\/uploads\/2018\/05\/LOGO_TAGLINE_MARTINE-1.svg","contentUrl":"https:\/\/sandbox.mielmartine.fr\/wp-content\/uploads\/2018\/05\/LOGO_TAGLINE_MARTINE-1.svg","width":1,"height":1,"caption":"Miel Martine"},"image":{"@id":"https:\/\/sandbox.mielmartine.fr\/fr\/#\/schema\/logo\/image\/"},"sameAs":["https:\/\/www.facebook.com\/mielmartine\/","https:\/\/www.instagram.com\/mielmartine\/","https:\/\/www.pinterest.fr\/martine4731\/"]}]}},"_links":{"self":[{"href":"https:\/\/sandbox.mielmartine.fr\/fr\/wp-json\/wp\/v2\/product\/10819"}],"collection":[{"href":"https:\/\/sandbox.mielmartine.fr\/fr\/wp-json\/wp\/v2\/product"}],"about":[{"href":"https:\/\/sandbox.mielmartine.fr\/fr\/wp-json\/wp\/v2\/types\/product"}],"replies":[{"embeddable":true,"href":"https:\/\/sandbox.mielmartine.fr\/fr\/wp-json\/wp\/v2\/comments?post=10819"}],"wp:featuredmedia":[{"embeddable":true,"href":"https:\/\/sandbox.mielmartine.fr\/fr\/wp-json\/wp\/v2\/media\/10843"}],"wp:attachment":[{"href":"https:\/\/sandbox.mielmartine.fr\/fr\/wp-json\/wp\/v2\/media?parent=10819"}],"wp:term":[{"taxonomy":"product_cat","embeddable":true,"href":"https:\/\/sandbox.mielmartine.fr\/fr\/wp-json\/wp\/v2\/product_cat?post=10819"},{"taxonomy":"product_tag","embeddable":true,"href":"https:\/\/sandbox.mielmartine.fr\/fr\/wp-json\/wp\/v2\/product_tag?post=10819"}],"curies":[{"name":"wp","href":"https:\/\/api.w.org\/{rel}","templated":true}]}}