{"id":12793,"date":"2022-01-17T07:50:23","date_gmt":"2022-01-17T06:50:23","guid":{"rendered":"https:\/\/www.mielmartine.fr\/?post_type=product&#038;p=12793"},"modified":"2022-09-14T14:34:26","modified_gmt":"2022-09-14T12:34:26","slug":"essaim-frere-adam-sur-5-cadres-dadant-ruche-plastique","status":"publish","type":"product","link":"https:\/\/sandbox.mielmartine.fr\/fr\/product\/essaim-frere-adam-sur-5-cadres-dadant-ruche-plastique\/","title":{"rendered":"Essaim Fr\u00e8re Adam sur 5 cadres Dadant + Ruchette polystyr\u00e8ne (en option)"},"content":{"rendered":"","protected":false},"excerpt":{"rendered":"<p>Essaims Buckfast hivern\u00e9s, de notre production (Var) sur 5 cadres Dadant droit dont 3 cadres de couvain, 1 cadre de provision et 1 cadre b\u00e2ti, reine f\u00e9cond\u00e9e de notre s\u00e9lection marqu\u00e9e de l&#8217;ann\u00e9e.<\/p>\n<p>Abeilles dociles avec un bon instinct de d\u00e9fense.<\/p>\n<p>Disponibilit\u00e9s :<\/p>\n<ul>\n<li>1er avril 2022<\/li>\n<li>15 avril 2022<\/li>\n<li>1er mai 2022<\/li>\n<\/ul>\n<p>Commande \u00e0 venir r\u00e9cup\u00e9rer \u00e0 la Miellerie \u00e0 Seillans (Var) ou \u00e0 Rosoy (89100) Pour le retrait \u00e0 Rosey, les abeilles vous serons amen\u00e9s dans des ruchettes en cartons. Pour le retrait \u00e0 Seillans vous devez venir avec vos ruches.<\/p>\n<p>La choix du lieu de retrait se fait \u00e0 la fin de la commande. L&#8217;adresse exacte \u00e0 Rosoy vous sera communiqu\u00e9e par mail.<\/p>\n<p>Pour le retrait \u00e0 Rosoy et si vous avez avez choisi l&#8217;option sans la ruchette, elle seront fournies en boite en carton.<\/p>\n<p>Aides FranceAgrimer possibles sous certaines conditions<\/p>\n","protected":false},"featured_media":12879,"comment_status":"open","ping_status":"closed","template":"","meta":[],"product_cat":[45],"product_tag":[],"acf":[],"yoast_head":"<!-- This site is optimized with the Yoast SEO plugin v20.1 - https:\/\/yoast.com\/wordpress\/plugins\/seo\/ -->\n<title>Apiculture : Essaim Fr\u00e8re Adam sur 5 cadres Dadant - Miel Martine<\/title>\n<meta name=\"description\" content=\"Essaims sur 5 cadres Dadant droit dont 3 cadres de couvain, 1 cadre de provision et 1 cadre b\u00e2ti, reine f\u00e9cond\u00e9e (F1) de notre s\u00e9lection marqu\u00e9e de l\u2019ann\u00e9e.\" \/>\n<meta name=\"robots\" content=\"index, follow, max-snippet:-1, max-image-preview:large, max-video-preview:-1\" \/>\n<link rel=\"canonical\" href=\"https:\/\/sandbox.mielmartine.fr\/fr\/produit\/essaim-frere-adam-sur-5-cadres-dadant-ruche-plastique\/\" \/>\n<meta property=\"og:locale\" content=\"fr_FR\" \/>\n<meta property=\"og:type\" content=\"article\" \/>\n<meta property=\"og:title\" content=\"Apiculture : Essaim Fr\u00e8re Adam sur 5 cadres Dadant - Miel Martine\" \/>\n<meta property=\"og:description\" content=\"Essaims sur 5 cadres Dadant droit dont 3 cadres de couvain, 1 cadre de provision et 1 cadre b\u00e2ti, reine f\u00e9cond\u00e9e (F1) de notre s\u00e9lection marqu\u00e9e de l\u2019ann\u00e9e.\" \/>\n<meta property=\"og:url\" content=\"https:\/\/sandbox.mielmartine.fr\/fr\/produit\/essaim-frere-adam-sur-5-cadres-dadant-ruche-plastique\/\" \/>\n<meta property=\"og:site_name\" content=\"Miel Martine\" \/>\n<meta property=\"article:publisher\" content=\"https:\/\/www.facebook.com\/mielmartine\/\" \/>\n<meta property=\"article:modified_time\" content=\"2022-09-14T12:34:26+00:00\" \/>\n<meta property=\"og:image\" content=\"https:\/\/sandbox.mielmartine.fr\/wp-content\/uploads\/2022\/01\/photo-2-1.jpg\" \/>\n\t<meta property=\"og:image:width\" content=\"855\" \/>\n\t<meta property=\"og:image:height\" content=\"1520\" \/>\n\t<meta property=\"og:image:type\" content=\"image\/jpeg\" \/>\n<meta name=\"twitter:card\" content=\"summary_large_image\" \/>\n<script type=\"application\/ld+json\" class=\"yoast-schema-graph\">{\"@context\":\"https:\/\/schema.org\",\"@graph\":[{\"@type\":\"WebPage\",\"@id\":\"https:\/\/sandbox.mielmartine.fr\/fr\/produit\/essaim-frere-adam-sur-5-cadres-dadant-ruche-plastique\/\",\"url\":\"https:\/\/sandbox.mielmartine.fr\/fr\/produit\/essaim-frere-adam-sur-5-cadres-dadant-ruche-plastique\/\",\"name\":\"Apiculture : Essaim Fr\u00e8re Adam sur 5 cadres Dadant - Miel Martine\",\"isPartOf\":{\"@id\":\"https:\/\/sandbox.mielmartine.fr\/fr\/#website\"},\"datePublished\":\"2022-01-17T06:50:23+00:00\",\"dateModified\":\"2022-09-14T12:34:26+00:00\",\"description\":\"Essaims sur 5 cadres Dadant droit dont 3 cadres de couvain, 1 cadre de provision et 1 cadre b\u00e2ti, reine f\u00e9cond\u00e9e (F1) de notre s\u00e9lection marqu\u00e9e de l\u2019ann\u00e9e.\",\"breadcrumb\":{\"@id\":\"https:\/\/sandbox.mielmartine.fr\/fr\/produit\/essaim-frere-adam-sur-5-cadres-dadant-ruche-plastique\/#breadcrumb\"},\"inLanguage\":\"fr-FR\",\"potentialAction\":[{\"@type\":\"ReadAction\",\"target\":[\"https:\/\/sandbox.mielmartine.fr\/fr\/produit\/essaim-frere-adam-sur-5-cadres-dadant-ruche-plastique\/\"]}]},{\"@type\":\"BreadcrumbList\",\"@id\":\"https:\/\/sandbox.mielmartine.fr\/fr\/produit\/essaim-frere-adam-sur-5-cadres-dadant-ruche-plastique\/#breadcrumb\",\"itemListElement\":[{\"@type\":\"ListItem\",\"position\":1,\"name\":\"Accueil\",\"item\":\"https:\/\/sandbox.mielmartine.fr\/en\/homepage\/\"},{\"@type\":\"ListItem\",\"position\":2,\"name\":\"Shop -default\",\"item\":\"https:\/\/sandbox.mielmartine.fr\/fr\/shop-default\/\"},{\"@type\":\"ListItem\",\"position\":3,\"name\":\"Essaim Fr\u00e8re Adam sur 5 cadres Dadant + Ruchette polystyr\u00e8ne (en option)\"}]},{\"@type\":\"WebSite\",\"@id\":\"https:\/\/sandbox.mielmartine.fr\/fr\/#website\",\"url\":\"https:\/\/sandbox.mielmartine.fr\/fr\/\",\"name\":\"Miel Martine\",\"description\":\"Miels de France\",\"publisher\":{\"@id\":\"https:\/\/sandbox.mielmartine.fr\/fr\/#organization\"},\"potentialAction\":[{\"@type\":\"SearchAction\",\"target\":{\"@type\":\"EntryPoint\",\"urlTemplate\":\"https:\/\/sandbox.mielmartine.fr\/fr\/?s={search_term_string}\"},\"query-input\":\"required name=search_term_string\"}],\"inLanguage\":\"fr-FR\"},{\"@type\":\"Organization\",\"@id\":\"https:\/\/sandbox.mielmartine.fr\/fr\/#organization\",\"name\":\"Miel Martine\",\"url\":\"https:\/\/sandbox.mielmartine.fr\/fr\/\",\"logo\":{\"@type\":\"ImageObject\",\"inLanguage\":\"fr-FR\",\"@id\":\"https:\/\/sandbox.mielmartine.fr\/fr\/#\/schema\/logo\/image\/\",\"url\":\"https:\/\/sandbox.mielmartine.fr\/wp-content\/uploads\/2018\/05\/LOGO_TAGLINE_MARTINE-1.svg\",\"contentUrl\":\"https:\/\/sandbox.mielmartine.fr\/wp-content\/uploads\/2018\/05\/LOGO_TAGLINE_MARTINE-1.svg\",\"width\":1,\"height\":1,\"caption\":\"Miel Martine\"},\"image\":{\"@id\":\"https:\/\/sandbox.mielmartine.fr\/fr\/#\/schema\/logo\/image\/\"},\"sameAs\":[\"https:\/\/www.facebook.com\/mielmartine\/\",\"https:\/\/www.instagram.com\/mielmartine\/\",\"https:\/\/www.pinterest.fr\/martine4731\/\"]}]}<\/script>\n<!-- \/ Yoast SEO plugin. -->","yoast_head_json":{"title":"Apiculture : Essaim Fr\u00e8re Adam sur 5 cadres Dadant - Miel Martine","description":"Essaims sur 5 cadres Dadant droit dont 3 cadres de couvain, 1 cadre de provision et 1 cadre b\u00e2ti, reine f\u00e9cond\u00e9e (F1) de notre s\u00e9lection marqu\u00e9e de l\u2019ann\u00e9e.","robots":{"index":"index","follow":"follow","max-snippet":"max-snippet:-1","max-image-preview":"max-image-preview:large","max-video-preview":"max-video-preview:-1"},"canonical":"https:\/\/sandbox.mielmartine.fr\/fr\/produit\/essaim-frere-adam-sur-5-cadres-dadant-ruche-plastique\/","og_locale":"fr_FR","og_type":"article","og_title":"Apiculture : Essaim Fr\u00e8re Adam sur 5 cadres Dadant - Miel Martine","og_description":"Essaims sur 5 cadres Dadant droit dont 3 cadres de couvain, 1 cadre de provision et 1 cadre b\u00e2ti, reine f\u00e9cond\u00e9e (F1) de notre s\u00e9lection marqu\u00e9e de l\u2019ann\u00e9e.","og_url":"https:\/\/sandbox.mielmartine.fr\/fr\/produit\/essaim-frere-adam-sur-5-cadres-dadant-ruche-plastique\/","og_site_name":"Miel Martine","article_publisher":"https:\/\/www.facebook.com\/mielmartine\/","article_modified_time":"2022-09-14T12:34:26+00:00","og_image":[{"width":855,"height":1520,"url":"https:\/\/sandbox.mielmartine.fr\/wp-content\/uploads\/2022\/01\/photo-2-1.jpg","type":"image\/jpeg"}],"twitter_card":"summary_large_image","schema":{"@context":"https:\/\/schema.org","@graph":[{"@type":"WebPage","@id":"https:\/\/sandbox.mielmartine.fr\/fr\/produit\/essaim-frere-adam-sur-5-cadres-dadant-ruche-plastique\/","url":"https:\/\/sandbox.mielmartine.fr\/fr\/produit\/essaim-frere-adam-sur-5-cadres-dadant-ruche-plastique\/","name":"Apiculture : Essaim Fr\u00e8re Adam sur 5 cadres Dadant - Miel Martine","isPartOf":{"@id":"https:\/\/sandbox.mielmartine.fr\/fr\/#website"},"datePublished":"2022-01-17T06:50:23+00:00","dateModified":"2022-09-14T12:34:26+00:00","description":"Essaims sur 5 cadres Dadant droit dont 3 cadres de couvain, 1 cadre de provision et 1 cadre b\u00e2ti, reine f\u00e9cond\u00e9e (F1) de notre s\u00e9lection marqu\u00e9e de l\u2019ann\u00e9e.","breadcrumb":{"@id":"https:\/\/sandbox.mielmartine.fr\/fr\/produit\/essaim-frere-adam-sur-5-cadres-dadant-ruche-plastique\/#breadcrumb"},"inLanguage":"fr-FR","potentialAction":[{"@type":"ReadAction","target":["https:\/\/sandbox.mielmartine.fr\/fr\/produit\/essaim-frere-adam-sur-5-cadres-dadant-ruche-plastique\/"]}]},{"@type":"BreadcrumbList","@id":"https:\/\/sandbox.mielmartine.fr\/fr\/produit\/essaim-frere-adam-sur-5-cadres-dadant-ruche-plastique\/#breadcrumb","itemListElement":[{"@type":"ListItem","position":1,"name":"Accueil","item":"https:\/\/sandbox.mielmartine.fr\/en\/homepage\/"},{"@type":"ListItem","position":2,"name":"Shop -default","item":"https:\/\/sandbox.mielmartine.fr\/fr\/shop-default\/"},{"@type":"ListItem","position":3,"name":"Essaim Fr\u00e8re Adam sur 5 cadres Dadant + Ruchette polystyr\u00e8ne (en option)"}]},{"@type":"WebSite","@id":"https:\/\/sandbox.mielmartine.fr\/fr\/#website","url":"https:\/\/sandbox.mielmartine.fr\/fr\/","name":"Miel Martine","description":"Miels de France","publisher":{"@id":"https:\/\/sandbox.mielmartine.fr\/fr\/#organization"},"potentialAction":[{"@type":"SearchAction","target":{"@type":"EntryPoint","urlTemplate":"https:\/\/sandbox.mielmartine.fr\/fr\/?s={search_term_string}"},"query-input":"required name=search_term_string"}],"inLanguage":"fr-FR"},{"@type":"Organization","@id":"https:\/\/sandbox.mielmartine.fr\/fr\/#organization","name":"Miel Martine","url":"https:\/\/sandbox.mielmartine.fr\/fr\/","logo":{"@type":"ImageObject","inLanguage":"fr-FR","@id":"https:\/\/sandbox.mielmartine.fr\/fr\/#\/schema\/logo\/image\/","url":"https:\/\/sandbox.mielmartine.fr\/wp-content\/uploads\/2018\/05\/LOGO_TAGLINE_MARTINE-1.svg","contentUrl":"https:\/\/sandbox.mielmartine.fr\/wp-content\/uploads\/2018\/05\/LOGO_TAGLINE_MARTINE-1.svg","width":1,"height":1,"caption":"Miel Martine"},"image":{"@id":"https:\/\/sandbox.mielmartine.fr\/fr\/#\/schema\/logo\/image\/"},"sameAs":["https:\/\/www.facebook.com\/mielmartine\/","https:\/\/www.instagram.com\/mielmartine\/","https:\/\/www.pinterest.fr\/martine4731\/"]}]}},"_links":{"self":[{"href":"https:\/\/sandbox.mielmartine.fr\/fr\/wp-json\/wp\/v2\/product\/12793"}],"collection":[{"href":"https:\/\/sandbox.mielmartine.fr\/fr\/wp-json\/wp\/v2\/product"}],"about":[{"href":"https:\/\/sandbox.mielmartine.fr\/fr\/wp-json\/wp\/v2\/types\/product"}],"replies":[{"embeddable":true,"href":"https:\/\/sandbox.mielmartine.fr\/fr\/wp-json\/wp\/v2\/comments?post=12793"}],"wp:featuredmedia":[{"embeddable":true,"href":"https:\/\/sandbox.mielmartine.fr\/fr\/wp-json\/wp\/v2\/media\/12879"}],"wp:attachment":[{"href":"https:\/\/sandbox.mielmartine.fr\/fr\/wp-json\/wp\/v2\/media?parent=12793"}],"wp:term":[{"taxonomy":"product_cat","embeddable":true,"href":"https:\/\/sandbox.mielmartine.fr\/fr\/wp-json\/wp\/v2\/product_cat?post=12793"},{"taxonomy":"product_tag","embeddable":true,"href":"https:\/\/sandbox.mielmartine.fr\/fr\/wp-json\/wp\/v2\/product_tag?post=12793"}],"curies":[{"name":"wp","href":"https:\/\/api.w.org\/{rel}","templated":true}]}}