{"id":13144,"date":"2022-02-22T17:35:28","date_gmt":"2022-02-22T16:35:28","guid":{"rendered":"https:\/\/www.mielmartine.fr\/?post_type=product&#038;p=13144"},"modified":"2022-09-14T14:34:01","modified_gmt":"2022-09-14T12:34:01","slug":"ruchette-stehr-dadant","status":"publish","type":"product","link":"https:\/\/sandbox.mielmartine.fr\/fr\/product\/ruchette-stehr-dadant\/","title":{"rendered":"Ruchette Stehr Dadant"},"content":{"rendered":"","protected":false},"excerpt":{"rendered":"<p>Ruchette Stehr, Dadant 6 cadres est fabriqu\u00e9e en polystyr\u00e8ne haute densit\u00e9 et dispose d&#8217;une a\u00e9ration grillag\u00e9e sur la longueur du plateau. Elle est id\u00e9ale pour accueillir vos essaims.<\/p>\n<p>Elle est compos\u00e9e :<br \/>\n&#8211; un couvercle en polystyr\u00e8ne,<br \/>\n&#8211; une cr\u00e9maill\u00e8re en polystyr\u00e8ne pour y poser les cadres.<\/p>\n<p>&nbsp;<\/p>\n<p>Dimensions\u00a0: 510 x 275 mm<\/p>\n<p>La ruchette est vendue sans cadres.<\/p>\n<p>&nbsp;<\/p>\n<p>Transport :<\/p>\n<p>1 ruchette : 9 EUR<br \/>\n2-5 ruchettes : 30 EUR<br \/>\n5 ruchettes et plus: 60 EUR<\/p>\n","protected":false},"featured_media":13145,"comment_status":"open","ping_status":"closed","template":"","meta":[],"product_cat":[45],"product_tag":[],"acf":[],"yoast_head":"<!-- This site is optimized with the Yoast SEO plugin v20.1 - https:\/\/yoast.com\/wordpress\/plugins\/seo\/ -->\n<title>Ruchette Stehr Dadant - Miel Martine<\/title>\n<meta name=\"robots\" content=\"index, follow, max-snippet:-1, max-image-preview:large, max-video-preview:-1\" \/>\n<link rel=\"canonical\" href=\"https:\/\/sandbox.mielmartine.fr\/fr\/produit\/ruchette-stehr-dadant\/\" \/>\n<meta property=\"og:locale\" content=\"fr_FR\" \/>\n<meta property=\"og:type\" content=\"article\" \/>\n<meta property=\"og:title\" content=\"Ruchette Stehr Dadant - Miel Martine\" \/>\n<meta property=\"og:description\" content=\"Ruchette Stehr, Dadant 6 cadres est fabriqu\u00e9e en polystyr\u00e8ne haute densit\u00e9 et dispose d&#039;une a\u00e9ration grillag\u00e9e sur la longueur du plateau. Elle est id\u00e9ale pour accueillir vos essaims.  Elle est compos\u00e9e : - un couvercle en polystyr\u00e8ne, - une cr\u00e9maill\u00e8re en polystyr\u00e8ne pour y poser les cadres.  &nbsp;  Dimensions\u00a0: 510 x 275 mm  La ruchette est vendue sans cadres.  &nbsp;  Transport :  1 ruchette : 9 EUR 2-5 ruchettes : 30 EUR 5 ruchettes et plus: 60 EUR\" \/>\n<meta property=\"og:url\" content=\"https:\/\/sandbox.mielmartine.fr\/fr\/produit\/ruchette-stehr-dadant\/\" \/>\n<meta property=\"og:site_name\" content=\"Miel Martine\" \/>\n<meta property=\"article:publisher\" content=\"https:\/\/www.facebook.com\/mielmartine\/\" \/>\n<meta property=\"article:modified_time\" content=\"2022-09-14T12:34:01+00:00\" \/>\n<meta property=\"og:image\" content=\"https:\/\/sandbox.mielmartine.fr\/wp-content\/uploads\/2022\/02\/c2d044eb-2e7f-4b55-85b8-fe3086359fae.jpg\" \/>\n\t<meta property=\"og:image:width\" content=\"606\" \/>\n\t<meta property=\"og:image:height\" content=\"804\" \/>\n\t<meta property=\"og:image:type\" content=\"image\/jpeg\" \/>\n<meta name=\"twitter:card\" content=\"summary_large_image\" \/>\n<script type=\"application\/ld+json\" class=\"yoast-schema-graph\">{\"@context\":\"https:\/\/schema.org\",\"@graph\":[{\"@type\":\"WebPage\",\"@id\":\"https:\/\/sandbox.mielmartine.fr\/fr\/produit\/ruchette-stehr-dadant\/\",\"url\":\"https:\/\/sandbox.mielmartine.fr\/fr\/produit\/ruchette-stehr-dadant\/\",\"name\":\"Ruchette Stehr Dadant - Miel Martine\",\"isPartOf\":{\"@id\":\"https:\/\/sandbox.mielmartine.fr\/fr\/#website\"},\"datePublished\":\"2022-02-22T16:35:28+00:00\",\"dateModified\":\"2022-09-14T12:34:01+00:00\",\"breadcrumb\":{\"@id\":\"https:\/\/sandbox.mielmartine.fr\/fr\/produit\/ruchette-stehr-dadant\/#breadcrumb\"},\"inLanguage\":\"fr-FR\",\"potentialAction\":[{\"@type\":\"ReadAction\",\"target\":[\"https:\/\/sandbox.mielmartine.fr\/fr\/produit\/ruchette-stehr-dadant\/\"]}]},{\"@type\":\"BreadcrumbList\",\"@id\":\"https:\/\/sandbox.mielmartine.fr\/fr\/produit\/ruchette-stehr-dadant\/#breadcrumb\",\"itemListElement\":[{\"@type\":\"ListItem\",\"position\":1,\"name\":\"Accueil\",\"item\":\"https:\/\/sandbox.mielmartine.fr\/en\/homepage\/\"},{\"@type\":\"ListItem\",\"position\":2,\"name\":\"Shop -default\",\"item\":\"https:\/\/sandbox.mielmartine.fr\/fr\/shop-default\/\"},{\"@type\":\"ListItem\",\"position\":3,\"name\":\"Ruchette Stehr Dadant\"}]},{\"@type\":\"WebSite\",\"@id\":\"https:\/\/sandbox.mielmartine.fr\/fr\/#website\",\"url\":\"https:\/\/sandbox.mielmartine.fr\/fr\/\",\"name\":\"Miel Martine\",\"description\":\"Miels de France\",\"publisher\":{\"@id\":\"https:\/\/sandbox.mielmartine.fr\/fr\/#organization\"},\"potentialAction\":[{\"@type\":\"SearchAction\",\"target\":{\"@type\":\"EntryPoint\",\"urlTemplate\":\"https:\/\/sandbox.mielmartine.fr\/fr\/?s={search_term_string}\"},\"query-input\":\"required name=search_term_string\"}],\"inLanguage\":\"fr-FR\"},{\"@type\":\"Organization\",\"@id\":\"https:\/\/sandbox.mielmartine.fr\/fr\/#organization\",\"name\":\"Miel Martine\",\"url\":\"https:\/\/sandbox.mielmartine.fr\/fr\/\",\"logo\":{\"@type\":\"ImageObject\",\"inLanguage\":\"fr-FR\",\"@id\":\"https:\/\/sandbox.mielmartine.fr\/fr\/#\/schema\/logo\/image\/\",\"url\":\"https:\/\/sandbox.mielmartine.fr\/wp-content\/uploads\/2018\/05\/LOGO_TAGLINE_MARTINE-1.svg\",\"contentUrl\":\"https:\/\/sandbox.mielmartine.fr\/wp-content\/uploads\/2018\/05\/LOGO_TAGLINE_MARTINE-1.svg\",\"width\":1,\"height\":1,\"caption\":\"Miel Martine\"},\"image\":{\"@id\":\"https:\/\/sandbox.mielmartine.fr\/fr\/#\/schema\/logo\/image\/\"},\"sameAs\":[\"https:\/\/www.facebook.com\/mielmartine\/\",\"https:\/\/www.instagram.com\/mielmartine\/\",\"https:\/\/www.pinterest.fr\/martine4731\/\"]}]}<\/script>\n<!-- \/ Yoast SEO plugin. -->","yoast_head_json":{"title":"Ruchette Stehr Dadant - Miel Martine","robots":{"index":"index","follow":"follow","max-snippet":"max-snippet:-1","max-image-preview":"max-image-preview:large","max-video-preview":"max-video-preview:-1"},"canonical":"https:\/\/sandbox.mielmartine.fr\/fr\/produit\/ruchette-stehr-dadant\/","og_locale":"fr_FR","og_type":"article","og_title":"Ruchette Stehr Dadant - Miel Martine","og_description":"Ruchette Stehr, Dadant 6 cadres est fabriqu\u00e9e en polystyr\u00e8ne haute densit\u00e9 et dispose d'une a\u00e9ration grillag\u00e9e sur la longueur du plateau. Elle est id\u00e9ale pour accueillir vos essaims.  Elle est compos\u00e9e : - un couvercle en polystyr\u00e8ne, - une cr\u00e9maill\u00e8re en polystyr\u00e8ne pour y poser les cadres.  &nbsp;  Dimensions\u00a0: 510 x 275 mm  La ruchette est vendue sans cadres.  &nbsp;  Transport :  1 ruchette : 9 EUR 2-5 ruchettes : 30 EUR 5 ruchettes et plus: 60 EUR","og_url":"https:\/\/sandbox.mielmartine.fr\/fr\/produit\/ruchette-stehr-dadant\/","og_site_name":"Miel Martine","article_publisher":"https:\/\/www.facebook.com\/mielmartine\/","article_modified_time":"2022-09-14T12:34:01+00:00","og_image":[{"width":606,"height":804,"url":"https:\/\/sandbox.mielmartine.fr\/wp-content\/uploads\/2022\/02\/c2d044eb-2e7f-4b55-85b8-fe3086359fae.jpg","type":"image\/jpeg"}],"twitter_card":"summary_large_image","schema":{"@context":"https:\/\/schema.org","@graph":[{"@type":"WebPage","@id":"https:\/\/sandbox.mielmartine.fr\/fr\/produit\/ruchette-stehr-dadant\/","url":"https:\/\/sandbox.mielmartine.fr\/fr\/produit\/ruchette-stehr-dadant\/","name":"Ruchette Stehr Dadant - Miel Martine","isPartOf":{"@id":"https:\/\/sandbox.mielmartine.fr\/fr\/#website"},"datePublished":"2022-02-22T16:35:28+00:00","dateModified":"2022-09-14T12:34:01+00:00","breadcrumb":{"@id":"https:\/\/sandbox.mielmartine.fr\/fr\/produit\/ruchette-stehr-dadant\/#breadcrumb"},"inLanguage":"fr-FR","potentialAction":[{"@type":"ReadAction","target":["https:\/\/sandbox.mielmartine.fr\/fr\/produit\/ruchette-stehr-dadant\/"]}]},{"@type":"BreadcrumbList","@id":"https:\/\/sandbox.mielmartine.fr\/fr\/produit\/ruchette-stehr-dadant\/#breadcrumb","itemListElement":[{"@type":"ListItem","position":1,"name":"Accueil","item":"https:\/\/sandbox.mielmartine.fr\/en\/homepage\/"},{"@type":"ListItem","position":2,"name":"Shop -default","item":"https:\/\/sandbox.mielmartine.fr\/fr\/shop-default\/"},{"@type":"ListItem","position":3,"name":"Ruchette Stehr Dadant"}]},{"@type":"WebSite","@id":"https:\/\/sandbox.mielmartine.fr\/fr\/#website","url":"https:\/\/sandbox.mielmartine.fr\/fr\/","name":"Miel Martine","description":"Miels de France","publisher":{"@id":"https:\/\/sandbox.mielmartine.fr\/fr\/#organization"},"potentialAction":[{"@type":"SearchAction","target":{"@type":"EntryPoint","urlTemplate":"https:\/\/sandbox.mielmartine.fr\/fr\/?s={search_term_string}"},"query-input":"required name=search_term_string"}],"inLanguage":"fr-FR"},{"@type":"Organization","@id":"https:\/\/sandbox.mielmartine.fr\/fr\/#organization","name":"Miel Martine","url":"https:\/\/sandbox.mielmartine.fr\/fr\/","logo":{"@type":"ImageObject","inLanguage":"fr-FR","@id":"https:\/\/sandbox.mielmartine.fr\/fr\/#\/schema\/logo\/image\/","url":"https:\/\/sandbox.mielmartine.fr\/wp-content\/uploads\/2018\/05\/LOGO_TAGLINE_MARTINE-1.svg","contentUrl":"https:\/\/sandbox.mielmartine.fr\/wp-content\/uploads\/2018\/05\/LOGO_TAGLINE_MARTINE-1.svg","width":1,"height":1,"caption":"Miel Martine"},"image":{"@id":"https:\/\/sandbox.mielmartine.fr\/fr\/#\/schema\/logo\/image\/"},"sameAs":["https:\/\/www.facebook.com\/mielmartine\/","https:\/\/www.instagram.com\/mielmartine\/","https:\/\/www.pinterest.fr\/martine4731\/"]}]}},"_links":{"self":[{"href":"https:\/\/sandbox.mielmartine.fr\/fr\/wp-json\/wp\/v2\/product\/13144"}],"collection":[{"href":"https:\/\/sandbox.mielmartine.fr\/fr\/wp-json\/wp\/v2\/product"}],"about":[{"href":"https:\/\/sandbox.mielmartine.fr\/fr\/wp-json\/wp\/v2\/types\/product"}],"replies":[{"embeddable":true,"href":"https:\/\/sandbox.mielmartine.fr\/fr\/wp-json\/wp\/v2\/comments?post=13144"}],"wp:featuredmedia":[{"embeddable":true,"href":"https:\/\/sandbox.mielmartine.fr\/fr\/wp-json\/wp\/v2\/media\/13145"}],"wp:attachment":[{"href":"https:\/\/sandbox.mielmartine.fr\/fr\/wp-json\/wp\/v2\/media?parent=13144"}],"wp:term":[{"taxonomy":"product_cat","embeddable":true,"href":"https:\/\/sandbox.mielmartine.fr\/fr\/wp-json\/wp\/v2\/product_cat?post=13144"},{"taxonomy":"product_tag","embeddable":true,"href":"https:\/\/sandbox.mielmartine.fr\/fr\/wp-json\/wp\/v2\/product_tag?post=13144"}],"curies":[{"name":"wp","href":"https:\/\/api.w.org\/{rel}","templated":true}]}}