{"id":1951,"date":"2018-09-18T14:02:48","date_gmt":"2018-09-18T12:02:48","guid":{"rendered":"https:\/\/www.mielmartine.fr\/?post_type=product&#038;p=1951"},"modified":"2022-09-14T14:51:15","modified_gmt":"2022-09-14T12:51:15","slug":"miel-toutes-fleurs","status":"publish","type":"product","link":"https:\/\/sandbox.mielmartine.fr\/fr\/product\/miel-toutes-fleurs\/","title":{"rendered":"Miel Toutes Fleurs IGP Provence"},"content":{"rendered":"<p><span style=\"font-weight: 400;\">Vous aimez <\/span><b>tartiner votre pain avec du bon mie<\/b><span style=\"font-weight: 400;\">l ? Vous avalez r\u00e9guli\u00e8rement une <\/span><b>bonne cuiller\u00e9e de miel <\/b><span style=\"font-weight: 400;\">? Et bien vous avez raison !\u00a0<\/span><span style=\"font-weight: 400;\">Les <\/span><b>nombreux bienfaits du miel<\/b><span style=\"font-weight: 400;\"> sont connus depuis l&#8217;antiquit\u00e9 ! Fabriqu\u00e9 par les abeilles \u00e0 partir du nectar floral, chaque <\/span><b>miel <\/b><span style=\"font-weight: 400;\">poss\u00e8de des caract\u00e9ristiques particuli\u00e8res qui d\u00e9pendent de la fleur \u00e0 partir de laquelle il est produit.<\/span><\/p>\n<p><span style=\"font-weight: 400;\">Mais saviez-vous qu\u2019il existe un<\/span><b> miel qui combine plusieurs vari\u00e9t\u00e9s de fleurs<\/b><span style=\"font-weight: 400;\">\u00a0 ?\u00a0<\/span><span style=\"font-weight: 400;\">Miel Martine vous fait d\u00e9couvrir les secrets du <\/span><b>miel toutes fleurs<\/b><span style=\"font-weight: 400;\"> !<\/span><\/p>\n<h3>Ou le miel toutes fleurs est-il fabriqu\u00e9 ?<\/h3>\n<p><span style=\"font-weight: 400;\">Le<\/span><b> miel toutes fleurs<\/b><span style=\"font-weight: 400;\"> est issu de plusieurs esp\u00e8ces florales r\u00e9colt\u00e9es au mois de juillet dans le Var en Provence. V\u00e9ritable cocktail, il combine les atouts aromatiques et gustatifs de <\/span><b>plusieurs sortes de miel.\u00a0<\/b><span style=\"font-weight: 400;\">Cette richesse permet d&#8217;offrir au<\/span><b> miel toutes fleurs<\/b><span style=\"font-weight: 400;\"> des ar\u00f4mes uniques, des saveurs in\u00e9dites et des textures exceptionnelles.\u00a0<\/span><span style=\"font-weight: 400;\">En outre, cette diversit\u00e9 offre au<\/span><b> miel toutes fleurs <\/b><span style=\"font-weight: 400;\">de nombreuses propri\u00e9t\u00e9s m\u00e9dicinales et nutritionnelles exceptionnelles.<\/span><\/p>\n<h3>Les caract\u00e9ristiques du miel toutes fleurs<\/h3>\n<p><span style=\"font-weight: 400;\">\u00c9tant une v\u00e9ritable concentration de parfums, de couleurs et de go\u00fbts divers, le<\/span><b> miel toutes fleurs<\/b><span style=\"font-weight: 400;\"> poss\u00e8de des qualit\u00e9s qu\u2019on ne retrouve pas dans chaque <\/span><b>miel<\/b><span style=\"font-weight: 400;\"> pris s\u00e9par\u00e9ment. Celles-ci sont vari\u00e9es, et d\u00e9pendent des vari\u00e9t\u00e9s florales pr\u00e9sentes dans sa composition.<\/span><\/p>\n<p><span style=\"font-weight: 400;\">C\u2019est l\u00e0 un autre avantage du <\/span><b>miel toutes fleurs<\/b><span style=\"font-weight: 400;\">. \u00c9tant un <\/span><b>m\u00e9lange de nombreux nectars<\/b><span style=\"font-weight: 400;\">, le <\/span><b>miel toutes fleurs <\/b><span style=\"font-weight: 400;\">peut \u00eatre d\u00e9clin\u00e9 en plusieurs fa\u00e7ons. Il est ainsi possible de proposer des miels tr\u00e8s diff\u00e9rents en fonction des pr\u00e9f\u00e9rences de chacun.<\/span><\/p>\n<p><b>La couleur du miel toutes fleurs<\/b><span style=\"font-weight: 400;\"> peut \u00eatre jaune clair, ou plut\u00f4t noir et sombre. Les plus riches en oligo-\u00e9l\u00e9ments et en polyph\u00e9nols sont les plus fonc\u00e9s. Sa texture est d\u00e9licate et onctueuse, plus ou moins liquide. Fruit\u00e9s et bois\u00e9s, ses parfums sont souvent tr\u00e8s riches et particuli\u00e8rement forts. Ses saveurs sont agr\u00e9ables, avec une acidit\u00e9 et\/ou une amertume plus ou moins accentu\u00e9es.<\/span><\/p>\n<p><span style=\"font-weight: 400;\">Pour en savoir plus, <\/span><b>d\u00e9couvrez notre miel toutes fleurs<\/b><span style=\"font-weight: 400;\"> !<\/span><\/p>\n<p>&nbsp;<\/p>\n","protected":false},"excerpt":{"rendered":"<p><strong>D\u00e9couvrez le go\u00fbt subtil des fleurs sauvages en d\u00e9gustant le Miel Martine \u2013 Toutes fleurs sur vos tartines.<\/strong><\/p>\n<p>Ce miel est un v\u00e9ritable cocktail de fleurs r\u00e9colt\u00e9 au mois de juillet dans le Var en Provence<\/p>\n<h3>Les conseils de la nutritionniste Isabelle Rigaud<\/h3>\n<p>On peut noter tout de m\u00eame que ces miels sont bien souvent, gr\u00e2ce \u00e0 leur diversit\u00e9 florale, riches en oligo\u00e9l\u00e9ments et polyph\u00e9nols. Les plus riches seront les plus fonc\u00e9s. Cette richesse en micro-nutriments leur conf\u00e8re ainsi, comme tous les miels une efficacit\u00e9 dans le traitement des troubles digestifs pour leur action antispasmodique, pr\u00e9-biotique sans oublier leur capacit\u00e9 \u00e0 soulager les maux de gorge.<\/p>\n<p>&nbsp;<\/p>\n<p>Poids: 250gr.<\/p>\n<p>Frais de livraison: 2,90 EUR (offerte d\u00e8s 30 EUR d&#8217;achat)<\/p>\n<p><a class=\"respectcode\" href=\"http:\/\/www.respect-code.org\/product\/649VCSN\" target=\"_blank\" rel=\"noopener noreferrer\">Acc\u00e9dez \u00e0 la tra\u00e7abilit\u00e9 de ce lot<\/a><\/p>\n<p><a href=\"http:\/\/www.respect-code.org\/Search?search=649VCSN\" target=\"_blank\" rel=\"noopener noreferrer\"><img decoding=\"async\" loading=\"lazy\" class=\"alignnone wp-image-5254 size-full\" src=\"https:\/\/sandbox.mielmartine.fr\/wp-content\/uploads\/2018\/09\/respectcode-1.png\" alt=\"\" width=\"150\" height=\"95\" srcset=\"https:\/\/sandbox.mielmartine.fr\/wp-content\/uploads\/2018\/09\/respectcode-1.png 150w, https:\/\/sandbox.mielmartine.fr\/wp-content\/uploads\/2018\/09\/respectcode-1-95x60.png 95w, https:\/\/sandbox.mielmartine.fr\/wp-content\/uploads\/2018\/09\/respectcode-1-142x90.png 142w\" sizes=\"(max-width: 150px) 100vw, 150px\" \/><\/a><\/p>\n","protected":false},"featured_media":11172,"comment_status":"open","ping_status":"closed","template":"","meta":[],"product_cat":[87,31],"product_tag":[55],"acf":[],"yoast_head":"<!-- This site is optimized with the Yoast SEO plugin v20.1 - https:\/\/yoast.com\/wordpress\/plugins\/seo\/ -->\n<title>Miel Toutes Fleurs | Miel R\u00e9colt\u00e9 en Provence en France | Miel Martine<\/title>\n<meta name=\"description\" content=\"Vous \u00eates un amateur de miel et vous en consommez r\u00e9guli\u00e8rement ? Compos\u00e9 de plusieurs esp\u00e8ces florales, d\u00e9couvrez le miel toutes fleurs.\" \/>\n<meta name=\"robots\" content=\"index, follow, max-snippet:-1, max-image-preview:large, max-video-preview:-1\" \/>\n<link rel=\"canonical\" href=\"https:\/\/sandbox.mielmartine.fr\/fr\/produit\/miel-toutes-fleurs\/\" \/>\n<meta property=\"og:locale\" content=\"fr_FR\" \/>\n<meta property=\"og:type\" content=\"article\" \/>\n<meta property=\"og:title\" content=\"Miel Toutes Fleurs | Miel R\u00e9colt\u00e9 en Provence en France | Miel Martine\" \/>\n<meta property=\"og:description\" content=\"Vous \u00eates un amateur de miel et vous en consommez r\u00e9guli\u00e8rement ? Compos\u00e9 de plusieurs esp\u00e8ces florales, d\u00e9couvrez le miel toutes fleurs.\" \/>\n<meta property=\"og:url\" content=\"https:\/\/sandbox.mielmartine.fr\/fr\/produit\/miel-toutes-fleurs\/\" \/>\n<meta property=\"og:site_name\" content=\"Miel Martine\" \/>\n<meta property=\"article:publisher\" content=\"https:\/\/www.facebook.com\/mielmartine\/\" \/>\n<meta property=\"article:modified_time\" content=\"2022-09-14T12:51:15+00:00\" \/>\n<meta property=\"og:image\" content=\"https:\/\/sandbox.mielmartine.fr\/wp-content\/uploads\/2018\/09\/miel-toutes-fleurs-IGP.jpg\" \/>\n\t<meta property=\"og:image:width\" content=\"1184\" \/>\n\t<meta property=\"og:image:height\" content=\"1600\" \/>\n\t<meta property=\"og:image:type\" content=\"image\/jpeg\" \/>\n<meta name=\"twitter:card\" content=\"summary_large_image\" \/>\n<meta name=\"twitter:label1\" content=\"Dur\u00e9e de lecture estim\u00e9e\" \/>\n\t<meta name=\"twitter:data1\" content=\"2 minutes\" \/>\n<script type=\"application\/ld+json\" class=\"yoast-schema-graph\">{\"@context\":\"https:\/\/schema.org\",\"@graph\":[{\"@type\":\"WebPage\",\"@id\":\"https:\/\/sandbox.mielmartine.fr\/fr\/produit\/miel-toutes-fleurs\/\",\"url\":\"https:\/\/sandbox.mielmartine.fr\/fr\/produit\/miel-toutes-fleurs\/\",\"name\":\"Miel Toutes Fleurs | Miel R\u00e9colt\u00e9 en Provence en France | Miel Martine\",\"isPartOf\":{\"@id\":\"https:\/\/sandbox.mielmartine.fr\/fr\/#website\"},\"datePublished\":\"2018-09-18T12:02:48+00:00\",\"dateModified\":\"2022-09-14T12:51:15+00:00\",\"description\":\"Vous \u00eates un amateur de miel et vous en consommez r\u00e9guli\u00e8rement ? Compos\u00e9 de plusieurs esp\u00e8ces florales, d\u00e9couvrez le miel toutes fleurs.\",\"breadcrumb\":{\"@id\":\"https:\/\/sandbox.mielmartine.fr\/fr\/produit\/miel-toutes-fleurs\/#breadcrumb\"},\"inLanguage\":\"fr-FR\",\"potentialAction\":[{\"@type\":\"ReadAction\",\"target\":[\"https:\/\/sandbox.mielmartine.fr\/fr\/produit\/miel-toutes-fleurs\/\"]}]},{\"@type\":\"BreadcrumbList\",\"@id\":\"https:\/\/sandbox.mielmartine.fr\/fr\/produit\/miel-toutes-fleurs\/#breadcrumb\",\"itemListElement\":[{\"@type\":\"ListItem\",\"position\":1,\"name\":\"Accueil\",\"item\":\"https:\/\/sandbox.mielmartine.fr\/en\/homepage\/\"},{\"@type\":\"ListItem\",\"position\":2,\"name\":\"Shop -default\",\"item\":\"https:\/\/sandbox.mielmartine.fr\/fr\/shop-default\/\"},{\"@type\":\"ListItem\",\"position\":3,\"name\":\"Miel Toutes Fleurs IGP Provence\"}]},{\"@type\":\"WebSite\",\"@id\":\"https:\/\/sandbox.mielmartine.fr\/fr\/#website\",\"url\":\"https:\/\/sandbox.mielmartine.fr\/fr\/\",\"name\":\"Miel Martine\",\"description\":\"Miels de France\",\"publisher\":{\"@id\":\"https:\/\/sandbox.mielmartine.fr\/fr\/#organization\"},\"potentialAction\":[{\"@type\":\"SearchAction\",\"target\":{\"@type\":\"EntryPoint\",\"urlTemplate\":\"https:\/\/sandbox.mielmartine.fr\/fr\/?s={search_term_string}\"},\"query-input\":\"required name=search_term_string\"}],\"inLanguage\":\"fr-FR\"},{\"@type\":\"Organization\",\"@id\":\"https:\/\/sandbox.mielmartine.fr\/fr\/#organization\",\"name\":\"Miel Martine\",\"url\":\"https:\/\/sandbox.mielmartine.fr\/fr\/\",\"logo\":{\"@type\":\"ImageObject\",\"inLanguage\":\"fr-FR\",\"@id\":\"https:\/\/sandbox.mielmartine.fr\/fr\/#\/schema\/logo\/image\/\",\"url\":\"https:\/\/sandbox.mielmartine.fr\/wp-content\/uploads\/2018\/05\/LOGO_TAGLINE_MARTINE-1.svg\",\"contentUrl\":\"https:\/\/sandbox.mielmartine.fr\/wp-content\/uploads\/2018\/05\/LOGO_TAGLINE_MARTINE-1.svg\",\"width\":1,\"height\":1,\"caption\":\"Miel Martine\"},\"image\":{\"@id\":\"https:\/\/sandbox.mielmartine.fr\/fr\/#\/schema\/logo\/image\/\"},\"sameAs\":[\"https:\/\/www.facebook.com\/mielmartine\/\",\"https:\/\/www.instagram.com\/mielmartine\/\",\"https:\/\/www.pinterest.fr\/martine4731\/\"]}]}<\/script>\n<!-- \/ Yoast SEO plugin. -->","yoast_head_json":{"title":"Miel Toutes Fleurs | Miel R\u00e9colt\u00e9 en Provence en France | Miel Martine","description":"Vous \u00eates un amateur de miel et vous en consommez r\u00e9guli\u00e8rement ? Compos\u00e9 de plusieurs esp\u00e8ces florales, d\u00e9couvrez le miel toutes fleurs.","robots":{"index":"index","follow":"follow","max-snippet":"max-snippet:-1","max-image-preview":"max-image-preview:large","max-video-preview":"max-video-preview:-1"},"canonical":"https:\/\/sandbox.mielmartine.fr\/fr\/produit\/miel-toutes-fleurs\/","og_locale":"fr_FR","og_type":"article","og_title":"Miel Toutes Fleurs | Miel R\u00e9colt\u00e9 en Provence en France | Miel Martine","og_description":"Vous \u00eates un amateur de miel et vous en consommez r\u00e9guli\u00e8rement ? Compos\u00e9 de plusieurs esp\u00e8ces florales, d\u00e9couvrez le miel toutes fleurs.","og_url":"https:\/\/sandbox.mielmartine.fr\/fr\/produit\/miel-toutes-fleurs\/","og_site_name":"Miel Martine","article_publisher":"https:\/\/www.facebook.com\/mielmartine\/","article_modified_time":"2022-09-14T12:51:15+00:00","og_image":[{"width":1184,"height":1600,"url":"https:\/\/sandbox.mielmartine.fr\/wp-content\/uploads\/2018\/09\/miel-toutes-fleurs-IGP.jpg","type":"image\/jpeg"}],"twitter_card":"summary_large_image","twitter_misc":{"Dur\u00e9e de lecture estim\u00e9e":"2 minutes"},"schema":{"@context":"https:\/\/schema.org","@graph":[{"@type":"WebPage","@id":"https:\/\/sandbox.mielmartine.fr\/fr\/produit\/miel-toutes-fleurs\/","url":"https:\/\/sandbox.mielmartine.fr\/fr\/produit\/miel-toutes-fleurs\/","name":"Miel Toutes Fleurs | Miel R\u00e9colt\u00e9 en Provence en France | Miel Martine","isPartOf":{"@id":"https:\/\/sandbox.mielmartine.fr\/fr\/#website"},"datePublished":"2018-09-18T12:02:48+00:00","dateModified":"2022-09-14T12:51:15+00:00","description":"Vous \u00eates un amateur de miel et vous en consommez r\u00e9guli\u00e8rement ? Compos\u00e9 de plusieurs esp\u00e8ces florales, d\u00e9couvrez le miel toutes fleurs.","breadcrumb":{"@id":"https:\/\/sandbox.mielmartine.fr\/fr\/produit\/miel-toutes-fleurs\/#breadcrumb"},"inLanguage":"fr-FR","potentialAction":[{"@type":"ReadAction","target":["https:\/\/sandbox.mielmartine.fr\/fr\/produit\/miel-toutes-fleurs\/"]}]},{"@type":"BreadcrumbList","@id":"https:\/\/sandbox.mielmartine.fr\/fr\/produit\/miel-toutes-fleurs\/#breadcrumb","itemListElement":[{"@type":"ListItem","position":1,"name":"Accueil","item":"https:\/\/sandbox.mielmartine.fr\/en\/homepage\/"},{"@type":"ListItem","position":2,"name":"Shop -default","item":"https:\/\/sandbox.mielmartine.fr\/fr\/shop-default\/"},{"@type":"ListItem","position":3,"name":"Miel Toutes Fleurs IGP Provence"}]},{"@type":"WebSite","@id":"https:\/\/sandbox.mielmartine.fr\/fr\/#website","url":"https:\/\/sandbox.mielmartine.fr\/fr\/","name":"Miel Martine","description":"Miels de France","publisher":{"@id":"https:\/\/sandbox.mielmartine.fr\/fr\/#organization"},"potentialAction":[{"@type":"SearchAction","target":{"@type":"EntryPoint","urlTemplate":"https:\/\/sandbox.mielmartine.fr\/fr\/?s={search_term_string}"},"query-input":"required name=search_term_string"}],"inLanguage":"fr-FR"},{"@type":"Organization","@id":"https:\/\/sandbox.mielmartine.fr\/fr\/#organization","name":"Miel Martine","url":"https:\/\/sandbox.mielmartine.fr\/fr\/","logo":{"@type":"ImageObject","inLanguage":"fr-FR","@id":"https:\/\/sandbox.mielmartine.fr\/fr\/#\/schema\/logo\/image\/","url":"https:\/\/sandbox.mielmartine.fr\/wp-content\/uploads\/2018\/05\/LOGO_TAGLINE_MARTINE-1.svg","contentUrl":"https:\/\/sandbox.mielmartine.fr\/wp-content\/uploads\/2018\/05\/LOGO_TAGLINE_MARTINE-1.svg","width":1,"height":1,"caption":"Miel Martine"},"image":{"@id":"https:\/\/sandbox.mielmartine.fr\/fr\/#\/schema\/logo\/image\/"},"sameAs":["https:\/\/www.facebook.com\/mielmartine\/","https:\/\/www.instagram.com\/mielmartine\/","https:\/\/www.pinterest.fr\/martine4731\/"]}]}},"_links":{"self":[{"href":"https:\/\/sandbox.mielmartine.fr\/fr\/wp-json\/wp\/v2\/product\/1951"}],"collection":[{"href":"https:\/\/sandbox.mielmartine.fr\/fr\/wp-json\/wp\/v2\/product"}],"about":[{"href":"https:\/\/sandbox.mielmartine.fr\/fr\/wp-json\/wp\/v2\/types\/product"}],"replies":[{"embeddable":true,"href":"https:\/\/sandbox.mielmartine.fr\/fr\/wp-json\/wp\/v2\/comments?post=1951"}],"wp:featuredmedia":[{"embeddable":true,"href":"https:\/\/sandbox.mielmartine.fr\/fr\/wp-json\/wp\/v2\/media\/11172"}],"wp:attachment":[{"href":"https:\/\/sandbox.mielmartine.fr\/fr\/wp-json\/wp\/v2\/media?parent=1951"}],"wp:term":[{"taxonomy":"product_cat","embeddable":true,"href":"https:\/\/sandbox.mielmartine.fr\/fr\/wp-json\/wp\/v2\/product_cat?post=1951"},{"taxonomy":"product_tag","embeddable":true,"href":"https:\/\/sandbox.mielmartine.fr\/fr\/wp-json\/wp\/v2\/product_tag?post=1951"}],"curies":[{"name":"wp","href":"https:\/\/api.w.org\/{rel}","templated":true}]}}