{"id":1954,"date":"2018-09-18T14:05:47","date_gmt":"2018-09-18T12:05:47","guid":{"rendered":"https:\/\/www.mielmartine.fr\/?post_type=product&#038;p=1954"},"modified":"2022-10-07T12:32:30","modified_gmt":"2022-10-07T10:32:30","slug":"miel-de-chataignier","status":"publish","type":"product","link":"https:\/\/sandbox.mielmartine.fr\/fr\/product\/miel-de-chataignier\/","title":{"rendered":"Miel de Ch\u00e2taignier"},"content":{"rendered":"<p><span style=\"font-weight: 400;\">Vous \u00eates de ceux qui aiment sortir dans les <strong>bois et la for\u00eat<\/strong> pour y ramasser des ch\u00e2taignes ? Le ch\u00e2taignier, tant appr\u00e9ci\u00e9 pour ses fruits, poss\u00e8de un nectar de fleurs qui, une fois extrait par les abeilles, offre un <strong>miel onctueux et d\u00e9licat<\/strong>.<\/span><\/p>\n<p><span style=\"font-weight: 400;\">Le miel de ch\u00e2taignier est un miel tr\u00e8s pris\u00e9, aux qualit\u00e9s in\u00e9dites tant sur le plan nutritionnel que m\u00e9dicinal.<\/span><\/p>\n<p><span style=\"font-weight: 400;\"><a href=\"\/fr\/qui-sommes-nous\/\">Miel Martine<\/a> vous fait d\u00e9couvrir ce miel d&#8217;exception !\u00a0<\/span><\/p>\n<h3><b>O\u00f9 et quand est fabriqu\u00e9 le miel de ch\u00e2taignier ?<\/b><\/h3>\n<p><span style=\"font-weight: 400;\">C\u2019est dans la r\u00e9gion d\u2019Ajoux dans le d\u00e9partement de l&#8217;Ard\u00e8che, <\/span><span style=\"font-weight: 400;\">en r\u00e9gion Auvergne-Rh\u00f4ne-Alpes,<\/span><span style=\"font-weight: 400;\"> que poussent les ch\u00e2taigniers qui vont <strong>offrir leurs fleurs au butinage des abeilles<\/strong>.\u00a0<\/span><\/p>\n<p><span style=\"font-weight: 400;\">Le miel de ch\u00e2taignier est r\u00e9colt\u00e9 \u00e0 partir du mois de juin et la collecte peut perdurer durant tout l&#8217;\u00e9t\u00e9 jusqu\u2019aux mois de septembre, octobre.<\/span><\/p>\n<h3><b>Les caract\u00e9ristiques du miel de ch\u00e2taignier<\/b><\/h3>\n<p><span style=\"font-weight: 400;\">Le miel de ch\u00e2taignier est r\u00e9put\u00e9 pour \u00eatre un miel au <strong>go\u00fbt fort et une saveur persistante<\/strong>.\u00a0<\/span><span style=\"font-weight: 400;\">Il poss\u00e8de un ar\u00f4me plut\u00f4t amer voire tr\u00e8s amer. Son acidit\u00e9 est appr\u00e9ci\u00e9e en cuisine. Elle fait du miel de ch\u00e2taignier un tr\u00e8s bon condiment pour rehausser les plats. Son odeur est puissante, bois\u00e9e et rappelle celle des ch\u00e2taignes.\u00a0 Sa texture est cr\u00e9meuse, liquide, particuli\u00e8rement onctueuse et tr\u00e8s d\u00e9licate. Enfin, sa couleur peut varier, du noir sombre \u00e0 un jaune assez fonc\u00e9.<\/span><\/p>\n<p><span style=\"font-weight: 400;\">C\u2019est un miel riche en <strong>vitamines et en oligo-\u00e9l\u00e9ments,<\/strong> en fer, calcium, magn\u00e9sium et potassium.\u00a0<\/span><span style=\"font-weight: 400;\">Ses <strong>bienfaits nutritionnels<\/strong> et <strong>m\u00e9dicinaux<\/strong> sont connus depuis tr\u00e8s longtemps. Avaler une bonne cuill\u00e8re de miel de ch\u00e2taignier est bon pour la sant\u00e9. Les m\u00e9decins et les nutritionnistes conseillent d\u2019ailleurs d\u2019en consommer r\u00e9guli\u00e8rement.\u00a0<\/span><\/p>\n<p><span style=\"font-weight: 400;\">D\u00e9couvrez vite notre <strong>miel de ch\u00e2taignier<\/strong>\u00a0! <\/span><\/p>\n<p>&nbsp;<\/p>\n","protected":false},"excerpt":{"rendered":"<p>&nbsp;<\/p>\n<p>Nos ruches et nos abeilles fran\u00e7aises sont transport\u00e9es au pied de ch\u00e2taigniers pr\u00e8s d\u2019Ajoux, o\u00f9 cette vari\u00e9t\u00e9 de miel est r\u00e9colt\u00e9e en juin.<\/p>\n<p>Le miel de ch\u00e2taignier est souvent utilis\u00e9 en cuisine pour la particularit\u00e9 de son ar\u00f4me et sa saveur puissante.<\/p>\n<h3><strong>Les conseils de la nutritionniste Isabelle Rigaud<\/strong><\/h3>\n<p>Le miel de ch\u00e2taignier est appr\u00e9ci\u00e9 pour sa richesse en oligo-\u00e9l\u00e9ments et en polyph\u00e9nols. Ces micro-nutriments lui conf\u00e9reraient une action stimulante du syst\u00e8me immunitaire et de la circulation du sang, il est historiquement utilis\u00e9 pour lutter contre les jambes lourdes, les h\u00e9morro\u00efdes ou encore les varices. Cette richesse en micronutriments lui permet \u00e9galement de contribuer \u00e0 traiter les plaies et boutons li\u00e9s \u00e0 l\u2019acn\u00e9 par exemple.<\/p>\n<p>&nbsp;<\/p>\n<p>Laur\u00e9at\u00a0 Great Taste Awards 2019 <img decoding=\"async\" loading=\"lazy\" class=\"wp-image-6363 size-thumbnail alignleft\" src=\"https:\/\/sandbox.mielmartine.fr\/wp-content\/uploads\/2018\/09\/great_taste_awards_2019_2stars-80x80.png\" alt=\"\" width=\"80\" height=\"80\" srcset=\"https:\/\/sandbox.mielmartine.fr\/wp-content\/uploads\/2018\/09\/great_taste_awards_2019_2stars-80x80.png 80w, https:\/\/sandbox.mielmartine.fr\/wp-content\/uploads\/2018\/09\/great_taste_awards_2019_2stars-36x36.png 36w, https:\/\/sandbox.mielmartine.fr\/wp-content\/uploads\/2018\/09\/great_taste_awards_2019_2stars-60x60.png 60w, https:\/\/sandbox.mielmartine.fr\/wp-content\/uploads\/2018\/09\/great_taste_awards_2019_2stars-90x90.png 90w, https:\/\/sandbox.mielmartine.fr\/wp-content\/uploads\/2018\/09\/great_taste_awards_2019_2stars-100x100.png 100w, https:\/\/sandbox.mielmartine.fr\/wp-content\/uploads\/2018\/09\/great_taste_awards_2019_2stars.png 170w\" sizes=\"(max-width: 80px) 100vw, 80px\" \/><\/p>\n<p>Miel recolt\u00e9 par nos apiculteurs pr\u00e8s de Anjoux en Ard\u00e8che<\/p>\n<p>Poids: 250gr.<\/p>\n<p>Frais de livraison: 2,90 EUR (offerte d\u00e8s 30 EUR d&#8217;achat)<\/p>\n<p><a class=\"respectcode\" href=\"http:\/\/www.respect-code.org\/Search?search=529KMUL\" target=\"_blank\" rel=\"noopener noreferrer\">Acc\u00e9dez \u00e0 la tra\u00e7abilit\u00e9 de ce lot<\/a><\/p>\n<p><a href=\"http:\/\/www.respect-code.org\/Search?search=529KMUL\" target=\"_blank\" rel=\"noopener noreferrer\"><img decoding=\"async\" loading=\"lazy\" class=\"alignnone wp-image-5254 size-full\" src=\"https:\/\/sandbox.mielmartine.fr\/wp-content\/uploads\/2018\/09\/respectcode-1.png\" alt=\"\" width=\"150\" height=\"95\" srcset=\"https:\/\/sandbox.mielmartine.fr\/wp-content\/uploads\/2018\/09\/respectcode-1.png 150w, https:\/\/sandbox.mielmartine.fr\/wp-content\/uploads\/2018\/09\/respectcode-1-95x60.png 95w, https:\/\/sandbox.mielmartine.fr\/wp-content\/uploads\/2018\/09\/respectcode-1-142x90.png 142w\" sizes=\"(max-width: 150px) 100vw, 150px\" \/><\/a><\/p>\n","protected":false},"featured_media":9948,"comment_status":"open","ping_status":"closed","template":"","meta":[],"product_cat":[87,31],"product_tag":[],"acf":[],"yoast_head":"<!-- This site is optimized with the Yoast SEO plugin v20.1 - https:\/\/yoast.com\/wordpress\/plugins\/seo\/ -->\n<title>Miel de Ch\u00e2taignier 100% Fran\u00e7ais | Miel Martine<\/title>\n<meta name=\"description\" content=\"Vous \u00eates un adepte de la ch\u00e2taigne. Mais saviez vous qu\u2019il existe un miel fabriqu\u00e9 avec le nectar floral du ch\u00e2taignier ? D\u00e9couvrez ici le miel de ch\u00e2taignier !\" \/>\n<meta name=\"robots\" content=\"index, follow, max-snippet:-1, max-image-preview:large, max-video-preview:-1\" \/>\n<link rel=\"canonical\" href=\"https:\/\/sandbox.mielmartine.fr\/fr\/produit\/miel-de-chataignier\/\" \/>\n<meta property=\"og:locale\" content=\"fr_FR\" \/>\n<meta property=\"og:type\" content=\"article\" \/>\n<meta property=\"og:title\" content=\"Miel de Ch\u00e2taignier 100% Fran\u00e7ais | Miel Martine\" \/>\n<meta property=\"og:description\" content=\"Vous \u00eates un adepte de la ch\u00e2taigne. Mais saviez vous qu\u2019il existe un miel fabriqu\u00e9 avec le nectar floral du ch\u00e2taignier ? D\u00e9couvrez ici le miel de ch\u00e2taignier !\" \/>\n<meta property=\"og:url\" content=\"https:\/\/sandbox.mielmartine.fr\/fr\/produit\/miel-de-chataignier\/\" \/>\n<meta property=\"og:site_name\" content=\"Miel Martine\" \/>\n<meta property=\"article:publisher\" content=\"https:\/\/www.facebook.com\/mielmartine\/\" \/>\n<meta property=\"article:modified_time\" content=\"2022-10-07T10:32:30+00:00\" \/>\n<meta property=\"og:image\" content=\"https:\/\/sandbox.mielmartine.fr\/wp-content\/uploads\/2020\/07\/miel-chataigne.jpg\" \/>\n\t<meta property=\"og:image:width\" content=\"441\" \/>\n\t<meta property=\"og:image:height\" content=\"596\" \/>\n\t<meta property=\"og:image:type\" content=\"image\/jpeg\" \/>\n<meta name=\"twitter:card\" content=\"summary_large_image\" \/>\n<meta name=\"twitter:label1\" content=\"Dur\u00e9e de lecture estim\u00e9e\" \/>\n\t<meta name=\"twitter:data1\" content=\"2 minutes\" \/>\n<script type=\"application\/ld+json\" class=\"yoast-schema-graph\">{\"@context\":\"https:\/\/schema.org\",\"@graph\":[{\"@type\":\"WebPage\",\"@id\":\"https:\/\/sandbox.mielmartine.fr\/fr\/produit\/miel-de-chataignier\/\",\"url\":\"https:\/\/sandbox.mielmartine.fr\/fr\/produit\/miel-de-chataignier\/\",\"name\":\"Miel de Ch\u00e2taignier 100% Fran\u00e7ais | Miel Martine\",\"isPartOf\":{\"@id\":\"https:\/\/sandbox.mielmartine.fr\/fr\/#website\"},\"datePublished\":\"2018-09-18T12:05:47+00:00\",\"dateModified\":\"2022-10-07T10:32:30+00:00\",\"description\":\"Vous \u00eates un adepte de la ch\u00e2taigne. Mais saviez vous qu\u2019il existe un miel fabriqu\u00e9 avec le nectar floral du ch\u00e2taignier ? D\u00e9couvrez ici le miel de ch\u00e2taignier !\",\"breadcrumb\":{\"@id\":\"https:\/\/sandbox.mielmartine.fr\/fr\/produit\/miel-de-chataignier\/#breadcrumb\"},\"inLanguage\":\"fr-FR\",\"potentialAction\":[{\"@type\":\"ReadAction\",\"target\":[\"https:\/\/sandbox.mielmartine.fr\/fr\/produit\/miel-de-chataignier\/\"]}]},{\"@type\":\"BreadcrumbList\",\"@id\":\"https:\/\/sandbox.mielmartine.fr\/fr\/produit\/miel-de-chataignier\/#breadcrumb\",\"itemListElement\":[{\"@type\":\"ListItem\",\"position\":1,\"name\":\"Accueil\",\"item\":\"https:\/\/sandbox.mielmartine.fr\/en\/homepage\/\"},{\"@type\":\"ListItem\",\"position\":2,\"name\":\"Shop -default\",\"item\":\"https:\/\/sandbox.mielmartine.fr\/fr\/shop-default\/\"},{\"@type\":\"ListItem\",\"position\":3,\"name\":\"Miel de Ch\u00e2taignier\"}]},{\"@type\":\"WebSite\",\"@id\":\"https:\/\/sandbox.mielmartine.fr\/fr\/#website\",\"url\":\"https:\/\/sandbox.mielmartine.fr\/fr\/\",\"name\":\"Miel Martine\",\"description\":\"Miels de France\",\"publisher\":{\"@id\":\"https:\/\/sandbox.mielmartine.fr\/fr\/#organization\"},\"potentialAction\":[{\"@type\":\"SearchAction\",\"target\":{\"@type\":\"EntryPoint\",\"urlTemplate\":\"https:\/\/sandbox.mielmartine.fr\/fr\/?s={search_term_string}\"},\"query-input\":\"required name=search_term_string\"}],\"inLanguage\":\"fr-FR\"},{\"@type\":\"Organization\",\"@id\":\"https:\/\/sandbox.mielmartine.fr\/fr\/#organization\",\"name\":\"Miel Martine\",\"url\":\"https:\/\/sandbox.mielmartine.fr\/fr\/\",\"logo\":{\"@type\":\"ImageObject\",\"inLanguage\":\"fr-FR\",\"@id\":\"https:\/\/sandbox.mielmartine.fr\/fr\/#\/schema\/logo\/image\/\",\"url\":\"https:\/\/sandbox.mielmartine.fr\/wp-content\/uploads\/2018\/05\/LOGO_TAGLINE_MARTINE-1.svg\",\"contentUrl\":\"https:\/\/sandbox.mielmartine.fr\/wp-content\/uploads\/2018\/05\/LOGO_TAGLINE_MARTINE-1.svg\",\"width\":1,\"height\":1,\"caption\":\"Miel Martine\"},\"image\":{\"@id\":\"https:\/\/sandbox.mielmartine.fr\/fr\/#\/schema\/logo\/image\/\"},\"sameAs\":[\"https:\/\/www.facebook.com\/mielmartine\/\",\"https:\/\/www.instagram.com\/mielmartine\/\",\"https:\/\/www.pinterest.fr\/martine4731\/\"]}]}<\/script>\n<!-- \/ Yoast SEO plugin. -->","yoast_head_json":{"title":"Miel de Ch\u00e2taignier 100% Fran\u00e7ais | Miel Martine","description":"Vous \u00eates un adepte de la ch\u00e2taigne. Mais saviez vous qu\u2019il existe un miel fabriqu\u00e9 avec le nectar floral du ch\u00e2taignier ? D\u00e9couvrez ici le miel de ch\u00e2taignier !","robots":{"index":"index","follow":"follow","max-snippet":"max-snippet:-1","max-image-preview":"max-image-preview:large","max-video-preview":"max-video-preview:-1"},"canonical":"https:\/\/sandbox.mielmartine.fr\/fr\/produit\/miel-de-chataignier\/","og_locale":"fr_FR","og_type":"article","og_title":"Miel de Ch\u00e2taignier 100% Fran\u00e7ais | Miel Martine","og_description":"Vous \u00eates un adepte de la ch\u00e2taigne. Mais saviez vous qu\u2019il existe un miel fabriqu\u00e9 avec le nectar floral du ch\u00e2taignier ? D\u00e9couvrez ici le miel de ch\u00e2taignier !","og_url":"https:\/\/sandbox.mielmartine.fr\/fr\/produit\/miel-de-chataignier\/","og_site_name":"Miel Martine","article_publisher":"https:\/\/www.facebook.com\/mielmartine\/","article_modified_time":"2022-10-07T10:32:30+00:00","og_image":[{"width":441,"height":596,"url":"https:\/\/sandbox.mielmartine.fr\/wp-content\/uploads\/2020\/07\/miel-chataigne.jpg","type":"image\/jpeg"}],"twitter_card":"summary_large_image","twitter_misc":{"Dur\u00e9e de lecture estim\u00e9e":"2 minutes"},"schema":{"@context":"https:\/\/schema.org","@graph":[{"@type":"WebPage","@id":"https:\/\/sandbox.mielmartine.fr\/fr\/produit\/miel-de-chataignier\/","url":"https:\/\/sandbox.mielmartine.fr\/fr\/produit\/miel-de-chataignier\/","name":"Miel de Ch\u00e2taignier 100% Fran\u00e7ais | Miel Martine","isPartOf":{"@id":"https:\/\/sandbox.mielmartine.fr\/fr\/#website"},"datePublished":"2018-09-18T12:05:47+00:00","dateModified":"2022-10-07T10:32:30+00:00","description":"Vous \u00eates un adepte de la ch\u00e2taigne. Mais saviez vous qu\u2019il existe un miel fabriqu\u00e9 avec le nectar floral du ch\u00e2taignier ? D\u00e9couvrez ici le miel de ch\u00e2taignier !","breadcrumb":{"@id":"https:\/\/sandbox.mielmartine.fr\/fr\/produit\/miel-de-chataignier\/#breadcrumb"},"inLanguage":"fr-FR","potentialAction":[{"@type":"ReadAction","target":["https:\/\/sandbox.mielmartine.fr\/fr\/produit\/miel-de-chataignier\/"]}]},{"@type":"BreadcrumbList","@id":"https:\/\/sandbox.mielmartine.fr\/fr\/produit\/miel-de-chataignier\/#breadcrumb","itemListElement":[{"@type":"ListItem","position":1,"name":"Accueil","item":"https:\/\/sandbox.mielmartine.fr\/en\/homepage\/"},{"@type":"ListItem","position":2,"name":"Shop -default","item":"https:\/\/sandbox.mielmartine.fr\/fr\/shop-default\/"},{"@type":"ListItem","position":3,"name":"Miel de Ch\u00e2taignier"}]},{"@type":"WebSite","@id":"https:\/\/sandbox.mielmartine.fr\/fr\/#website","url":"https:\/\/sandbox.mielmartine.fr\/fr\/","name":"Miel Martine","description":"Miels de France","publisher":{"@id":"https:\/\/sandbox.mielmartine.fr\/fr\/#organization"},"potentialAction":[{"@type":"SearchAction","target":{"@type":"EntryPoint","urlTemplate":"https:\/\/sandbox.mielmartine.fr\/fr\/?s={search_term_string}"},"query-input":"required name=search_term_string"}],"inLanguage":"fr-FR"},{"@type":"Organization","@id":"https:\/\/sandbox.mielmartine.fr\/fr\/#organization","name":"Miel Martine","url":"https:\/\/sandbox.mielmartine.fr\/fr\/","logo":{"@type":"ImageObject","inLanguage":"fr-FR","@id":"https:\/\/sandbox.mielmartine.fr\/fr\/#\/schema\/logo\/image\/","url":"https:\/\/sandbox.mielmartine.fr\/wp-content\/uploads\/2018\/05\/LOGO_TAGLINE_MARTINE-1.svg","contentUrl":"https:\/\/sandbox.mielmartine.fr\/wp-content\/uploads\/2018\/05\/LOGO_TAGLINE_MARTINE-1.svg","width":1,"height":1,"caption":"Miel Martine"},"image":{"@id":"https:\/\/sandbox.mielmartine.fr\/fr\/#\/schema\/logo\/image\/"},"sameAs":["https:\/\/www.facebook.com\/mielmartine\/","https:\/\/www.instagram.com\/mielmartine\/","https:\/\/www.pinterest.fr\/martine4731\/"]}]}},"_links":{"self":[{"href":"https:\/\/sandbox.mielmartine.fr\/fr\/wp-json\/wp\/v2\/product\/1954"}],"collection":[{"href":"https:\/\/sandbox.mielmartine.fr\/fr\/wp-json\/wp\/v2\/product"}],"about":[{"href":"https:\/\/sandbox.mielmartine.fr\/fr\/wp-json\/wp\/v2\/types\/product"}],"replies":[{"embeddable":true,"href":"https:\/\/sandbox.mielmartine.fr\/fr\/wp-json\/wp\/v2\/comments?post=1954"}],"wp:featuredmedia":[{"embeddable":true,"href":"https:\/\/sandbox.mielmartine.fr\/fr\/wp-json\/wp\/v2\/media\/9948"}],"wp:attachment":[{"href":"https:\/\/sandbox.mielmartine.fr\/fr\/wp-json\/wp\/v2\/media?parent=1954"}],"wp:term":[{"taxonomy":"product_cat","embeddable":true,"href":"https:\/\/sandbox.mielmartine.fr\/fr\/wp-json\/wp\/v2\/product_cat?post=1954"},{"taxonomy":"product_tag","embeddable":true,"href":"https:\/\/sandbox.mielmartine.fr\/fr\/wp-json\/wp\/v2\/product_tag?post=1954"}],"curies":[{"name":"wp","href":"https:\/\/api.w.org\/{rel}","templated":true}]}}