{"id":2258,"date":"2018-11-13T11:55:58","date_gmt":"2018-11-13T10:55:58","guid":{"rendered":"https:\/\/www.mielmartine.fr\/?post_type=product&#038;p=2258"},"modified":"2023-02-27T18:22:50","modified_gmt":"2023-02-27T17:22:50","slug":"reines-fecondees-buckfast","status":"publish","type":"product","link":"https:\/\/sandbox.mielmartine.fr\/fr\/product\/reines-fecondees-buckfast\/","title":{"rendered":"Reines f\u00e9cond\u00e9es Buckfast"},"content":{"rendered":"","protected":false},"excerpt":{"rendered":"<p>Pr\u00e9-commande (choisissez la quantit\u00e9 souhait\u00e9e et le prix va s&#8217;ajuster automatiquement)<\/p>\n<p>Reine fr\u00e8re Adam (Karl Kehrle) peu essaimeuse et \u00e9lev\u00e9e en France (Var). Les f\u00e9condations sont faites de mani\u00e8re naturelle.<\/p>\n<p>Reines de l&#8217;ann\u00e9e. F1<\/p>\n<p>Chaque reine command\u00e9e voyage dans une cage en plastique a\u00e9r\u00e9 avec ses accompagnatrices.\u00a0 3 \u00e0 4 jours avant l&#8217;envoi de la commande, vous \u00e9t\u00e9s contact\u00e9s par mail pour vous confirmer de la date exacte de livraison.<\/p>\n<p>Frais de transport 1-20 reines: 5,90 EUR avec Colissimo et num\u00e9ro de suivi<\/p>\n<p>Possibilit\u00e9 de retrait \u00e0 la miellerie \u00e0 Seillans sans frais.<\/p>\n<p>La commande peut \u00eatre annul\u00e9e au plus tard un mois avant la date de livraison.<\/p>\n<p>Toute commande re\u00e7ue endommag\u00e9e doit \u00eatre signal\u00e9e dans les 24h apr\u00e8s la r\u00e9ception avec les photos de la cagette.<\/p>\n<p>Miel Martine ne peut \u00eatre tenu responsable des retards de Colissimo.<\/p>\n","protected":false},"featured_media":2180,"comment_status":"open","ping_status":"closed","template":"","meta":[],"product_cat":[35],"product_tag":[],"acf":[],"yoast_head":"<!-- This site is optimized with the Yoast SEO plugin v20.1 - https:\/\/yoast.com\/wordpress\/plugins\/seo\/ -->\n<title>Reines f\u00e9cond\u00e9es Buckfast \u00e9lev\u00e9es en France - Miel Martine<\/title>\n<meta name=\"description\" content=\"Produit de la ruche : nos reines f\u00e9cond\u00e9es (fr\u00e8re d&#039;Adam) sont \u00e9lev\u00e9es en France par nos apiculteurs. Chaque reine voyage dans une cagette...\" \/>\n<meta name=\"robots\" content=\"index, follow, max-snippet:-1, max-image-preview:large, max-video-preview:-1\" \/>\n<link rel=\"canonical\" href=\"https:\/\/sandbox.mielmartine.fr\/fr\/produit\/reines-fecondees-buckfast\/\" \/>\n<meta property=\"og:locale\" content=\"fr_FR\" \/>\n<meta property=\"og:type\" content=\"article\" \/>\n<meta property=\"og:title\" content=\"Reines f\u00e9cond\u00e9es Buckfast \u00e9lev\u00e9es en France - Miel Martine\" \/>\n<meta property=\"og:description\" content=\"Produit de la ruche : nos reines f\u00e9cond\u00e9es (fr\u00e8re d&#039;Adam) sont \u00e9lev\u00e9es en France par nos apiculteurs. Chaque reine voyage dans une cagette...\" \/>\n<meta property=\"og:url\" content=\"https:\/\/sandbox.mielmartine.fr\/fr\/produit\/reines-fecondees-buckfast\/\" \/>\n<meta property=\"og:site_name\" content=\"Miel Martine\" \/>\n<meta property=\"article:publisher\" content=\"https:\/\/www.facebook.com\/mielmartine\/\" \/>\n<meta property=\"article:modified_time\" content=\"2023-02-27T17:22:50+00:00\" \/>\n<meta property=\"og:image\" content=\"https:\/\/sandbox.mielmartine.fr\/wp-content\/uploads\/2018\/11\/reine.jpg\" \/>\n\t<meta property=\"og:image:width\" content=\"796\" \/>\n\t<meta property=\"og:image:height\" content=\"796\" \/>\n\t<meta property=\"og:image:type\" content=\"image\/jpeg\" \/>\n<meta name=\"twitter:card\" content=\"summary_large_image\" \/>\n<script type=\"application\/ld+json\" class=\"yoast-schema-graph\">{\"@context\":\"https:\/\/schema.org\",\"@graph\":[{\"@type\":\"WebPage\",\"@id\":\"https:\/\/sandbox.mielmartine.fr\/fr\/produit\/reines-fecondees-buckfast\/\",\"url\":\"https:\/\/sandbox.mielmartine.fr\/fr\/produit\/reines-fecondees-buckfast\/\",\"name\":\"Reines f\u00e9cond\u00e9es Buckfast \u00e9lev\u00e9es en France - Miel Martine\",\"isPartOf\":{\"@id\":\"https:\/\/sandbox.mielmartine.fr\/fr\/#website\"},\"datePublished\":\"2018-11-13T10:55:58+00:00\",\"dateModified\":\"2023-02-27T17:22:50+00:00\",\"description\":\"Produit de la ruche : nos reines f\u00e9cond\u00e9es (fr\u00e8re d'Adam) sont \u00e9lev\u00e9es en France par nos apiculteurs. Chaque reine voyage dans une cagette...\",\"breadcrumb\":{\"@id\":\"https:\/\/sandbox.mielmartine.fr\/fr\/produit\/reines-fecondees-buckfast\/#breadcrumb\"},\"inLanguage\":\"fr-FR\",\"potentialAction\":[{\"@type\":\"ReadAction\",\"target\":[\"https:\/\/sandbox.mielmartine.fr\/fr\/produit\/reines-fecondees-buckfast\/\"]}]},{\"@type\":\"BreadcrumbList\",\"@id\":\"https:\/\/sandbox.mielmartine.fr\/fr\/produit\/reines-fecondees-buckfast\/#breadcrumb\",\"itemListElement\":[{\"@type\":\"ListItem\",\"position\":1,\"name\":\"Accueil\",\"item\":\"https:\/\/sandbox.mielmartine.fr\/en\/homepage\/\"},{\"@type\":\"ListItem\",\"position\":2,\"name\":\"Shop -default\",\"item\":\"https:\/\/sandbox.mielmartine.fr\/fr\/shop-default\/\"},{\"@type\":\"ListItem\",\"position\":3,\"name\":\"Reines f\u00e9cond\u00e9es Buckfast\"}]},{\"@type\":\"WebSite\",\"@id\":\"https:\/\/sandbox.mielmartine.fr\/fr\/#website\",\"url\":\"https:\/\/sandbox.mielmartine.fr\/fr\/\",\"name\":\"Miel Martine\",\"description\":\"Miels de France\",\"publisher\":{\"@id\":\"https:\/\/sandbox.mielmartine.fr\/fr\/#organization\"},\"potentialAction\":[{\"@type\":\"SearchAction\",\"target\":{\"@type\":\"EntryPoint\",\"urlTemplate\":\"https:\/\/sandbox.mielmartine.fr\/fr\/?s={search_term_string}\"},\"query-input\":\"required name=search_term_string\"}],\"inLanguage\":\"fr-FR\"},{\"@type\":\"Organization\",\"@id\":\"https:\/\/sandbox.mielmartine.fr\/fr\/#organization\",\"name\":\"Miel Martine\",\"url\":\"https:\/\/sandbox.mielmartine.fr\/fr\/\",\"logo\":{\"@type\":\"ImageObject\",\"inLanguage\":\"fr-FR\",\"@id\":\"https:\/\/sandbox.mielmartine.fr\/fr\/#\/schema\/logo\/image\/\",\"url\":\"https:\/\/sandbox.mielmartine.fr\/wp-content\/uploads\/2018\/05\/LOGO_TAGLINE_MARTINE-1.svg\",\"contentUrl\":\"https:\/\/sandbox.mielmartine.fr\/wp-content\/uploads\/2018\/05\/LOGO_TAGLINE_MARTINE-1.svg\",\"width\":1,\"height\":1,\"caption\":\"Miel Martine\"},\"image\":{\"@id\":\"https:\/\/sandbox.mielmartine.fr\/fr\/#\/schema\/logo\/image\/\"},\"sameAs\":[\"https:\/\/www.facebook.com\/mielmartine\/\",\"https:\/\/www.instagram.com\/mielmartine\/\",\"https:\/\/www.pinterest.fr\/martine4731\/\"]}]}<\/script>\n<!-- \/ Yoast SEO plugin. -->","yoast_head_json":{"title":"Reines f\u00e9cond\u00e9es Buckfast \u00e9lev\u00e9es en France - Miel Martine","description":"Produit de la ruche : nos reines f\u00e9cond\u00e9es (fr\u00e8re d'Adam) sont \u00e9lev\u00e9es en France par nos apiculteurs. Chaque reine voyage dans une cagette...","robots":{"index":"index","follow":"follow","max-snippet":"max-snippet:-1","max-image-preview":"max-image-preview:large","max-video-preview":"max-video-preview:-1"},"canonical":"https:\/\/sandbox.mielmartine.fr\/fr\/produit\/reines-fecondees-buckfast\/","og_locale":"fr_FR","og_type":"article","og_title":"Reines f\u00e9cond\u00e9es Buckfast \u00e9lev\u00e9es en France - Miel Martine","og_description":"Produit de la ruche : nos reines f\u00e9cond\u00e9es (fr\u00e8re d'Adam) sont \u00e9lev\u00e9es en France par nos apiculteurs. Chaque reine voyage dans une cagette...","og_url":"https:\/\/sandbox.mielmartine.fr\/fr\/produit\/reines-fecondees-buckfast\/","og_site_name":"Miel Martine","article_publisher":"https:\/\/www.facebook.com\/mielmartine\/","article_modified_time":"2023-02-27T17:22:50+00:00","og_image":[{"width":796,"height":796,"url":"https:\/\/sandbox.mielmartine.fr\/wp-content\/uploads\/2018\/11\/reine.jpg","type":"image\/jpeg"}],"twitter_card":"summary_large_image","schema":{"@context":"https:\/\/schema.org","@graph":[{"@type":"WebPage","@id":"https:\/\/sandbox.mielmartine.fr\/fr\/produit\/reines-fecondees-buckfast\/","url":"https:\/\/sandbox.mielmartine.fr\/fr\/produit\/reines-fecondees-buckfast\/","name":"Reines f\u00e9cond\u00e9es Buckfast \u00e9lev\u00e9es en France - Miel Martine","isPartOf":{"@id":"https:\/\/sandbox.mielmartine.fr\/fr\/#website"},"datePublished":"2018-11-13T10:55:58+00:00","dateModified":"2023-02-27T17:22:50+00:00","description":"Produit de la ruche : nos reines f\u00e9cond\u00e9es (fr\u00e8re d'Adam) sont \u00e9lev\u00e9es en France par nos apiculteurs. Chaque reine voyage dans une cagette...","breadcrumb":{"@id":"https:\/\/sandbox.mielmartine.fr\/fr\/produit\/reines-fecondees-buckfast\/#breadcrumb"},"inLanguage":"fr-FR","potentialAction":[{"@type":"ReadAction","target":["https:\/\/sandbox.mielmartine.fr\/fr\/produit\/reines-fecondees-buckfast\/"]}]},{"@type":"BreadcrumbList","@id":"https:\/\/sandbox.mielmartine.fr\/fr\/produit\/reines-fecondees-buckfast\/#breadcrumb","itemListElement":[{"@type":"ListItem","position":1,"name":"Accueil","item":"https:\/\/sandbox.mielmartine.fr\/en\/homepage\/"},{"@type":"ListItem","position":2,"name":"Shop -default","item":"https:\/\/sandbox.mielmartine.fr\/fr\/shop-default\/"},{"@type":"ListItem","position":3,"name":"Reines f\u00e9cond\u00e9es Buckfast"}]},{"@type":"WebSite","@id":"https:\/\/sandbox.mielmartine.fr\/fr\/#website","url":"https:\/\/sandbox.mielmartine.fr\/fr\/","name":"Miel Martine","description":"Miels de France","publisher":{"@id":"https:\/\/sandbox.mielmartine.fr\/fr\/#organization"},"potentialAction":[{"@type":"SearchAction","target":{"@type":"EntryPoint","urlTemplate":"https:\/\/sandbox.mielmartine.fr\/fr\/?s={search_term_string}"},"query-input":"required name=search_term_string"}],"inLanguage":"fr-FR"},{"@type":"Organization","@id":"https:\/\/sandbox.mielmartine.fr\/fr\/#organization","name":"Miel Martine","url":"https:\/\/sandbox.mielmartine.fr\/fr\/","logo":{"@type":"ImageObject","inLanguage":"fr-FR","@id":"https:\/\/sandbox.mielmartine.fr\/fr\/#\/schema\/logo\/image\/","url":"https:\/\/sandbox.mielmartine.fr\/wp-content\/uploads\/2018\/05\/LOGO_TAGLINE_MARTINE-1.svg","contentUrl":"https:\/\/sandbox.mielmartine.fr\/wp-content\/uploads\/2018\/05\/LOGO_TAGLINE_MARTINE-1.svg","width":1,"height":1,"caption":"Miel Martine"},"image":{"@id":"https:\/\/sandbox.mielmartine.fr\/fr\/#\/schema\/logo\/image\/"},"sameAs":["https:\/\/www.facebook.com\/mielmartine\/","https:\/\/www.instagram.com\/mielmartine\/","https:\/\/www.pinterest.fr\/martine4731\/"]}]}},"_links":{"self":[{"href":"https:\/\/sandbox.mielmartine.fr\/fr\/wp-json\/wp\/v2\/product\/2258"}],"collection":[{"href":"https:\/\/sandbox.mielmartine.fr\/fr\/wp-json\/wp\/v2\/product"}],"about":[{"href":"https:\/\/sandbox.mielmartine.fr\/fr\/wp-json\/wp\/v2\/types\/product"}],"replies":[{"embeddable":true,"href":"https:\/\/sandbox.mielmartine.fr\/fr\/wp-json\/wp\/v2\/comments?post=2258"}],"wp:featuredmedia":[{"embeddable":true,"href":"https:\/\/sandbox.mielmartine.fr\/fr\/wp-json\/wp\/v2\/media\/2180"}],"wp:attachment":[{"href":"https:\/\/sandbox.mielmartine.fr\/fr\/wp-json\/wp\/v2\/media?parent=2258"}],"wp:term":[{"taxonomy":"product_cat","embeddable":true,"href":"https:\/\/sandbox.mielmartine.fr\/fr\/wp-json\/wp\/v2\/product_cat?post=2258"},{"taxonomy":"product_tag","embeddable":true,"href":"https:\/\/sandbox.mielmartine.fr\/fr\/wp-json\/wp\/v2\/product_tag?post=2258"}],"curies":[{"name":"wp","href":"https:\/\/api.w.org\/{rel}","templated":true}]}}