{"id":3106,"date":"2019-04-02T10:50:58","date_gmt":"2019-04-02T08:50:58","guid":{"rendered":"https:\/\/www.mielmartine.fr\/?post_type=product&#038;p=3106"},"modified":"2022-09-14T14:50:56","modified_gmt":"2022-09-14T12:50:56","slug":"pollen-frais","status":"publish","type":"product","link":"https:\/\/sandbox.mielmartine.fr\/fr\/product\/pollen-frais\/","title":{"rendered":"Pollen frais en seau"},"content":{"rendered":"","protected":false},"excerpt":{"rendered":"<p>Un pollen frais de qualit\u00e9 r\u00e9colt\u00e9 par nos apiculteurs en France dans le Var et conserv\u00e9 au sein de notre miellerie, gardant toutes ses propri\u00e9t\u00e9s pour le bien de votre organisme. Se conserve au r\u00e9frig\u00e9rateur et peut aussi se recongeler.<\/p>\n<p>Le pollen frais am\u00e9liore la m\u00e9moire, agit contre la fatigue, am\u00e9liore la circulation sanguine.<\/p>\n<table width=\"434\">\n<tbody>\n<tr>\n<td width=\"209\">\n<h6>1kg<\/h6>\n<\/td>\n<td width=\"225\">\n<h6>27 \u20ac par kg.<\/h6>\n<\/td>\n<\/tr>\n<tr>\n<td width=\"209\">\n<h6>5kg<\/h6>\n<\/td>\n<td width=\"225\">\n<h6>25 \u20ac par kg.<\/h6>\n<\/td>\n<\/tr>\n<tr>\n<td width=\"209\">\n<h6>10kg<\/h6>\n<\/td>\n<td width=\"225\">\n<h6>23 \u20ac par kg.<\/h6>\n<\/td>\n<\/tr>\n<tr>\n<td width=\"209\">\n<h6>50kg<\/h6>\n<\/td>\n<td width=\"225\">\n<h6>20 \u20ac par kg.<\/h6>\n<\/td>\n<\/tr>\n<tr>\n<td width=\"209\">\n<h6>100kg<\/h6>\n<\/td>\n<td width=\"225\">\n<h6>15 \u20ac par kg.<\/h6>\n<\/td>\n<\/tr>\n<\/tbody>\n<\/table>\n<p>&nbsp;<\/p>\n<h6>Conditionnement\u00a0: Seau plastique 1kg ou 5kg<\/h6>\n<h6>Exp\u00e9dition dans les 48h avec Colissimo ou Schenker avec un num\u00e9ro de suivi.<\/h6>\n","protected":false},"featured_media":5851,"comment_status":"open","ping_status":"closed","template":"","meta":[],"product_cat":[42],"product_tag":[],"acf":[],"yoast_head":"<!-- This site is optimized with the Yoast SEO plugin v20.1 - https:\/\/yoast.com\/wordpress\/plugins\/seo\/ -->\n<title>Pollen d&#039;abeille frais en seau - 100% fran\u00e7ais - Miel Martine<\/title>\n<meta name=\"description\" content=\"Le pollen frais en seau est le r\u00e9sultat du travail de nos abeilles. Il est r\u00e9colt\u00e9 avec soin par nos apiculteurs, pour un pollen de qualit\u00e9.\" \/>\n<meta name=\"robots\" content=\"index, follow, max-snippet:-1, max-image-preview:large, max-video-preview:-1\" \/>\n<link rel=\"canonical\" href=\"https:\/\/sandbox.mielmartine.fr\/fr\/produit\/pollen-frais\/\" \/>\n<meta property=\"og:locale\" content=\"fr_FR\" \/>\n<meta property=\"og:type\" content=\"article\" \/>\n<meta property=\"og:title\" content=\"Pollen d&#039;abeille frais en seau - 100% fran\u00e7ais - Miel Martine\" \/>\n<meta property=\"og:description\" content=\"Le pollen frais en seau est le r\u00e9sultat du travail de nos abeilles. Il est r\u00e9colt\u00e9 avec soin par nos apiculteurs, pour un pollen de qualit\u00e9.\" \/>\n<meta property=\"og:url\" content=\"https:\/\/sandbox.mielmartine.fr\/fr\/produit\/pollen-frais\/\" \/>\n<meta property=\"og:site_name\" content=\"Miel Martine\" \/>\n<meta property=\"article:publisher\" content=\"https:\/\/www.facebook.com\/mielmartine\/\" \/>\n<meta property=\"article:modified_time\" content=\"2022-09-14T12:50:56+00:00\" \/>\n<meta property=\"og:image\" content=\"https:\/\/sandbox.mielmartine.fr\/wp-content\/uploads\/2019\/04\/pollen2-scaled-964x1030.jpg\" \/>\n\t<meta property=\"og:image:width\" content=\"964\" \/>\n\t<meta property=\"og:image:height\" content=\"1030\" \/>\n\t<meta property=\"og:image:type\" content=\"image\/jpeg\" \/>\n<meta name=\"twitter:card\" content=\"summary_large_image\" \/>\n<script type=\"application\/ld+json\" class=\"yoast-schema-graph\">{\"@context\":\"https:\/\/schema.org\",\"@graph\":[{\"@type\":\"WebPage\",\"@id\":\"https:\/\/sandbox.mielmartine.fr\/fr\/produit\/pollen-frais\/\",\"url\":\"https:\/\/sandbox.mielmartine.fr\/fr\/produit\/pollen-frais\/\",\"name\":\"Pollen d'abeille frais en seau - 100% fran\u00e7ais - Miel Martine\",\"isPartOf\":{\"@id\":\"https:\/\/sandbox.mielmartine.fr\/fr\/#website\"},\"datePublished\":\"2019-04-02T08:50:58+00:00\",\"dateModified\":\"2022-09-14T12:50:56+00:00\",\"description\":\"Le pollen frais en seau est le r\u00e9sultat du travail de nos abeilles. Il est r\u00e9colt\u00e9 avec soin par nos apiculteurs, pour un pollen de qualit\u00e9.\",\"breadcrumb\":{\"@id\":\"https:\/\/sandbox.mielmartine.fr\/fr\/produit\/pollen-frais\/#breadcrumb\"},\"inLanguage\":\"fr-FR\",\"potentialAction\":[{\"@type\":\"ReadAction\",\"target\":[\"https:\/\/sandbox.mielmartine.fr\/fr\/produit\/pollen-frais\/\"]}]},{\"@type\":\"BreadcrumbList\",\"@id\":\"https:\/\/sandbox.mielmartine.fr\/fr\/produit\/pollen-frais\/#breadcrumb\",\"itemListElement\":[{\"@type\":\"ListItem\",\"position\":1,\"name\":\"Accueil\",\"item\":\"https:\/\/sandbox.mielmartine.fr\/en\/homepage\/\"},{\"@type\":\"ListItem\",\"position\":2,\"name\":\"Shop -default\",\"item\":\"https:\/\/sandbox.mielmartine.fr\/fr\/shop-default\/\"},{\"@type\":\"ListItem\",\"position\":3,\"name\":\"Pollen frais en seau\"}]},{\"@type\":\"WebSite\",\"@id\":\"https:\/\/sandbox.mielmartine.fr\/fr\/#website\",\"url\":\"https:\/\/sandbox.mielmartine.fr\/fr\/\",\"name\":\"Miel Martine\",\"description\":\"Miels de France\",\"publisher\":{\"@id\":\"https:\/\/sandbox.mielmartine.fr\/fr\/#organization\"},\"potentialAction\":[{\"@type\":\"SearchAction\",\"target\":{\"@type\":\"EntryPoint\",\"urlTemplate\":\"https:\/\/sandbox.mielmartine.fr\/fr\/?s={search_term_string}\"},\"query-input\":\"required name=search_term_string\"}],\"inLanguage\":\"fr-FR\"},{\"@type\":\"Organization\",\"@id\":\"https:\/\/sandbox.mielmartine.fr\/fr\/#organization\",\"name\":\"Miel Martine\",\"url\":\"https:\/\/sandbox.mielmartine.fr\/fr\/\",\"logo\":{\"@type\":\"ImageObject\",\"inLanguage\":\"fr-FR\",\"@id\":\"https:\/\/sandbox.mielmartine.fr\/fr\/#\/schema\/logo\/image\/\",\"url\":\"https:\/\/sandbox.mielmartine.fr\/wp-content\/uploads\/2018\/05\/LOGO_TAGLINE_MARTINE-1.svg\",\"contentUrl\":\"https:\/\/sandbox.mielmartine.fr\/wp-content\/uploads\/2018\/05\/LOGO_TAGLINE_MARTINE-1.svg\",\"width\":1,\"height\":1,\"caption\":\"Miel Martine\"},\"image\":{\"@id\":\"https:\/\/sandbox.mielmartine.fr\/fr\/#\/schema\/logo\/image\/\"},\"sameAs\":[\"https:\/\/www.facebook.com\/mielmartine\/\",\"https:\/\/www.instagram.com\/mielmartine\/\",\"https:\/\/www.pinterest.fr\/martine4731\/\"]}]}<\/script>\n<!-- \/ Yoast SEO plugin. -->","yoast_head_json":{"title":"Pollen d'abeille frais en seau - 100% fran\u00e7ais - Miel Martine","description":"Le pollen frais en seau est le r\u00e9sultat du travail de nos abeilles. Il est r\u00e9colt\u00e9 avec soin par nos apiculteurs, pour un pollen de qualit\u00e9.","robots":{"index":"index","follow":"follow","max-snippet":"max-snippet:-1","max-image-preview":"max-image-preview:large","max-video-preview":"max-video-preview:-1"},"canonical":"https:\/\/sandbox.mielmartine.fr\/fr\/produit\/pollen-frais\/","og_locale":"fr_FR","og_type":"article","og_title":"Pollen d'abeille frais en seau - 100% fran\u00e7ais - Miel Martine","og_description":"Le pollen frais en seau est le r\u00e9sultat du travail de nos abeilles. Il est r\u00e9colt\u00e9 avec soin par nos apiculteurs, pour un pollen de qualit\u00e9.","og_url":"https:\/\/sandbox.mielmartine.fr\/fr\/produit\/pollen-frais\/","og_site_name":"Miel Martine","article_publisher":"https:\/\/www.facebook.com\/mielmartine\/","article_modified_time":"2022-09-14T12:50:56+00:00","og_image":[{"width":964,"height":1030,"url":"https:\/\/sandbox.mielmartine.fr\/wp-content\/uploads\/2019\/04\/pollen2-scaled-964x1030.jpg","type":"image\/jpeg"}],"twitter_card":"summary_large_image","schema":{"@context":"https:\/\/schema.org","@graph":[{"@type":"WebPage","@id":"https:\/\/sandbox.mielmartine.fr\/fr\/produit\/pollen-frais\/","url":"https:\/\/sandbox.mielmartine.fr\/fr\/produit\/pollen-frais\/","name":"Pollen d'abeille frais en seau - 100% fran\u00e7ais - Miel Martine","isPartOf":{"@id":"https:\/\/sandbox.mielmartine.fr\/fr\/#website"},"datePublished":"2019-04-02T08:50:58+00:00","dateModified":"2022-09-14T12:50:56+00:00","description":"Le pollen frais en seau est le r\u00e9sultat du travail de nos abeilles. Il est r\u00e9colt\u00e9 avec soin par nos apiculteurs, pour un pollen de qualit\u00e9.","breadcrumb":{"@id":"https:\/\/sandbox.mielmartine.fr\/fr\/produit\/pollen-frais\/#breadcrumb"},"inLanguage":"fr-FR","potentialAction":[{"@type":"ReadAction","target":["https:\/\/sandbox.mielmartine.fr\/fr\/produit\/pollen-frais\/"]}]},{"@type":"BreadcrumbList","@id":"https:\/\/sandbox.mielmartine.fr\/fr\/produit\/pollen-frais\/#breadcrumb","itemListElement":[{"@type":"ListItem","position":1,"name":"Accueil","item":"https:\/\/sandbox.mielmartine.fr\/en\/homepage\/"},{"@type":"ListItem","position":2,"name":"Shop -default","item":"https:\/\/sandbox.mielmartine.fr\/fr\/shop-default\/"},{"@type":"ListItem","position":3,"name":"Pollen frais en seau"}]},{"@type":"WebSite","@id":"https:\/\/sandbox.mielmartine.fr\/fr\/#website","url":"https:\/\/sandbox.mielmartine.fr\/fr\/","name":"Miel Martine","description":"Miels de France","publisher":{"@id":"https:\/\/sandbox.mielmartine.fr\/fr\/#organization"},"potentialAction":[{"@type":"SearchAction","target":{"@type":"EntryPoint","urlTemplate":"https:\/\/sandbox.mielmartine.fr\/fr\/?s={search_term_string}"},"query-input":"required name=search_term_string"}],"inLanguage":"fr-FR"},{"@type":"Organization","@id":"https:\/\/sandbox.mielmartine.fr\/fr\/#organization","name":"Miel Martine","url":"https:\/\/sandbox.mielmartine.fr\/fr\/","logo":{"@type":"ImageObject","inLanguage":"fr-FR","@id":"https:\/\/sandbox.mielmartine.fr\/fr\/#\/schema\/logo\/image\/","url":"https:\/\/sandbox.mielmartine.fr\/wp-content\/uploads\/2018\/05\/LOGO_TAGLINE_MARTINE-1.svg","contentUrl":"https:\/\/sandbox.mielmartine.fr\/wp-content\/uploads\/2018\/05\/LOGO_TAGLINE_MARTINE-1.svg","width":1,"height":1,"caption":"Miel Martine"},"image":{"@id":"https:\/\/sandbox.mielmartine.fr\/fr\/#\/schema\/logo\/image\/"},"sameAs":["https:\/\/www.facebook.com\/mielmartine\/","https:\/\/www.instagram.com\/mielmartine\/","https:\/\/www.pinterest.fr\/martine4731\/"]}]}},"_links":{"self":[{"href":"https:\/\/sandbox.mielmartine.fr\/fr\/wp-json\/wp\/v2\/product\/3106"}],"collection":[{"href":"https:\/\/sandbox.mielmartine.fr\/fr\/wp-json\/wp\/v2\/product"}],"about":[{"href":"https:\/\/sandbox.mielmartine.fr\/fr\/wp-json\/wp\/v2\/types\/product"}],"replies":[{"embeddable":true,"href":"https:\/\/sandbox.mielmartine.fr\/fr\/wp-json\/wp\/v2\/comments?post=3106"}],"wp:featuredmedia":[{"embeddable":true,"href":"https:\/\/sandbox.mielmartine.fr\/fr\/wp-json\/wp\/v2\/media\/5851"}],"wp:attachment":[{"href":"https:\/\/sandbox.mielmartine.fr\/fr\/wp-json\/wp\/v2\/media?parent=3106"}],"wp:term":[{"taxonomy":"product_cat","embeddable":true,"href":"https:\/\/sandbox.mielmartine.fr\/fr\/wp-json\/wp\/v2\/product_cat?post=3106"},{"taxonomy":"product_tag","embeddable":true,"href":"https:\/\/sandbox.mielmartine.fr\/fr\/wp-json\/wp\/v2\/product_tag?post=3106"}],"curies":[{"name":"wp","href":"https:\/\/api.w.org\/{rel}","templated":true}]}}