{"id":348,"date":"2018-04-26T17:50:16","date_gmt":"2018-04-26T15:50:16","guid":{"rendered":"https:\/\/www.mielmartine.fr\/?post_type=product&#038;p=348"},"modified":"2022-09-14T14:52:00","modified_gmt":"2022-09-14T12:52:00","slug":"miel-de-lavande","status":"publish","type":"product","link":"https:\/\/sandbox.mielmartine.fr\/fr\/product\/miel-de-lavande\/","title":{"rendered":"Miel de Lavande IGP Provence"},"content":{"rendered":"<p><span style=\"font-weight: 400;\">Le<strong> <a href=\"\/fr\/miel-naturel-bio\/\">miel naturel<\/a><\/strong> peut \u00eatre fabriqu\u00e9 \u00e0 partir de nombreuses <strong>esp\u00e8ces de fleurs<\/strong>. Les sp\u00e9cificit\u00e9s de chacun d\u00e9pendent en grande partie du nectar \u00e0 partir duquel il a \u00e9t\u00e9 \u00e9labor\u00e9.<\/span><\/p>\n<p><span style=\"font-weight: 400;\">Les fleurs de lavande, bien connues dans l\u2019industrie du parfum pour leur ar\u00f4me intense, sont butin\u00e9es par les abeilles qui en produisent un miel onctueux et d\u00e9licat.\u00a0<\/span><span style=\"font-weight: 400;\"><a href=\"\/fr\/qui-sommes-nous\/\">Miel Martine<\/a> vous fait d\u00e9couvrir le <strong>miel de lavande<\/strong>.<\/span><\/p>\n<h3>O\u00f9 est fabriqu\u00e9 le miel de lavande ?<\/h3>\n<p><span style=\"font-weight: 400;\">La lavande, si reconnaissable \u00e0 son <strong>parfum exceptionnel<\/strong> et \u00e0 ses \u00e9pis de couleur violette, pousse principalement dans les parties ensoleill\u00e9es de la France.\u00a0<\/span><\/p>\n<p><span style=\"font-weight: 400;\">C&#8217;est donc dans des r\u00e9gions comme les Alpes de Haute Provence, le Vaucluse, le Var, et la Dr\u00f4me que l\u2019on trouve facilement cette esp\u00e8ce de fleur.\u00a0<\/span><span style=\"font-weight: 400;\">C\u2019est au printemps que les premi\u00e8res fleurs de lavande apparaissent. La floraison peut perdurer jusqu\u2019au mois d&#8217;ao\u00fbt.\u00a0<\/span><span style=\"font-weight: 400;\">C\u2019est durant toute cette p\u00e9riode que les abeilles butinent le nectar des fleurs et en fabriquent le miel de lavande.<\/span><\/p>\n<h3>Les sp\u00e9cificit\u00e9s du miel de lavande<\/h3>\n<p><span style=\"font-weight: 400;\">La teinte mauve des fleurs de lavande permet de cr\u00e9er un miel \u00e0 la couleur claire et limpide. Son odeur intense donne au miel un ar\u00f4me fin et g\u00e9n\u00e9reux.\u00a0<\/span><span style=\"font-weight: 400;\">Gr\u00e2ce \u00e0 sa couleur blanche nacr\u00e9e, le<strong> miel de lavande<\/strong> est, parmi les autres sortes de miel, particuli\u00e8rement reconnaissable. Un clin d&#8217;\u0153il suffit pour le rep\u00e9rer sur les \u00e9talages des \u00e9piceries.<\/span><\/p>\n<p><span style=\"font-weight: 400;\">Au niveau de sa texture, le miel de lavande est r\u00e9put\u00e9 pour \u00eatre un<strong> miel onctueux<\/strong>, doux et moelleux.\u00a0<\/span><span style=\"font-weight: 400;\">Son go\u00fbt est souvent tr\u00e8s fruit\u00e9, savoureux et raffin\u00e9.\u00a0<\/span><span style=\"font-weight: 400;\">Son parfum est tr\u00e8s subtil, intense, et d\u00e9licat. Enfin, l<\/span>e miel de lavande est aussi reconnu comme \u00e9tant un <strong><a href=\"\/fr\/quel-miel-pour-la-toux\/\">miel pour la toux<\/a><\/strong>.<\/p>\n<p><span style=\"font-weight: 400;\">Le miel de lavande Miel Martine est 100% naturel et produit dans le <strong>respect de l\u2019environnement<\/strong>.\u00a0<\/span><\/p>\n","protected":false},"excerpt":{"rendered":"<p><strong>Plongez votre cuill\u00e8re directement dans un pot de <em>Miel de Lavande Martine<\/em> ou d\u00e9gustez-le sur votre tartine. <\/strong><\/p>\n<p>Ce miel embl\u00e9matique de notre r\u00e9gion se r\u00e9colte g\u00e9n\u00e9ralement en juillet lorsque les champs se couvrent d\u2019une couleur violette qui rend les paysages sublimes.<\/p>\n<p>Le <em>Miel de Lavande Martine<\/em> poss\u00e8de un go\u00fbt sucr\u00e9 \u00e0 la saveur puissante et aromatique et poss\u00e8de de nombreuses vertus.<\/p>\n<h3>Les conseils de la nutritionniste Isabelle Rigaud<\/h3>\n<p>Le miel de lavande est souvent utilis\u00e9 pour son action anti-rhumatismes, il serait antispasmodique et comme tous les miels il poss\u00e8de une action antiseptique et anti-inflammatoire.<\/p>\n<p>C\u2019est pour cette raison que le miel de lavande est recommand\u00e9 pour <strong>soulager les toux<\/strong>, aider \u00e0 soulager les br\u00fblures, combattre les effets de la bronchite, de l\u2019angine, il aide \u00e0 cicatriser les plaies infect\u00e9es et permet de minimiser la douleur des piq\u00fbres d\u2019insectes.<\/p>\n<p>Par ailleurs, la lavande est reconnue pour son action calmante, notamment pour l\u2019endormissement et pour combattre les insomnies. Le miel de lavande aurait h\u00e9rit\u00e9 des m\u00eames attributs.<\/p>\n<p>Ce miel a obtenu le Label IGP Provence\u00a0<img decoding=\"async\" loading=\"lazy\" class=\"wp-image-5188 size-thumbnail alignleft\" src=\"https:\/\/sandbox.mielmartine.fr\/wp-content\/uploads\/2020\/01\/fr_IGP_4c-80x80.png\" alt=\"\" width=\"80\" height=\"80\" srcset=\"https:\/\/sandbox.mielmartine.fr\/wp-content\/uploads\/2020\/01\/fr_IGP_4c-80x80.png 80w, https:\/\/sandbox.mielmartine.fr\/wp-content\/uploads\/2020\/01\/fr_IGP_4c-300x300.png 300w, https:\/\/sandbox.mielmartine.fr\/wp-content\/uploads\/2020\/01\/fr_IGP_4c-36x36.png 36w, https:\/\/sandbox.mielmartine.fr\/wp-content\/uploads\/2020\/01\/fr_IGP_4c-180x180.png 180w, https:\/\/sandbox.mielmartine.fr\/wp-content\/uploads\/2020\/01\/fr_IGP_4c-400x400.png 400w, https:\/\/sandbox.mielmartine.fr\/wp-content\/uploads\/2020\/01\/fr_IGP_4c-339x339.png 339w, https:\/\/sandbox.mielmartine.fr\/wp-content\/uploads\/2020\/01\/fr_IGP_4c-60x60.png 60w, https:\/\/sandbox.mielmartine.fr\/wp-content\/uploads\/2020\/01\/fr_IGP_4c-90x90.png 90w, https:\/\/sandbox.mielmartine.fr\/wp-content\/uploads\/2020\/01\/fr_IGP_4c.png 591w\" sizes=\"(max-width: 80px) 100vw, 80px\" \/>.<br \/>\n<strong>Miel r\u00e9colt\u00e9 par nos apiculteurs pr\u00e8s de Valensole.<\/strong><\/p>\n<p>&nbsp;<\/p>\n<p>Poids: 250gr.<br \/>\nFrais de livraison: 2,90 EUR (offerts d\u00e8s 30 EUR d&#8217;achat)<\/p>\n<p><a class=\"respectcode\" href=\"http:\/\/www.respect-code.org\/Search?search=501WFVH\" target=\"_blank\" rel=\"noopener noreferrer\">Acc\u00e9dez \u00e0 la tra\u00e7abilit\u00e9 de ce lot<\/a><\/p>\n<p><a href=\"http:\/\/www.respect-code.org\/Search?search=501WFVH\" target=\"_blank\" rel=\"noopener noreferrer\"><img decoding=\"async\" loading=\"lazy\" class=\"alignnone wp-image-5254 size-full\" src=\"https:\/\/sandbox.mielmartine.fr\/wp-content\/uploads\/2018\/09\/respectcode-1.png\" alt=\"\" width=\"150\" height=\"95\" srcset=\"https:\/\/sandbox.mielmartine.fr\/wp-content\/uploads\/2018\/09\/respectcode-1.png 150w, https:\/\/sandbox.mielmartine.fr\/wp-content\/uploads\/2018\/09\/respectcode-1-95x60.png 95w, https:\/\/sandbox.mielmartine.fr\/wp-content\/uploads\/2018\/09\/respectcode-1-142x90.png 142w\" sizes=\"(max-width: 150px) 100vw, 150px\" \/><\/a><\/p>\n","protected":false},"featured_media":11170,"comment_status":"open","ping_status":"closed","template":"","meta":[],"product_cat":[87,31],"product_tag":[],"acf":[],"yoast_head":"<!-- This site is optimized with the Yoast SEO plugin v20.1 - https:\/\/yoast.com\/wordpress\/plugins\/seo\/ -->\n<title>Miel de Lavande IGP | Miel R\u00e9colt\u00e9 en Provence en France | Miel Martine<\/title>\n<meta name=\"description\" content=\"Le miel de lavande est un miel onctueux, doux et d\u00e9licat. Sa texture, son go\u00fbt et son ar\u00f4me font de lui un miel d&#039;exception.\" \/>\n<meta name=\"robots\" content=\"index, follow, max-snippet:-1, max-image-preview:large, max-video-preview:-1\" \/>\n<link rel=\"canonical\" href=\"https:\/\/sandbox.mielmartine.fr\/fr\/produit\/miel-de-lavande\/\" \/>\n<meta property=\"og:locale\" content=\"fr_FR\" \/>\n<meta property=\"og:type\" content=\"article\" \/>\n<meta property=\"og:title\" content=\"Miel de Lavande IGP | Miel R\u00e9colt\u00e9 en Provence en France | Miel Martine\" \/>\n<meta property=\"og:description\" content=\"Le miel de lavande est un miel onctueux, doux et d\u00e9licat. Sa texture, son go\u00fbt et son ar\u00f4me font de lui un miel d&#039;exception.\" \/>\n<meta property=\"og:url\" content=\"https:\/\/sandbox.mielmartine.fr\/fr\/produit\/miel-de-lavande\/\" \/>\n<meta property=\"og:site_name\" content=\"Miel Martine\" \/>\n<meta property=\"article:publisher\" content=\"https:\/\/www.facebook.com\/mielmartine\/\" \/>\n<meta property=\"article:modified_time\" content=\"2022-09-14T12:52:00+00:00\" \/>\n<meta property=\"og:image\" content=\"https:\/\/sandbox.mielmartine.fr\/wp-content\/uploads\/2018\/04\/miel-lavande-IGP.jpg\" \/>\n\t<meta property=\"og:image:width\" content=\"1184\" \/>\n\t<meta property=\"og:image:height\" content=\"1601\" \/>\n\t<meta property=\"og:image:type\" content=\"image\/jpeg\" \/>\n<meta name=\"twitter:card\" content=\"summary_large_image\" \/>\n<meta name=\"twitter:label1\" content=\"Dur\u00e9e de lecture estim\u00e9e\" \/>\n\t<meta name=\"twitter:data1\" content=\"2 minutes\" \/>\n<script type=\"application\/ld+json\" class=\"yoast-schema-graph\">{\"@context\":\"https:\/\/schema.org\",\"@graph\":[{\"@type\":\"WebPage\",\"@id\":\"https:\/\/sandbox.mielmartine.fr\/fr\/produit\/miel-de-lavande\/\",\"url\":\"https:\/\/sandbox.mielmartine.fr\/fr\/produit\/miel-de-lavande\/\",\"name\":\"Miel de Lavande IGP | Miel R\u00e9colt\u00e9 en Provence en France | Miel Martine\",\"isPartOf\":{\"@id\":\"https:\/\/sandbox.mielmartine.fr\/fr\/#website\"},\"datePublished\":\"2018-04-26T15:50:16+00:00\",\"dateModified\":\"2022-09-14T12:52:00+00:00\",\"description\":\"Le miel de lavande est un miel onctueux, doux et d\u00e9licat. Sa texture, son go\u00fbt et son ar\u00f4me font de lui un miel d'exception.\",\"breadcrumb\":{\"@id\":\"https:\/\/sandbox.mielmartine.fr\/fr\/produit\/miel-de-lavande\/#breadcrumb\"},\"inLanguage\":\"fr-FR\",\"potentialAction\":[{\"@type\":\"ReadAction\",\"target\":[\"https:\/\/sandbox.mielmartine.fr\/fr\/produit\/miel-de-lavande\/\"]}]},{\"@type\":\"BreadcrumbList\",\"@id\":\"https:\/\/sandbox.mielmartine.fr\/fr\/produit\/miel-de-lavande\/#breadcrumb\",\"itemListElement\":[{\"@type\":\"ListItem\",\"position\":1,\"name\":\"Accueil\",\"item\":\"https:\/\/sandbox.mielmartine.fr\/en\/homepage\/\"},{\"@type\":\"ListItem\",\"position\":2,\"name\":\"Shop -default\",\"item\":\"https:\/\/sandbox.mielmartine.fr\/fr\/shop-default\/\"},{\"@type\":\"ListItem\",\"position\":3,\"name\":\"Miel de Lavande IGP Provence\"}]},{\"@type\":\"WebSite\",\"@id\":\"https:\/\/sandbox.mielmartine.fr\/fr\/#website\",\"url\":\"https:\/\/sandbox.mielmartine.fr\/fr\/\",\"name\":\"Miel Martine\",\"description\":\"Miels de France\",\"publisher\":{\"@id\":\"https:\/\/sandbox.mielmartine.fr\/fr\/#organization\"},\"potentialAction\":[{\"@type\":\"SearchAction\",\"target\":{\"@type\":\"EntryPoint\",\"urlTemplate\":\"https:\/\/sandbox.mielmartine.fr\/fr\/?s={search_term_string}\"},\"query-input\":\"required name=search_term_string\"}],\"inLanguage\":\"fr-FR\"},{\"@type\":\"Organization\",\"@id\":\"https:\/\/sandbox.mielmartine.fr\/fr\/#organization\",\"name\":\"Miel Martine\",\"url\":\"https:\/\/sandbox.mielmartine.fr\/fr\/\",\"logo\":{\"@type\":\"ImageObject\",\"inLanguage\":\"fr-FR\",\"@id\":\"https:\/\/sandbox.mielmartine.fr\/fr\/#\/schema\/logo\/image\/\",\"url\":\"https:\/\/sandbox.mielmartine.fr\/wp-content\/uploads\/2018\/05\/LOGO_TAGLINE_MARTINE-1.svg\",\"contentUrl\":\"https:\/\/sandbox.mielmartine.fr\/wp-content\/uploads\/2018\/05\/LOGO_TAGLINE_MARTINE-1.svg\",\"width\":1,\"height\":1,\"caption\":\"Miel Martine\"},\"image\":{\"@id\":\"https:\/\/sandbox.mielmartine.fr\/fr\/#\/schema\/logo\/image\/\"},\"sameAs\":[\"https:\/\/www.facebook.com\/mielmartine\/\",\"https:\/\/www.instagram.com\/mielmartine\/\",\"https:\/\/www.pinterest.fr\/martine4731\/\"]}]}<\/script>\n<!-- \/ Yoast SEO plugin. -->","yoast_head_json":{"title":"Miel de Lavande IGP | Miel R\u00e9colt\u00e9 en Provence en France | Miel Martine","description":"Le miel de lavande est un miel onctueux, doux et d\u00e9licat. Sa texture, son go\u00fbt et son ar\u00f4me font de lui un miel d'exception.","robots":{"index":"index","follow":"follow","max-snippet":"max-snippet:-1","max-image-preview":"max-image-preview:large","max-video-preview":"max-video-preview:-1"},"canonical":"https:\/\/sandbox.mielmartine.fr\/fr\/produit\/miel-de-lavande\/","og_locale":"fr_FR","og_type":"article","og_title":"Miel de Lavande IGP | Miel R\u00e9colt\u00e9 en Provence en France | Miel Martine","og_description":"Le miel de lavande est un miel onctueux, doux et d\u00e9licat. Sa texture, son go\u00fbt et son ar\u00f4me font de lui un miel d'exception.","og_url":"https:\/\/sandbox.mielmartine.fr\/fr\/produit\/miel-de-lavande\/","og_site_name":"Miel Martine","article_publisher":"https:\/\/www.facebook.com\/mielmartine\/","article_modified_time":"2022-09-14T12:52:00+00:00","og_image":[{"width":1184,"height":1601,"url":"https:\/\/sandbox.mielmartine.fr\/wp-content\/uploads\/2018\/04\/miel-lavande-IGP.jpg","type":"image\/jpeg"}],"twitter_card":"summary_large_image","twitter_misc":{"Dur\u00e9e de lecture estim\u00e9e":"2 minutes"},"schema":{"@context":"https:\/\/schema.org","@graph":[{"@type":"WebPage","@id":"https:\/\/sandbox.mielmartine.fr\/fr\/produit\/miel-de-lavande\/","url":"https:\/\/sandbox.mielmartine.fr\/fr\/produit\/miel-de-lavande\/","name":"Miel de Lavande IGP | Miel R\u00e9colt\u00e9 en Provence en France | Miel Martine","isPartOf":{"@id":"https:\/\/sandbox.mielmartine.fr\/fr\/#website"},"datePublished":"2018-04-26T15:50:16+00:00","dateModified":"2022-09-14T12:52:00+00:00","description":"Le miel de lavande est un miel onctueux, doux et d\u00e9licat. Sa texture, son go\u00fbt et son ar\u00f4me font de lui un miel d'exception.","breadcrumb":{"@id":"https:\/\/sandbox.mielmartine.fr\/fr\/produit\/miel-de-lavande\/#breadcrumb"},"inLanguage":"fr-FR","potentialAction":[{"@type":"ReadAction","target":["https:\/\/sandbox.mielmartine.fr\/fr\/produit\/miel-de-lavande\/"]}]},{"@type":"BreadcrumbList","@id":"https:\/\/sandbox.mielmartine.fr\/fr\/produit\/miel-de-lavande\/#breadcrumb","itemListElement":[{"@type":"ListItem","position":1,"name":"Accueil","item":"https:\/\/sandbox.mielmartine.fr\/en\/homepage\/"},{"@type":"ListItem","position":2,"name":"Shop -default","item":"https:\/\/sandbox.mielmartine.fr\/fr\/shop-default\/"},{"@type":"ListItem","position":3,"name":"Miel de Lavande IGP Provence"}]},{"@type":"WebSite","@id":"https:\/\/sandbox.mielmartine.fr\/fr\/#website","url":"https:\/\/sandbox.mielmartine.fr\/fr\/","name":"Miel Martine","description":"Miels de France","publisher":{"@id":"https:\/\/sandbox.mielmartine.fr\/fr\/#organization"},"potentialAction":[{"@type":"SearchAction","target":{"@type":"EntryPoint","urlTemplate":"https:\/\/sandbox.mielmartine.fr\/fr\/?s={search_term_string}"},"query-input":"required name=search_term_string"}],"inLanguage":"fr-FR"},{"@type":"Organization","@id":"https:\/\/sandbox.mielmartine.fr\/fr\/#organization","name":"Miel Martine","url":"https:\/\/sandbox.mielmartine.fr\/fr\/","logo":{"@type":"ImageObject","inLanguage":"fr-FR","@id":"https:\/\/sandbox.mielmartine.fr\/fr\/#\/schema\/logo\/image\/","url":"https:\/\/sandbox.mielmartine.fr\/wp-content\/uploads\/2018\/05\/LOGO_TAGLINE_MARTINE-1.svg","contentUrl":"https:\/\/sandbox.mielmartine.fr\/wp-content\/uploads\/2018\/05\/LOGO_TAGLINE_MARTINE-1.svg","width":1,"height":1,"caption":"Miel Martine"},"image":{"@id":"https:\/\/sandbox.mielmartine.fr\/fr\/#\/schema\/logo\/image\/"},"sameAs":["https:\/\/www.facebook.com\/mielmartine\/","https:\/\/www.instagram.com\/mielmartine\/","https:\/\/www.pinterest.fr\/martine4731\/"]}]}},"_links":{"self":[{"href":"https:\/\/sandbox.mielmartine.fr\/fr\/wp-json\/wp\/v2\/product\/348"}],"collection":[{"href":"https:\/\/sandbox.mielmartine.fr\/fr\/wp-json\/wp\/v2\/product"}],"about":[{"href":"https:\/\/sandbox.mielmartine.fr\/fr\/wp-json\/wp\/v2\/types\/product"}],"replies":[{"embeddable":true,"href":"https:\/\/sandbox.mielmartine.fr\/fr\/wp-json\/wp\/v2\/comments?post=348"}],"wp:featuredmedia":[{"embeddable":true,"href":"https:\/\/sandbox.mielmartine.fr\/fr\/wp-json\/wp\/v2\/media\/11170"}],"wp:attachment":[{"href":"https:\/\/sandbox.mielmartine.fr\/fr\/wp-json\/wp\/v2\/media?parent=348"}],"wp:term":[{"taxonomy":"product_cat","embeddable":true,"href":"https:\/\/sandbox.mielmartine.fr\/fr\/wp-json\/wp\/v2\/product_cat?post=348"},{"taxonomy":"product_tag","embeddable":true,"href":"https:\/\/sandbox.mielmartine.fr\/fr\/wp-json\/wp\/v2\/product_tag?post=348"}],"curies":[{"name":"wp","href":"https:\/\/api.w.org\/{rel}","templated":true}]}}