{"id":350,"date":"2018-04-26T17:50:47","date_gmt":"2018-04-26T15:50:47","guid":{"rendered":"https:\/\/www.mielmartine.fr\/?post_type=product&#038;p=350"},"modified":"2022-09-14T14:51:52","modified_gmt":"2022-09-14T12:51:52","slug":"miel-de-bruyere-blanche","status":"publish","type":"product","link":"https:\/\/sandbox.mielmartine.fr\/fr\/product\/miel-de-bruyere-blanche\/","title":{"rendered":"Miel de Bruy\u00e8re Blanche IGP Provence"},"content":{"rendered":"<p><b>Le miel de bruy\u00e8re blanche<\/b><span style=\"font-weight: 400;\"> est un miel assez peu connu du grand public. Il est particuli\u00e8rement appr\u00e9ci\u00e9 pour son go\u00fbt fort et son parfum intense. Miel Martine vous r\u00e9v\u00e8le tous les secrets de ce <\/span><b>miel subtil et onctueux<\/b><span style=\"font-weight: 400;\"> !<\/span><\/p>\n<h3>O\u00f9 le miel de bruy\u00e8re est-il fabriqu\u00e9 ?<\/h3>\n<p><b>Le miel de bruy\u00e8re<\/b><span style=\"font-weight: 400;\"> est \u00e9labor\u00e9 \u00e0 partir du <\/span><b>nectar des fleurs de bruy\u00e8re<\/b><span style=\"font-weight: 400;\">. Cette petite plante mellif\u00e8re offre un <\/span><b>nectar unique et riche<\/b><span style=\"font-weight: 400;\">.\u00a0<\/span><b>La bruy\u00e8re<\/b><span style=\"font-weight: 400;\"> est une plante qui pousse \u00e0 l&#8217;\u00e9tat sauvage <\/span><span style=\"font-weight: 400;\">sur les sols siliceux du pourtour <\/span><span style=\"font-weight: 400;\">m\u00e9diterran\u00e9en.<\/span><\/p>\n<p><span style=\"font-weight: 400;\">La floraison de la <\/span><b>bruy\u00e8re<\/b><span style=\"font-weight: 400;\"> commence g\u00e9n\u00e9ralement au tout d\u00e9but de l&#8217;\u00e9t\u00e9 et perdure jusqu&#8217;\u00e0 la fin de l&#8217;automne. Dans certains cas, elle se prolonge m\u00eame en hiver. <\/span><b>La production de miel de bruy\u00e8re<\/b><span style=\"font-weight: 400;\"> peut donc se faire durant toute l&#8217;ann\u00e9e. C\u2019est l\u2019une des raisons pour lesquelles les apiculteurs l&#8217;appr\u00e9cient particuli\u00e8rement. Ils peuvent produire <\/span><b>du miel de bruy\u00e8re<\/b><span style=\"font-weight: 400;\"> pendant presque toute l&#8217;ann\u00e9e et sans interruption.\u00a0<\/span><\/p>\n<h3>Les caract\u00e9ristiques du miel de bruy\u00e8re blanche<\/h3>\n<p><b>Le miel de bruy\u00e8re blanche <\/b><span style=\"font-weight: 400;\">est aussi connu sous le nom de <\/span><b>miel de bruy\u00e8re Erica<\/b><span style=\"font-weight: 400;\">. Sa couleur est plus ou moins fonc\u00e9e. Son ar\u00f4me est fort, intense et affirm\u00e9. Son go\u00fbt et son parfum rappelant celui du caramel. Sa texture est cr\u00e9meuse.<\/span><\/p>\n<p><b>Le miel de bruy\u00e8re <\/b><span style=\"font-weight: 400;\">est tr\u00e8s recherch\u00e9, notamment par les grands amateurs de miel. Les chefs \u00e9toil\u00e9s l\u2019utilisent souvent dans la pr\u00e9paration de leurs plats gastronomiques.<\/span><\/p>\n<p><span style=\"font-weight: 400;\">Vous l\u2019aurez compris, <\/span><b>le miel de bruy\u00e8re<\/b><span style=\"font-weight: 400;\"> est un<\/span><b> miel haute gamme<\/b><span style=\"font-weight: 400;\">, qui r\u00e9gale les palais les plus raffin\u00e9s. 1<\/span><b>00% naturel<\/b><span style=\"font-weight: 400;\">, <\/span><b>le miel de bruy\u00e8re<\/b><span style=\"font-weight: 400;\"> est bon pour la sant\u00e9. En effet, outre ses qualit\u00e9s gustatives, <\/span><b>ce miel,<\/b><span style=\"font-weight: 400;\"> tr\u00e8s pris\u00e9, poss\u00e8de de nombreuses vertus m\u00e9dicinales et nutritionnelles.<\/span><\/p>\n<p><span style=\"font-weight: 400;\">C\u2019est pourquoi les m\u00e9decins et les nutritionnistes conseillent vivement de consommer du <\/span><b>miel de bruy\u00e8re<\/b><span style=\"font-weight: 400;\"> r\u00e9guli\u00e8rement.\u00a0<\/span><span style=\"font-weight: 400;\">D\u00e9couvrez notre <\/span><b>miel de bruy\u00e8re blanche<\/b><span style=\"font-weight: 400;\"> !<\/span><\/p>\n","protected":false},"excerpt":{"rendered":"<p><strong>Produit raffin\u00e9 par excellence, le <em>Miel de Bruy\u00e8re Blanche Martine<\/em> sublimera vos mets les plus fins. <\/strong><\/p>\n<p>Ce miel tr\u00e8s rare se r\u00e9colte en Provence en avril. La bruy\u00e8re blanche d\u00e9gage un parfum de caramel et se pr\u00e9sente sous forme de buissons aux feuilles persistantes.<\/p>\n<p>Le miel de bruy\u00e8re blanche est tr\u00e8s recherch\u00e9 par les connaisseurs, notamment par de nombreux chefs \u00e9toil\u00e9s qui l\u2019utilisent dans leurs mets gastronomiques.<\/p>\n<h3>Les conseils de la nutritionniste Isabelle Rigaud<\/h3>\n<p>La bruy\u00e8re a longtemps \u00e9t\u00e9 connue comme une plante magique. Vertus qu\u2019elle aurait transmise \u00e0 son miel.<\/p>\n<p>Le miel de bruy\u00e8re est un miel tr\u00e8s riche en oligo\u00e9l\u00e9ments et en min\u00e9raux (caract\u00e9ris\u00e9s par sa couleur) c\u2019est sans doute cette richesse qui lui permettrait de soulager les douleurs aux articulations. Historiquement, la bruy\u00e8re et ses d\u00e9riv\u00e9s comme son miel sont utilis\u00e9s pour pr\u00e9server le bon fonctionnement du syst\u00e8me urinaire, rein et vessie, et m\u00eame pour soulager les troubles des voies urinaires (comme la cystite) chez les femmes.<\/p>\n<h6>Miel r\u00e9colt\u00e9 par nos apiculteurs pr\u00e8s de Saint-Paul-en-For\u00eat<\/h6>\n<p>Poids: 250gr.<br \/>\nFrais de livraison: 2,90 EUR (offerts d\u00e8s 30 EUR d\u2019achat)<\/p>\n<p><a class=\"respectcode\" href=\"https:\/\/www.respect-code.org\/product\/Y6SHSXWN\" target=\"_blank\" rel=\"noopener noreferrer\">Acc\u00e9dez \u00e0 la tra\u00e7abilit\u00e9 de ce lot<\/a><\/p>\n<p><a href=\"http:\/\/www.respect-code.org\/Search?search=314LSQS\" target=\"_blank\" rel=\"noopener noreferrer\"><img decoding=\"async\" loading=\"lazy\" class=\"alignnone wp-image-5254 size-full\" src=\"https:\/\/sandbox.mielmartine.fr\/wp-content\/uploads\/2018\/09\/respectcode-1.png\" alt=\"\" width=\"150\" height=\"95\" srcset=\"https:\/\/sandbox.mielmartine.fr\/wp-content\/uploads\/2018\/09\/respectcode-1.png 150w, https:\/\/sandbox.mielmartine.fr\/wp-content\/uploads\/2018\/09\/respectcode-1-95x60.png 95w, https:\/\/sandbox.mielmartine.fr\/wp-content\/uploads\/2018\/09\/respectcode-1-142x90.png 142w\" sizes=\"(max-width: 150px) 100vw, 150px\" \/><\/a><\/p>\n","protected":false},"featured_media":11168,"comment_status":"open","ping_status":"closed","template":"","meta":[],"product_cat":[87,31],"product_tag":[],"acf":[],"yoast_head":"<!-- This site is optimized with the Yoast SEO plugin v20.1 - https:\/\/yoast.com\/wordpress\/plugins\/seo\/ -->\n<title>Miel de Bruy\u00e8re Blanche | Miel de Provence 100% Fran\u00e7ais | Miel Martine<\/title>\n<meta name=\"description\" content=\"Si vous aimez les miels onctueux et forts, le miel de Bruy\u00e8re blanche vous plaira \u00e0 coup s\u00fbr ! D\u00e9couvrez ici ce miel d\u2019exception !\" \/>\n<meta name=\"robots\" content=\"index, follow, max-snippet:-1, max-image-preview:large, max-video-preview:-1\" \/>\n<link rel=\"canonical\" href=\"https:\/\/sandbox.mielmartine.fr\/fr\/produit\/miel-de-bruyere-blanche\/\" \/>\n<meta property=\"og:locale\" content=\"fr_FR\" \/>\n<meta property=\"og:type\" content=\"article\" \/>\n<meta property=\"og:title\" content=\"Miel de Bruy\u00e8re Blanche | Miel de Provence 100% Fran\u00e7ais | Miel Martine\" \/>\n<meta property=\"og:description\" content=\"Si vous aimez les miels onctueux et forts, le miel de Bruy\u00e8re blanche vous plaira \u00e0 coup s\u00fbr ! D\u00e9couvrez ici ce miel d\u2019exception !\" \/>\n<meta property=\"og:url\" content=\"https:\/\/sandbox.mielmartine.fr\/fr\/produit\/miel-de-bruyere-blanche\/\" \/>\n<meta property=\"og:site_name\" content=\"Miel Martine\" \/>\n<meta property=\"article:publisher\" content=\"https:\/\/www.facebook.com\/mielmartine\/\" \/>\n<meta property=\"article:modified_time\" content=\"2022-09-14T12:51:52+00:00\" \/>\n<meta property=\"og:image\" content=\"https:\/\/sandbox.mielmartine.fr\/wp-content\/uploads\/2018\/04\/miel-bruyere-blanche-IGP.jpg\" \/>\n\t<meta property=\"og:image:width\" content=\"1184\" \/>\n\t<meta property=\"og:image:height\" content=\"1601\" \/>\n\t<meta property=\"og:image:type\" content=\"image\/jpeg\" \/>\n<meta name=\"twitter:card\" content=\"summary_large_image\" \/>\n<meta name=\"twitter:label1\" content=\"Dur\u00e9e de lecture estim\u00e9e\" \/>\n\t<meta name=\"twitter:data1\" content=\"2 minutes\" \/>\n<script type=\"application\/ld+json\" class=\"yoast-schema-graph\">{\"@context\":\"https:\/\/schema.org\",\"@graph\":[{\"@type\":\"WebPage\",\"@id\":\"https:\/\/sandbox.mielmartine.fr\/fr\/produit\/miel-de-bruyere-blanche\/\",\"url\":\"https:\/\/sandbox.mielmartine.fr\/fr\/produit\/miel-de-bruyere-blanche\/\",\"name\":\"Miel de Bruy\u00e8re Blanche | Miel de Provence 100% Fran\u00e7ais | Miel Martine\",\"isPartOf\":{\"@id\":\"https:\/\/sandbox.mielmartine.fr\/fr\/#website\"},\"datePublished\":\"2018-04-26T15:50:47+00:00\",\"dateModified\":\"2022-09-14T12:51:52+00:00\",\"description\":\"Si vous aimez les miels onctueux et forts, le miel de Bruy\u00e8re blanche vous plaira \u00e0 coup s\u00fbr ! D\u00e9couvrez ici ce miel d\u2019exception !\",\"breadcrumb\":{\"@id\":\"https:\/\/sandbox.mielmartine.fr\/fr\/produit\/miel-de-bruyere-blanche\/#breadcrumb\"},\"inLanguage\":\"fr-FR\",\"potentialAction\":[{\"@type\":\"ReadAction\",\"target\":[\"https:\/\/sandbox.mielmartine.fr\/fr\/produit\/miel-de-bruyere-blanche\/\"]}]},{\"@type\":\"BreadcrumbList\",\"@id\":\"https:\/\/sandbox.mielmartine.fr\/fr\/produit\/miel-de-bruyere-blanche\/#breadcrumb\",\"itemListElement\":[{\"@type\":\"ListItem\",\"position\":1,\"name\":\"Accueil\",\"item\":\"https:\/\/sandbox.mielmartine.fr\/en\/homepage\/\"},{\"@type\":\"ListItem\",\"position\":2,\"name\":\"Shop -default\",\"item\":\"https:\/\/sandbox.mielmartine.fr\/fr\/shop-default\/\"},{\"@type\":\"ListItem\",\"position\":3,\"name\":\"Miel de Bruy\u00e8re Blanche IGP Provence\"}]},{\"@type\":\"WebSite\",\"@id\":\"https:\/\/sandbox.mielmartine.fr\/fr\/#website\",\"url\":\"https:\/\/sandbox.mielmartine.fr\/fr\/\",\"name\":\"Miel Martine\",\"description\":\"Miels de France\",\"publisher\":{\"@id\":\"https:\/\/sandbox.mielmartine.fr\/fr\/#organization\"},\"potentialAction\":[{\"@type\":\"SearchAction\",\"target\":{\"@type\":\"EntryPoint\",\"urlTemplate\":\"https:\/\/sandbox.mielmartine.fr\/fr\/?s={search_term_string}\"},\"query-input\":\"required name=search_term_string\"}],\"inLanguage\":\"fr-FR\"},{\"@type\":\"Organization\",\"@id\":\"https:\/\/sandbox.mielmartine.fr\/fr\/#organization\",\"name\":\"Miel Martine\",\"url\":\"https:\/\/sandbox.mielmartine.fr\/fr\/\",\"logo\":{\"@type\":\"ImageObject\",\"inLanguage\":\"fr-FR\",\"@id\":\"https:\/\/sandbox.mielmartine.fr\/fr\/#\/schema\/logo\/image\/\",\"url\":\"https:\/\/sandbox.mielmartine.fr\/wp-content\/uploads\/2018\/05\/LOGO_TAGLINE_MARTINE-1.svg\",\"contentUrl\":\"https:\/\/sandbox.mielmartine.fr\/wp-content\/uploads\/2018\/05\/LOGO_TAGLINE_MARTINE-1.svg\",\"width\":1,\"height\":1,\"caption\":\"Miel Martine\"},\"image\":{\"@id\":\"https:\/\/sandbox.mielmartine.fr\/fr\/#\/schema\/logo\/image\/\"},\"sameAs\":[\"https:\/\/www.facebook.com\/mielmartine\/\",\"https:\/\/www.instagram.com\/mielmartine\/\",\"https:\/\/www.pinterest.fr\/martine4731\/\"]}]}<\/script>\n<!-- \/ Yoast SEO plugin. -->","yoast_head_json":{"title":"Miel de Bruy\u00e8re Blanche | Miel de Provence 100% Fran\u00e7ais | Miel Martine","description":"Si vous aimez les miels onctueux et forts, le miel de Bruy\u00e8re blanche vous plaira \u00e0 coup s\u00fbr ! D\u00e9couvrez ici ce miel d\u2019exception !","robots":{"index":"index","follow":"follow","max-snippet":"max-snippet:-1","max-image-preview":"max-image-preview:large","max-video-preview":"max-video-preview:-1"},"canonical":"https:\/\/sandbox.mielmartine.fr\/fr\/produit\/miel-de-bruyere-blanche\/","og_locale":"fr_FR","og_type":"article","og_title":"Miel de Bruy\u00e8re Blanche | Miel de Provence 100% Fran\u00e7ais | Miel Martine","og_description":"Si vous aimez les miels onctueux et forts, le miel de Bruy\u00e8re blanche vous plaira \u00e0 coup s\u00fbr ! D\u00e9couvrez ici ce miel d\u2019exception !","og_url":"https:\/\/sandbox.mielmartine.fr\/fr\/produit\/miel-de-bruyere-blanche\/","og_site_name":"Miel Martine","article_publisher":"https:\/\/www.facebook.com\/mielmartine\/","article_modified_time":"2022-09-14T12:51:52+00:00","og_image":[{"width":1184,"height":1601,"url":"https:\/\/sandbox.mielmartine.fr\/wp-content\/uploads\/2018\/04\/miel-bruyere-blanche-IGP.jpg","type":"image\/jpeg"}],"twitter_card":"summary_large_image","twitter_misc":{"Dur\u00e9e de lecture estim\u00e9e":"2 minutes"},"schema":{"@context":"https:\/\/schema.org","@graph":[{"@type":"WebPage","@id":"https:\/\/sandbox.mielmartine.fr\/fr\/produit\/miel-de-bruyere-blanche\/","url":"https:\/\/sandbox.mielmartine.fr\/fr\/produit\/miel-de-bruyere-blanche\/","name":"Miel de Bruy\u00e8re Blanche | Miel de Provence 100% Fran\u00e7ais | Miel Martine","isPartOf":{"@id":"https:\/\/sandbox.mielmartine.fr\/fr\/#website"},"datePublished":"2018-04-26T15:50:47+00:00","dateModified":"2022-09-14T12:51:52+00:00","description":"Si vous aimez les miels onctueux et forts, le miel de Bruy\u00e8re blanche vous plaira \u00e0 coup s\u00fbr ! D\u00e9couvrez ici ce miel d\u2019exception !","breadcrumb":{"@id":"https:\/\/sandbox.mielmartine.fr\/fr\/produit\/miel-de-bruyere-blanche\/#breadcrumb"},"inLanguage":"fr-FR","potentialAction":[{"@type":"ReadAction","target":["https:\/\/sandbox.mielmartine.fr\/fr\/produit\/miel-de-bruyere-blanche\/"]}]},{"@type":"BreadcrumbList","@id":"https:\/\/sandbox.mielmartine.fr\/fr\/produit\/miel-de-bruyere-blanche\/#breadcrumb","itemListElement":[{"@type":"ListItem","position":1,"name":"Accueil","item":"https:\/\/sandbox.mielmartine.fr\/en\/homepage\/"},{"@type":"ListItem","position":2,"name":"Shop -default","item":"https:\/\/sandbox.mielmartine.fr\/fr\/shop-default\/"},{"@type":"ListItem","position":3,"name":"Miel de Bruy\u00e8re Blanche IGP Provence"}]},{"@type":"WebSite","@id":"https:\/\/sandbox.mielmartine.fr\/fr\/#website","url":"https:\/\/sandbox.mielmartine.fr\/fr\/","name":"Miel Martine","description":"Miels de France","publisher":{"@id":"https:\/\/sandbox.mielmartine.fr\/fr\/#organization"},"potentialAction":[{"@type":"SearchAction","target":{"@type":"EntryPoint","urlTemplate":"https:\/\/sandbox.mielmartine.fr\/fr\/?s={search_term_string}"},"query-input":"required name=search_term_string"}],"inLanguage":"fr-FR"},{"@type":"Organization","@id":"https:\/\/sandbox.mielmartine.fr\/fr\/#organization","name":"Miel Martine","url":"https:\/\/sandbox.mielmartine.fr\/fr\/","logo":{"@type":"ImageObject","inLanguage":"fr-FR","@id":"https:\/\/sandbox.mielmartine.fr\/fr\/#\/schema\/logo\/image\/","url":"https:\/\/sandbox.mielmartine.fr\/wp-content\/uploads\/2018\/05\/LOGO_TAGLINE_MARTINE-1.svg","contentUrl":"https:\/\/sandbox.mielmartine.fr\/wp-content\/uploads\/2018\/05\/LOGO_TAGLINE_MARTINE-1.svg","width":1,"height":1,"caption":"Miel Martine"},"image":{"@id":"https:\/\/sandbox.mielmartine.fr\/fr\/#\/schema\/logo\/image\/"},"sameAs":["https:\/\/www.facebook.com\/mielmartine\/","https:\/\/www.instagram.com\/mielmartine\/","https:\/\/www.pinterest.fr\/martine4731\/"]}]}},"_links":{"self":[{"href":"https:\/\/sandbox.mielmartine.fr\/fr\/wp-json\/wp\/v2\/product\/350"}],"collection":[{"href":"https:\/\/sandbox.mielmartine.fr\/fr\/wp-json\/wp\/v2\/product"}],"about":[{"href":"https:\/\/sandbox.mielmartine.fr\/fr\/wp-json\/wp\/v2\/types\/product"}],"replies":[{"embeddable":true,"href":"https:\/\/sandbox.mielmartine.fr\/fr\/wp-json\/wp\/v2\/comments?post=350"}],"wp:featuredmedia":[{"embeddable":true,"href":"https:\/\/sandbox.mielmartine.fr\/fr\/wp-json\/wp\/v2\/media\/11168"}],"wp:attachment":[{"href":"https:\/\/sandbox.mielmartine.fr\/fr\/wp-json\/wp\/v2\/media?parent=350"}],"wp:term":[{"taxonomy":"product_cat","embeddable":true,"href":"https:\/\/sandbox.mielmartine.fr\/fr\/wp-json\/wp\/v2\/product_cat?post=350"},{"taxonomy":"product_tag","embeddable":true,"href":"https:\/\/sandbox.mielmartine.fr\/fr\/wp-json\/wp\/v2\/product_tag?post=350"}],"curies":[{"name":"wp","href":"https:\/\/api.w.org\/{rel}","templated":true}]}}