{"id":351,"date":"2018-04-26T17:51:19","date_gmt":"2018-04-26T15:51:19","guid":{"rendered":"https:\/\/www.mielmartine.fr\/?post_type=product&#038;p=351"},"modified":"2024-07-08T16:40:23","modified_gmt":"2024-07-08T14:40:23","slug":"miel-de-romarin","status":"publish","type":"product","link":"https:\/\/sandbox.mielmartine.fr\/fr\/product\/miel-de-romarin\/","title":{"rendered":"Miel de Romarin"},"content":{"rendered":"<p>&nbsp;<\/p>\n<p><b>Le miel de romarin<\/b><span style=\"font-weight: 400;\">, aussi connu sous le nom de <\/span><b>miel de Narbonne,<\/b><span style=\"font-weight: 400;\"> est un <\/span><b>miel<\/b><span style=\"font-weight: 400;\"> dont l&#8217;utilisation remonte \u00e0 l&#8217;antiquit\u00e9. Les romains en consommaient d\u00e9j\u00e0.\u00a0<\/span><span style=\"font-weight: 400;\">Si vous \u00eates f\u00e9ru de <\/span><b>miel<\/b><span style=\"font-weight: 400;\">, le <\/span><b>miel de romarin<\/b><span style=\"font-weight: 400;\"> va certainement vous plaire !\u00a0<\/span><span style=\"font-weight: 400;\">Nous vous r\u00e9v\u00e9lons ici tout ce que vous devez savoir sur ce <\/span><b>miel tr\u00e8s ancien <\/b><span style=\"font-weight: 400;\">!<\/span><\/p>\n<h3><b>D&#8217;o\u00f9 vient le miel de romarin et \u00e0 quelle p\u00e9riode est-il r\u00e9colt\u00e9 ?<\/b><\/h3>\n<p><span style=\"font-weight: 400;\">Le<\/span><b> miel de romarin<\/b><span style=\"font-weight: 400;\"> est issu des fleurs de romarin qui poussent <\/span><span style=\"font-weight: 400;\">essentiellement dans les r\u00e9gions chaudes du sud de la France, comme le<\/span> <span style=\"font-weight: 400;\">Languedoc-Roussillon, Narbonne, dans le massif de la Clappe et les Corbi\u00e8res.<\/span><\/p>\n<p><span style=\"font-weight: 400;\">Notre<\/span><b> miel de romarin<\/b><span style=\"font-weight: 400;\"> est r\u00e9colt\u00e9 en Provence. Il est pratiquement le <\/span><b>premier miel monofloral<\/b><span style=\"font-weight: 400;\"> r\u00e9colt\u00e9 au printemps, entre le mois d\u2019avril et le mois de mai selon les conditions climatiques. Cela est d\u00fb au fait que la floraison du romarin est assez pr\u00e9coce. Elle d\u00e9bute chaque ann\u00e9e, en janvier ou f\u00e9vrier, et se prolonge jusqu\u2019aux mois d\u2019avril et mai.\u00a0<\/span><\/p>\n<h3><b>Les caract\u00e9ristiques du miel de romarin<\/b><\/h3>\n<p><span style=\"font-weight: 400;\">Le<\/span><b> miel de romarin<\/b><span style=\"font-weight: 400;\"> se distingue des autres miels par sa texture. Celle-ci peut-\u00eatre particuli\u00e8rement cr\u00e9meuse et donc tr\u00e8s agr\u00e9able au palais. Sa couleur est souvent tr\u00e8s claire, d\u2019un jaune p\u00e2le, presque blanc. Son parfum est typique, d\u00e9licat et l\u00e9ger. Le <\/span><b>miel de romarin<\/b><span style=\"font-weight: 400;\"> est tr\u00e8s aromatique en bouche, il est fin et doux. Il se conserve tr\u00e8s bien\u00a0 \u00e0 temp\u00e9rature ambiante. Sa cristallisation est lente et n\u00e9cessite souvent plusieurs mois.<\/span><\/p>\n<p><span style=\"font-weight: 400;\">Ces qualit\u00e9s font du <\/span><b>miel de romarin<\/b><span style=\"font-weight: 400;\"> un aliment tr\u00e8s appr\u00e9ci\u00e9 dans la pr\u00e9paration de petits plats sucr\u00e9s sal\u00e9s. Il est aussi souvent utilis\u00e9 pour apporter une touche de saveurs subtiles \u00e0 un plateau de fromage.\u00a0<\/span><span style=\"font-weight: 400;\">D\u00e9couvrez le <\/span><b>miel de romarin de Miel Martine<\/b><span style=\"font-weight: 400;\"> !<\/span><\/p>\n","protected":false},"excerpt":{"rendered":"<p><strong>Le <em>Miel de Romarin Martine<\/em> est un vrai r\u00e9gal sur vos tartines ou pour remplacer le sucre dans vos infusions. <\/strong><\/p>\n<p>Ce miel de printemps est r\u00e9colt\u00e9 en Provence entre les mois d\u2019avril et de mai en fonction des conditions m\u00e9t\u00e9o.<\/p>\n<p>Le <em>Miel de Romarin Martine<\/em> est doux et tr\u00e8s appr\u00e9ci\u00e9 par les enfants. Dans l\u2019Antiquit\u00e9, il \u00e9tait consid\u00e9r\u00e9 comme le meilleur du monde pour ses vertus.<\/p>\n<h3>Les conseils de la nutritionniste Isabelle Rigaud<\/h3>\n<p>Riche en oligo-\u00e9l\u00e9ments, le miel de romarin comme la plante dont il est issu, stimulerait le foie et la production de la bile. Antispasmodique, il stimulerait \u00e9galement le fonctionnement des intestins et aiderait ainsi \u00e0 une meilleure digestion. Pas \u00e9tonnant puisque le Romarin dont il est issu est depuis toujours utilis\u00e9 dans les plats pour ses propri\u00e9t\u00e9s digestives. Le bon sens de nos anciens !<\/p>\n<h6>Miel r\u00e9colt\u00e9 par nos apiculteurs pr\u00e8s de Orgon.<\/h6>\n<p>Poids: 250gr.<br \/>\nFrais de livraison: 2,90 EUR (offerts d\u00e8s 30 EUR d\u2019achat)<\/p>\n<p><a class=\"respectcode\" href=\"http:\/\/www.respect-code.org\/Search?search=617VXGG\" target=\"_blank\" rel=\"noopener noreferrer\">Acc\u00e9dez \u00e0 la tra\u00e7abilit\u00e9 de ce lot<\/a><\/p>\n<p><a href=\"http:\/\/www.respect-code.org\/Search?search=617VXGG\" target=\"_blank\" rel=\"noopener noreferrer\"><img decoding=\"async\" loading=\"lazy\" class=\"alignnone wp-image-5254 size-full\" src=\"https:\/\/sandbox.mielmartine.fr\/wp-content\/uploads\/2018\/09\/respectcode-1.png\" alt=\"\" width=\"150\" height=\"95\" srcset=\"https:\/\/sandbox.mielmartine.fr\/wp-content\/uploads\/2018\/09\/respectcode-1.png 150w, https:\/\/sandbox.mielmartine.fr\/wp-content\/uploads\/2018\/09\/respectcode-1-95x60.png 95w, https:\/\/sandbox.mielmartine.fr\/wp-content\/uploads\/2018\/09\/respectcode-1-142x90.png 142w\" sizes=\"(max-width: 150px) 100vw, 150px\" \/><\/a><\/p>\n","protected":false},"featured_media":9954,"comment_status":"open","ping_status":"closed","template":"","meta":[],"product_cat":[87,31],"product_tag":[],"acf":[],"yoast_head":"<!-- This site is optimized with the Yoast SEO plugin v20.1 - https:\/\/yoast.com\/wordpress\/plugins\/seo\/ -->\n<title>Miel de Romarin | Miel R\u00e9colt\u00e9 en Provence en France | Miel Martine<\/title>\n<meta name=\"description\" content=\"Le miel de romarin est r\u00e9put\u00e9 et appr\u00e9ci\u00e9 depuis l&#039;antiquit\u00e9 par les romains. D\u00e9couvrez ici ce miel d\u2019exception !\" \/>\n<meta name=\"robots\" content=\"index, follow, max-snippet:-1, max-image-preview:large, max-video-preview:-1\" \/>\n<link rel=\"canonical\" href=\"https:\/\/sandbox.mielmartine.fr\/fr\/produit\/miel-de-romarin\/\" \/>\n<meta property=\"og:locale\" content=\"fr_FR\" \/>\n<meta property=\"og:type\" content=\"article\" \/>\n<meta property=\"og:title\" content=\"Miel de Romarin | Miel R\u00e9colt\u00e9 en Provence en France | Miel Martine\" \/>\n<meta property=\"og:description\" content=\"Le miel de romarin est r\u00e9put\u00e9 et appr\u00e9ci\u00e9 depuis l&#039;antiquit\u00e9 par les romains. D\u00e9couvrez ici ce miel d\u2019exception !\" \/>\n<meta property=\"og:url\" content=\"https:\/\/sandbox.mielmartine.fr\/fr\/produit\/miel-de-romarin\/\" \/>\n<meta property=\"og:site_name\" content=\"Miel Martine\" \/>\n<meta property=\"article:publisher\" content=\"https:\/\/www.facebook.com\/mielmartine\/\" \/>\n<meta property=\"article:modified_time\" content=\"2024-07-08T14:40:23+00:00\" \/>\n<meta property=\"og:image\" content=\"https:\/\/sandbox.mielmartine.fr\/wp-content\/uploads\/2020\/07\/miel-romarin.jpg\" \/>\n\t<meta property=\"og:image:width\" content=\"441\" \/>\n\t<meta property=\"og:image:height\" content=\"596\" \/>\n\t<meta property=\"og:image:type\" content=\"image\/jpeg\" \/>\n<meta name=\"twitter:card\" content=\"summary_large_image\" \/>\n<meta name=\"twitter:label1\" content=\"Dur\u00e9e de lecture estim\u00e9e\" \/>\n\t<meta name=\"twitter:data1\" content=\"2 minutes\" \/>\n<script type=\"application\/ld+json\" class=\"yoast-schema-graph\">{\"@context\":\"https:\/\/schema.org\",\"@graph\":[{\"@type\":\"WebPage\",\"@id\":\"https:\/\/sandbox.mielmartine.fr\/fr\/produit\/miel-de-romarin\/\",\"url\":\"https:\/\/sandbox.mielmartine.fr\/fr\/produit\/miel-de-romarin\/\",\"name\":\"Miel de Romarin | Miel R\u00e9colt\u00e9 en Provence en France | Miel Martine\",\"isPartOf\":{\"@id\":\"https:\/\/sandbox.mielmartine.fr\/fr\/#website\"},\"datePublished\":\"2018-04-26T15:51:19+00:00\",\"dateModified\":\"2024-07-08T14:40:23+00:00\",\"description\":\"Le miel de romarin est r\u00e9put\u00e9 et appr\u00e9ci\u00e9 depuis l'antiquit\u00e9 par les romains. D\u00e9couvrez ici ce miel d\u2019exception !\",\"breadcrumb\":{\"@id\":\"https:\/\/sandbox.mielmartine.fr\/fr\/produit\/miel-de-romarin\/#breadcrumb\"},\"inLanguage\":\"fr-FR\",\"potentialAction\":[{\"@type\":\"ReadAction\",\"target\":[\"https:\/\/sandbox.mielmartine.fr\/fr\/produit\/miel-de-romarin\/\"]}]},{\"@type\":\"BreadcrumbList\",\"@id\":\"https:\/\/sandbox.mielmartine.fr\/fr\/produit\/miel-de-romarin\/#breadcrumb\",\"itemListElement\":[{\"@type\":\"ListItem\",\"position\":1,\"name\":\"Accueil\",\"item\":\"https:\/\/sandbox.mielmartine.fr\/en\/homepage\/\"},{\"@type\":\"ListItem\",\"position\":2,\"name\":\"Shop -default\",\"item\":\"https:\/\/sandbox.mielmartine.fr\/fr\/shop-default\/\"},{\"@type\":\"ListItem\",\"position\":3,\"name\":\"Miel de Romarin\"}]},{\"@type\":\"WebSite\",\"@id\":\"https:\/\/sandbox.mielmartine.fr\/fr\/#website\",\"url\":\"https:\/\/sandbox.mielmartine.fr\/fr\/\",\"name\":\"Miel Martine\",\"description\":\"Miels de France\",\"publisher\":{\"@id\":\"https:\/\/sandbox.mielmartine.fr\/fr\/#organization\"},\"potentialAction\":[{\"@type\":\"SearchAction\",\"target\":{\"@type\":\"EntryPoint\",\"urlTemplate\":\"https:\/\/sandbox.mielmartine.fr\/fr\/?s={search_term_string}\"},\"query-input\":\"required name=search_term_string\"}],\"inLanguage\":\"fr-FR\"},{\"@type\":\"Organization\",\"@id\":\"https:\/\/sandbox.mielmartine.fr\/fr\/#organization\",\"name\":\"Miel Martine\",\"url\":\"https:\/\/sandbox.mielmartine.fr\/fr\/\",\"logo\":{\"@type\":\"ImageObject\",\"inLanguage\":\"fr-FR\",\"@id\":\"https:\/\/sandbox.mielmartine.fr\/fr\/#\/schema\/logo\/image\/\",\"url\":\"https:\/\/sandbox.mielmartine.fr\/wp-content\/uploads\/2018\/05\/LOGO_TAGLINE_MARTINE-1.svg\",\"contentUrl\":\"https:\/\/sandbox.mielmartine.fr\/wp-content\/uploads\/2018\/05\/LOGO_TAGLINE_MARTINE-1.svg\",\"width\":1,\"height\":1,\"caption\":\"Miel Martine\"},\"image\":{\"@id\":\"https:\/\/sandbox.mielmartine.fr\/fr\/#\/schema\/logo\/image\/\"},\"sameAs\":[\"https:\/\/www.facebook.com\/mielmartine\/\",\"https:\/\/www.instagram.com\/mielmartine\/\",\"https:\/\/www.pinterest.fr\/martine4731\/\"]}]}<\/script>\n<!-- \/ Yoast SEO plugin. -->","yoast_head_json":{"title":"Miel de Romarin | Miel R\u00e9colt\u00e9 en Provence en France | Miel Martine","description":"Le miel de romarin est r\u00e9put\u00e9 et appr\u00e9ci\u00e9 depuis l'antiquit\u00e9 par les romains. D\u00e9couvrez ici ce miel d\u2019exception !","robots":{"index":"index","follow":"follow","max-snippet":"max-snippet:-1","max-image-preview":"max-image-preview:large","max-video-preview":"max-video-preview:-1"},"canonical":"https:\/\/sandbox.mielmartine.fr\/fr\/produit\/miel-de-romarin\/","og_locale":"fr_FR","og_type":"article","og_title":"Miel de Romarin | Miel R\u00e9colt\u00e9 en Provence en France | Miel Martine","og_description":"Le miel de romarin est r\u00e9put\u00e9 et appr\u00e9ci\u00e9 depuis l'antiquit\u00e9 par les romains. D\u00e9couvrez ici ce miel d\u2019exception !","og_url":"https:\/\/sandbox.mielmartine.fr\/fr\/produit\/miel-de-romarin\/","og_site_name":"Miel Martine","article_publisher":"https:\/\/www.facebook.com\/mielmartine\/","article_modified_time":"2024-07-08T14:40:23+00:00","og_image":[{"width":441,"height":596,"url":"https:\/\/sandbox.mielmartine.fr\/wp-content\/uploads\/2020\/07\/miel-romarin.jpg","type":"image\/jpeg"}],"twitter_card":"summary_large_image","twitter_misc":{"Dur\u00e9e de lecture estim\u00e9e":"2 minutes"},"schema":{"@context":"https:\/\/schema.org","@graph":[{"@type":"WebPage","@id":"https:\/\/sandbox.mielmartine.fr\/fr\/produit\/miel-de-romarin\/","url":"https:\/\/sandbox.mielmartine.fr\/fr\/produit\/miel-de-romarin\/","name":"Miel de Romarin | Miel R\u00e9colt\u00e9 en Provence en France | Miel Martine","isPartOf":{"@id":"https:\/\/sandbox.mielmartine.fr\/fr\/#website"},"datePublished":"2018-04-26T15:51:19+00:00","dateModified":"2024-07-08T14:40:23+00:00","description":"Le miel de romarin est r\u00e9put\u00e9 et appr\u00e9ci\u00e9 depuis l'antiquit\u00e9 par les romains. D\u00e9couvrez ici ce miel d\u2019exception !","breadcrumb":{"@id":"https:\/\/sandbox.mielmartine.fr\/fr\/produit\/miel-de-romarin\/#breadcrumb"},"inLanguage":"fr-FR","potentialAction":[{"@type":"ReadAction","target":["https:\/\/sandbox.mielmartine.fr\/fr\/produit\/miel-de-romarin\/"]}]},{"@type":"BreadcrumbList","@id":"https:\/\/sandbox.mielmartine.fr\/fr\/produit\/miel-de-romarin\/#breadcrumb","itemListElement":[{"@type":"ListItem","position":1,"name":"Accueil","item":"https:\/\/sandbox.mielmartine.fr\/en\/homepage\/"},{"@type":"ListItem","position":2,"name":"Shop -default","item":"https:\/\/sandbox.mielmartine.fr\/fr\/shop-default\/"},{"@type":"ListItem","position":3,"name":"Miel de Romarin"}]},{"@type":"WebSite","@id":"https:\/\/sandbox.mielmartine.fr\/fr\/#website","url":"https:\/\/sandbox.mielmartine.fr\/fr\/","name":"Miel Martine","description":"Miels de France","publisher":{"@id":"https:\/\/sandbox.mielmartine.fr\/fr\/#organization"},"potentialAction":[{"@type":"SearchAction","target":{"@type":"EntryPoint","urlTemplate":"https:\/\/sandbox.mielmartine.fr\/fr\/?s={search_term_string}"},"query-input":"required name=search_term_string"}],"inLanguage":"fr-FR"},{"@type":"Organization","@id":"https:\/\/sandbox.mielmartine.fr\/fr\/#organization","name":"Miel Martine","url":"https:\/\/sandbox.mielmartine.fr\/fr\/","logo":{"@type":"ImageObject","inLanguage":"fr-FR","@id":"https:\/\/sandbox.mielmartine.fr\/fr\/#\/schema\/logo\/image\/","url":"https:\/\/sandbox.mielmartine.fr\/wp-content\/uploads\/2018\/05\/LOGO_TAGLINE_MARTINE-1.svg","contentUrl":"https:\/\/sandbox.mielmartine.fr\/wp-content\/uploads\/2018\/05\/LOGO_TAGLINE_MARTINE-1.svg","width":1,"height":1,"caption":"Miel Martine"},"image":{"@id":"https:\/\/sandbox.mielmartine.fr\/fr\/#\/schema\/logo\/image\/"},"sameAs":["https:\/\/www.facebook.com\/mielmartine\/","https:\/\/www.instagram.com\/mielmartine\/","https:\/\/www.pinterest.fr\/martine4731\/"]}]}},"_links":{"self":[{"href":"https:\/\/sandbox.mielmartine.fr\/fr\/wp-json\/wp\/v2\/product\/351"}],"collection":[{"href":"https:\/\/sandbox.mielmartine.fr\/fr\/wp-json\/wp\/v2\/product"}],"about":[{"href":"https:\/\/sandbox.mielmartine.fr\/fr\/wp-json\/wp\/v2\/types\/product"}],"replies":[{"embeddable":true,"href":"https:\/\/sandbox.mielmartine.fr\/fr\/wp-json\/wp\/v2\/comments?post=351"}],"wp:featuredmedia":[{"embeddable":true,"href":"https:\/\/sandbox.mielmartine.fr\/fr\/wp-json\/wp\/v2\/media\/9954"}],"wp:attachment":[{"href":"https:\/\/sandbox.mielmartine.fr\/fr\/wp-json\/wp\/v2\/media?parent=351"}],"wp:term":[{"taxonomy":"product_cat","embeddable":true,"href":"https:\/\/sandbox.mielmartine.fr\/fr\/wp-json\/wp\/v2\/product_cat?post=351"},{"taxonomy":"product_tag","embeddable":true,"href":"https:\/\/sandbox.mielmartine.fr\/fr\/wp-json\/wp\/v2\/product_tag?post=351"}],"curies":[{"name":"wp","href":"https:\/\/api.w.org\/{rel}","templated":true}]}}