{"id":4650,"date":"2020-10-28T11:36:12","date_gmt":"2020-10-28T10:36:12","guid":{"rendered":"https:\/\/www.mielmartine.fr\/?post_type=product&#038;p=4650"},"modified":"2022-09-14T14:50:25","modified_gmt":"2022-09-14T12:50:25","slug":"miel-de-lavande-du-chateau","status":"publish","type":"product","link":"https:\/\/sandbox.mielmartine.fr\/fr\/product\/miel-de-lavande-du-chateau\/","title":{"rendered":"Miel de Lavande du Ch\u00e2teau"},"content":{"rendered":"","protected":false},"excerpt":{"rendered":"<p>Miel de Lavande\u00a0&#8220;Grand Cru&#8221; r\u00e9colt\u00e9 au\u00a0Domaine La Martinette, en Provence, dans un environnement pr\u00e9serv\u00e9 m\u00ealant raffinement et d\u00e9licatesse.<br \/>\nLe dessin a \u00e9t\u00e9 r\u00e9alis\u00e9 par l&#8217;illustratrice fran\u00e7aise Jenne Pinneau.<\/p>\n<p>Une \u00e9dition limit\u00e9e!<\/p>\n<p><em>Mill\u00e9sime 2021<\/em><\/p>\n<p><a class=\"respectcode\" href=\"http:\/\/www.respect-code.org\/Search?search=K2HZNJC5\" target=\"_blank\" rel=\"noopener noreferrer\">Acc\u00e9dez \u00e0 la tra\u00e7abilit\u00e9 de ce lot<\/a><\/p>\n<p><a href=\"http:\/\/www.respect-code.org\/Search?search=275IQFP\" target=\"_blank\" rel=\"noopener noreferrer\"><img decoding=\"async\" loading=\"lazy\" class=\"alignnone wp-image-5254 size-full\" src=\"https:\/\/sandbox.mielmartine.fr\/wp-content\/uploads\/2018\/09\/respectcode-1.png\" alt=\"\" width=\"150\" height=\"95\" srcset=\"https:\/\/sandbox.mielmartine.fr\/wp-content\/uploads\/2018\/09\/respectcode-1.png 150w, https:\/\/sandbox.mielmartine.fr\/wp-content\/uploads\/2018\/09\/respectcode-1-95x60.png 95w, https:\/\/sandbox.mielmartine.fr\/wp-content\/uploads\/2018\/09\/respectcode-1-142x90.png 142w\" sizes=\"(max-width: 150px) 100vw, 150px\" \/><\/a><\/p>\n","protected":false},"featured_media":12435,"comment_status":"open","ping_status":"closed","template":"","meta":[],"product_cat":[31],"product_tag":[],"acf":[],"yoast_head":"<!-- This site is optimized with the Yoast SEO plugin v20.1 - https:\/\/yoast.com\/wordpress\/plugins\/seo\/ -->\n<title>Miel de Lavande du Chateau | Miel Martine<\/title>\n<meta name=\"description\" content=\"Le Miel de Lavande Martine est \u00e0 d\u00e9guster directement \u00e0 la cuill\u00e8re ou sur votre tartine.\" \/>\n<meta name=\"robots\" content=\"index, follow, max-snippet:-1, max-image-preview:large, max-video-preview:-1\" \/>\n<link rel=\"canonical\" href=\"https:\/\/sandbox.mielmartine.fr\/fr\/produit\/miel-de-lavande-du-chateau\/\" \/>\n<meta property=\"og:locale\" content=\"fr_FR\" \/>\n<meta property=\"og:type\" content=\"article\" \/>\n<meta property=\"og:title\" content=\"Miel de Lavande du Chateau | Miel Martine\" \/>\n<meta property=\"og:description\" content=\"Le Miel de Lavande Martine est \u00e0 d\u00e9guster directement \u00e0 la cuill\u00e8re ou sur votre tartine.\" \/>\n<meta property=\"og:url\" content=\"https:\/\/sandbox.mielmartine.fr\/fr\/produit\/miel-de-lavande-du-chateau\/\" \/>\n<meta property=\"og:site_name\" content=\"Miel Martine\" \/>\n<meta property=\"article:publisher\" content=\"https:\/\/www.facebook.com\/mielmartine\/\" \/>\n<meta property=\"article:modified_time\" content=\"2022-09-14T12:50:25+00:00\" \/>\n<meta property=\"og:image\" content=\"https:\/\/sandbox.mielmartine.fr\/wp-content\/uploads\/2020\/10\/MIEL_CHATEAU_packshot_V1-scaled.jpg\" \/>\n\t<meta property=\"og:image:width\" content=\"1894\" \/>\n\t<meta property=\"og:image:height\" content=\"2560\" \/>\n\t<meta property=\"og:image:type\" content=\"image\/jpeg\" \/>\n<meta name=\"twitter:card\" content=\"summary_large_image\" \/>\n<script type=\"application\/ld+json\" class=\"yoast-schema-graph\">{\"@context\":\"https:\/\/schema.org\",\"@graph\":[{\"@type\":\"WebPage\",\"@id\":\"https:\/\/sandbox.mielmartine.fr\/fr\/produit\/miel-de-lavande-du-chateau\/\",\"url\":\"https:\/\/sandbox.mielmartine.fr\/fr\/produit\/miel-de-lavande-du-chateau\/\",\"name\":\"Miel de Lavande du Chateau | Miel Martine\",\"isPartOf\":{\"@id\":\"https:\/\/sandbox.mielmartine.fr\/fr\/#website\"},\"datePublished\":\"2020-10-28T10:36:12+00:00\",\"dateModified\":\"2022-09-14T12:50:25+00:00\",\"description\":\"Le Miel de Lavande Martine est \u00e0 d\u00e9guster directement \u00e0 la cuill\u00e8re ou sur votre tartine.\",\"breadcrumb\":{\"@id\":\"https:\/\/sandbox.mielmartine.fr\/fr\/produit\/miel-de-lavande-du-chateau\/#breadcrumb\"},\"inLanguage\":\"fr-FR\",\"potentialAction\":[{\"@type\":\"ReadAction\",\"target\":[\"https:\/\/sandbox.mielmartine.fr\/fr\/produit\/miel-de-lavande-du-chateau\/\"]}]},{\"@type\":\"BreadcrumbList\",\"@id\":\"https:\/\/sandbox.mielmartine.fr\/fr\/produit\/miel-de-lavande-du-chateau\/#breadcrumb\",\"itemListElement\":[{\"@type\":\"ListItem\",\"position\":1,\"name\":\"Accueil\",\"item\":\"https:\/\/sandbox.mielmartine.fr\/en\/homepage\/\"},{\"@type\":\"ListItem\",\"position\":2,\"name\":\"Shop -default\",\"item\":\"https:\/\/sandbox.mielmartine.fr\/fr\/shop-default\/\"},{\"@type\":\"ListItem\",\"position\":3,\"name\":\"Miel de Lavande du Ch\u00e2teau\"}]},{\"@type\":\"WebSite\",\"@id\":\"https:\/\/sandbox.mielmartine.fr\/fr\/#website\",\"url\":\"https:\/\/sandbox.mielmartine.fr\/fr\/\",\"name\":\"Miel Martine\",\"description\":\"Miels de France\",\"publisher\":{\"@id\":\"https:\/\/sandbox.mielmartine.fr\/fr\/#organization\"},\"potentialAction\":[{\"@type\":\"SearchAction\",\"target\":{\"@type\":\"EntryPoint\",\"urlTemplate\":\"https:\/\/sandbox.mielmartine.fr\/fr\/?s={search_term_string}\"},\"query-input\":\"required name=search_term_string\"}],\"inLanguage\":\"fr-FR\"},{\"@type\":\"Organization\",\"@id\":\"https:\/\/sandbox.mielmartine.fr\/fr\/#organization\",\"name\":\"Miel Martine\",\"url\":\"https:\/\/sandbox.mielmartine.fr\/fr\/\",\"logo\":{\"@type\":\"ImageObject\",\"inLanguage\":\"fr-FR\",\"@id\":\"https:\/\/sandbox.mielmartine.fr\/fr\/#\/schema\/logo\/image\/\",\"url\":\"https:\/\/sandbox.mielmartine.fr\/wp-content\/uploads\/2018\/05\/LOGO_TAGLINE_MARTINE-1.svg\",\"contentUrl\":\"https:\/\/sandbox.mielmartine.fr\/wp-content\/uploads\/2018\/05\/LOGO_TAGLINE_MARTINE-1.svg\",\"width\":1,\"height\":1,\"caption\":\"Miel Martine\"},\"image\":{\"@id\":\"https:\/\/sandbox.mielmartine.fr\/fr\/#\/schema\/logo\/image\/\"},\"sameAs\":[\"https:\/\/www.facebook.com\/mielmartine\/\",\"https:\/\/www.instagram.com\/mielmartine\/\",\"https:\/\/www.pinterest.fr\/martine4731\/\"]}]}<\/script>\n<!-- \/ Yoast SEO plugin. -->","yoast_head_json":{"title":"Miel de Lavande du Chateau | Miel Martine","description":"Le Miel de Lavande Martine est \u00e0 d\u00e9guster directement \u00e0 la cuill\u00e8re ou sur votre tartine.","robots":{"index":"index","follow":"follow","max-snippet":"max-snippet:-1","max-image-preview":"max-image-preview:large","max-video-preview":"max-video-preview:-1"},"canonical":"https:\/\/sandbox.mielmartine.fr\/fr\/produit\/miel-de-lavande-du-chateau\/","og_locale":"fr_FR","og_type":"article","og_title":"Miel de Lavande du Chateau | Miel Martine","og_description":"Le Miel de Lavande Martine est \u00e0 d\u00e9guster directement \u00e0 la cuill\u00e8re ou sur votre tartine.","og_url":"https:\/\/sandbox.mielmartine.fr\/fr\/produit\/miel-de-lavande-du-chateau\/","og_site_name":"Miel Martine","article_publisher":"https:\/\/www.facebook.com\/mielmartine\/","article_modified_time":"2022-09-14T12:50:25+00:00","og_image":[{"width":1894,"height":2560,"url":"https:\/\/sandbox.mielmartine.fr\/wp-content\/uploads\/2020\/10\/MIEL_CHATEAU_packshot_V1-scaled.jpg","type":"image\/jpeg"}],"twitter_card":"summary_large_image","schema":{"@context":"https:\/\/schema.org","@graph":[{"@type":"WebPage","@id":"https:\/\/sandbox.mielmartine.fr\/fr\/produit\/miel-de-lavande-du-chateau\/","url":"https:\/\/sandbox.mielmartine.fr\/fr\/produit\/miel-de-lavande-du-chateau\/","name":"Miel de Lavande du Chateau | Miel Martine","isPartOf":{"@id":"https:\/\/sandbox.mielmartine.fr\/fr\/#website"},"datePublished":"2020-10-28T10:36:12+00:00","dateModified":"2022-09-14T12:50:25+00:00","description":"Le Miel de Lavande Martine est \u00e0 d\u00e9guster directement \u00e0 la cuill\u00e8re ou sur votre tartine.","breadcrumb":{"@id":"https:\/\/sandbox.mielmartine.fr\/fr\/produit\/miel-de-lavande-du-chateau\/#breadcrumb"},"inLanguage":"fr-FR","potentialAction":[{"@type":"ReadAction","target":["https:\/\/sandbox.mielmartine.fr\/fr\/produit\/miel-de-lavande-du-chateau\/"]}]},{"@type":"BreadcrumbList","@id":"https:\/\/sandbox.mielmartine.fr\/fr\/produit\/miel-de-lavande-du-chateau\/#breadcrumb","itemListElement":[{"@type":"ListItem","position":1,"name":"Accueil","item":"https:\/\/sandbox.mielmartine.fr\/en\/homepage\/"},{"@type":"ListItem","position":2,"name":"Shop -default","item":"https:\/\/sandbox.mielmartine.fr\/fr\/shop-default\/"},{"@type":"ListItem","position":3,"name":"Miel de Lavande du Ch\u00e2teau"}]},{"@type":"WebSite","@id":"https:\/\/sandbox.mielmartine.fr\/fr\/#website","url":"https:\/\/sandbox.mielmartine.fr\/fr\/","name":"Miel Martine","description":"Miels de France","publisher":{"@id":"https:\/\/sandbox.mielmartine.fr\/fr\/#organization"},"potentialAction":[{"@type":"SearchAction","target":{"@type":"EntryPoint","urlTemplate":"https:\/\/sandbox.mielmartine.fr\/fr\/?s={search_term_string}"},"query-input":"required name=search_term_string"}],"inLanguage":"fr-FR"},{"@type":"Organization","@id":"https:\/\/sandbox.mielmartine.fr\/fr\/#organization","name":"Miel Martine","url":"https:\/\/sandbox.mielmartine.fr\/fr\/","logo":{"@type":"ImageObject","inLanguage":"fr-FR","@id":"https:\/\/sandbox.mielmartine.fr\/fr\/#\/schema\/logo\/image\/","url":"https:\/\/sandbox.mielmartine.fr\/wp-content\/uploads\/2018\/05\/LOGO_TAGLINE_MARTINE-1.svg","contentUrl":"https:\/\/sandbox.mielmartine.fr\/wp-content\/uploads\/2018\/05\/LOGO_TAGLINE_MARTINE-1.svg","width":1,"height":1,"caption":"Miel Martine"},"image":{"@id":"https:\/\/sandbox.mielmartine.fr\/fr\/#\/schema\/logo\/image\/"},"sameAs":["https:\/\/www.facebook.com\/mielmartine\/","https:\/\/www.instagram.com\/mielmartine\/","https:\/\/www.pinterest.fr\/martine4731\/"]}]}},"_links":{"self":[{"href":"https:\/\/sandbox.mielmartine.fr\/fr\/wp-json\/wp\/v2\/product\/4650"}],"collection":[{"href":"https:\/\/sandbox.mielmartine.fr\/fr\/wp-json\/wp\/v2\/product"}],"about":[{"href":"https:\/\/sandbox.mielmartine.fr\/fr\/wp-json\/wp\/v2\/types\/product"}],"replies":[{"embeddable":true,"href":"https:\/\/sandbox.mielmartine.fr\/fr\/wp-json\/wp\/v2\/comments?post=4650"}],"wp:featuredmedia":[{"embeddable":true,"href":"https:\/\/sandbox.mielmartine.fr\/fr\/wp-json\/wp\/v2\/media\/12435"}],"wp:attachment":[{"href":"https:\/\/sandbox.mielmartine.fr\/fr\/wp-json\/wp\/v2\/media?parent=4650"}],"wp:term":[{"taxonomy":"product_cat","embeddable":true,"href":"https:\/\/sandbox.mielmartine.fr\/fr\/wp-json\/wp\/v2\/product_cat?post=4650"},{"taxonomy":"product_tag","embeddable":true,"href":"https:\/\/sandbox.mielmartine.fr\/fr\/wp-json\/wp\/v2\/product_tag?post=4650"}],"curies":[{"name":"wp","href":"https:\/\/api.w.org\/{rel}","templated":true}]}}