{"id":5942,"date":"2020-04-21T14:23:53","date_gmt":"2020-04-21T12:23:53","guid":{"rendered":"https:\/\/www.mielmartine.fr\/?post_type=product&#038;p=5942"},"modified":"2022-09-14T14:50:34","modified_gmt":"2022-09-14T12:50:34","slug":"pollen-frais-en-pot-200g","status":"publish","type":"product","link":"https:\/\/sandbox.mielmartine.fr\/fr\/product\/pollen-frais-en-pot-200g\/","title":{"rendered":"Pollen frais en pot 200g"},"content":{"rendered":"","protected":false},"excerpt":{"rendered":"<p>Pollen frais de la saison 2020, r\u00e9colt\u00e9 par nos apiculteurs dans le Var en France. Conserv\u00e9 au sein de notre miellerie o\u00f9 il garde toutes ses propri\u00e9t\u00e9s pour le bien de votre organisme.<\/p>\n<p>Conservation: Se conserve au r\u00e9frig\u00e9rateur et peut aussi se recongeler sans perte de qualit\u00e9<\/p>\n<p><strong><u>Ses vertus\u00a0: <\/u><\/strong><\/p>\n<p>\u00c9nergisant naturel, renforce le syst\u00e8me immunitaire, aide \u00e0 freiner le vieillissement, am\u00e9liore l\u2019endurance chez les sportifs, prot\u00e8ge les voies respiratoires, maintient la beaut\u00e9 des ongles et cheveux\u2026<\/p>\n<p><strong><u>Comment le consommer\u00a0? <\/u><\/strong><\/p>\n<p>Pour b\u00e9n\u00e9ficier de toutes ces vertus, nous vous conseillons de faire une cure, deux fois par jour pendant deux \u00e0 trois semaines. Une cuill\u00e8re \u00e0 soupe au petit-d\u00e9jeuner chez l&#8217;adulte et une cuill\u00e8re \u00e0 caf\u00e9 pour l&#8217;enfant. Dans un yaourt, un smoothie ou encore avec une cuill\u00e8re de miel, int\u00e9grez-le facilement \u00e0 vos petits-d\u00e9jeuners.<\/p>\n<p>Livraison 2,90 EUR seulement et offerte d\u00e8s 30 EUR d&#8217;achat<\/p>\n<p>Peut \u00eatre coupl\u00e9 avec une commande de nos miels<\/p>\n<p>Livraison en 48h avec Colissimo et num\u00e9ro de suivi<\/p>\n","protected":false},"featured_media":5962,"comment_status":"open","ping_status":"closed","template":"","meta":[],"product_cat":[42],"product_tag":[],"acf":[],"yoast_head":"<!-- This site is optimized with the Yoast SEO plugin v20.1 - https:\/\/yoast.com\/wordpress\/plugins\/seo\/ -->\n<title>Pollen frais en pot 200g - 100% fran\u00e7ais - Miel Martine<\/title>\n<meta name=\"description\" content=\"Le pollen frais est un super aliment de la ruche. En pot : parfait pour vos cures! Il est r\u00e9colt\u00e9 avec soin par nos apiculteurs, pour un pollen de qualit\u00e9.\" \/>\n<meta name=\"robots\" content=\"index, follow, max-snippet:-1, max-image-preview:large, max-video-preview:-1\" \/>\n<link rel=\"canonical\" href=\"https:\/\/sandbox.mielmartine.fr\/fr\/produit\/pollen-frais-en-pot-200g\/\" \/>\n<meta property=\"og:locale\" content=\"fr_FR\" \/>\n<meta property=\"og:type\" content=\"article\" \/>\n<meta property=\"og:title\" content=\"Pollen frais en pot 200g - 100% fran\u00e7ais - Miel Martine\" \/>\n<meta property=\"og:description\" content=\"Le pollen frais est un super aliment de la ruche. En pot : parfait pour vos cures! Il est r\u00e9colt\u00e9 avec soin par nos apiculteurs, pour un pollen de qualit\u00e9.\" \/>\n<meta property=\"og:url\" content=\"https:\/\/sandbox.mielmartine.fr\/fr\/produit\/pollen-frais-en-pot-200g\/\" \/>\n<meta property=\"og:site_name\" content=\"Miel Martine\" \/>\n<meta property=\"article:publisher\" content=\"https:\/\/www.facebook.com\/mielmartine\/\" \/>\n<meta property=\"article:modified_time\" content=\"2022-09-14T12:50:34+00:00\" \/>\n<meta property=\"og:image\" content=\"https:\/\/sandbox.mielmartine.fr\/wp-content\/uploads\/2020\/04\/20200422_150635.jpg\" \/>\n\t<meta property=\"og:image:width\" content=\"1931\" \/>\n\t<meta property=\"og:image:height\" content=\"2189\" \/>\n\t<meta property=\"og:image:type\" content=\"image\/jpeg\" \/>\n<meta name=\"twitter:card\" content=\"summary_large_image\" \/>\n<script type=\"application\/ld+json\" class=\"yoast-schema-graph\">{\"@context\":\"https:\/\/schema.org\",\"@graph\":[{\"@type\":\"WebPage\",\"@id\":\"https:\/\/sandbox.mielmartine.fr\/fr\/produit\/pollen-frais-en-pot-200g\/\",\"url\":\"https:\/\/sandbox.mielmartine.fr\/fr\/produit\/pollen-frais-en-pot-200g\/\",\"name\":\"Pollen frais en pot 200g - 100% fran\u00e7ais - Miel Martine\",\"isPartOf\":{\"@id\":\"https:\/\/sandbox.mielmartine.fr\/fr\/#website\"},\"datePublished\":\"2020-04-21T12:23:53+00:00\",\"dateModified\":\"2022-09-14T12:50:34+00:00\",\"description\":\"Le pollen frais est un super aliment de la ruche. En pot : parfait pour vos cures! Il est r\u00e9colt\u00e9 avec soin par nos apiculteurs, pour un pollen de qualit\u00e9.\",\"breadcrumb\":{\"@id\":\"https:\/\/sandbox.mielmartine.fr\/fr\/produit\/pollen-frais-en-pot-200g\/#breadcrumb\"},\"inLanguage\":\"fr-FR\",\"potentialAction\":[{\"@type\":\"ReadAction\",\"target\":[\"https:\/\/sandbox.mielmartine.fr\/fr\/produit\/pollen-frais-en-pot-200g\/\"]}]},{\"@type\":\"BreadcrumbList\",\"@id\":\"https:\/\/sandbox.mielmartine.fr\/fr\/produit\/pollen-frais-en-pot-200g\/#breadcrumb\",\"itemListElement\":[{\"@type\":\"ListItem\",\"position\":1,\"name\":\"Accueil\",\"item\":\"https:\/\/sandbox.mielmartine.fr\/en\/homepage\/\"},{\"@type\":\"ListItem\",\"position\":2,\"name\":\"Shop -default\",\"item\":\"https:\/\/sandbox.mielmartine.fr\/fr\/shop-default\/\"},{\"@type\":\"ListItem\",\"position\":3,\"name\":\"Pollen frais en pot 200g\"}]},{\"@type\":\"WebSite\",\"@id\":\"https:\/\/sandbox.mielmartine.fr\/fr\/#website\",\"url\":\"https:\/\/sandbox.mielmartine.fr\/fr\/\",\"name\":\"Miel Martine\",\"description\":\"Miels de France\",\"publisher\":{\"@id\":\"https:\/\/sandbox.mielmartine.fr\/fr\/#organization\"},\"potentialAction\":[{\"@type\":\"SearchAction\",\"target\":{\"@type\":\"EntryPoint\",\"urlTemplate\":\"https:\/\/sandbox.mielmartine.fr\/fr\/?s={search_term_string}\"},\"query-input\":\"required name=search_term_string\"}],\"inLanguage\":\"fr-FR\"},{\"@type\":\"Organization\",\"@id\":\"https:\/\/sandbox.mielmartine.fr\/fr\/#organization\",\"name\":\"Miel Martine\",\"url\":\"https:\/\/sandbox.mielmartine.fr\/fr\/\",\"logo\":{\"@type\":\"ImageObject\",\"inLanguage\":\"fr-FR\",\"@id\":\"https:\/\/sandbox.mielmartine.fr\/fr\/#\/schema\/logo\/image\/\",\"url\":\"https:\/\/sandbox.mielmartine.fr\/wp-content\/uploads\/2018\/05\/LOGO_TAGLINE_MARTINE-1.svg\",\"contentUrl\":\"https:\/\/sandbox.mielmartine.fr\/wp-content\/uploads\/2018\/05\/LOGO_TAGLINE_MARTINE-1.svg\",\"width\":1,\"height\":1,\"caption\":\"Miel Martine\"},\"image\":{\"@id\":\"https:\/\/sandbox.mielmartine.fr\/fr\/#\/schema\/logo\/image\/\"},\"sameAs\":[\"https:\/\/www.facebook.com\/mielmartine\/\",\"https:\/\/www.instagram.com\/mielmartine\/\",\"https:\/\/www.pinterest.fr\/martine4731\/\"]}]}<\/script>\n<!-- \/ Yoast SEO plugin. -->","yoast_head_json":{"title":"Pollen frais en pot 200g - 100% fran\u00e7ais - Miel Martine","description":"Le pollen frais est un super aliment de la ruche. En pot : parfait pour vos cures! Il est r\u00e9colt\u00e9 avec soin par nos apiculteurs, pour un pollen de qualit\u00e9.","robots":{"index":"index","follow":"follow","max-snippet":"max-snippet:-1","max-image-preview":"max-image-preview:large","max-video-preview":"max-video-preview:-1"},"canonical":"https:\/\/sandbox.mielmartine.fr\/fr\/produit\/pollen-frais-en-pot-200g\/","og_locale":"fr_FR","og_type":"article","og_title":"Pollen frais en pot 200g - 100% fran\u00e7ais - Miel Martine","og_description":"Le pollen frais est un super aliment de la ruche. En pot : parfait pour vos cures! Il est r\u00e9colt\u00e9 avec soin par nos apiculteurs, pour un pollen de qualit\u00e9.","og_url":"https:\/\/sandbox.mielmartine.fr\/fr\/produit\/pollen-frais-en-pot-200g\/","og_site_name":"Miel Martine","article_publisher":"https:\/\/www.facebook.com\/mielmartine\/","article_modified_time":"2022-09-14T12:50:34+00:00","og_image":[{"width":1931,"height":2189,"url":"https:\/\/sandbox.mielmartine.fr\/wp-content\/uploads\/2020\/04\/20200422_150635.jpg","type":"image\/jpeg"}],"twitter_card":"summary_large_image","schema":{"@context":"https:\/\/schema.org","@graph":[{"@type":"WebPage","@id":"https:\/\/sandbox.mielmartine.fr\/fr\/produit\/pollen-frais-en-pot-200g\/","url":"https:\/\/sandbox.mielmartine.fr\/fr\/produit\/pollen-frais-en-pot-200g\/","name":"Pollen frais en pot 200g - 100% fran\u00e7ais - Miel Martine","isPartOf":{"@id":"https:\/\/sandbox.mielmartine.fr\/fr\/#website"},"datePublished":"2020-04-21T12:23:53+00:00","dateModified":"2022-09-14T12:50:34+00:00","description":"Le pollen frais est un super aliment de la ruche. En pot : parfait pour vos cures! Il est r\u00e9colt\u00e9 avec soin par nos apiculteurs, pour un pollen de qualit\u00e9.","breadcrumb":{"@id":"https:\/\/sandbox.mielmartine.fr\/fr\/produit\/pollen-frais-en-pot-200g\/#breadcrumb"},"inLanguage":"fr-FR","potentialAction":[{"@type":"ReadAction","target":["https:\/\/sandbox.mielmartine.fr\/fr\/produit\/pollen-frais-en-pot-200g\/"]}]},{"@type":"BreadcrumbList","@id":"https:\/\/sandbox.mielmartine.fr\/fr\/produit\/pollen-frais-en-pot-200g\/#breadcrumb","itemListElement":[{"@type":"ListItem","position":1,"name":"Accueil","item":"https:\/\/sandbox.mielmartine.fr\/en\/homepage\/"},{"@type":"ListItem","position":2,"name":"Shop -default","item":"https:\/\/sandbox.mielmartine.fr\/fr\/shop-default\/"},{"@type":"ListItem","position":3,"name":"Pollen frais en pot 200g"}]},{"@type":"WebSite","@id":"https:\/\/sandbox.mielmartine.fr\/fr\/#website","url":"https:\/\/sandbox.mielmartine.fr\/fr\/","name":"Miel Martine","description":"Miels de France","publisher":{"@id":"https:\/\/sandbox.mielmartine.fr\/fr\/#organization"},"potentialAction":[{"@type":"SearchAction","target":{"@type":"EntryPoint","urlTemplate":"https:\/\/sandbox.mielmartine.fr\/fr\/?s={search_term_string}"},"query-input":"required name=search_term_string"}],"inLanguage":"fr-FR"},{"@type":"Organization","@id":"https:\/\/sandbox.mielmartine.fr\/fr\/#organization","name":"Miel Martine","url":"https:\/\/sandbox.mielmartine.fr\/fr\/","logo":{"@type":"ImageObject","inLanguage":"fr-FR","@id":"https:\/\/sandbox.mielmartine.fr\/fr\/#\/schema\/logo\/image\/","url":"https:\/\/sandbox.mielmartine.fr\/wp-content\/uploads\/2018\/05\/LOGO_TAGLINE_MARTINE-1.svg","contentUrl":"https:\/\/sandbox.mielmartine.fr\/wp-content\/uploads\/2018\/05\/LOGO_TAGLINE_MARTINE-1.svg","width":1,"height":1,"caption":"Miel Martine"},"image":{"@id":"https:\/\/sandbox.mielmartine.fr\/fr\/#\/schema\/logo\/image\/"},"sameAs":["https:\/\/www.facebook.com\/mielmartine\/","https:\/\/www.instagram.com\/mielmartine\/","https:\/\/www.pinterest.fr\/martine4731\/"]}]}},"_links":{"self":[{"href":"https:\/\/sandbox.mielmartine.fr\/fr\/wp-json\/wp\/v2\/product\/5942"}],"collection":[{"href":"https:\/\/sandbox.mielmartine.fr\/fr\/wp-json\/wp\/v2\/product"}],"about":[{"href":"https:\/\/sandbox.mielmartine.fr\/fr\/wp-json\/wp\/v2\/types\/product"}],"replies":[{"embeddable":true,"href":"https:\/\/sandbox.mielmartine.fr\/fr\/wp-json\/wp\/v2\/comments?post=5942"}],"wp:featuredmedia":[{"embeddable":true,"href":"https:\/\/sandbox.mielmartine.fr\/fr\/wp-json\/wp\/v2\/media\/5962"}],"wp:attachment":[{"href":"https:\/\/sandbox.mielmartine.fr\/fr\/wp-json\/wp\/v2\/media?parent=5942"}],"wp:term":[{"taxonomy":"product_cat","embeddable":true,"href":"https:\/\/sandbox.mielmartine.fr\/fr\/wp-json\/wp\/v2\/product_cat?post=5942"},{"taxonomy":"product_tag","embeddable":true,"href":"https:\/\/sandbox.mielmartine.fr\/fr\/wp-json\/wp\/v2\/product_tag?post=5942"}],"curies":[{"name":"wp","href":"https:\/\/api.w.org\/{rel}","templated":true}]}}