{"id":7370,"date":"2018-04-22T17:32:16","date_gmt":"2018-04-22T15:32:16","guid":{"rendered":"https:\/\/www.mielmartine.fr\/?post_type=product&#038;p=7370"},"modified":"2022-12-08T17:12:14","modified_gmt":"2022-12-08T16:12:14","slug":"miel-de-chene","status":"publish","type":"product","link":"https:\/\/sandbox.mielmartine.fr\/fr\/product\/miel-de-chene\/","title":{"rendered":"Miel de Ch\u00eane"},"content":{"rendered":"<p><span style=\"font-weight: 400;\">Vous \u00eates un amateur de <\/span><b>miel<\/b><span style=\"font-weight: 400;\"> ? Vous aimez tartiner votre pain avec cet aliment dont on dit qu\u2019il est b\u00e9ni des dieux ?\u00a0<\/span><b>Le miel de ch\u00eane<\/b><span style=\"font-weight: 400;\"> est fait pour vous !\u00a0<\/span><span style=\"font-weight: 400;\"><a href=\"\/fr\/qui-sommes-nous\/\">Miel Martine<\/a> vous fait d\u00e9couvrir ce que vous devez savoir sur ce <\/span><b>miel d\u2019exception.<\/b><\/p>\n<h3><b>O\u00f9 le miel de ch\u00eane est-il fabriqu\u00e9 ?<\/b><\/h3>\n<p><b>Ce miel tr\u00e8s rare<\/b><span style=\"font-weight: 400;\"> est extrait dans les <\/span><b>bois de ch\u00eanes <\/b><span style=\"font-weight: 400;\">des communes de Sainte-Maxime (Var). <\/span><span style=\"font-weight: 400;\">Il est r\u00e9colt\u00e9 \u00e0 partir du mois de juillet.\u00a0<\/span><span style=\"font-weight: 400;\">\u00c0 la diff\u00e9rence de nombreuses<\/span><b> vari\u00e9t\u00e9s de miel<\/b><span style=\"font-weight: 400;\"> qui sont \u00e9labor\u00e9es \u00e0 partir du nectar des fleurs, <\/span><b>le <a href=\"\/fr\/produit\/miel-de-chene\/\">miel de ch\u00eane<\/a><\/b><span style=\"font-weight: 400;\"> est fabriqu\u00e9 \u00e0 base de <\/span><b>miellats <\/b><span style=\"font-weight: 400;\">d\u00e9pos\u00e9s sur les arbres.\u00a0<\/span><\/p>\n<p><span style=\"font-weight: 400;\">Le miellat est un liquide visqueux et \u00e9pais d\u00e9pos\u00e9 sur les arbres par des insectes piqueurs suceurs qui se nourrissent de la s\u00e8ve contenu dans le phlo\u00e8me. Les abeilles ouvri\u00e8res savent le r\u00e9colter et le transformer en <\/span><b>miel<\/b><span style=\"font-weight: 400;\">.\u00a0<\/span><span style=\"font-weight: 400;\">Le vrai nom de ce <\/span><b>miel<\/b><span style=\"font-weight: 400;\"> particulier n\u2019est donc pas le <\/span><b>miel de ch\u00eane mais le miellat de ch\u00eane !<\/b><\/p>\n<h3><b>Les caract\u00e9ristiques du miel de ch\u00eane<\/b><\/h3>\n<p><b>Le miel de ch\u00eane<\/b><span style=\"font-weight: 400;\"> est unique et est assez peu connu.\u00a0<\/span><span style=\"font-weight: 400;\">II se caract\u00e9rise par sa texture onctueuse, ferme et dense. <\/span><b>Le miel de ch\u00eane <\/b><span style=\"font-weight: 400;\">a un go\u00fbt typ\u00e9 avec beaucoup de caract\u00e8re, il est fruit\u00e9 et a une saveur bois\u00e9e plus ou moins accentu\u00e9e. Son ar\u00f4me ressemble \u00e0 celui du r\u00e9glisse et \u00e0 celui de la menthe.<\/span><\/p>\n<p><span style=\"font-weight: 400;\">Sa couleur est fonc\u00e9e, presque noire.\u00a0<\/span><span style=\"font-weight: 400;\">Le miel de ch\u00eane a une odeur assez faible, son parfum rappelant celui des bois.\u00a0<\/span><span style=\"font-weight: 400;\">Ses bienfaits sur la sant\u00e9 sont bien connus depuis l&#8217;antiquit\u00e9. <\/span><b>Avaler une cuiller\u00e9e de miel de ch\u00eane<\/b><span style=\"font-weight: 400;\"> tous les jours est vivement conseill\u00e9 par les m\u00e9decins et les nutritionnistes.\u00a0<\/span><span style=\"font-weight: 400;\">D\u00e9couvrez notre <\/span><b>miel de ch\u00eane<\/b><span style=\"font-weight: 400;\"> !<\/span><\/p>\n","protected":false},"excerpt":{"rendered":"<p><b>R\u00e9galez-vous du go\u00fbt de menthol\u00e9 du <\/b><em style=\"font-weight: bold;\">Miel de Ch\u00eane Martine<\/em><\/p>\n<p>Ce miel <strong>tr\u00e8s rare<\/strong> est extrait au mois de juillet dans les bois de ch\u00eanes des Communes de Sainte-Maxime (Var). Sa r\u00e9colte est tr\u00e8s diff\u00e9rente de celle du miel de fleurs, car le ch\u00eane n\u2019a pas de nectar. Les abeilles collectent le miellat s\u00e9cr\u00e9t\u00e9 par les pucerons, qu\u2019ils d\u00e9posent ensuite sur les ch\u00eanes.<\/p>\n<p>C&#8217;est le <strong>miel le plus riche en oligo-\u00e9l\u00e9ments<\/strong> et permet de lutter contre les <strong>affections respiratoires<\/strong>.<\/p>\n<p>Poids: 250gr<br \/>\nFrais de livraison: 2,90 EUR (offerts d\u00e8s 30 EUR d&#8217;achat)<\/p>\n<h6>Tra\u00e7abilit\u00e9 garantie avec <a href=\"http:\/\/www.respect-code.org\">www.respect-code.org<\/a><\/h6>\n","protected":false},"featured_media":9950,"comment_status":"open","ping_status":"closed","template":"","meta":[],"product_cat":[87,31],"product_tag":[],"acf":[],"yoast_head":"<!-- This site is optimized with the Yoast SEO plugin v20.1 - https:\/\/yoast.com\/wordpress\/plugins\/seo\/ -->\n<title>Miel de Ch\u00eane | Miel Martine<\/title>\n<meta name=\"description\" content=\"Le miel est un de vos condiments pr\u00e9f\u00e9r\u00e9s et vous en consommez r\u00e9guli\u00e8rement ? D\u00e9couvrez ici le miel de ch\u00eane !\" \/>\n<meta name=\"robots\" content=\"index, follow, max-snippet:-1, max-image-preview:large, max-video-preview:-1\" \/>\n<link rel=\"canonical\" href=\"https:\/\/sandbox.mielmartine.fr\/fr\/produit\/miel-de-chene\/\" \/>\n<meta property=\"og:locale\" content=\"fr_FR\" \/>\n<meta property=\"og:type\" content=\"article\" \/>\n<meta property=\"og:title\" content=\"Miel de Ch\u00eane | Miel Martine\" \/>\n<meta property=\"og:description\" content=\"Le miel est un de vos condiments pr\u00e9f\u00e9r\u00e9s et vous en consommez r\u00e9guli\u00e8rement ? D\u00e9couvrez ici le miel de ch\u00eane !\" \/>\n<meta property=\"og:url\" content=\"https:\/\/sandbox.mielmartine.fr\/fr\/produit\/miel-de-chene\/\" \/>\n<meta property=\"og:site_name\" content=\"Miel Martine\" \/>\n<meta property=\"article:publisher\" content=\"https:\/\/www.facebook.com\/mielmartine\/\" \/>\n<meta property=\"article:modified_time\" content=\"2022-12-08T16:12:14+00:00\" \/>\n<meta property=\"og:image\" content=\"https:\/\/sandbox.mielmartine.fr\/wp-content\/uploads\/2020\/07\/miel-chene.jpg\" \/>\n\t<meta property=\"og:image:width\" content=\"441\" \/>\n\t<meta property=\"og:image:height\" content=\"596\" \/>\n\t<meta property=\"og:image:type\" content=\"image\/jpeg\" \/>\n<meta name=\"twitter:card\" content=\"summary_large_image\" \/>\n<meta name=\"twitter:label1\" content=\"Dur\u00e9e de lecture estim\u00e9e\" \/>\n\t<meta name=\"twitter:data1\" content=\"2 minutes\" \/>\n<script type=\"application\/ld+json\" class=\"yoast-schema-graph\">{\"@context\":\"https:\/\/schema.org\",\"@graph\":[{\"@type\":\"WebPage\",\"@id\":\"https:\/\/sandbox.mielmartine.fr\/fr\/produit\/miel-de-chene\/\",\"url\":\"https:\/\/sandbox.mielmartine.fr\/fr\/produit\/miel-de-chene\/\",\"name\":\"Miel de Ch\u00eane | Miel Martine\",\"isPartOf\":{\"@id\":\"https:\/\/sandbox.mielmartine.fr\/fr\/#website\"},\"datePublished\":\"2018-04-22T15:32:16+00:00\",\"dateModified\":\"2022-12-08T16:12:14+00:00\",\"description\":\"Le miel est un de vos condiments pr\u00e9f\u00e9r\u00e9s et vous en consommez r\u00e9guli\u00e8rement ? D\u00e9couvrez ici le miel de ch\u00eane !\",\"breadcrumb\":{\"@id\":\"https:\/\/sandbox.mielmartine.fr\/fr\/produit\/miel-de-chene\/#breadcrumb\"},\"inLanguage\":\"fr-FR\",\"potentialAction\":[{\"@type\":\"ReadAction\",\"target\":[\"https:\/\/sandbox.mielmartine.fr\/fr\/produit\/miel-de-chene\/\"]}]},{\"@type\":\"BreadcrumbList\",\"@id\":\"https:\/\/sandbox.mielmartine.fr\/fr\/produit\/miel-de-chene\/#breadcrumb\",\"itemListElement\":[{\"@type\":\"ListItem\",\"position\":1,\"name\":\"Accueil\",\"item\":\"https:\/\/sandbox.mielmartine.fr\/en\/homepage\/\"},{\"@type\":\"ListItem\",\"position\":2,\"name\":\"Shop -default\",\"item\":\"https:\/\/sandbox.mielmartine.fr\/fr\/shop-default\/\"},{\"@type\":\"ListItem\",\"position\":3,\"name\":\"Miel de Ch\u00eane\"}]},{\"@type\":\"WebSite\",\"@id\":\"https:\/\/sandbox.mielmartine.fr\/fr\/#website\",\"url\":\"https:\/\/sandbox.mielmartine.fr\/fr\/\",\"name\":\"Miel Martine\",\"description\":\"Miels de France\",\"publisher\":{\"@id\":\"https:\/\/sandbox.mielmartine.fr\/fr\/#organization\"},\"potentialAction\":[{\"@type\":\"SearchAction\",\"target\":{\"@type\":\"EntryPoint\",\"urlTemplate\":\"https:\/\/sandbox.mielmartine.fr\/fr\/?s={search_term_string}\"},\"query-input\":\"required name=search_term_string\"}],\"inLanguage\":\"fr-FR\"},{\"@type\":\"Organization\",\"@id\":\"https:\/\/sandbox.mielmartine.fr\/fr\/#organization\",\"name\":\"Miel Martine\",\"url\":\"https:\/\/sandbox.mielmartine.fr\/fr\/\",\"logo\":{\"@type\":\"ImageObject\",\"inLanguage\":\"fr-FR\",\"@id\":\"https:\/\/sandbox.mielmartine.fr\/fr\/#\/schema\/logo\/image\/\",\"url\":\"https:\/\/sandbox.mielmartine.fr\/wp-content\/uploads\/2018\/05\/LOGO_TAGLINE_MARTINE-1.svg\",\"contentUrl\":\"https:\/\/sandbox.mielmartine.fr\/wp-content\/uploads\/2018\/05\/LOGO_TAGLINE_MARTINE-1.svg\",\"width\":1,\"height\":1,\"caption\":\"Miel Martine\"},\"image\":{\"@id\":\"https:\/\/sandbox.mielmartine.fr\/fr\/#\/schema\/logo\/image\/\"},\"sameAs\":[\"https:\/\/www.facebook.com\/mielmartine\/\",\"https:\/\/www.instagram.com\/mielmartine\/\",\"https:\/\/www.pinterest.fr\/martine4731\/\"]}]}<\/script>\n<!-- \/ Yoast SEO plugin. -->","yoast_head_json":{"title":"Miel de Ch\u00eane | Miel Martine","description":"Le miel est un de vos condiments pr\u00e9f\u00e9r\u00e9s et vous en consommez r\u00e9guli\u00e8rement ? D\u00e9couvrez ici le miel de ch\u00eane !","robots":{"index":"index","follow":"follow","max-snippet":"max-snippet:-1","max-image-preview":"max-image-preview:large","max-video-preview":"max-video-preview:-1"},"canonical":"https:\/\/sandbox.mielmartine.fr\/fr\/produit\/miel-de-chene\/","og_locale":"fr_FR","og_type":"article","og_title":"Miel de Ch\u00eane | Miel Martine","og_description":"Le miel est un de vos condiments pr\u00e9f\u00e9r\u00e9s et vous en consommez r\u00e9guli\u00e8rement ? D\u00e9couvrez ici le miel de ch\u00eane !","og_url":"https:\/\/sandbox.mielmartine.fr\/fr\/produit\/miel-de-chene\/","og_site_name":"Miel Martine","article_publisher":"https:\/\/www.facebook.com\/mielmartine\/","article_modified_time":"2022-12-08T16:12:14+00:00","og_image":[{"width":441,"height":596,"url":"https:\/\/sandbox.mielmartine.fr\/wp-content\/uploads\/2020\/07\/miel-chene.jpg","type":"image\/jpeg"}],"twitter_card":"summary_large_image","twitter_misc":{"Dur\u00e9e de lecture estim\u00e9e":"2 minutes"},"schema":{"@context":"https:\/\/schema.org","@graph":[{"@type":"WebPage","@id":"https:\/\/sandbox.mielmartine.fr\/fr\/produit\/miel-de-chene\/","url":"https:\/\/sandbox.mielmartine.fr\/fr\/produit\/miel-de-chene\/","name":"Miel de Ch\u00eane | Miel Martine","isPartOf":{"@id":"https:\/\/sandbox.mielmartine.fr\/fr\/#website"},"datePublished":"2018-04-22T15:32:16+00:00","dateModified":"2022-12-08T16:12:14+00:00","description":"Le miel est un de vos condiments pr\u00e9f\u00e9r\u00e9s et vous en consommez r\u00e9guli\u00e8rement ? D\u00e9couvrez ici le miel de ch\u00eane !","breadcrumb":{"@id":"https:\/\/sandbox.mielmartine.fr\/fr\/produit\/miel-de-chene\/#breadcrumb"},"inLanguage":"fr-FR","potentialAction":[{"@type":"ReadAction","target":["https:\/\/sandbox.mielmartine.fr\/fr\/produit\/miel-de-chene\/"]}]},{"@type":"BreadcrumbList","@id":"https:\/\/sandbox.mielmartine.fr\/fr\/produit\/miel-de-chene\/#breadcrumb","itemListElement":[{"@type":"ListItem","position":1,"name":"Accueil","item":"https:\/\/sandbox.mielmartine.fr\/en\/homepage\/"},{"@type":"ListItem","position":2,"name":"Shop -default","item":"https:\/\/sandbox.mielmartine.fr\/fr\/shop-default\/"},{"@type":"ListItem","position":3,"name":"Miel de Ch\u00eane"}]},{"@type":"WebSite","@id":"https:\/\/sandbox.mielmartine.fr\/fr\/#website","url":"https:\/\/sandbox.mielmartine.fr\/fr\/","name":"Miel Martine","description":"Miels de France","publisher":{"@id":"https:\/\/sandbox.mielmartine.fr\/fr\/#organization"},"potentialAction":[{"@type":"SearchAction","target":{"@type":"EntryPoint","urlTemplate":"https:\/\/sandbox.mielmartine.fr\/fr\/?s={search_term_string}"},"query-input":"required name=search_term_string"}],"inLanguage":"fr-FR"},{"@type":"Organization","@id":"https:\/\/sandbox.mielmartine.fr\/fr\/#organization","name":"Miel Martine","url":"https:\/\/sandbox.mielmartine.fr\/fr\/","logo":{"@type":"ImageObject","inLanguage":"fr-FR","@id":"https:\/\/sandbox.mielmartine.fr\/fr\/#\/schema\/logo\/image\/","url":"https:\/\/sandbox.mielmartine.fr\/wp-content\/uploads\/2018\/05\/LOGO_TAGLINE_MARTINE-1.svg","contentUrl":"https:\/\/sandbox.mielmartine.fr\/wp-content\/uploads\/2018\/05\/LOGO_TAGLINE_MARTINE-1.svg","width":1,"height":1,"caption":"Miel Martine"},"image":{"@id":"https:\/\/sandbox.mielmartine.fr\/fr\/#\/schema\/logo\/image\/"},"sameAs":["https:\/\/www.facebook.com\/mielmartine\/","https:\/\/www.instagram.com\/mielmartine\/","https:\/\/www.pinterest.fr\/martine4731\/"]}]}},"_links":{"self":[{"href":"https:\/\/sandbox.mielmartine.fr\/fr\/wp-json\/wp\/v2\/product\/7370"}],"collection":[{"href":"https:\/\/sandbox.mielmartine.fr\/fr\/wp-json\/wp\/v2\/product"}],"about":[{"href":"https:\/\/sandbox.mielmartine.fr\/fr\/wp-json\/wp\/v2\/types\/product"}],"replies":[{"embeddable":true,"href":"https:\/\/sandbox.mielmartine.fr\/fr\/wp-json\/wp\/v2\/comments?post=7370"}],"wp:featuredmedia":[{"embeddable":true,"href":"https:\/\/sandbox.mielmartine.fr\/fr\/wp-json\/wp\/v2\/media\/9950"}],"wp:attachment":[{"href":"https:\/\/sandbox.mielmartine.fr\/fr\/wp-json\/wp\/v2\/media?parent=7370"}],"wp:term":[{"taxonomy":"product_cat","embeddable":true,"href":"https:\/\/sandbox.mielmartine.fr\/fr\/wp-json\/wp\/v2\/product_cat?post=7370"},{"taxonomy":"product_tag","embeddable":true,"href":"https:\/\/sandbox.mielmartine.fr\/fr\/wp-json\/wp\/v2\/product_tag?post=7370"}],"curies":[{"name":"wp","href":"https:\/\/api.w.org\/{rel}","templated":true}]}}