{"id":8389,"date":"2018-04-24T12:30:04","date_gmt":"2018-04-24T10:30:04","guid":{"rendered":"https:\/\/www.mielmartine.fr\/?post_type=product&#038;p=8389"},"modified":"2025-12-03T17:33:55","modified_gmt":"2025-12-03T16:33:55","slug":"sac-jamais-sans-ma-tartine-1-pot-250g","status":"publish","type":"product","link":"https:\/\/sandbox.mielmartine.fr\/fr\/product\/sac-jamais-sans-ma-tartine-1-pot-250g\/","title":{"rendered":"Sac Jamais sans ma tartine ! + pot 250g"},"content":{"rendered":"","protected":false},"excerpt":{"rendered":"<p>Attirez le regard avec ce tote bag color\u00e9 et inspir\u00e9 des fleurs de Provence : un sac intemporel et r\u00e9utilisable de Miel Martine tiss\u00e9 dans une toile de coton ultra-r\u00e9sistante.<br \/>\nAvec sa grande taille, ce sac vous accompagnera dans tous vos moments du quotidien, de d\u00e9tente &amp; de partage entre amis et famille : pour les courses, les balades, pique-niques\u2026 et \u00e9videmment pour transporter vos Miels Martine.<\/p>\n<p>C\u2019est aussi le cadeau id\u00e9al avec son pot de miel de Lavande 250g gliss\u00e9 \u00e0 l\u2019int\u00e9rieur. Du miel 100% fran\u00e7ais et tra\u00e7able par un organisme ind\u00e9pendant.<\/p>\n<p>&#8211; Sac en tissu 100% coton biologique certifi\u00e9<br \/>\n&#8211; Marquage Fran\u00e7ais<br \/>\n&#8211; Couleur Naturel<br \/>\n&#8211; Transfer quadri sur une face<br \/>\n&#8211; Taille : 45x35cm<br \/>\n&#8211; 1 Pot de Miel de Lavande 250g<\/p>\n<p>Frais de livraison: 2,90 EUR (offerts d\u00e8s 30 EUR d&#8217;achat)<\/p>\n<h6>Tra\u00e7abilit\u00e9 garantie avec <a href=\"http:\/\/www.respect-code.org\">www.respect-code.org<\/a><\/h6>\n","protected":false},"featured_media":8396,"comment_status":"open","ping_status":"closed","template":"","meta":[],"product_cat":[87,31],"product_tag":[],"acf":[],"yoast_head":"<!-- This site is optimized with the Yoast SEO plugin v20.1 - https:\/\/yoast.com\/wordpress\/plugins\/seo\/ -->\n<title>Jamais Sans ma Tartine Bag + Jar of Honey | Miel Martine<\/title>\n<meta name=\"description\" content=\"Attirez le regard avec ce tote bag color\u00e9 et inspir\u00e9 des fleurs de Provence. Sac jamais sans ma tartine ! avec son pot de miel de lavande.\" \/>\n<meta name=\"robots\" content=\"index, follow, max-snippet:-1, max-image-preview:large, max-video-preview:-1\" \/>\n<link rel=\"canonical\" href=\"https:\/\/sandbox.mielmartine.fr\/fr\/produit\/sac-jamais-sans-ma-tartine-1-pot-250g\/\" \/>\n<meta property=\"og:locale\" content=\"fr_FR\" \/>\n<meta property=\"og:type\" content=\"article\" \/>\n<meta property=\"og:title\" content=\"Jamais Sans ma Tartine Bag + Jar of Honey | Miel Martine\" \/>\n<meta property=\"og:description\" content=\"Attirez le regard avec ce tote bag color\u00e9 et inspir\u00e9 des fleurs de Provence. Sac jamais sans ma tartine ! avec son pot de miel de lavande.\" \/>\n<meta property=\"og:url\" content=\"https:\/\/sandbox.mielmartine.fr\/fr\/produit\/sac-jamais-sans-ma-tartine-1-pot-250g\/\" \/>\n<meta property=\"og:site_name\" content=\"Miel Martine\" \/>\n<meta property=\"article:publisher\" content=\"https:\/\/www.facebook.com\/mielmartine\/\" \/>\n<meta property=\"article:modified_time\" content=\"2025-12-03T16:33:55+00:00\" \/>\n<meta property=\"og:image\" content=\"https:\/\/sandbox.mielmartine.fr\/wp-content\/uploads\/2020\/10\/TARTINE_LAVANDE_low.jpg\" \/>\n\t<meta property=\"og:image:width\" content=\"450\" \/>\n\t<meta property=\"og:image:height\" content=\"590\" \/>\n\t<meta property=\"og:image:type\" content=\"image\/jpeg\" \/>\n<meta name=\"twitter:card\" content=\"summary_large_image\" \/>\n<script type=\"application\/ld+json\" class=\"yoast-schema-graph\">{\"@context\":\"https:\/\/schema.org\",\"@graph\":[{\"@type\":\"WebPage\",\"@id\":\"https:\/\/sandbox.mielmartine.fr\/fr\/produit\/sac-jamais-sans-ma-tartine-1-pot-250g\/\",\"url\":\"https:\/\/sandbox.mielmartine.fr\/fr\/produit\/sac-jamais-sans-ma-tartine-1-pot-250g\/\",\"name\":\"Jamais Sans ma Tartine Bag + Jar of Honey | Miel Martine\",\"isPartOf\":{\"@id\":\"https:\/\/sandbox.mielmartine.fr\/fr\/#website\"},\"datePublished\":\"2018-04-24T10:30:04+00:00\",\"dateModified\":\"2025-12-03T16:33:55+00:00\",\"description\":\"Attirez le regard avec ce tote bag color\u00e9 et inspir\u00e9 des fleurs de Provence. Sac jamais sans ma tartine ! avec son pot de miel de lavande.\",\"breadcrumb\":{\"@id\":\"https:\/\/sandbox.mielmartine.fr\/fr\/produit\/sac-jamais-sans-ma-tartine-1-pot-250g\/#breadcrumb\"},\"inLanguage\":\"fr-FR\",\"potentialAction\":[{\"@type\":\"ReadAction\",\"target\":[\"https:\/\/sandbox.mielmartine.fr\/fr\/produit\/sac-jamais-sans-ma-tartine-1-pot-250g\/\"]}]},{\"@type\":\"BreadcrumbList\",\"@id\":\"https:\/\/sandbox.mielmartine.fr\/fr\/produit\/sac-jamais-sans-ma-tartine-1-pot-250g\/#breadcrumb\",\"itemListElement\":[{\"@type\":\"ListItem\",\"position\":1,\"name\":\"Accueil\",\"item\":\"https:\/\/sandbox.mielmartine.fr\/en\/homepage\/\"},{\"@type\":\"ListItem\",\"position\":2,\"name\":\"Shop -default\",\"item\":\"https:\/\/sandbox.mielmartine.fr\/fr\/shop-default\/\"},{\"@type\":\"ListItem\",\"position\":3,\"name\":\"Sac Jamais sans ma tartine ! + pot 250g\"}]},{\"@type\":\"WebSite\",\"@id\":\"https:\/\/sandbox.mielmartine.fr\/fr\/#website\",\"url\":\"https:\/\/sandbox.mielmartine.fr\/fr\/\",\"name\":\"Miel Martine\",\"description\":\"Miels de France\",\"publisher\":{\"@id\":\"https:\/\/sandbox.mielmartine.fr\/fr\/#organization\"},\"potentialAction\":[{\"@type\":\"SearchAction\",\"target\":{\"@type\":\"EntryPoint\",\"urlTemplate\":\"https:\/\/sandbox.mielmartine.fr\/fr\/?s={search_term_string}\"},\"query-input\":\"required name=search_term_string\"}],\"inLanguage\":\"fr-FR\"},{\"@type\":\"Organization\",\"@id\":\"https:\/\/sandbox.mielmartine.fr\/fr\/#organization\",\"name\":\"Miel Martine\",\"url\":\"https:\/\/sandbox.mielmartine.fr\/fr\/\",\"logo\":{\"@type\":\"ImageObject\",\"inLanguage\":\"fr-FR\",\"@id\":\"https:\/\/sandbox.mielmartine.fr\/fr\/#\/schema\/logo\/image\/\",\"url\":\"https:\/\/sandbox.mielmartine.fr\/wp-content\/uploads\/2018\/05\/LOGO_TAGLINE_MARTINE-1.svg\",\"contentUrl\":\"https:\/\/sandbox.mielmartine.fr\/wp-content\/uploads\/2018\/05\/LOGO_TAGLINE_MARTINE-1.svg\",\"width\":1,\"height\":1,\"caption\":\"Miel Martine\"},\"image\":{\"@id\":\"https:\/\/sandbox.mielmartine.fr\/fr\/#\/schema\/logo\/image\/\"},\"sameAs\":[\"https:\/\/www.facebook.com\/mielmartine\/\",\"https:\/\/www.instagram.com\/mielmartine\/\",\"https:\/\/www.pinterest.fr\/martine4731\/\"]}]}<\/script>\n<!-- \/ Yoast SEO plugin. -->","yoast_head_json":{"title":"Jamais Sans ma Tartine Bag + Jar of Honey | Miel Martine","description":"Attirez le regard avec ce tote bag color\u00e9 et inspir\u00e9 des fleurs de Provence. Sac jamais sans ma tartine ! avec son pot de miel de lavande.","robots":{"index":"index","follow":"follow","max-snippet":"max-snippet:-1","max-image-preview":"max-image-preview:large","max-video-preview":"max-video-preview:-1"},"canonical":"https:\/\/sandbox.mielmartine.fr\/fr\/produit\/sac-jamais-sans-ma-tartine-1-pot-250g\/","og_locale":"fr_FR","og_type":"article","og_title":"Jamais Sans ma Tartine Bag + Jar of Honey | Miel Martine","og_description":"Attirez le regard avec ce tote bag color\u00e9 et inspir\u00e9 des fleurs de Provence. Sac jamais sans ma tartine ! avec son pot de miel de lavande.","og_url":"https:\/\/sandbox.mielmartine.fr\/fr\/produit\/sac-jamais-sans-ma-tartine-1-pot-250g\/","og_site_name":"Miel Martine","article_publisher":"https:\/\/www.facebook.com\/mielmartine\/","article_modified_time":"2025-12-03T16:33:55+00:00","og_image":[{"width":450,"height":590,"url":"https:\/\/sandbox.mielmartine.fr\/wp-content\/uploads\/2020\/10\/TARTINE_LAVANDE_low.jpg","type":"image\/jpeg"}],"twitter_card":"summary_large_image","schema":{"@context":"https:\/\/schema.org","@graph":[{"@type":"WebPage","@id":"https:\/\/sandbox.mielmartine.fr\/fr\/produit\/sac-jamais-sans-ma-tartine-1-pot-250g\/","url":"https:\/\/sandbox.mielmartine.fr\/fr\/produit\/sac-jamais-sans-ma-tartine-1-pot-250g\/","name":"Jamais Sans ma Tartine Bag + Jar of Honey | Miel Martine","isPartOf":{"@id":"https:\/\/sandbox.mielmartine.fr\/fr\/#website"},"datePublished":"2018-04-24T10:30:04+00:00","dateModified":"2025-12-03T16:33:55+00:00","description":"Attirez le regard avec ce tote bag color\u00e9 et inspir\u00e9 des fleurs de Provence. Sac jamais sans ma tartine ! avec son pot de miel de lavande.","breadcrumb":{"@id":"https:\/\/sandbox.mielmartine.fr\/fr\/produit\/sac-jamais-sans-ma-tartine-1-pot-250g\/#breadcrumb"},"inLanguage":"fr-FR","potentialAction":[{"@type":"ReadAction","target":["https:\/\/sandbox.mielmartine.fr\/fr\/produit\/sac-jamais-sans-ma-tartine-1-pot-250g\/"]}]},{"@type":"BreadcrumbList","@id":"https:\/\/sandbox.mielmartine.fr\/fr\/produit\/sac-jamais-sans-ma-tartine-1-pot-250g\/#breadcrumb","itemListElement":[{"@type":"ListItem","position":1,"name":"Accueil","item":"https:\/\/sandbox.mielmartine.fr\/en\/homepage\/"},{"@type":"ListItem","position":2,"name":"Shop -default","item":"https:\/\/sandbox.mielmartine.fr\/fr\/shop-default\/"},{"@type":"ListItem","position":3,"name":"Sac Jamais sans ma tartine ! + pot 250g"}]},{"@type":"WebSite","@id":"https:\/\/sandbox.mielmartine.fr\/fr\/#website","url":"https:\/\/sandbox.mielmartine.fr\/fr\/","name":"Miel Martine","description":"Miels de France","publisher":{"@id":"https:\/\/sandbox.mielmartine.fr\/fr\/#organization"},"potentialAction":[{"@type":"SearchAction","target":{"@type":"EntryPoint","urlTemplate":"https:\/\/sandbox.mielmartine.fr\/fr\/?s={search_term_string}"},"query-input":"required name=search_term_string"}],"inLanguage":"fr-FR"},{"@type":"Organization","@id":"https:\/\/sandbox.mielmartine.fr\/fr\/#organization","name":"Miel Martine","url":"https:\/\/sandbox.mielmartine.fr\/fr\/","logo":{"@type":"ImageObject","inLanguage":"fr-FR","@id":"https:\/\/sandbox.mielmartine.fr\/fr\/#\/schema\/logo\/image\/","url":"https:\/\/sandbox.mielmartine.fr\/wp-content\/uploads\/2018\/05\/LOGO_TAGLINE_MARTINE-1.svg","contentUrl":"https:\/\/sandbox.mielmartine.fr\/wp-content\/uploads\/2018\/05\/LOGO_TAGLINE_MARTINE-1.svg","width":1,"height":1,"caption":"Miel Martine"},"image":{"@id":"https:\/\/sandbox.mielmartine.fr\/fr\/#\/schema\/logo\/image\/"},"sameAs":["https:\/\/www.facebook.com\/mielmartine\/","https:\/\/www.instagram.com\/mielmartine\/","https:\/\/www.pinterest.fr\/martine4731\/"]}]}},"_links":{"self":[{"href":"https:\/\/sandbox.mielmartine.fr\/fr\/wp-json\/wp\/v2\/product\/8389"}],"collection":[{"href":"https:\/\/sandbox.mielmartine.fr\/fr\/wp-json\/wp\/v2\/product"}],"about":[{"href":"https:\/\/sandbox.mielmartine.fr\/fr\/wp-json\/wp\/v2\/types\/product"}],"replies":[{"embeddable":true,"href":"https:\/\/sandbox.mielmartine.fr\/fr\/wp-json\/wp\/v2\/comments?post=8389"}],"wp:featuredmedia":[{"embeddable":true,"href":"https:\/\/sandbox.mielmartine.fr\/fr\/wp-json\/wp\/v2\/media\/8396"}],"wp:attachment":[{"href":"https:\/\/sandbox.mielmartine.fr\/fr\/wp-json\/wp\/v2\/media?parent=8389"}],"wp:term":[{"taxonomy":"product_cat","embeddable":true,"href":"https:\/\/sandbox.mielmartine.fr\/fr\/wp-json\/wp\/v2\/product_cat?post=8389"},{"taxonomy":"product_tag","embeddable":true,"href":"https:\/\/sandbox.mielmartine.fr\/fr\/wp-json\/wp\/v2\/product_tag?post=8389"}],"curies":[{"name":"wp","href":"https:\/\/api.w.org\/{rel}","templated":true}]}}